{"id":791,"date":"2024-08-27T00:09:17","date_gmt":"2024-08-27T00:09:17","guid":{"rendered":"https:\/\/www.cal.org.pe\/v1\/?page_id=791"},"modified":"2024-08-27T00:27:18","modified_gmt":"2024-08-27T00:27:18","slug":"mesa-de-partes-virtual","status":"publish","type":"page","link":"https:\/\/www.cal.org.pe\/v1\/mesa-de-partes-virtual\/","title":{"rendered":"Mesa de partes virtual"},"content":{"rendered":"\n\n\n\n\n<h2>Mesa de Partes Virtual<\/h2>\n\n\n<h5>Formulario ONLINE<\/h5>\n\n\n<p [object NamedNodeMap]><\/p>\n\n\n\n\n\n\n\n<p><span style=\"color: #000000;\">Estimados usuarios, ponemos a su disposici\u00f3n este formulario, que le permitir\u00e1 el env\u00edo de documentos a nuestra instituci\u00f3n, de acuerdo al numeral 134.3 del art\u00edculo 134\u00b0 del T\u00e9xto \u00danico Ordenado de Ley del Procedimiento Administrativo General, aprobado por Decreto Supremo N\u00b0 004-2019-JUS.<\/span><\/p>\n<p><span style=\"color: #000000;\"><\/span><\/p><p><span style=\"color: #000000;\">Asimismo, le pedimos considerar que puede anexar hasta un m\u00e1ximo de 5 documentos en <strong>formato pdf o jpg<\/strong>, y cada uno no puede exceder de <strong>2 MB<\/strong>; si trata de anexar un documento de mayor tama\u00f1o al permitido, el sistema le mostrar\u00e1 un mensaje de error, por lo que deber\u00e1 cancelar el env\u00edo.<\/span><\/p>\n<p><span style=\"color: #000000;\"><\/span><\/p><p><span style=\"color: #000000;\"><strong>Horario de atenci\u00f3n de la Mesa de Partes Virtual del CAL<\/strong> es de lunes a viernes de <strong>08:00 a 17:00 horas<\/strong>, los env\u00edos fuera de horario ser\u00e1n registrados a las 08:00 horas del d\u00eda h\u00e1bil siguiente.<\/span><\/p>\n\n\n\n\n<div class=\"wpcf7 no-js\" id=\"wpcf7-f794-o1\" lang=\"es-ES\" dir=\"ltr\" data-wpcf7-id=\"794\">\n<div class=\"screen-reader-response\"><p role=\"status\" aria-live=\"polite\" aria-atomic=\"true\"><\/p> <ul><\/ul><\/div>\n<form action=\"\/v1\/wp-json\/wp\/v2\/pages\/791#wpcf7-f794-o1\" method=\"post\" class=\"wpcf7-form init\" aria-label=\"Formulario de contacto\" enctype=\"multipart\/form-data\" novalidate=\"novalidate\" data-status=\"init\">\n<fieldset class=\"hidden-fields-container\"><input type=\"hidden\" name=\"_wpcf7\" value=\"794\" \/><input type=\"hidden\" name=\"_wpcf7_version\" value=\"6.1.4\" \/><input type=\"hidden\" name=\"_wpcf7_locale\" value=\"es_ES\" \/><input type=\"hidden\" name=\"_wpcf7_unit_tag\" value=\"wpcf7-f794-o1\" \/><input type=\"hidden\" name=\"_wpcf7_container_post\" value=\"0\" \/><input type=\"hidden\" name=\"_wpcf7_posted_data_hash\" value=\"\" \/>\n<\/fieldset>\n<div class=\"form-container\">\n\t<div>\n\t\t<p><label>Nombre y Apellidos:<\/label><br \/>\n<span class=\"wpcf7-form-control-wrap\" data-name=\"text-858\"><input size=\"40\" maxlength=\"400\" class=\"wpcf7-form-control wpcf7-text wpcf7-validates-as-required\" aria-required=\"true\" aria-invalid=\"false\" value=\"\" type=\"text\" name=\"text-858\" \/><\/span>\n\t\t<\/p>\n\t<\/div>\n\t<div>\n\t\t<p><label>Tipo de Documento de identidad:<\/label><br \/>\n<span class=\"wpcf7-form-control-wrap\" data-name=\"checkbox-287\"><span class=\"wpcf7-form-control wpcf7-checkbox wpcf7-validates-as-required\"><span class=\"wpcf7-list-item first\"><input type=\"checkbox\" name=\"checkbox-287[]\" value=\"DNI\" \/><span class=\"wpcf7-list-item-label\">DNI<\/span><\/span><span class=\"wpcf7-list-item\"><input type=\"checkbox\" name=\"checkbox-287[]\" value=\"CAL\" \/><span class=\"wpcf7-list-item-label\">CAL<\/span><\/span><span class=\"wpcf7-list-item\"><input type=\"checkbox\" name=\"checkbox-287[]\" value=\"Carnet de Extranjer\u00eda\" \/><span class=\"wpcf7-list-item-label\">Carnet de Extranjer\u00eda<\/span><\/span><span class=\"wpcf7-list-item last\"><input type=\"checkbox\" name=\"checkbox-287[]\" value=\"Pasaporte\" \/><span class=\"wpcf7-list-item-label\">Pasaporte<\/span><\/span><\/span><\/span>\n\t\t<\/p>\n\t<\/div>\n\t<div>\n\t\t<p><label>N\u00famero de documento de identidad:<\/label><br \/>\n<span class=\"wpcf7-form-control-wrap\" data-name=\"number-167\"><input class=\"wpcf7-form-control wpcf7-number wpcf7-validates-as-required wpcf7-validates-as-number\" aria-required=\"true\" aria-invalid=\"false\" value=\"\" type=\"number\" name=\"number-167\" \/><\/span>\n\t\t<\/p>\n\t<\/div>\n\t<div>\n\t\t<p><label>Nombre de instituci\u00f3n:<\/label><br \/>\n<span class=\"wpcf7-form-control-wrap\" data-name=\"text-859\"><input size=\"40\" maxlength=\"400\" class=\"wpcf7-form-control wpcf7-text\" aria-invalid=\"false\" value=\"\" type=\"text\" name=\"text-859\" \/><\/span>\n\t\t<\/p>\n\t<\/div>\n\t<div>\n\t\t<p><label>Documento dirigido a:<\/label><br \/>\n<span class=\"wpcf7-form-control-wrap\" data-name=\"text-860\"><input size=\"40\" maxlength=\"400\" class=\"wpcf7-form-control wpcf7-text wpcf7-validates-as-required\" aria-required=\"true\" aria-invalid=\"false\" value=\"\" type=\"text\" name=\"text-860\" \/><\/span>\n\t\t<\/p>\n\t<\/div>\n\t<div>\n\t\t<p><label>Asunto:<\/label><br \/>\n<span class=\"wpcf7-form-control-wrap\" data-name=\"text-861\"><input size=\"40\" maxlength=\"400\" class=\"wpcf7-form-control wpcf7-text wpcf7-validates-as-required\" aria-required=\"true\" aria-invalid=\"false\" value=\"\" type=\"text\" name=\"text-861\" \/><\/span>\n\t\t<\/p>\n\t<\/div>\n\t<div>\n\t\t<p><label>Tel\u00e9fono:<\/label><br \/>\n<span class=\"wpcf7-form-control-wrap\" data-name=\"text-862\"><input size=\"40\" maxlength=\"400\" class=\"wpcf7-form-control wpcf7-text wpcf7-validates-as-required\" aria-required=\"true\" aria-invalid=\"false\" value=\"\" type=\"text\" name=\"text-862\" \/><\/span>\n\t\t<\/p>\n\t<\/div>\n\t<div>\n\t\t<p><label>Correo Electr\u00f3nico:<\/label><br \/>\n<span class=\"wpcf7-form-control-wrap\" data-name=\"email-837\"><input size=\"40\" maxlength=\"400\" class=\"wpcf7-form-control wpcf7-email wpcf7-validates-as-required wpcf7-text wpcf7-validates-as-email\" aria-required=\"true\" aria-invalid=\"false\" value=\"\" type=\"email\" name=\"email-837\" \/><\/span>\n\t\t<\/p>\n\t<\/div>\n\t<div class=\"full-width\">\n\t\t<p><label>Adjuntar documento (formato Pdf o Jpg Hasta 5 mb por archivo):<\/label><br \/>\n<span class=\"wpcf7-form-control-wrap\" data-name=\"file-922\"><input size=\"40\" class=\"wpcf7-form-control wpcf7-file wpcf7-validates-as-required\" accept=\".pdf,.jpg,.jpeg\" aria-required=\"true\" aria-invalid=\"false\" type=\"file\" name=\"file-922\" \/><\/span><br \/>\n<span class=\"wpcf7-form-control-wrap\" data-name=\"file-958\"><input size=\"40\" class=\"wpcf7-form-control wpcf7-file\" accept=\".pdf,.jpg,.jpeg\" aria-invalid=\"false\" type=\"file\" name=\"file-958\" \/><\/span><br \/>\n<span class=\"wpcf7-form-control-wrap\" data-name=\"file-959\"><input size=\"40\" class=\"wpcf7-form-control wpcf7-file\" accept=\".pdf,.jpg,.jpeg\" aria-invalid=\"false\" type=\"file\" name=\"file-959\" \/><\/span>\n\t\t<\/p>\n\t<\/div>\n\t<div class=\"full-width form-footer\">\n\t\t<p><label>INFORMACI\u00d3N PARA EL CONSENTIMIENTO PARA EL TRATAMIENTO DE DATOS PERSONALES A TRAV\u00c9S DEL SITIO WEB www.cal.org.pe<\/label>\n\t\t<\/p>\n\t\t<p><span class=\"wpcf7-form-control-wrap\" data-name=\"acceptance-politratamiento\"><span class=\"wpcf7-form-control wpcf7-acceptance\"><span class=\"wpcf7-list-item\"><label><input type=\"checkbox\" name=\"acceptance-politratamiento\" value=\"1\" aria-invalid=\"false\" \/><span class=\"wpcf7-list-item-label\">He le\u00eddo y acepto la <a href=\"\/v1\/politica-privacidad\">Pol\u00edtica de Privacidad<\/a><\/span><\/label><\/span><\/span><\/span>\n\t\t<\/p>\n\t\t<p><span class=\"wpcf7-form-control-wrap\" data-name=\"acceptance-poli2\"><span class=\"wpcf7-form-control wpcf7-acceptance\"><span class=\"wpcf7-list-item\"><label><input type=\"checkbox\" name=\"acceptance-poli2\" value=\"1\" aria-invalid=\"false\" \/><span class=\"wpcf7-list-item-label\">Otorgo mi consentimiento para el <a href=\"\/v1\/tratamiento-datos-personales\/\">tratamiento de mis datos personales a trav\u00e9s del presente formulario seg\u00fan las condiciones previstas en este documento<\/a>.<\/span><\/label><\/span><\/span><\/span>\n\t\t<\/p>\n\t\t<p><span class=\"wpcf7-form-control-wrap\" data-name=\"acceptance-poli3\"><span class=\"wpcf7-form-control wpcf7-acceptance\"><span class=\"wpcf7-list-item\"><label><input type=\"checkbox\" name=\"acceptance-poli3\" value=\"1\" aria-invalid=\"false\" \/><span class=\"wpcf7-list-item-label\">Autorizo que, de estimarse necesario, se realice la transferencia internacional de mi informaci\u00f3n personal seg\u00fan los t\u00e9rminos de su Pol\u00edtica de Privacidad antes referida.<\/span><\/label><\/span><\/span><\/span>\n\t\t<\/p>\n\t\t<p><label>En caso de no brindar el consentimiento requerido, Ud. podr\u00e1 realizar el tr\u00e1mite de forma regular en las instalaciones del CAL ubicado en la Av. Sta. Cruz 255, Miraflores, Lima, Per\u00fa en el horario de atenci\u00f3n correspondiente.<\/label>\n\t\t<\/p>\n\t\t<p><button type=\"submit\">Enviar<\/button>\n\t\t<\/p>\n\t<\/div>\n<\/div><p style=\"display: none !important;\" class=\"akismet-fields-container\" data-prefix=\"_wpcf7_ak_\"><label>&#916;<textarea name=\"_wpcf7_ak_hp_textarea\" cols=\"45\" rows=\"8\" maxlength=\"100\"><\/textarea><\/label><input type=\"hidden\" id=\"ak_js_1\" name=\"_wpcf7_ak_js\" value=\"163\"\/><script>document.getElementById( \"ak_js_1\" ).setAttribute( \"value\", ( new Date() ).getTime() );<\/script><\/p><input type='hidden' class='wpcf7-pum' value='{\"closepopup\":false,\"closedelay\":0,\"openpopup\":false,\"openpopup_id\":0}' \/><div class=\"wpcf7-response-output\" aria-hidden=\"true\"><\/div>\n<\/form>\n<\/div>\n\n\n\n\n\n","protected":false},"excerpt":{"rendered":"","protected":false},"author":1,"featured_media":0,"parent":0,"menu_order":0,"comment_status":"closed","ping_status":"closed","template":"","meta":{"pagelayer_contact_templates":[],"_pagelayer_content":"","footnotes":""},"class_list":["post-791","page","type-page","status-publish","hentry"],"rttpg_featured_image_url":null,"rttpg_author":{"display_name":"Prensa","author_link":"https:\/\/www.cal.org.pe\/v1\/author\/alexsoriano1234live-com\/"},"rttpg_comment":0,"rttpg_category":null,"rttpg_excerpt":null,"_links":{"self":[{"href":"https:\/\/www.cal.org.pe\/v1\/wp-json\/wp\/v2\/pages\/791","targetHints":{"allow":["GET"]}}],"collection":[{"href":"https:\/\/www.cal.org.pe\/v1\/wp-json\/wp\/v2\/pages"}],"about":[{"href":"https:\/\/www.cal.org.pe\/v1\/wp-json\/wp\/v2\/types\/page"}],"author":[{"embeddable":true,"href":"https:\/\/www.cal.org.pe\/v1\/wp-json\/wp\/v2\/users\/1"}],"replies":[{"embeddable":true,"href":"https:\/\/www.cal.org.pe\/v1\/wp-json\/wp\/v2\/comments?post=791"}],"version-history":[{"count":4,"href":"https:\/\/www.cal.org.pe\/v1\/wp-json\/wp\/v2\/pages\/791\/revisions"}],"predecessor-version":[{"id":64446,"href":"https:\/\/www.cal.org.pe\/v1\/wp-json\/wp\/v2\/pages\/791\/revisions\/64446"}],"wp:attachment":[{"href":"https:\/\/www.cal.org.pe\/v1\/wp-json\/wp\/v2\/media?parent=791"}],"curies":[{"name":"wp","href":"https:\/\/api.w.org\/{rel}","templated":true}]}}