{"id":725,"date":"2024-08-23T22:21:30","date_gmt":"2024-08-24T03:21:30","guid":{"rendered":"https:\/\/www.cal.org.pe\/v1\/?page_id=725"},"modified":"2026-05-07T20:26:14","modified_gmt":"2026-05-08T01:26:14","slug":"junta-de-vigilancia","status":"publish","type":"page","link":"https:\/\/www.cal.org.pe\/v1\/junta-de-vigilancia\/","title":{"rendered":"Junta de Vigilancia"},"content":{"rendered":"\n\n\n\n\n\n\n<h2>Junta de Vigilancia<\/h2>\n\n\n\n<h5>Gesti\u00f3n 2026 &#8211; 2027<\/h5>\n\n\n\n<p [object NamedNodeMap]><\/p>\n\n\n\n\n\n\n\n\n\n\n\n<h4>Introducci\u00f3n<\/h4>\n\n\n\n<p><\/p><p class=\"md:pt-0 dark:border-white\/20 md:border-transparent md:dark:border-transparent w-full\"><\/p><p class=\"text-base px-3 md:px-4 m-auto md:px-5\"><\/p><p class=\"mx-auto flex flex-1 gap-4 text-base md:gap-5 lg:gap-6 md:max-w-3xl\"><\/p><form class=\"w-full\" type=\"button\" aria-haspopup=\"dialog\" aria-expanded=\"false\" aria-controls=\"radix-:r1:\" data-state=\"closed\"><p class=\"relative flex h-full max-w-full flex-1 flex-col\"><\/p><p class=\"absolute bottom-full left-0 right-0 z-20\"><\/p><p class=\"relative h-full w-full\"><\/p><p class=\"flex flex-col gap-3.5 pb-3.5 pt-2\"><\/p><p class=\"text-token-text-primary border-token-border-light bg-token-main-surface-primary flex w-full items-start gap-3 rounded-2xl border text-sm bg-opacity-10 px-3 py-2.5 md:p-4\"><\/p><div class=\"grow pt-[2px] pl-1\"><\/div><\/form><div class=\"flex-1 overflow-hidden\"><div class=\"h-full\"><div class=\"react-scroll-to-bottom--css-klxpa-79elbk h-full\"><div class=\"react-scroll-to-bottom--css-klxpa-1n7m0yu\"><div class=\"flex flex-col text-sm\"><article class=\"w-full text-token-text-primary focus-visible:outline-2 focus-visible:outline-offset-[-4px]\" dir=\"auto\" data-testid=\"conversation-turn-3\" data-scroll-anchor=\"true\"><div class=\"text-base py-[18px] px-3 md:px-4 m-auto md:px-5\"><div class=\"mx-auto flex flex-1 gap-4 text-base md:gap-5 lg:gap-6 md:max-w-3xl\"><div class=\"group\/conversation-turn relative flex w-full min-w-0 flex-col agent-turn\"><div class=\"flex-col gap-1 md:gap-3\"><div class=\"flex max-w-full flex-col flex-grow\"><div data-message-author-role=\"assistant\" data-message-id=\"b1a3bea2-fe9e-40d3-b67d-26a2a1f93b07\" dir=\"auto\" class=\"min-h-[20px] text-message flex w-full flex-col items-end gap-2 break-words [.text-message+&amp;]:mt-5 overflow-x-auto whitespace-normal\"><div class=\"flex w-full flex-col gap-1 empty:hidden first:pt-[3px]\"><div class=\"markdown prose w-full break-words dark:prose-invert light\"><p style=\"text-align: justify;\">La Junta de Vigilancia del Colegio de Abogados de Lima desempe\u00f1a funciones cruciales para garantizar la integridad y el buen funcionamiento del colegio. Sus principales funciones suelen incluir:<\/p><\/div><\/div><\/div><\/div><\/div><\/div><\/div><\/div><\/article><\/div><\/div><\/div><\/div><\/div>\n\n\n\n<li><strong>Supervisi\u00f3n de la Gesti\u00f3n Financiera:<\/strong> Vigilan la correcta administraci\u00f3n y uso de los fondos del colegio, asegurando la transparencia y la rendici\u00f3n de cuentas en las finanzas.<\/li>\n        <li><strong>Control de la Actividad Administrativa:<\/strong> Supervisan las actividades y decisiones administrativas para asegurar que se ajusten a los estatutos, reglamentos y pol\u00edticas del colegio.<\/li>\n        <li><strong>Revisi\u00f3n de Cuentas y Reportes:<\/strong> Realizan auditor\u00edas y revisiones de los estados financieros y otros informes relevantes, asegurando su precisi\u00f3n y conformidad con las normativas vigentes.<\/li>\n        <li><strong>Cumplimiento de Normativas Internas:<\/strong> Aseguran que todas las actividades del colegio cumplan con sus estatutos, reglamentos internos y las disposiciones legales aplicables.<\/li>\n        <li><strong>Resoluci\u00f3n de Conflictos:<\/strong> Act\u00faan como un \u00f3rgano de control en la resoluci\u00f3n de disputas o quejas relacionadas con la administraci\u00f3n del colegio.<\/li>\n        <li><strong>Informes a los Miembros:<\/strong> Proporcionan informes y actualizaciones a los miembros del colegio sobre la gesti\u00f3n y las auditor\u00edas realizadas.<\/li>\n        <li><strong>Propuesta de Medidas Correctivas:<\/strong> Recomiendan medidas correctivas o mejoras en la administraci\u00f3n del colegio cuando detectan irregularidades o \u00e1reas de mejora.<\/li>\n        <li><strong>Protecci\u00f3n de los Derechos de los Miembros:<\/strong> Velan por los derechos y el bienestar de los miembros del colegio, garantizando un ambiente de transparencia y justicia.<\/li>\n\n\n\n\n\n\n\n\n\n\n\n\n\n<p>juntadevigilancia@colegiodeabogadosdelima.pe<br><\/p>\n\n\n\n\n\n\n\n\n\n\n\n\n\n<p>710-6623<br><\/p>\n\n\n\n\n\n\n\n\n\n<h5 [object NamedNodeMap]>Acervo documentario<\/h5>\n\n\n\n\n\n\n\n\n<div class=\"wp-block-image\">\n<figure class=\"aligncenter size-full\"><img fetchpriority=\"high\" decoding=\"async\" width=\"1560\" height=\"1891\" src=\"https:\/\/www.cal.org.pe\/v1\/wp-content\/uploads\/2026\/05\/JUNTA-DE-VIGILANCIA.jpg\" alt=\"\" class=\"wp-image-92236\" srcset=\"https:\/\/www.cal.org.pe\/v1\/wp-content\/uploads\/2026\/05\/JUNTA-DE-VIGILANCIA.jpg 1560w, https:\/\/www.cal.org.pe\/v1\/wp-content\/uploads\/2026\/05\/JUNTA-DE-VIGILANCIA-247x300.jpg 247w, https:\/\/www.cal.org.pe\/v1\/wp-content\/uploads\/2026\/05\/JUNTA-DE-VIGILANCIA-845x1024.jpg 845w, https:\/\/www.cal.org.pe\/v1\/wp-content\/uploads\/2026\/05\/JUNTA-DE-VIGILANCIA-768x931.jpg 768w, https:\/\/www.cal.org.pe\/v1\/wp-content\/uploads\/2026\/05\/JUNTA-DE-VIGILANCIA-1267x1536.jpg 1267w\" sizes=\"(max-width: 1560px) 100vw, 1560px\" \/><\/figure>\n<\/div>\n\n\n\n\n\n\n\n\n\n\n<li><a href=\"https:\/\/www.cal.org.pe\/v1\/wp-content\/uploads\/2026\/02\/CARTA-JV-26-02-2.pdf\"> ACTA N\u00b0 011-2025-JV-CAL<\/a><\/li><li><a href=\"https:\/\/www.cal.org.pe\/v1\/wp-content\/uploads\/2026\/02\/Acta-N\u00b0-009-2026-CAL.pdf\">Acta N\u00b0 009-2026-\nJV-CAL<\/a><\/li><li><a href=\"https:\/\/www.cal.org.pe\/v1\/wp-content\/uploads\/2024\/04\/ACTA-027-2024-JV-CAL-12-04-2024-EXTRAORD.pdf?swcfpc=1\">ACTA N\u00b0 027-2024-JV-CAL 12 DE ABRIL DE 2024<\/a><\/li>\n<li><a href=\"https:\/\/www.cal.org.pe\/v1\/wp-content\/uploads\/2024\/04\/ACTA-026-2024-JV-CAL-10-04-2024.pdf?swcfpc=1\">ACTA N\u00b0 026-2024-JV-CAL 10 DE ABRIL DE 2024<\/a><\/li>\n<li><a href=\"https:\/\/www.cal.org.pe\/v1\/wp-content\/uploads\/2024\/04\/ACTA-025-2024-JV-CAL-10-04-2024-ORD.pdf?swcfpc=1\">ACTA N\u00b0 025-2024-JV-CAL 10 DE ABRIL DE 2024<\/a><\/li>\n<li><a href=\"https:\/\/www.cal.org.pe\/v1\/wp-content\/uploads\/2024\/04\/ACTA-024-2024-JV-CAL-05-04-2024-EXTRAORD-AUDITORIA.pdf?swcfpc=1\">ACTA N\u00b0 024-2024-JV-CAL 05 DE ABRIL DE 2024<\/a><\/li>\n<li><a href=\"https:\/\/www.cal.org.pe\/v1\/wp-content\/uploads\/2024\/04\/ACTA-023-2024-JV-CAL-03-04-2024-EXTRA-INSTALACION-Y-LINEAMIENTOS-NVO-COLEG.pdf?swcfpc=1\">ACTA N\u00b0 023-2024-JV-CAL 03 DE ABRIL DE 2024<\/a><\/li>\n\n\n\n\n\n\n\n<h6 [object NamedNodeMap]><br><span style=\"font-weight: normal;\">Encuentra los archivos de a\u00f1os anteriores en el <\/span> <a href=\"https:\/\/www.cal.org.pe\/v1\/repositorio-documental\/\">Repositorio Documental<\/a><\/h6>\n\n\n\n\n\n\n\n<p>Lorem Ipsum has been the industry&#8217;s standard dummy text ever since the 1500s.<\/p>\n\n\n\n\n\n\n\n\n","protected":false},"excerpt":{"rendered":"","protected":false},"author":1,"featured_media":0,"parent":0,"menu_order":0,"comment_status":"closed","ping_status":"closed","template":"","meta":{"pagelayer_contact_templates":[],"_pagelayer_content":"","footnotes":""},"class_list":["post-725","page","type-page","status-publish","hentry"],"rttpg_featured_image_url":null,"rttpg_author":{"display_name":"Prensa","author_link":"https:\/\/www.cal.org.pe\/v1\/author\/alexsoriano1234live-com\/"},"rttpg_comment":0,"rttpg_category":null,"rttpg_excerpt":null,"_links":{"self":[{"href":"https:\/\/www.cal.org.pe\/v1\/wp-json\/wp\/v2\/pages\/725","targetHints":{"allow":["GET"]}}],"collection":[{"href":"https:\/\/www.cal.org.pe\/v1\/wp-json\/wp\/v2\/pages"}],"about":[{"href":"https:\/\/www.cal.org.pe\/v1\/wp-json\/wp\/v2\/types\/page"}],"author":[{"embeddable":true,"href":"https:\/\/www.cal.org.pe\/v1\/wp-json\/wp\/v2\/users\/1"}],"replies":[{"embeddable":true,"href":"https:\/\/www.cal.org.pe\/v1\/wp-json\/wp\/v2\/comments?post=725"}],"version-history":[{"count":30,"href":"https:\/\/www.cal.org.pe\/v1\/wp-json\/wp\/v2\/pages\/725\/revisions"}],"predecessor-version":[{"id":92246,"href":"https:\/\/www.cal.org.pe\/v1\/wp-json\/wp\/v2\/pages\/725\/revisions\/92246"}],"wp:attachment":[{"href":"https:\/\/www.cal.org.pe\/v1\/wp-json\/wp\/v2\/media?parent=725"}],"curies":[{"name":"wp","href":"https:\/\/api.w.org\/{rel}","templated":true}]}}