{"id":693,"date":"2024-08-23T17:13:24","date_gmt":"2024-08-23T22:13:24","guid":{"rendered":"https:\/\/www.cal.org.pe\/v1\/?page_id=693"},"modified":"2025-12-15T15:24:19","modified_gmt":"2025-12-15T20:24:19","slug":"caja-de-prevision-social","status":"publish","type":"page","link":"https:\/\/www.cal.org.pe\/v1\/caja-de-prevision-social\/","title":{"rendered":"Caja de Previsi\u00f3n Social"},"content":{"rendered":"\n\n\n\n<h2>Caja de Previsi\u00f3n Social del Abogado<\/h2>\n<h5>Protecci\u00f3n y bienestar para tu futuro<\/h5>\n\n<p [object NamedNodeMap]><\/p>\n\n\n\n\n\n\n\n\n<h4>Introducci\u00f3n<\/h4>\n\n<p style=\"text-align: justify;\">Se encarga de administrar los fondos y prestaciones sociales para los abogados afiliados a este colegio. Su labor incluye la gesti\u00f3n de pensiones, jubilaciones y otros beneficios relacionados con la previsi\u00f3n social para sus miembros. Adem\u00e1s, ofrece beneficios como seguros de vida y servicios de salud y bienestar para los abogados y sus familias.<\/p>\n<p style=\"text-align: justify;\">El objetivo principal es asegurar que los abogados cuenten con un respaldo econ\u00f3mico y social en diferentes etapas de su vida profesional y personal.<br><\/p>\n\n\n\n\n\n\n\n\n\n\n<p>cpsa@colegiodeabogadosdelima.pe<br><\/p>\n\n\n\n\n\n\n\n\n\n<p>710-6609 \/ 710-6614<\/p><p><br><\/p>\n<p>WhatsApp 941 432 722<br><\/p>\n\n\n\n\n\n\n\n\n\n\n\n<p><i style=\"color: rgb(36, 36, 36); font-family: Calibri, sans-serif; font-size: large;\">Programa de Atenci\u00f3n &#8211; Horarios<\/i><\/p>\n<h4>2025<\/h4>\n\nDiciembre\nNoviembre\nOctubre\nSeptiembre\nAgosto\nJulio\nJunio\nMayo\nAbril\nMarzo\nFebrero\nEnero\n\n<h4>2024<\/h4>\n\nDiciembre\nNoviembre\nOctubre\nSetiembre\nAgosto\nJulio\nJunio\nMayo\n\n<p><em>Especialidades<\/em><\/p>\n\n\n\n\n\n\n<h5 style=\"color:black;\">Convocatoria P\u00fablica<\/h5>\n\nT\u00e9rminos de Referencia\nSobre la Convocatoria\n\n\n\n\n\n\n\n\n\n\n\n\n\n\n\n\n\n\n\n\n\n\n\n\n\n\n\n\n\n\n\n\n\n\n\n\n\n\n\n\n<h5 style=\"color:black;\">Tercera Convocatoria Concurso P\u00fablico para la Contrataci\u00f3n del Administrador(a) de la CPSA:<\/h5>\n\nActa de Resultado Final\nActa de Evaluaci\u00f3n de Conocimientos\nEvaluaci\u00f3n de Conocimientos\nEvaluaci\u00f3n Curricular\nPostulantes APTOS\nPostulantes inscritos\nSobre la convocatoria\nVer Bases\n\n<h5 style=\"color:black;\">Segunda Convocatoria Concurso P\u00fablico para la Contrataci\u00f3n del Administrador(a) de la CPSA:<\/h5>\n\nResultado final\nEvaluaci\u00f3n Personal\nResultados de la evaluaci\u00f3n de conocimientos\nPostulantes aptos para evaluaci\u00f3n curricular\nRelaci\u00f3n de postulantes aptos\nSobre la Convocatoria\nVer Bases\n\n<h5 style=\"color:black;\">Concurso P\u00fablico para la Contrataci\u00f3n del Administrador(a) de la CPSA:<\/h5>\n\nActa de declaratoria de desierto\nResultado evaluaci\u00f3n de conocimiento\nPostulante apto para evaluaci\u00f3n curricular\nRelaci\u00f3n de postulantes aptos\nSobre la convocatoria\nVer Bases\n\n\n\n\n\n\n\n\n\n\n\n\n\n\n\n\n\n<p>Lorem Ipsum has been the industry&#8217;s standard dummy text ever since the 1500s.<\/p>\n\n\n\n\n\n\n\n\n\n\n<h4>Publicaciones<\/h4>\n\n\n<style type='text\/css' media='all'>#rt-tpg-container-2355192008 .rt-holder .rt-woo-info .price{color:#0367bf;}body .rt-tpg-container .rt-tpg-isotope-buttons .selected,\n\t\t\t\t\t#rt-tpg-container-2355192008 .layout12 .rt-holder:hover .rt-detail,\n\t\t\t\t\t#rt-tpg-container-2355192008 .isotope8 .rt-holder:hover .rt-detail,\n\t\t\t\t\t#rt-tpg-container-2355192008 .carousel8 .rt-holder:hover .rt-detail,\n\t\t\t\t\t#rt-tpg-container-2355192008 .layout13 .rt-holder .overlay .post-info,\n\t\t\t\t\t#rt-tpg-container-2355192008 .isotope9 .rt-holder .overlay .post-info,\n\t\t\t\t\t#rt-tpg-container-2355192008.rt-tpg-container .layout4 .rt-holder .rt-detail,\n\t\t\t\t\t.rt-modal-2355192008 .md-content,\n\t\t\t\t\t.rt-modal-2355192008 .md-content > .rt-md-content-holder .rt-md-content,\n\t\t\t\t\t.rt-popup-wrap-2355192008.rt-popup-wrap .rt-popup-navigation-wrap,\n\t\t\t\t\t#rt-tpg-container-2355192008 .carousel9 .rt-holder .overlay .post-info{background-color:#0367bf;}#rt-tpg-container-2355192008 .layout5 .rt-holder .overlay, #rt-tpg-container-2355192008 .isotope2 .rt-holder .overlay, #rt-tpg-container-2355192008 .carousel2 .rt-holder .overlay,#rt-tpg-container-2355192008 .layout15 .rt-holder h3, #rt-tpg-container-2355192008 .isotope11 .rt-holder h3, #rt-tpg-container-2355192008 .carousel11 .rt-holder h3, #rt-tpg-container-2355192008 .layout16 .rt-holder h3,\n\t\t\t\t\t#rt-tpg-container-2355192008 .isotope12 .rt-holder h3, #rt-tpg-container-2355192008 .carousel12 .rt-holder h3 {background-color:rgba(3,103,191,0.8);}#rt-tpg-container-2355192008 .pagination-list li a,\n\t\t\t\t\trt-tpg-container-2355192008 .pagination-list li span,\n\t\t\t\t\trt-tpg-container-2355192008 .pagination li a,\n\t\t\t\t\t#rt-tpg-container-2355192008 .rt-tpg-isotope-buttons button,\n\t\t\t\t\t#rt-tpg-container-2355192008 .rt-tpg-utility .rt-tpg-load-more button,\n\t\t\t\t\t#rt-tpg-container-2355192008.rt-tpg-container .swiper-navigation .slider-btn,\n\t\t\t\t\t#rt-tpg-container-2355192008.rt-tpg-container .swiper-pagination-bullet,\n\t\t\t\t\t#rt-tpg-container-2355192008 .wc1 .rt-holder .rt-img-holder .overlay .product-more ul li a,\n\t\t\t\t\t#rt-tpg-container-2355192008 .wc2 .rt-detail .rt-wc-add-to-cart,\n\t\t\t\t\t#rt-tpg-container-2355192008 .wc3 .rt-detail .rt-wc-add-to-cart,\n\t\t\t\t\t#rt-tpg-container-2355192008 .wc4 .rt-detail .rt-wc-add-to-cart,\n\t\t\t\t\t#rt-tpg-container-2355192008 .wc-carousel2 .rt-detail .rt-wc-add-to-cart,\n\t\t\t\t\t#rt-tpg-container-2355192008 .wc-isotope2 .rt-detail .rt-wc-add-to-cart,\n\t\t\t\t\t#rt-tpg-container-2355192008 .rt-layout-filter-container .rt-filter-wrap .rt-filter-item-wrap.rt-filter-dropdown-wrap .rt-filter-dropdown,\n\t\t\t\t\t#rt-tpg-container-2355192008 .rt-layout-filter-container .rt-filter-sub-tax.sub-button-group .rt-filter-button-item,\n\t\t\t\t\t#rt-tpg-container-2355192008.rt-tpg-container .rt-pagination-wrap .rt-page-numbers .paginationjs .paginationjs-pages ul li>a,\n\t\t\t\t\t#rt-tpg-container-2355192008 .rt-filter-item-wrap.rt-filter-button-wrap span.rt-filter-button-item,\n\t\t\t\t\t#rt-tpg-container-2355192008.rt-tpg-container .rt-pagination-wrap  .rt-loadmore-btn,\n\t\t\t\t\t#rt-tpg-container-2355192008.rt-tpg-container .rt-pagination-wrap .rt-cb-page-prev-next > *,\n\t\t\t\t\t#rt-tpg-container-2355192008 .rt-read-more,\n\t\t\t\t\t#rt-tooltip-2355192008, #rt-tooltip-2355192008 .rt-tooltip-bottom:after{background-color:#0367bf;}#rt-tpg-container-2355192008 .rt-filter-item-wrap.rt-filter-button-wrap span.rt-filter-button-item,\n\t\t\t\t\t#rt-tpg-container-2355192008 .rt-layout-filter-container .rt-filter-sub-tax.sub-button-group .rt-filter-button-item{border-color:#0367bf;}#rt-tpg-container-2355192008.rt-tpg-container .layout17 .rt-holder .overlay a.tpg-zoom .fa{color:#0367bf;}#rt-tpg-container-2355192008 .rt-holder .read-more a {background-color:#0367bf;padding: 8px 15px;}#rt-tpg-container-2355192008 .pagination li.active span,\n\t\t\t\t\t#rt-tpg-container-2355192008 .pagination-list li.active span,\n\t\t\t\t\t#rt-tpg-container-2355192008 .rt-tpg-isotope-buttons button.selected,\n\t\t\t\t\t#rt-tpg-container-2355192008 .rt-filter-item-wrap.rt-filter-button-wrap span.rt-filter-button-item.selected,\n\t\t\t\t\t#rt-tpg-container-2355192008 .rt-layout-filter-container .rt-filter-sub-tax.sub-button-group .rt-filter-button-item.selected,\n\t\t\t\t\t#rt-tpg-container-2355192008.rt-tpg-container .rt-pagination-wrap .rt-page-numbers .paginationjs .paginationjs-pages ul li.active>a,\n\t\t\t\t\t#rt-tpg-container-2355192008.rt-tpg-container .swiper-pagination-bullet.swiper-pagination-bullet-active-main{background-color:#0424c9;}#rt-tpg-container-2355192008 .rt-filter-item-wrap.rt-filter-button-wrap span.rt-filter-button-item.selected,\n\t\t\t\t\t#rt-tpg-container-2355192008 .rt-layout-filter-container .rt-filter-sub-tax.sub-button-group .rt-filter-button-item.selected,\n\t\t\t\t\t#rt-tpg-container-2355192008.rt-tpg-container .rt-pagination-wrap .rt-page-numbers .paginationjs .paginationjs-pages ul li.active>a{border-color:#0424c9;}#rt-tpg-container-2355192008 .pagination-list li a,\n\t\t\t\t\t#rt-tpg-container-2355192008 .pagination li a,\n\t\t\t\t\t#rt-tpg-container-2355192008 .rt-tpg-isotope-buttons button,\n\t\t\t\t\t#rt-tpg-container-2355192008 .rt-holder .read-more a,\n\t\t\t\t\t#rt-tpg-container-2355192008 .rt-tpg-utility .rt-tpg-load-more button,\n\t\t\t\t\t#rt-tpg-container-2355192008.rt-tpg-container .swiper-navigation .slider-btn,\n\t\t\t\t\t#rt-tpg-container-2355192008 .wc1 .rt-holder .rt-img-holder .overlay .product-more ul li a,\n\t\t\t\t\t#rt-tpg-container-2355192008 .edd1 .rt-holder .rt-img-holder .overlay .product-more ul li a,\n\t\t\t\t\t#rt-tpg-container-2355192008 .wc2 .rt-detail .rt-wc-add-to-cart,\n\t\t\t\t\t#rt-tpg-container-2355192008 .wc3 .rt-detail .rt-wc-add-to-cart,\n\t\t\t\t\t#rt-tpg-container-2355192008 .edd2 .rt-detail .rt-wc-add-to-cart,\n\t\t\t\t\t#rt-tpg-container-2355192008 .wc4 .rt-detail .rt-wc-add-to-cart,\n\t\t\t\t\t#rt-tpg-container-2355192008 .edd3 .rt-detail .rt-wc-add-to-cart,\n\t\t\t\t\t#rt-tpg-container-2355192008 .wc-carousel2 .rt-detail .rt-wc-add-to-cart,\n\t\t\t\t\t#rt-tpg-container-2355192008 .wc-isotope2 .rt-detail .rt-wc-add-to-cart,\n\t\t\t\t\t#rt-tpg-container-2355192008 .rt-tpg-utility .rt-tpg-load-more button,\n\t\t\t\t\t#rt-tooltip-2355192008,\n\t\t\t\t\t#rt-tpg-container-2355192008 .rt-filter-item-wrap.rt-filter-button-wrap span.rt-filter-button-item,\n\t\t\t\t\t#rt-tpg-container-2355192008 .rt-layout-filter-container .rt-filter-sub-tax.sub-button-group .rt-filter-button-item,\n\t\t\t\t\t#rt-tpg-container-2355192008 .rt-layout-filter-container .rt-filter-wrap .rt-filter-item-wrap.rt-sort-order-action,\n\t\t\t\t\t#rt-tpg-container-2355192008 .rt-layout-filter-container .rt-filter-wrap .rt-filter-item-wrap.rt-filter-dropdown-wrap .rt-filter-dropdown .rt-filter-dropdown-item,\n\t\t\t\t\t#rt-tpg-container-2355192008.rt-tpg-container .rt-pagination-wrap .rt-page-numbers .paginationjs .paginationjs-pages ul li>a,\n\t\t\t\t\t#rt-tpg-container-2355192008.rt-tpg-container .rt-pagination-wrap .rt-cb-page-prev-next > *,\n\t\t\t\t\t#rt-tpg-container-2355192008.rt-tpg-container .rt-pagination-wrap  .rt-loadmore-btn,\n\t\t\t\t\t#rt-tpg-container-2355192008 .rt-read-more,\n\t\t\t\t\t#rt-tooltip-2355192008 .rt-tooltip-bottom:after{color:#ffffff;}#rt-tpg-container-2355192008 .rt-filter-item-wrap.rt-filter-button-wrap span.rt-filter-button-item:hover,\n\t\t\t\t\t#rt-tpg-container-2355192008 .rt-holder .read-more a:hover,\n\t\t\t\t\t#rt-tpg-container-2355192008.rt-tpg-container .swiper-navigation .slider-btn:hover,\n\t\t\t\t\t#rt-tpg-container-2355192008 .rt-layout-filter-container .rt-filter-sub-tax.sub-button-group .rt-filter-button-item:hover,\n\t\t\t\t\t#rt-tpg-container-2355192008 .rt-layout-filter-container .rt-filter-wrap .rt-filter-item-wrap.rt-filter-dropdown-wrap .rt-filter-dropdown .rt-filter-dropdown-item:hover,\n\t\t\t\t\t#rt-tpg-container-2355192008 .rt-layout-filter-container .rt-filter-wrap .rt-filter-item-wrap.rt-filter-dropdown-wrap .rt-filter-dropdown .rt-filter-dropdown-item.selected,\n\t\t\t\t\t#rt-tpg-container-2355192008 .rt-layout-filter-container .rt-filter-wrap .rt-filter-item-wrap.rt-sort-order-action:hover,\n\t\t\t\t\t#rt-tpg-container-2355192008.rt-tpg-container .rt-pagination-wrap .rt-page-numbers .paginationjs .paginationjs-pages ul li.active>a:hover,\n\t\t\t\t\t#rt-tpg-container-2355192008 .rt-filter-item-wrap.rt-filter-button-wrap span.rt-filter-button-item.selected,\n\t\t\t\t\t#rt-tpg-container-2355192008 .rt-layout-filter-container .rt-filter-wrap .rt-filter-item-wrap.rt-sort-order-action,\n\t\t\t\t\t#rt-tpg-container-2355192008.rt-tpg-container .rt-pagination-wrap  .rt-loadmore-btn:hover,\n\t\t\t\t\t#rt-tpg-container-2355192008 .rt-read-more:hover,\n\t\t\t\t\t#rt-tpg-container-2355192008.rt-tpg-container .rt-pagination-wrap .rt-page-numbers .paginationjs .paginationjs-pages ul li.active>a{color:#f7f7f7;}#rt-tpg-container-2355192008 .read-more a{border-radius:px;}#rt-tpg-container-2355192008 .rt-img-holder img.rt-img-responsive,#rt-tpg-container-2355192008 .rt-img-holder,\n\t\t\t\t\t#rt-tpg-container-2355192008 .rt-post-overlay .post-img,\n\t\t\t\t\t#rt-tpg-container-2355192008 .post-sm .post-img,\n\t\t\t\t\t#rt-tpg-container-2355192008 .rt-post-grid .post-img,\n\t\t\t\t\t#rt-tpg-container-2355192008 .post-img img {border-radius:px;}<\/style><div class='rt-container-fluid rt-tpg-container tpg-shortcode-main-wrapper  loading' id='rt-tpg-container-2355192008'   data-layout='layout1' data-grid-style='even' data-desktop-col='3'  data-tab-col='2'  data-mobile-col='1' data-sc-id='706'><div id=\"bottom-script-loader\" class=\"bottom-script-loader\"><div class=\"rt-ball-clip-rotate\"><div><\/div><\/div><\/div><div data-title='Cargando...' class='rt-row rt-content-loader   layout1 tpg-even '><div class=\"rt-col-md-4 rt-col-sm-6 rt-col-xs-12 even-grid-item rt-grid-item\" data-id=\"71284\"><div class=\"rt-holder\"><div class=\"rt-img-holder\"><a data-id=\"71284\" class=\"\" href=\"https:\/\/www.cal.org.pe\/v1\/2025\/10\/23\/convocatoria-a-medicos-especialistas\/\"><img fetchpriority=\"high\" decoding=\"async\" width=\"800\" height=\"500\" src=\"https:\/\/www.cal.org.pe\/v1\/wp-content\/uploads\/2025\/08\/CONVOCATORIAS.jpg\" class=\"rt-img-responsive \" alt=\"\" \/><\/a><\/div><div class='rt-detail'><h3 class=\"entry-title\"><a data-id=\"71284\" class=\"\" href=\"https:\/\/www.cal.org.pe\/v1\/2025\/10\/23\/convocatoria-a-medicos-especialistas\/\">CONVOCATORIA A M\u00c9DICOS ESPECIALISTAS<\/a><\/h3><div class='post-meta-user  '><span class='date'><i class='flaticon-calendar '><\/i>octubre 23, 2025<\/span><\/div><\/div><\/div><\/div><div class=\"rt-col-md-4 rt-col-sm-6 rt-col-xs-12 even-grid-item rt-grid-item\" data-id=\"71233\"><div class=\"rt-holder\"><div class=\"rt-img-holder\"><a data-id=\"71233\" class=\"\" href=\"https:\/\/www.cal.org.pe\/v1\/2025\/10\/22\/resultados-del-concurso-publico-para-administrador-de-la-cpsa\/\"><img decoding=\"async\" width=\"800\" height=\"500\" src=\"https:\/\/www.cal.org.pe\/v1\/wp-content\/uploads\/2025\/08\/AVISOS.jpg\" class=\"rt-img-responsive \" alt=\"\" \/><\/a><\/div><div class='rt-detail'><h3 class=\"entry-title\"><a data-id=\"71233\" class=\"\" href=\"https:\/\/www.cal.org.pe\/v1\/2025\/10\/22\/resultados-del-concurso-publico-para-administrador-de-la-cpsa\/\">Resultados del Concurso P\u00fablico para Administrador de la CPSA<\/a><\/h3><div class='post-meta-user  '><span class='date'><i class='flaticon-calendar '><\/i>octubre 22, 2025<\/span><\/div><\/div><\/div><\/div><div class=\"rt-col-md-4 rt-col-sm-6 rt-col-xs-12 even-grid-item rt-grid-item\" data-id=\"71208\"><div class=\"rt-holder\"><div class=\"rt-img-holder\"><a data-id=\"71208\" class=\"\" href=\"https:\/\/www.cal.org.pe\/v1\/2025\/10\/21\/resultados-en-concurso-publico-evaluacion-de-conocimientos\/\"><img fetchpriority=\"high\" decoding=\"async\" width=\"800\" height=\"500\" src=\"https:\/\/www.cal.org.pe\/v1\/wp-content\/uploads\/2025\/08\/CONVOCATORIAS.jpg\" class=\"rt-img-responsive \" alt=\"\" \/><\/a><\/div><div class='rt-detail'><h3 class=\"entry-title\"><a data-id=\"71208\" class=\"\" href=\"https:\/\/www.cal.org.pe\/v1\/2025\/10\/21\/resultados-en-concurso-publico-evaluacion-de-conocimientos\/\">Resultados en concurso p\u00fablico:\u00a0 Evaluaci\u00f3n de conocimientos<\/a><\/h3><div class='post-meta-user  '><span class='date'><i class='flaticon-calendar '><\/i>octubre 21, 2025<\/span><\/div><\/div><\/div><\/div><div class=\"rt-col-md-4 rt-col-sm-6 rt-col-xs-12 even-grid-item rt-grid-item\" data-id=\"71178\"><div class=\"rt-holder\"><div class=\"rt-img-holder\"><a data-id=\"71178\" class=\"\" href=\"https:\/\/www.cal.org.pe\/v1\/2025\/10\/20\/resultados-en-concurso-publico-relacion-de-postulantes-aptos-y-evaluacion-curricular\/\"><img fetchpriority=\"high\" decoding=\"async\" width=\"800\" height=\"500\" src=\"https:\/\/www.cal.org.pe\/v1\/wp-content\/uploads\/2025\/08\/CONVOCATORIAS.jpg\" class=\"rt-img-responsive \" alt=\"\" \/><\/a><\/div><div class='rt-detail'><h3 class=\"entry-title\"><a data-id=\"71178\" class=\"\" href=\"https:\/\/www.cal.org.pe\/v1\/2025\/10\/20\/resultados-en-concurso-publico-relacion-de-postulantes-aptos-y-evaluacion-curricular\/\">Resultados en concurso p\u00fablico: Relaci\u00f3n de postulantes aptos y evaluaci\u00f3n curricular<\/a><\/h3><div class='post-meta-user  '><span class='date'><i class='flaticon-calendar '><\/i>octubre 20, 2025<\/span><\/div><\/div><\/div><\/div><div class=\"rt-col-md-4 rt-col-sm-6 rt-col-xs-12 even-grid-item rt-grid-item\" data-id=\"71182\"><div class=\"rt-holder\"><div class=\"rt-img-holder\"><a data-id=\"71182\" class=\"\" href=\"https:\/\/www.cal.org.pe\/v1\/2025\/10\/07\/concurso-publico-contratacion-del-administradora-de-la-caja-de-prevision-social-del-abogado-2\/\"><img fetchpriority=\"high\" decoding=\"async\" width=\"800\" height=\"500\" src=\"https:\/\/www.cal.org.pe\/v1\/wp-content\/uploads\/2025\/08\/CONVOCATORIAS.jpg\" class=\"rt-img-responsive \" alt=\"\" \/><\/a><\/div><div class='rt-detail'><h3 class=\"entry-title\"><a data-id=\"71182\" class=\"\" href=\"https:\/\/www.cal.org.pe\/v1\/2025\/10\/07\/concurso-publico-contratacion-del-administradora-de-la-caja-de-prevision-social-del-abogado-2\/\">Concurso P\u00fablico: Contrataci\u00f3n del Administrador(a) de la Caja de Previsi\u00f3n Social del Abogado<\/a><\/h3><div class='post-meta-user  '><span class='date'><i class='flaticon-calendar '><\/i>octubre 7, 2025<\/span><\/div><\/div><\/div><\/div><div class=\"rt-col-md-4 rt-col-sm-6 rt-col-xs-12 even-grid-item rt-grid-item\" data-id=\"66328\"><div class=\"rt-holder\"><div class=\"rt-img-holder\"><a data-id=\"66328\" class=\"\" href=\"https:\/\/www.cal.org.pe\/v1\/2025\/04\/10\/resultados-en-curso-publico-relacion-de-postulantes-aptos-y-evaluacion-curricular\/\"><img decoding=\"async\" width=\"800\" height=\"500\" src=\"https:\/\/www.cal.org.pe\/v1\/wp-content\/uploads\/2024\/11\/CONVOCATORIAS.jpg\" class=\"rt-img-responsive \" alt=\"\" \/><\/a><\/div><div class='rt-detail'><h3 class=\"entry-title\"><a data-id=\"66328\" class=\"\" href=\"https:\/\/www.cal.org.pe\/v1\/2025\/04\/10\/resultados-en-curso-publico-relacion-de-postulantes-aptos-y-evaluacion-curricular\/\">Resultados en concurso p\u00fablico: Relaci\u00f3n de postulantes aptos y evaluaci\u00f3n curricular<\/a><\/h3><div class='post-meta-user  '><span class='date'><i class='flaticon-calendar '><\/i>abril 10, 2025<\/span><\/div><\/div><\/div><\/div><div class=\"rt-col-md-4 rt-col-sm-6 rt-col-xs-12 even-grid-item rt-grid-item\" data-id=\"66146\"><div class=\"rt-holder\"><div class=\"rt-img-holder\"><a data-id=\"66146\" class=\"\" href=\"https:\/\/www.cal.org.pe\/v1\/2025\/04\/04\/concurso-publico-contratacion-del-administradora-de-la-caja-de-prevision-social-del-abogado\/\"><img decoding=\"async\" width=\"800\" height=\"500\" src=\"https:\/\/www.cal.org.pe\/v1\/wp-content\/uploads\/2024\/11\/CONVOCATORIAS.jpg\" class=\"rt-img-responsive \" alt=\"\" \/><\/a><\/div><div class='rt-detail'><h3 class=\"entry-title\"><a data-id=\"66146\" class=\"\" href=\"https:\/\/www.cal.org.pe\/v1\/2025\/04\/04\/concurso-publico-contratacion-del-administradora-de-la-caja-de-prevision-social-del-abogado\/\">Concurso P\u00fablico: Contrataci\u00f3n del Administrador(a) de la Caja de Previsi\u00f3n Social del Abogado<\/a><\/h3><div class='post-meta-user  '><span class='date'><i class='flaticon-calendar '><\/i>abril 4, 2025<\/span><\/div><\/div><\/div><\/div><div class=\"rt-col-md-4 rt-col-sm-6 rt-col-xs-12 even-grid-item rt-grid-item\" data-id=\"63663\"><div class=\"rt-holder\"><div class=\"rt-img-holder\"><a data-id=\"63663\" class=\"\" href=\"https:\/\/www.cal.org.pe\/v1\/2025\/01\/15\/proyecto-de-reforma-del-reglamento-de-la-caja-de-prevision-social-del-abogado\/\"><img loading=\"lazy\" decoding=\"async\" width=\"800\" height=\"500\" src=\"https:\/\/www.cal.org.pe\/v1\/wp-content\/uploads\/2024\/11\/AVISOS.jpg\" class=\"rt-img-responsive \" alt=\"\" \/><\/a><\/div><div class='rt-detail'><h3 class=\"entry-title\"><a data-id=\"63663\" class=\"\" href=\"https:\/\/www.cal.org.pe\/v1\/2025\/01\/15\/proyecto-de-reforma-del-reglamento-de-la-caja-de-prevision-social-del-abogado\/\">PROYECTO DE REFORMA DEL REGLAMENTO DE LA CAJA DE PREVISI\u00d3N SOCIAL DEL ABOGADOS<\/a><\/h3><div class='post-meta-user  '><span class='date'><i class='flaticon-calendar '><\/i>enero 15, 2025<\/span><\/div><\/div><\/div><\/div><div class=\"rt-col-md-4 rt-col-sm-6 rt-col-xs-12 even-grid-item rt-grid-item\" data-id=\"63273\"><div class=\"rt-holder\"><div class=\"rt-img-holder\"><a data-id=\"63273\" class=\"\" href=\"https:\/\/www.cal.org.pe\/v1\/2025\/01\/04\/21-anos-de-fundacion-de-la-caja-de-prevision-social-del-abogados\/\"><img loading=\"lazy\" decoding=\"async\" width=\"800\" height=\"500\" src=\"https:\/\/www.cal.org.pe\/v1\/wp-content\/uploads\/2024\/11\/AVISOS.jpg\" class=\"rt-img-responsive \" alt=\"\" \/><\/a><\/div><div class='rt-detail'><h3 class=\"entry-title\"><a data-id=\"63273\" class=\"\" href=\"https:\/\/www.cal.org.pe\/v1\/2025\/01\/04\/21-anos-de-fundacion-de-la-caja-de-prevision-social-del-abogados\/\">21 a\u00f1os de fundaci\u00f3n de la Caja de Previsi\u00f3n Social del Abogados<\/a><\/h3><div class='post-meta-user  '><span class='date'><i class='flaticon-calendar '><\/i>enero 4, 2025<\/span><\/div><\/div><\/div><\/div><\/div><div class='rt-pagination-wrap' data-total-pages='3' data-posts-per-page='9' data-type='pagination'  ><div class=\"rt-pagination\" ><ul class=\"pagination-list\"><li class=\"active\"><span>1<\/span><\/li><li><a data-paged='2' href='https:\/\/www.cal.org.pe\/v1\/wp-json\/wp\/v2\/pages\/693\/page\/2\/'>2<\/a><\/li><li><a data-paged='3' href='https:\/\/www.cal.org.pe\/v1\/wp-json\/wp\/v2\/pages\/693\/page\/3\/'>3<\/a><\/li><\/ul><\/div><\/div><\/div>\n\n\n\n\n","protected":false},"excerpt":{"rendered":"","protected":false},"author":1,"featured_media":0,"parent":0,"menu_order":0,"comment_status":"closed","ping_status":"closed","template":"","meta":{"pagelayer_contact_templates":[],"_pagelayer_content":"","footnotes":""},"class_list":["post-693","page","type-page","status-publish","hentry"],"rttpg_featured_image_url":null,"rttpg_author":{"display_name":"Prensa","author_link":"https:\/\/www.cal.org.pe\/v1\/author\/alexsoriano1234live-com\/"},"rttpg_comment":0,"rttpg_category":"","rttpg_excerpt":null,"_links":{"self":[{"href":"https:\/\/www.cal.org.pe\/v1\/wp-json\/wp\/v2\/pages\/693","targetHints":{"allow":["GET"]}}],"collection":[{"href":"https:\/\/www.cal.org.pe\/v1\/wp-json\/wp\/v2\/pages"}],"about":[{"href":"https:\/\/www.cal.org.pe\/v1\/wp-json\/wp\/v2\/types\/page"}],"author":[{"embeddable":true,"href":"https:\/\/www.cal.org.pe\/v1\/wp-json\/wp\/v2\/users\/1"}],"replies":[{"embeddable":true,"href":"https:\/\/www.cal.org.pe\/v1\/wp-json\/wp\/v2\/comments?post=693"}],"version-history":[{"count":60,"href":"https:\/\/www.cal.org.pe\/v1\/wp-json\/wp\/v2\/pages\/693\/revisions"}],"predecessor-version":[{"id":72342,"href":"https:\/\/www.cal.org.pe\/v1\/wp-json\/wp\/v2\/pages\/693\/revisions\/72342"}],"wp:attachment":[{"href":"https:\/\/www.cal.org.pe\/v1\/wp-json\/wp\/v2\/media?parent=693"}],"curies":[{"name":"wp","href":"https:\/\/api.w.org\/{rel}","templated":true}]}}