{"id":656,"date":"2024-08-22T23:15:12","date_gmt":"2024-08-23T04:15:12","guid":{"rendered":"https:\/\/www.cal.org.pe\/v1\/?page_id=656"},"modified":"2026-04-10T15:03:51","modified_gmt":"2026-04-10T20:03:51","slug":"centro-de-arbitraje","status":"publish","type":"page","link":"https:\/\/www.cal.org.pe\/v1\/centro-de-arbitraje\/","title":{"rendered":"Centro de Arbitraje"},"content":{"rendered":"\n\n\n\n\n<h1>\n<\/h1><h1>CENTRO DE ARBITRAJE<\/h1>\n\n\n<h5>Soluciones r\u00e1pidas, decisiones justas<\/h5>\n\n\n\n\n\n\n\n\n\n\n\n\n\n<h3>\n<\/h3><h3><strong>NOSOTROS<\/strong><\/h3>\n\n<p style=\"text-align: justify;\">El Colegio de Abogados de Lima, es una de las<strong> primeras instituciones dedicadas a la pr\u00e1ctica del arbitraje,<\/strong> as\u00ed en su Estatuto de 1950 se contemplaba al arbitraje como medio de soluci\u00f3n de conflictos. Con el transcurrir de los a\u00f1os se constituy\u00f3 el<strong> Centro de Arbitraje del Colegio de Abogados de Lima <\/strong>con el fin de adecuarse a los cambios de la normativa en materia arbitral que se establecieron con la daci\u00f3n del Decreto legislativo 1071.<\/p>\n<p style=\"text-align: justify;\"><font face=\"Montserrat\">El Centro de Arbitraje del Colegio de Abogados de Lima \u2013 CEAR CAL, es un \u00f3rgano aut\u00f3nomo que tiene por finalidad contribuir a la soluci\u00f3n de controversias mediante la institucionalizaci\u00f3n del Arbitraje.<\/font><\/p>\n\n\n\n\n<strong>mp_arbitrajecal@colegiodeabogadosdelima.pe<\/strong>\n\n\n\n\n<!--StartFragment--><span data-olk-copy-source=\"MessageBody\"><strong>+51 968 701 784<\/strong><\/span><!--EndFragment-->\n\n\n\n\n\n\n\n\n\n\n<p>Lorem Ipsum has been the industry&#8217;s standard dummy text ever since the 1500s.<\/p>\n\n\n\n\n\n\n<span style=\"font-size:small;\">El <strong data-start=\"3\" data-end=\"85\">Consejo Superior del CEARCAL<\/strong>&nbsp;es el \u00f3rgano de m\u00e1s alto nivel encargado de <strong data-start=\"130\" data-end=\"214\">dirigir, supervisar y garantizar el correcto funcionamiento del sistema arbitral<\/strong> dentro del CAL.<\/span>\n\n\n<p style=\"text-align: center;\"><strong>Miembros<\/strong>:<\/p><p style=\"text-align: center;\"><strong style=\"font-size: small;\">Dr. Oswaldo Hundskopf Exebio<\/strong><span style=\"font-size: small;\"> \u2013 Presidente CSA<\/span><\/p><p style=\"text-align: center;\"><strong style=\"font-size: small;\">Dr. Hernando Montoya Alberti<\/strong><span style=\"font-size: small;\"> \u2013 Miembro CSA<\/span><\/p><p style=\"text-align: center;\"><strong style=\"font-size: small;\">Dr. Ricardo Rodr\u00edguez Ardiles<\/strong><span style=\"font-size: small;\"> \u2013 Miembro CSA<\/span><\/p><p style=\"text-align: center;\"><strong style=\"font-size: small;\">Dr. Cris\u00f3logo C\u00e1ceres Valle<\/strong><span style=\"font-size: small;\"> \u2013 Miembro CSA<\/span><\/p><p style=\"text-align: center;\"><strong style=\"font-size: small;\">Dra. Carmen Rosa Manrique Aliaga<\/strong><span style=\"font-size: small;\"> \u2013 Miembro CSA<\/span><\/p><p style=\"text-align: center;\"><strong style=\"font-size: small;\">Dr. Franz Kundm\u00fcller Caminiti<\/strong><span style=\"font-size: small;\"> \u2013 Miembro CSA<\/span><\/p><p style=\"text-align: center;\"><strong style=\"font-size: small;\">Dr. Marco Mart\u00ednez Zamora<\/strong><span style=\"font-size: small;\"> \u2013 Miembro CSA<\/span><\/p><ul>\n<\/ul><p><\/p>\n\n\n\n\n<span style=\"font-size: small;\"><strong>Ponemos a disposici\u00f3n<\/strong> de los usuarios del servicio de arbitraje las n\u00f3minas de \u00e1rbitros, conformadas por profesionales que cumplen con todos los requisitos establecidos.<\/span>\n\n\n\n\n\n\n\n\n\n\n<p style=\"text-align: center;\"><span style=\"font-weight: 700; font-size: 15px; text-align: center;\">INFORMES:<\/span><\/p><p style=\"text-align: center;\"><font face=\"Poppins\"><span style=\"font-size: 15px;\">jescajadillo@colegiodeabogadosdelima.pe<\/span><\/font><\/p>\n\n\n<p style=\"text-align: center;\"><strong><a href=\"https:\/\/www.cal.org.pe\/v1\/wp-content\/uploads\/2026\/02\/632868648_1357197273110090_5528777687663212339_n.jpg\">REGAJU del OECE<\/a><\/strong><\/p><p style=\"text-align: center;\"><strong><a href=\"https:\/\/www.cal.org.pe\/v1\/?page_id=805\">LIBRO DE RECLAMACIONES VIRTUAL<\/a><\/strong><\/p>\n\n\n<p [object NamedNodeMap]><font face=\"Montserrat\"><strong><a href=\"https:\/\/www.cal.org.pe\/v1\/wp-content\/uploads\/2026\/04\/INCORP.-AL-REGISTRO-DE-ARBITROS-DEL-CEARCAL.pdf\">INCORPORACI\u00d3N A LA N\u00d3MINA DE \u00c1RBITROS<\/a><\/strong><\/font><\/p>\n\n\n\n\n<p [object NamedNodeMap]>Encargados de brindar soporte administrativo a los procesos arbitrales, asegurando su correcta tramitaci\u00f3n, transparencia y cumplimiento de las normas institucionales.<\/p>\n\n\n<p style=\"text-align: center;\"><strong style=\"font-family: Montserrat; \"><\/strong><\/p><span style=\"font-size: x-small;\"><p style=\"text-align: center;\"><strong style=\"font-family: Montserrat; color: rgb(119, 119, 119);\">Secretaria General:&nbsp;<\/strong><br>Abg. July Anne Carol Escajadillo Lock<\/p><p style=\"text-align: center;\"><strong>Secretarios Arbitrales:<\/strong><\/p><\/span><p style=\"text-align: center;\">Abg. V\u00edctor Eduardo P\u00e9rez Tafur<\/p><ul style=\"font-size: x-small;\"><ul style=\"text-align: center;\"><\/ul><\/ul><span style=\"font-size: x-small;\"><p style=\"text-align: center;\">Srta. Fabiana Naomi Espinola Aliaga<\/p><p style=\"text-align: center;\"><strong>Asistente:<\/strong><\/p><p style=\"text-align: center;\"> Srta. Nayely Espinoza Bustamante<\/p><\/span>\n\n\n<p style=\"text-align: center;\"><span style=\"font-weight: 700; font-size: 15px; text-align: center;\">Oficial de Cumplimiento:<\/span><\/p><p style=\"text-align: center;\"><span style=\"font-family: Poppins; font-size: 15px; text-align: center;\">Abg. July Anne Carol Escajadillo Lock<\/span><span\u00a0style=\"font-size: x-small;\"=\"\"><ul>\n<\/ul><\/span\u00a0style=\"font-size:><\/p>\n\n\n\n\n\n\n<h2>Art\u00edculos de inter\u00e9s\u00a0<\/h2>\n\n\n\n\n\n\n\n\n\n\n\nEstatuto del Centro de Arbitraje\n\n\nC\u00f3digo de \u00c9tica del Centro de Arbitraje\n\n\nActa de aprobaci\u00f3n del C\u00f3digo de \u00c9tica del CEARCAL\n\n\nReglamento Procesal de Arbitraje\n\n\nReglamento de Aranceles\n\n\nReglamento del \u00c1rbitro de Emergencia\n\n\nReglamento Interno del CEAR CAL\n\n\nActa de aprobaci\u00f3n del Reglamento Interno\n\n\nLey de arbitraje N\u00b01071\n\n\nPol\u00edtica  General Anti soborno\n\n\nPol\u00edtica  General  de Calidad\n\n\nLicencia de Funcionamiento\n\n\nInscripci\u00f3n facultativa en SUNARP\n\n\nD.S. 012-2018-JUS-INSCRIPCION FACULTATIVA\n\n\nLey de creaci\u00f3n del CAL\n\n\n\n\n\n\n\n\nLaudos arbitrales con el Estado\n\n\n\n\n\n\n\n\n\n\n\n\n\n\nFormato de Solicitud de Arbitraje\n\n\nCl\u00e1usula arbitral del CEAR-CAL\n\n\nRequisitos para ser \u00c1rbitro o Perito\n\n\nRequisitos para solicitar Arbitraje\n\n\n\n\n\n\n\n\n\n\n\n\n\n\nProtocolo de Arbitraje Virtual\n\n\nEtapas del Proceso Arbitral\n\n\n\n\n\n\n\n\n\n<section class=\"tarifario-arbitraje\" style=\"max-width:900px; margin:auto; line-height:1.6;\">\n  \n  <span style=\"font-size:x-small;\"><strong><p>TASA POR PRESENTACI\u00d3N DE SOLICITUD DE ARBITRAJE<\/p><\/strong><\/span><\/section>\n\n\n<p style=\"text-align: left; font-style: italic;\">(No incluye los impuestos de ley).<\/p><div><br><\/div>\n\n\n<section class=\"tarifario-arbitraje\" style=\"max-width:900px; margin:auto; line-height:1.6;\"><span style=\"font-size:x-small;\"><strong>\n  <\/strong><\/span><p style=\"font-size:0.9rem;\">\n    <strong>S\/ 600.00*<\/strong>\n  <\/p>\n  <p style=\"font-size:0.85rem;\">\n    <em>*No hay devoluci\u00f3n de esta tasa y corresponde exclusivamente a la presentaci\u00f3n de una solicitud de arbitraje.<\/em>\n  <\/p>\n\n  <p><strong>TASAS PARA PRETENSIONES CON CUANT\u00cdAS DETERMINADAS<\/strong><\/p><\/section>\n\n\n<section class=\"tarifario-arbitraje\" style=\"max-width:900px; margin:auto; line-height:1.6;\"><p><strong><\/strong><\/p>\n  <p style=\"font-size:0.9rem;\">\n    Las tasas y honorarios arbitrales para cuant\u00edas determinadas ser\u00e1n las que resulten de aplicar la tabla de aranceles adjunta (<strong>Anexo 1-A<\/strong>).<\/p><\/section>\n\n\n<section class=\"tarifario-arbitraje\" style=\"max-width:900px; margin:auto; line-height:1.6;\">\n\n  <p><strong>TASAS PARA PRETENSIONES DE CUANT\u00cdAS INDETERMINADAS<\/strong><\/p>\n  <ol style=\"font-size:0.9rem; padding-left:20px;\">\n    <li>\n      Por cada pretensi\u00f3n de car\u00e1cter indeterminado formulada por cualquiera de las partes en un proceso arbitral, se aplicar\u00e1 al monto del contrato original un porcentaje equivalente al <strong>6.1%<\/strong>, tanto por concepto de Tasa Administrativa del Centro de Arbitraje como por concepto de Honorarios Profesionales de los \u00c1rbitros.\n    <\/li>\n    <li>\n      El importe resultante, conforme al numeral anterior, quedar\u00e1 sujeto al tarifario de cuant\u00edas determinadas, aplicable tanto a la Tasa Administrativa del Centro como a los Honorarios de los \u00c1rbitros.\n    <\/li>\n    <li>\n      Si las partes interponen m\u00faltiples pretensiones indeterminadas, se proceder\u00e1 a sumar los valores obtenidos conforme al numeral 1, aplicables a la Tasa Administrativa del Centro y a los Honorarios de los \u00c1rbitros. No se incluir\u00e1n en este c\u00e1lculo las pretensiones vinculadas a intereses, costas o costos.\n    <\/li>\n    <li>\n      El valor m\u00e1ximo atribuible a las pretensiones indeterminadas no podr\u00e1 exceder el monto del contrato original.\n    <\/li>\n    <li>\n      De ser necesario efectuar un reajuste de la Tasa Administrativa del Centro y\/o de los Honorarios de los \u00c1rbitros, se seguir\u00e1 el procedimiento previsto en los numerales anteriores.\n    <\/li>\n    <li>\n      En aquellos supuestos en los que el monto del contrato original no pueda ser determinado, la tarifa aplicable ser\u00e1 aquella que determine la Secretar\u00eda General, tanto para la Tasa Administrativa como para los Honorarios del Tribunal Arbitral o del \u00c1rbitro \u00danico, seg\u00fan corresponda.\n    <\/li>\n    <li>\n      En el supuesto de que una pretensi\u00f3n agrupe un conjunto de pretensiones, la Secretar\u00eda General de Arbitraje se encuentra facultada para valorizar de manera independiente cada una de ellas.\n    <\/li>\n  <\/ol>\n\n  <p style=\"font-size:0.85rem;\">\n    <em>(*No procede devoluci\u00f3n alguna de honorarios y\/o Tasa Administrativa por archivo por falta de pago, abandono del proceso o haber omitido presentar la demanda).<\/em><\/p><\/section>\n\n\n<section class=\"tarifario-arbitraje\" style=\"max-width:900px; margin:auto; line-height:1.6;\"><p style=\"font-size:0.85rem;\"><em><\/em>\n  <\/p>\n\n  <p><strong>SERVICIOS ADICIONALES <small>(No incluyen IGV)<\/small><\/strong><\/p>\n  <ul style=\"font-size:0.9rem; padding-left:20px;\">\n    <li>Designaci\u00f3n de \u00e1rbitros para arbitrajes no administrados: <strong>16% UIT<\/strong> (por \u00e1rbitro)<\/li>\n    <li>Recusaci\u00f3n, remoci\u00f3n o apartamiento de \u00e1rbitro: <strong>25% UIT<\/strong><\/li>\n    <li>\n      Tasa por notificaci\u00f3n en domicilio f\u00edsico:\n      <ul>\n        <li>Lima (Provincia): <strong>16% UIT<\/strong><\/li>\n        <li>Fuera de la Provincia de Lima: <strong>25% UIT<\/strong><\/li>\n        <li>Fuera del pa\u00eds: seg\u00fan cotizaci\u00f3n de la Secretar\u00eda General<\/li>\n      <\/ul>\n    <\/li>\n    <li>Servicio de alquiler por hora de sala de audiencias: <strong>10% UIT<\/strong> (por hora)<\/li>\n    <li>Alquiler de servicio de laptop y TV: <strong>3% UIT<\/strong> (por hora)<\/li>\n    <li>Tasa por copias certificadas: <strong>0.05% UIT<\/strong> (por folio)<\/li>\n    <li>Tasa por copia digital: <strong>0.01% UIT<\/strong> (por folio)<\/li>\n    <li>Tasa por copia simple: <strong>0.01% UIT<\/strong> (por folio)<\/li>\n    <li>\n      Tasa por ejecuci\u00f3n del laudo:\n      <p style=\"font-size:0.85rem; margin-top:4px;\">\n        El monto de la tasa por ejecuci\u00f3n del laudo, cuando sea aplicable, se fijar\u00e1 en cada caso seg\u00fan la complejidad del mismo.\n      <\/p>\n    <\/li>\n  <\/ul>\n\n<\/section>\n\n\n<p style=\"overflow-x:auto; width:100%;\">\n  <span style=\"font-size:small;\"><table style=\"width:100%; border-collapse:collapse; table-layout:fixed;\">\n    \n    <colgroup>\n      <col style=\"width:10%\">\n      <col style=\"width:20%\">\n      <col style=\"width:30%\">\n      <col style=\"width:20%\">\n      <col style=\"width:20%\">\n    <\/colgroup>\n    <thead>\n      <tr>\n        <th style=\"border:1px solid #ccc; padding:8px;\">Escala<\/th>\n        <th style=\"border:1px solid #ccc; padding:8px;\">Cuant\u00eda en Controversia (S\/)<\/th>\n        <th style=\"border:1px solid #ccc; padding:8px;\">Tasa Administrativa del Centro<br>(Sin IGV)<\/th>\n        <th style=\"border:1px solid #ccc; padding:8px;\">Honorarios Tribunal Arbitral<br>(Sin IGV)<\/th>\n        <th style=\"border:1px solid #ccc; padding:8px;\">Honorarios \u00c1rbitro \u00danico<br>(Sin IGV)<\/th>\n      <\/tr>\n    <\/thead>\n    <tbody>\n        <tr>\n            <td style=\"border:1px solid #ccc; padding:8px;\">A<\/td>\n            <td style=\"border:1px solid #ccc; padding:8px;\">Hasta 50,000<\/td>\n            <td style=\"border:1px solid #ccc; padding:8px;\">4,350<\/td>\n            <td style=\"border:1px solid #ccc; padding:8px;\">10,875<\/td>\n            <td style=\"border:1px solid #ccc; padding:8px;\">4,350<\/td>\n        <\/tr>\n        <tr>\n            <td style=\"border:1px solid #ccc; padding:8px;\">B<\/td>\n            <td style=\"border:1px solid #ccc; padding:8px;\">50,001 \u2013 100,000<\/td>\n            <td style=\"border:1px solid #ccc; padding:8px;\">4,500<\/td>\n            <td style=\"border:1px solid #ccc; padding:8px;\">11,250<\/td>\n            <td style=\"border:1px solid #ccc; padding:8px;\">4,500<\/td>\n        <\/tr>\n        <tr>\n            <td style=\"border:1px solid #ccc; padding:8px;\">C<\/td>\n            <td style=\"border:1px solid #ccc; padding:8px;\">100,001 \u2013 145,000<\/td>\n            <td style=\"border:1px solid #ccc; padding:8px;\">5,127<\/td>\n            <td style=\"border:1px solid #ccc; padding:8px;\">12,147<\/td>\n            <td style=\"border:1px solid #ccc; padding:8px;\">5,127<\/td>\n        <\/tr>\n        <tr>\n            <td style=\"border:1px solid #ccc; padding:8px;\">D<\/td>\n            <td style=\"border:1px solid #ccc; padding:8px;\">145,001 \u2013 290,000<\/td>\n            <td style=\"border:1px solid #ccc; padding:8px;\">6,597<\/td>\n            <td style=\"border:1px solid #ccc; padding:8px;\">15,927<\/td>\n            <td style=\"border:1px solid #ccc; padding:8px;\">6,597<\/td>\n        <\/tr>\n        <tr>\n            <td style=\"border:1px solid #ccc; padding:8px;\">E<\/td>\n            <td style=\"border:1px solid #ccc; padding:8px;\">290,001 \u2013 870,000<\/td>\n            <td style=\"border:1px solid #ccc; padding:8px;\">9,752<\/td>\n            <td style=\"border:1px solid #ccc; padding:8px;\">24,380<\/td>\n            <td style=\"border:1px solid #ccc; padding:8px;\">9,752<\/td>\n        <\/tr>\n        <tr>\n            <td style=\"border:1px solid #ccc; padding:8px;\">F<\/td>\n            <td style=\"border:1px solid #ccc; padding:8px;\">870,001 \u2013 1\u2019450,000<\/td>\n            <td style=\"border:1px solid #ccc; padding:8px;\">10,027<\/td>\n            <td style=\"border:1px solid #ccc; padding:8px;\">25,068<\/td>\n            <td style=\"border:1px solid #ccc; padding:8px;\">10,027<\/td>\n        <\/tr>\n        <tr>\n            <td style=\"border:1px solid #ccc; padding:8px;\">G<\/td>\n            <td style=\"border:1px solid #ccc; padding:8px;\">1\u2019450,001 \u2013 2\u2019050,000<\/td>\n            <td style=\"border:1px solid #ccc; padding:8px;\">14,927<\/td>\n            <td style=\"border:1px solid #ccc; padding:8px;\">37,318<\/td>\n            <td style=\"border:1px solid #ccc; padding:8px;\">14,927<\/td>\n        <\/tr>\n        <tr>\n            <td style=\"border:1px solid #ccc; padding:8px;\">H<\/td>\n            <td style=\"border:1px solid #ccc; padding:8px;\">2\u2019050,001 \u2013 2\u2019900,000<\/td>\n            <td style=\"border:1px solid #ccc; padding:8px;\">16,887<\/td>\n            <td style=\"border:1px solid #ccc; padding:8px;\">42,218<\/td>\n            <td style=\"border:1px solid #ccc; padding:8px;\">16,887<\/td>\n        <\/tr>\n        <tr>\n            <td style=\"border:1px solid #ccc; padding:8px;\">I<\/td>\n            <td style=\"border:1px solid #ccc; padding:8px;\">2\u2019900,001 \u2013 14\u2019500,000<\/td>\n            <td style=\"border:1px solid #ccc; padding:8px;\">15,887 + 0.35% aplicado a la cuant\u00eda que excede de 2\u2019900,000<\/td>\n            <td style=\"border:1px solid #ccc; padding:8px;\">42,218 + 0.80% aplicado a la cuant\u00eda que excede de 2\u2019900,000<\/td>\n            <td style=\"border:1px solid #ccc; padding:8px;\">16,887 + 0.70% aplicado a la cuant\u00eda que excede de 2\u2019900,000<\/td>\n        <\/tr>\n        <tr>\n            <td style=\"border:1px solid #ccc; padding:8px;\">J<\/td>\n            <td style=\"border:1px solid #ccc; padding:8px;\">14\u2019500,001 \u2013 80\u2019000,000<\/td>\n            <td style=\"border:1px solid #ccc; padding:8px;\">53,998 + 0.30% aplicado a la cuant\u00eda que excede de 14\u2019500,000<\/td>\n            <td style=\"border:1px solid #ccc; padding:8px;\">149,942 + 0.70% aplicado a la cuant\u00eda que excede de 14\u2019500,000<\/td>\n            <td style=\"border:1px solid #ccc; padding:8px;\">59,977 + 0.23% aplicado a la cuant\u00eda que excede de 14\u2019500,000<\/td>\n        <\/tr>\n        <tr>\n            <td style=\"border:1px solid #ccc; padding:8px;\">K<\/td>\n            <td style=\"border:1px solid #ccc; padding:8px;\">80\u2019000,001 a m\u00e1s<\/td>\n            <td style=\"border:1px solid #ccc; padding:8px;\">240,568<\/td>\n            <td style=\"border:1px solid #ccc; padding:8px;\">600,442<\/td>\n            <td style=\"border:1px solid #ccc; padding:8px;\">240,568<\/td>\n        <\/tr>\n    <\/tbody>\n<\/table><\/span>\n<\/p>\n\n\n<h2>Descargar PDF<\/h2>\n\n\n<div style=\"max-width:600px; margin:0 auto; font-family:Arial, sans-serif;\">\n  \n  <h3 style=\"text-align:center; text-decoration:underline; margin-bottom:5px;\">\n    ARBITRAJE DE EMERGENCIA\n  <\/h3>\n  <p style=\"text-align:center; font-style:italic; margin-top:0;\">\n    (No incluye los impuestos de ley).\n  <\/p>\n  <table style=\"width:100%; border-collapse:collapse; margin-top:10px;\">\n    <tr>\n      <td style=\"width:70%; background:#c6d6ee; border:1px solid #000; padding:8px; font-weight:bold;\">\n        Tasa administrativa\n      <\/td>\n      <td style=\"width:30%; background:#d6d6d6; border:1px solid #000; padding:8px; text-align:right;\">\n        $ 5,000.00\n      <\/td>\n    <\/tr>\n    <tr>\n      <td style=\"background:#c6d6ee; border:1px solid #000; padding:8px; font-weight:bold;\">\n        Honorarios del \u00e1rbitro\n      <\/td>\n      <td style=\"background:#d6d6d6; border:1px solid #000; padding:8px; text-align:right;\">\n        $ 10,000.00\n      <\/td>\n    <\/tr>\n  <\/table>\n<\/div>\n\n\n<p>El <strong>Centro de Arbitraje del Colegio de Abogados de Lima (CEAR-CAL)<\/strong> pone a disposici\u00f3n de los usuarios los siguientes datos bancarios para la realizaci\u00f3n de pagos correspondientes a los servicios arbitrales:<\/p>\n\n<table style=\"width:100%; border-collapse:collapse; margin-top:15px;\">\n    <thead>\n        <tr>\n            <th style=\"border:1px solid #ccc; padding:8px; text-align:left;\">Banco<\/th>\n            <th style=\"border:1px solid #ccc; padding:8px; text-align:left;\">Cuenta Corriente (S\/)<\/th>\n            <th style=\"border:1px solid #ccc; padding:8px; text-align:left;\">CCI<\/th>\n        <\/tr>\n    <\/thead>\n    <tbody>\n        <tr>\n            <td style=\"border:1px solid #ccc; padding:8px;\">Scotiabank<\/td>\n            <td style=\"border:1px solid #ccc; padding:8px;\">0002193140<\/td>\n            <td style=\"border:1px solid #ccc; padding:8px;\">009-242-000002193140-97<\/td>\n        <\/tr>\n    <\/tbody>\n<\/table>\n\n<p style=\"margin-top:15px;\">\n    Para una correcta identificaci\u00f3n del pago, se solicita consignar el <strong>n\u00famero de expediente<\/strong> o el <strong>concepto correspondiente<\/strong>.\n<\/p>\n\n\n\n\n\n\n\n\n\n2025\n\n\n2024\n\n\n2023\n\n\n2022\n\n\n2021\n\n\n2020\n\n\n2013\n\n\n\n\n\n\n\n\n\n\n\n\n\n\n<h2 [object NamedNodeMap]>CERTIFICACIONES ISO<\/h2>\n\n\n\n\n\n\n<p>Lorem Ipsum has been the industry&#8217;s standard dummy text ever since the 1500s.<\/p>\n\n\n\n\n<p>Lorem Ipsum has been the industry&#8217;s standard dummy text ever since the 1500s.<\/p>\n\n\n\n\n<p>Lorem Ipsum has been the industry&#8217;s standard dummy text ever since the 1500s.<\/p>\n\n\n\n\n\n\n\n\n\n\n\n<p><\/p>\n","protected":false},"excerpt":{"rendered":"","protected":false},"author":1,"featured_media":0,"parent":0,"menu_order":0,"comment_status":"closed","ping_status":"closed","template":"","meta":{"pagelayer_contact_templates":[],"_pagelayer_content":"","footnotes":""},"class_list":["post-656","page","type-page","status-publish","hentry"],"rttpg_featured_image_url":null,"rttpg_author":{"display_name":"Prensa","author_link":"https:\/\/www.cal.org.pe\/v1\/author\/alexsoriano1234live-com\/"},"rttpg_comment":0,"rttpg_category":null,"rttpg_excerpt":null,"_links":{"self":[{"href":"https:\/\/www.cal.org.pe\/v1\/wp-json\/wp\/v2\/pages\/656","targetHints":{"allow":["GET"]}}],"collection":[{"href":"https:\/\/www.cal.org.pe\/v1\/wp-json\/wp\/v2\/pages"}],"about":[{"href":"https:\/\/www.cal.org.pe\/v1\/wp-json\/wp\/v2\/types\/page"}],"author":[{"embeddable":true,"href":"https:\/\/www.cal.org.pe\/v1\/wp-json\/wp\/v2\/users\/1"}],"replies":[{"embeddable":true,"href":"https:\/\/www.cal.org.pe\/v1\/wp-json\/wp\/v2\/comments?post=656"}],"version-history":[{"count":98,"href":"https:\/\/www.cal.org.pe\/v1\/wp-json\/wp\/v2\/pages\/656\/revisions"}],"predecessor-version":[{"id":90125,"href":"https:\/\/www.cal.org.pe\/v1\/wp-json\/wp\/v2\/pages\/656\/revisions\/90125"}],"wp:attachment":[{"href":"https:\/\/www.cal.org.pe\/v1\/wp-json\/wp\/v2\/media?parent=656"}],"curies":[{"name":"wp","href":"https:\/\/api.w.org\/{rel}","templated":true}]}}