{"id":625,"date":"2024-08-19T23:54:59","date_gmt":"2024-08-20T04:54:59","guid":{"rendered":"https:\/\/www.cal.org.pe\/v1\/?page_id=625"},"modified":"2025-10-23T11:11:26","modified_gmt":"2025-10-23T16:11:26","slug":"defensa-gremial","status":"publish","type":"page","link":"https:\/\/www.cal.org.pe\/v1\/defensa-gremial\/","title":{"rendered":"Defensa Gremial"},"content":{"rendered":"\n\n\n\n\n<h2>Direcci\u00f3n de Defensa Gremial<\/h2>\n\n<h5>Mary Claudia Paola Alvarado<\/h5>\n<p style=\"text-align: center;color:white;\">Directora 2024 &#8211; 2025<\/p>\n\n\n\n\n\n\n\n<h4>Introducci\u00f3n<\/h4>\n\n<p style=\"text-align: justify;\">La Direcci\u00f3n de Defensa Gremial del Colegio de Abogados de Lima se enfoca en la protecci\u00f3n y representaci\u00f3n de los intereses de los abogados y del gremio en general. Sus principales funciones incluyen:<br><\/p>\n<p><strong>Defensa de Derechos:<\/strong> Proteger los derechos y garant\u00edas de los abogados en su ejercicio profesional y en su relaci\u00f3n con otras entidades, tanto p\u00fablicas como privadas.<\/p><br>\n\n<p><strong>Representaci\u00f3n:<\/strong> Representar a los abogados en situaciones que requieran intervenci\u00f3n institucional, ya sea ante autoridades, organismos p\u00fablicos, o en procedimientos legales y administrativos.<\/p><br>\n\n<p><strong>Defensa de la Profesi\u00f3n:<\/strong> Promover y defender la integridad y el prestigio de la profesi\u00f3n legal, as\u00ed como actuar frente a situaciones que puedan afectar la \u00e9tica o el ejercicio profesional.<\/p><br>\n\n<p><strong>Atenci\u00f3n de Quejas:<\/strong> Gestionar y atender quejas o reclamos que puedan surgir por parte de los miembros del colegio en relaci\u00f3n con situaciones que afecten su ejercicio profesional o derechos.<\/p><br>\n\n<p><strong>Relaci\u00f3n con Otras Entidades:<\/strong> Coordinar y colaborar con otras instituciones, organismos y entidades relacionadas con la pr\u00e1ctica del derecho para fortalecer la defensa gremial y el bienestar de los abogados.<\/p>\n\n\n<h4>Informe de gesti\u00f3n<\/h4>\n<span style=\"color:#000000;\"><h5 style=\"color: rgb(0, 0, 0);\">Enero &#8211; octubre 2025<\/h5><\/span><h5><\/h5>\n\n\n\n\n\n\n\n<h4>Plan de trabajo<\/h4>\n<span style=\"color:#000000;\"><h5 style=\"color: rgb(0, 0, 0);\">2025<\/h5><\/span><h5><\/h5>\n\n\n\n\n\n\n\n<h4>Informe de gesti\u00f3n<\/h4>\n<span style=\"color:#000000;\"><h5 style=\"color: rgb(0, 0, 0);\">Abril &#8211; octubre<\/h5><\/span><h5><\/h5>\n\n\n\n\n\n\n\n\n\n\n\n\n\n<p>sec_defensagremial@colegiodeabogadosdelima.pe<br><\/p>\n\n\n\n\n\n\n\n\n\n<p>710-6612<br> 968 701 804<\/p>\n\n\n\n\n\n<h5  style=\"color:black;\">Acervo documentario<\/h5>\n\n\n\n\n<h5 style=\"color:black\">Documentos<\/h5>\n\n\n\n\n\n\n<div style=\"position: relative; width: 100%; max-width: 1000px; margin: 0 auto;\">\n  <!-- Contenido base que est\u00e1 debajo -->\n  <div style=\"filter: blur(3px); pointer-events: none;\">\n\n<p><a href=\"https:\/\/www.cal.org.pe\/v1\/wp-content\/uploads\/2022\/06\/DEFENSA-GREMIAL.pdf\" target=\"_blank\" rel=\"noopener\" style=\"cursor: pointer;\">PLAN DE TRABAJO 2022<\/a><\/p>\n<p><a href=\"https:\/\/www.cal.org.pe\/v1\/wp-content\/uploads\/2019\/02\/Direcci%C3%B3n-de-Defensa-Gremial.pdf\" target=\"_blank\" rel=\"noopener noreferrer\" style=\"cursor: pointer;\">PLAN DE TRABAJO 2019<\/a><\/p>\n<p><a href=\"https:\/\/www.cal.org.pe\/v1\/wp-content\/uploads\/2018\/02\/Plan-de-Trabajo-de-Defensa-Gremial.pdf\" target=\"_blank\" rel=\"noopener noreferrer\" style=\"cursor: pointer;\">PLAN DE TRABAJO 2018<\/a><\/p>\n\n\n<\/div>\n\n  <!-- Imagen superpuesta -->\n  <img decoding=\"async\" src=\"https:\/\/www.cal.org.pe\/v1\/wp-content\/uploads\/2025\/07\/CONSTRU.png\"\n       alt=\"En construcci\u00f3n\"\n       style=\"position: absolute; top: 50%; left: 50%;\n              transform: translate(-50%, -50%);\n              width: 80%; max-width: 500px;\n              z-index: 10;\" \/>\n<\/div>\n\n\n\n\n\n\n\n<p>Lorem Ipsum has been the industry&#8217;s standard dummy text ever since the 1500s.<\/p>\n\n\n\n\n\n\n\n","protected":false},"excerpt":{"rendered":"","protected":false},"author":1,"featured_media":0,"parent":0,"menu_order":0,"comment_status":"closed","ping_status":"closed","template":"","meta":{"pagelayer_contact_templates":[],"_pagelayer_content":"","footnotes":""},"class_list":["post-625","page","type-page","status-publish","hentry"],"rttpg_featured_image_url":null,"rttpg_author":{"display_name":"Prensa","author_link":"https:\/\/www.cal.org.pe\/v1\/author\/alexsoriano1234live-com\/"},"rttpg_comment":0,"rttpg_category":null,"rttpg_excerpt":null,"_links":{"self":[{"href":"https:\/\/www.cal.org.pe\/v1\/wp-json\/wp\/v2\/pages\/625","targetHints":{"allow":["GET"]}}],"collection":[{"href":"https:\/\/www.cal.org.pe\/v1\/wp-json\/wp\/v2\/pages"}],"about":[{"href":"https:\/\/www.cal.org.pe\/v1\/wp-json\/wp\/v2\/types\/page"}],"author":[{"embeddable":true,"href":"https:\/\/www.cal.org.pe\/v1\/wp-json\/wp\/v2\/users\/1"}],"replies":[{"embeddable":true,"href":"https:\/\/www.cal.org.pe\/v1\/wp-json\/wp\/v2\/comments?post=625"}],"version-history":[{"count":15,"href":"https:\/\/www.cal.org.pe\/v1\/wp-json\/wp\/v2\/pages\/625\/revisions"}],"predecessor-version":[{"id":71281,"href":"https:\/\/www.cal.org.pe\/v1\/wp-json\/wp\/v2\/pages\/625\/revisions\/71281"}],"wp:attachment":[{"href":"https:\/\/www.cal.org.pe\/v1\/wp-json\/wp\/v2\/media?parent=625"}],"curies":[{"name":"wp","href":"https:\/\/api.w.org\/{rel}","templated":true}]}}