{"id":595,"date":"2024-08-19T22:31:28","date_gmt":"2024-08-20T03:31:28","guid":{"rendered":"https:\/\/www.cal.org.pe\/v1\/?page_id=595"},"modified":"2026-04-09T14:31:20","modified_gmt":"2026-04-09T19:31:20","slug":"derechos-humanos","status":"publish","type":"page","link":"https:\/\/www.cal.org.pe\/v1\/derechos-humanos\/","title":{"rendered":"Derechos Humanos"},"content":{"rendered":"\n\n\n\n\n\n\n<h2>Direcci\u00f3n de Derechos Humanos<\/h2>\n\n\n\n<h5>Yolanda Maribel Mercedes Chipana Fern\u00e1ndez <\/h5>\n\n\n\n<p [object NamedNodeMap]>Directora 2026 &#8211; 2027<br><\/p>\n\n\n\n\n\n\n\n\n\n<h4>Introducci\u00f3n<\/h4>\n\n\n\n<p>La Direcci\u00f3n de Derechos Humanos del Colegio de Abogados de Lima (CAL) tiene como principal objetivo la promoci\u00f3n, protecci\u00f3n y defensa de los derechos humanos en el \u00e1mbito legal y social. Sus funciones y responsabilidades suelen incluir:<br><\/p>\n\n\n\n<p style=\"font-size:14px; line-height:17px;\"><strong>Promoci\u00f3n y Educaci\u00f3n:<\/strong> Realizar actividades y programas educativos sobre derechos humanos para abogados, estudiantes de derecho y la comunidad en general, con el fin de sensibilizar y fomentar el respeto hacia estos derechos.<\/p><br>    <p style=\"font-size:14px; line-height:17px;\"><strong>Asesoramiento y Apoyo:<\/strong> Brindar asesor\u00eda legal a individuos y organizaciones en temas relacionados con derechos humanos, as\u00ed como apoyar a v\u00edctimas de violaciones de derechos humanos.<\/p>    <br>    <p style=\"font-size:14px; line-height:17px;\"><strong>Monitorizaci\u00f3n y Denuncias:<\/strong> Monitorear situaciones de violaciones a los derechos humanos y colaborar en la recopilaci\u00f3n de informaci\u00f3n para la denuncia de estos casos ante las autoridades correspondientes o en foros internacionales.<\/p>    <br>    <p style=\"font-size:14px; line-height:17px;\"><strong>Desarrollo de Pol\u00edticas:<\/strong> Colaborar en la formulaci\u00f3n y promoci\u00f3n de pol\u00edticas p\u00fablicas y legislativas que refuercen la protecci\u00f3n de los derechos humanos.<\/p> <br>    <p style=\"font-size:14px; line-height:17px;\"><strong>Investigaci\u00f3n y Publicaciones:<\/strong> Llevar a cabo investigaciones sobre temas relacionados con derechos humanos y publicar informes, estudios y recomendaciones para mejorar la situaci\u00f3n de los derechos humanos en el pa\u00eds.<\/p><br><br><p style=\"font-size:14px; line-height:17px;\"><strong>Colaboraci\u00f3n con Organizaciones:<\/strong> Trabajar en conjunto con otras organizaciones, instituciones y entidades nacionales e internacionales que se dediquen a la promoci\u00f3n y protecci\u00f3n de los derechos humanos.<\/p><br><br><p style=\"font-size:14px; line-height:17px;\"><strong>Colaboraci\u00f3n con Organizaciones:<\/strong> Trabajar en conjunto con otras organizaciones, instituciones y entidades nacionales e internacionales que se dediquen a la promoci\u00f3n y protecci\u00f3n de los derechos humanos.<\/p><br>\n\n\n\n\n\n<h4>Informe de gesti\u00f3n<\/h4>\n\n\n\n<h5 [object NamedNodeMap]>Enero &#8211; octubre 2025<\/h5>\n\n\n\n\n\nRevisa el informe\n\n\n\n\n\n\n\n<h4>Plan de trabajo<\/h4>\n\n\n\n<h3>2025<\/h3>\n\n\n\n\n\nRevisa el plan de trabajo\n\n\n\n\n\n\n\n<h4>Plan de trabajo<\/h4>\n\n\n\n<h3>2024 &#8211; 2025<\/h3>\n\n\n\n\n\nRevisa el plan \n\n\n\n\n\n\n\n<h4>Informe de gesti\u00f3n<\/h4>\n\n\n\n<h3>Abril &#8211; octubre<\/h3>\n\n\n\n\n\nConoce el informe\n\n\n\n\n\n\n\n\n\n\n\n\n\n\n\n<p>derechoshumanos@colegiodeabogadosdelima.pe<br><\/p>\n\n\n\n\n\n\n\n\n\n\n\n\n\n<p>710-6671<br> 968 701 813<\/p>\n\n\n\n\n\n\n\n\n\n\n\n<p>Lorem Ipsum has been the industry&#8217;s standard dummy text ever since the 1500s.<\/p>\n\n\n\n\n\n\n\n<h2>Publicaciones\u00a0<\/h2>\n\n\n\n<p><style type='text\/css' media='all'>#rt-tpg-container-2241351641 .rt-holder .rt-woo-info .price{color:#0367bf;}body .rt-tpg-container .rt-tpg-isotope-buttons .selected,\n\t\t\t\t\t#rt-tpg-container-2241351641 .layout12 .rt-holder:hover .rt-detail,\n\t\t\t\t\t#rt-tpg-container-2241351641 .isotope8 .rt-holder:hover .rt-detail,\n\t\t\t\t\t#rt-tpg-container-2241351641 .carousel8 .rt-holder:hover .rt-detail,\n\t\t\t\t\t#rt-tpg-container-2241351641 .layout13 .rt-holder .overlay .post-info,\n\t\t\t\t\t#rt-tpg-container-2241351641 .isotope9 .rt-holder .overlay .post-info,\n\t\t\t\t\t#rt-tpg-container-2241351641.rt-tpg-container .layout4 .rt-holder .rt-detail,\n\t\t\t\t\t.rt-modal-2241351641 .md-content,\n\t\t\t\t\t.rt-modal-2241351641 .md-content > .rt-md-content-holder .rt-md-content,\n\t\t\t\t\t.rt-popup-wrap-2241351641.rt-popup-wrap .rt-popup-navigation-wrap,\n\t\t\t\t\t#rt-tpg-container-2241351641 .carousel9 .rt-holder .overlay .post-info{background-color:#0367bf;}#rt-tpg-container-2241351641 .layout5 .rt-holder .overlay, #rt-tpg-container-2241351641 .isotope2 .rt-holder .overlay, #rt-tpg-container-2241351641 .carousel2 .rt-holder .overlay,#rt-tpg-container-2241351641 .layout15 .rt-holder h3, #rt-tpg-container-2241351641 .isotope11 .rt-holder h3, #rt-tpg-container-2241351641 .carousel11 .rt-holder h3, #rt-tpg-container-2241351641 .layout16 .rt-holder h3,\n\t\t\t\t\t#rt-tpg-container-2241351641 .isotope12 .rt-holder h3, #rt-tpg-container-2241351641 .carousel12 .rt-holder h3 {background-color:rgba(3,103,191,0.8);}#rt-tpg-container-2241351641 .pagination-list li a,\n\t\t\t\t\trt-tpg-container-2241351641 .pagination-list li span,\n\t\t\t\t\trt-tpg-container-2241351641 .pagination li a,\n\t\t\t\t\t#rt-tpg-container-2241351641 .rt-tpg-isotope-buttons button,\n\t\t\t\t\t#rt-tpg-container-2241351641 .rt-tpg-utility .rt-tpg-load-more button,\n\t\t\t\t\t#rt-tpg-container-2241351641.rt-tpg-container .swiper-navigation .slider-btn,\n\t\t\t\t\t#rt-tpg-container-2241351641.rt-tpg-container .swiper-pagination-bullet,\n\t\t\t\t\t#rt-tpg-container-2241351641 .wc1 .rt-holder .rt-img-holder .overlay .product-more ul li a,\n\t\t\t\t\t#rt-tpg-container-2241351641 .wc2 .rt-detail .rt-wc-add-to-cart,\n\t\t\t\t\t#rt-tpg-container-2241351641 .wc3 .rt-detail .rt-wc-add-to-cart,\n\t\t\t\t\t#rt-tpg-container-2241351641 .wc4 .rt-detail .rt-wc-add-to-cart,\n\t\t\t\t\t#rt-tpg-container-2241351641 .wc-carousel2 .rt-detail .rt-wc-add-to-cart,\n\t\t\t\t\t#rt-tpg-container-2241351641 .wc-isotope2 .rt-detail .rt-wc-add-to-cart,\n\t\t\t\t\t#rt-tpg-container-2241351641 .rt-layout-filter-container .rt-filter-wrap .rt-filter-item-wrap.rt-filter-dropdown-wrap .rt-filter-dropdown,\n\t\t\t\t\t#rt-tpg-container-2241351641 .rt-layout-filter-container .rt-filter-sub-tax.sub-button-group .rt-filter-button-item,\n\t\t\t\t\t#rt-tpg-container-2241351641.rt-tpg-container .rt-pagination-wrap .rt-page-numbers .paginationjs .paginationjs-pages ul li>a,\n\t\t\t\t\t#rt-tpg-container-2241351641 .rt-filter-item-wrap.rt-filter-button-wrap span.rt-filter-button-item,\n\t\t\t\t\t#rt-tpg-container-2241351641.rt-tpg-container .rt-pagination-wrap  .rt-loadmore-btn,\n\t\t\t\t\t#rt-tpg-container-2241351641.rt-tpg-container .rt-pagination-wrap .rt-cb-page-prev-next > *,\n\t\t\t\t\t#rt-tpg-container-2241351641 .rt-read-more,\n\t\t\t\t\t#rt-tooltip-2241351641, #rt-tooltip-2241351641 .rt-tooltip-bottom:after{background-color:#0367bf;}#rt-tpg-container-2241351641 .rt-filter-item-wrap.rt-filter-button-wrap span.rt-filter-button-item,\n\t\t\t\t\t#rt-tpg-container-2241351641 .rt-layout-filter-container .rt-filter-sub-tax.sub-button-group .rt-filter-button-item{border-color:#0367bf;}#rt-tpg-container-2241351641.rt-tpg-container .layout17 .rt-holder .overlay a.tpg-zoom .fa{color:#0367bf;}#rt-tpg-container-2241351641 .rt-holder .read-more a {background-color:#0367bf;padding: 8px 15px;}#rt-tpg-container-2241351641 .pagination li.active span,\n\t\t\t\t\t#rt-tpg-container-2241351641 .pagination-list li.active span,\n\t\t\t\t\t#rt-tpg-container-2241351641 .rt-tpg-isotope-buttons button.selected,\n\t\t\t\t\t#rt-tpg-container-2241351641 .rt-filter-item-wrap.rt-filter-button-wrap span.rt-filter-button-item.selected,\n\t\t\t\t\t#rt-tpg-container-2241351641 .rt-layout-filter-container .rt-filter-sub-tax.sub-button-group .rt-filter-button-item.selected,\n\t\t\t\t\t#rt-tpg-container-2241351641.rt-tpg-container .rt-pagination-wrap .rt-page-numbers .paginationjs .paginationjs-pages ul li.active>a,\n\t\t\t\t\t#rt-tpg-container-2241351641.rt-tpg-container .swiper-pagination-bullet.swiper-pagination-bullet-active-main{background-color:#0424c9;}#rt-tpg-container-2241351641 .rt-filter-item-wrap.rt-filter-button-wrap span.rt-filter-button-item.selected,\n\t\t\t\t\t#rt-tpg-container-2241351641 .rt-layout-filter-container .rt-filter-sub-tax.sub-button-group .rt-filter-button-item.selected,\n\t\t\t\t\t#rt-tpg-container-2241351641.rt-tpg-container .rt-pagination-wrap .rt-page-numbers .paginationjs .paginationjs-pages ul li.active>a{border-color:#0424c9;}#rt-tpg-container-2241351641 .pagination-list li a,\n\t\t\t\t\t#rt-tpg-container-2241351641 .pagination li a,\n\t\t\t\t\t#rt-tpg-container-2241351641 .rt-tpg-isotope-buttons button,\n\t\t\t\t\t#rt-tpg-container-2241351641 .rt-holder .read-more a,\n\t\t\t\t\t#rt-tpg-container-2241351641 .rt-tpg-utility .rt-tpg-load-more button,\n\t\t\t\t\t#rt-tpg-container-2241351641.rt-tpg-container .swiper-navigation .slider-btn,\n\t\t\t\t\t#rt-tpg-container-2241351641 .wc1 .rt-holder .rt-img-holder .overlay .product-more ul li a,\n\t\t\t\t\t#rt-tpg-container-2241351641 .edd1 .rt-holder .rt-img-holder .overlay .product-more ul li a,\n\t\t\t\t\t#rt-tpg-container-2241351641 .wc2 .rt-detail .rt-wc-add-to-cart,\n\t\t\t\t\t#rt-tpg-container-2241351641 .wc3 .rt-detail .rt-wc-add-to-cart,\n\t\t\t\t\t#rt-tpg-container-2241351641 .edd2 .rt-detail .rt-wc-add-to-cart,\n\t\t\t\t\t#rt-tpg-container-2241351641 .wc4 .rt-detail .rt-wc-add-to-cart,\n\t\t\t\t\t#rt-tpg-container-2241351641 .edd3 .rt-detail .rt-wc-add-to-cart,\n\t\t\t\t\t#rt-tpg-container-2241351641 .wc-carousel2 .rt-detail .rt-wc-add-to-cart,\n\t\t\t\t\t#rt-tpg-container-2241351641 .wc-isotope2 .rt-detail .rt-wc-add-to-cart,\n\t\t\t\t\t#rt-tpg-container-2241351641 .rt-tpg-utility .rt-tpg-load-more button,\n\t\t\t\t\t#rt-tooltip-2241351641,\n\t\t\t\t\t#rt-tpg-container-2241351641 .rt-filter-item-wrap.rt-filter-button-wrap span.rt-filter-button-item,\n\t\t\t\t\t#rt-tpg-container-2241351641 .rt-layout-filter-container .rt-filter-sub-tax.sub-button-group .rt-filter-button-item,\n\t\t\t\t\t#rt-tpg-container-2241351641 .rt-layout-filter-container .rt-filter-wrap .rt-filter-item-wrap.rt-sort-order-action,\n\t\t\t\t\t#rt-tpg-container-2241351641 .rt-layout-filter-container .rt-filter-wrap .rt-filter-item-wrap.rt-filter-dropdown-wrap .rt-filter-dropdown .rt-filter-dropdown-item,\n\t\t\t\t\t#rt-tpg-container-2241351641.rt-tpg-container .rt-pagination-wrap .rt-page-numbers .paginationjs .paginationjs-pages ul li>a,\n\t\t\t\t\t#rt-tpg-container-2241351641.rt-tpg-container .rt-pagination-wrap .rt-cb-page-prev-next > *,\n\t\t\t\t\t#rt-tpg-container-2241351641.rt-tpg-container .rt-pagination-wrap  .rt-loadmore-btn,\n\t\t\t\t\t#rt-tpg-container-2241351641 .rt-read-more,\n\t\t\t\t\t#rt-tooltip-2241351641 .rt-tooltip-bottom:after{color:#ffffff;}#rt-tpg-container-2241351641 .rt-filter-item-wrap.rt-filter-button-wrap span.rt-filter-button-item:hover,\n\t\t\t\t\t#rt-tpg-container-2241351641 .rt-holder .read-more a:hover,\n\t\t\t\t\t#rt-tpg-container-2241351641.rt-tpg-container .swiper-navigation .slider-btn:hover,\n\t\t\t\t\t#rt-tpg-container-2241351641 .rt-layout-filter-container .rt-filter-sub-tax.sub-button-group .rt-filter-button-item:hover,\n\t\t\t\t\t#rt-tpg-container-2241351641 .rt-layout-filter-container .rt-filter-wrap .rt-filter-item-wrap.rt-filter-dropdown-wrap .rt-filter-dropdown .rt-filter-dropdown-item:hover,\n\t\t\t\t\t#rt-tpg-container-2241351641 .rt-layout-filter-container .rt-filter-wrap .rt-filter-item-wrap.rt-filter-dropdown-wrap .rt-filter-dropdown .rt-filter-dropdown-item.selected,\n\t\t\t\t\t#rt-tpg-container-2241351641 .rt-layout-filter-container .rt-filter-wrap .rt-filter-item-wrap.rt-sort-order-action:hover,\n\t\t\t\t\t#rt-tpg-container-2241351641.rt-tpg-container .rt-pagination-wrap .rt-page-numbers .paginationjs .paginationjs-pages ul li.active>a:hover,\n\t\t\t\t\t#rt-tpg-container-2241351641 .rt-filter-item-wrap.rt-filter-button-wrap span.rt-filter-button-item.selected,\n\t\t\t\t\t#rt-tpg-container-2241351641 .rt-layout-filter-container .rt-filter-wrap .rt-filter-item-wrap.rt-sort-order-action,\n\t\t\t\t\t#rt-tpg-container-2241351641.rt-tpg-container .rt-pagination-wrap  .rt-loadmore-btn:hover,\n\t\t\t\t\t#rt-tpg-container-2241351641 .rt-read-more:hover,\n\t\t\t\t\t#rt-tpg-container-2241351641.rt-tpg-container .rt-pagination-wrap .rt-page-numbers .paginationjs .paginationjs-pages ul li.active>a{color:#f7f7f7;}#rt-tpg-container-2241351641 .read-more a{border-radius:px;}#rt-tpg-container-2241351641 .rt-img-holder img.rt-img-responsive,#rt-tpg-container-2241351641 .rt-img-holder,\n\t\t\t\t\t#rt-tpg-container-2241351641 .rt-post-overlay .post-img,\n\t\t\t\t\t#rt-tpg-container-2241351641 .post-sm .post-img,\n\t\t\t\t\t#rt-tpg-container-2241351641 .rt-post-grid .post-img,\n\t\t\t\t\t#rt-tpg-container-2241351641 .post-img img {border-radius:px;}<\/style><div class='rt-container-fluid rt-tpg-container tpg-shortcode-main-wrapper  loading' id='rt-tpg-container-2241351641'   data-layout='layout1' data-grid-style='even' data-desktop-col='3'  data-tab-col='2'  data-mobile-col='1' data-sc-id='606'><div id=\"bottom-script-loader\" class=\"bottom-script-loader\"><div class=\"rt-ball-clip-rotate\"><div><\/div><\/div><\/div><div data-title='Cargando...' class='rt-row rt-content-loader   layout1 tpg-even '><div class=\"rt-col-md-4 rt-col-sm-6 rt-col-xs-12 even-grid-item rt-grid-item\" data-id=\"65051\"><div class=\"rt-holder\"><div class=\"rt-img-holder\"><a data-id=\"65051\" class=\"\" href=\"https:\/\/www.cal.org.pe\/v1\/2025\/02\/28\/colegio-de-abogados-de-lima-impulsa-acceso-a-la-justicia-con-asesoria-legal-gratuita-para-internos\/\"><img fetchpriority=\"high\" decoding=\"async\" width=\"800\" height=\"500\" src=\"https:\/\/www.cal.org.pe\/v1\/wp-content\/uploads\/2024\/11\/NOTAS-DE-PRENSA.jpg\" class=\"rt-img-responsive \" alt=\"\" \/><\/a><\/div><div class='rt-detail'><h3 class=\"entry-title\"><a data-id=\"65051\" class=\"\" href=\"https:\/\/www.cal.org.pe\/v1\/2025\/02\/28\/colegio-de-abogados-de-lima-impulsa-acceso-a-la-justicia-con-asesoria-legal-gratuita-para-internos\/\">COLEGIO DE ABOGADOS DE LIMA IMPULSA ACCESO A LA JUSTICIA CON ASESOR\u00cdA LEGAL GRATUITA PARA INTERNOS<\/a><\/h3><div class='post-meta-user  '><span class='date'><i class='flaticon-calendar '><\/i>febrero 28, 2025<\/span><\/div><div class='tpg-excerpt'>\ud83d\udd35\ud83d\udce2 COLEGIO DE ABOGADOS DE LIMA IMPULSA ACCESO A LA JUSTICIA CON ASESOR\u00cdA LEGAL GRATUITA...<\/div><div class='post-meta '><span class='read-more'><a data-id='65051' class='' href='https:\/\/www.cal.org.pe\/v1\/2025\/02\/28\/colegio-de-abogados-de-lima-impulsa-acceso-a-la-justicia-con-asesoria-legal-gratuita-para-internos\/'>Leer m\u00e1s<\/a><\/span><\/div><\/div><\/div><\/div><div class=\"rt-col-md-4 rt-col-sm-6 rt-col-xs-12 even-grid-item rt-grid-item\" data-id=\"600\"><div class=\"rt-holder\"><div class=\"rt-img-holder\"><a data-id=\"600\" class=\"\" href=\"https:\/\/www.cal.org.pe\/v1\/2024\/07\/25\/campana-realizadas-a-colegios-con-charla-a-los-profesores-del-colegio\/\"><img decoding=\"async\" width=\"800\" height=\"500\" src=\"https:\/\/www.cal.org.pe\/v1\/wp-content\/uploads\/2024\/08\/NOTAS-DE-PRENSA-2.jpg\" class=\"rt-img-responsive \" alt=\"\" \/><\/a><\/div><div class='rt-detail'><h3 class=\"entry-title\"><a data-id=\"600\" class=\"\" href=\"https:\/\/www.cal.org.pe\/v1\/2024\/07\/25\/campana-realizadas-a-colegios-con-charla-a-los-profesores-del-colegio\/\">Campa\u00f1a realizadas a Colegios, con charla a los Profesores del colegio<\/a><\/h3><div class='post-meta-user  '><span class='date'><i class='flaticon-calendar '><\/i>julio 25, 2024<\/span><\/div><div class='tpg-excerpt'>\ud835\udc02\ud835\udc28\ud835\udc27 \ud835\udc1f\ud835\udc1e\ud835\udc1c\ud835\udc21\ud835\udc1a \ud835\udfd0\ud835\udfd2 \ud835\udc1d\ud835\udc1e \ud835\udc23\ud835\udc2e\ud835\udc25\ud835\udc22\ud835\udc28 \ud835\udc1d\ud835\udc1e\ud835\udc25 \ud835\udc29\ud835\udc2b\ud835\udc1e\ud835\udc2c\ud835\udc1e\ud835\udc27\ud835\udc2d\ud835\udc1e, \ud835\udc1e\ud835\udc27 \ud835\udc25\ud835\udc1a\ud835\udc2c \ud835\udc22\ud835\udc27\ud835\udc2c\ud835\udc2d\ud835\udc1a\ud835\udc25\ud835\udc1a\ud835\udc1c\ud835\udc22\ud835\udc28\ud835\udc27\ud835\udc1e\ud835\udc2c \ud835\udc1d\ud835\udc1e \ud835\udc25\ud835\udc1a \ud835\udc08.\ud835\udc04. \ud835\udc0d\u00b0 \ud835\udfd5\ud835\udfce\ud835\udfd6\ud835\udfcf...<\/div><div class='post-meta '><span class='read-more'><a data-id='600' class='' href='https:\/\/www.cal.org.pe\/v1\/2024\/07\/25\/campana-realizadas-a-colegios-con-charla-a-los-profesores-del-colegio\/'>Leer m\u00e1s<\/a><\/span><\/div><\/div><\/div><\/div><div class=\"rt-col-md-4 rt-col-sm-6 rt-col-xs-12 even-grid-item rt-grid-item\" data-id=\"58649\"><div class=\"rt-holder\"><div class=\"rt-img-holder\"><a data-id=\"58649\" class=\"\" href=\"https:\/\/www.cal.org.pe\/v1\/2024\/06\/18\/publicacion-en-los-diarios-expreso-uno-la-razon-y-la-noticia-sobre-la-juramentacion-de-abogados-voluntarios-comprometidos-con-la-defensa-de-los-derechos-humanos\/\"><img decoding=\"async\" width=\"800\" height=\"500\" src=\"https:\/\/www.cal.org.pe\/v1\/wp-content\/uploads\/2024\/09\/CAL-NOTICIA.jpg\" class=\"rt-img-responsive \" alt=\"\" \/><\/a><\/div><div class='rt-detail'><h3 class=\"entry-title\"><a data-id=\"58649\" class=\"\" href=\"https:\/\/www.cal.org.pe\/v1\/2024\/06\/18\/publicacion-en-los-diarios-expreso-uno-la-razon-y-la-noticia-sobre-la-juramentacion-de-abogados-voluntarios-comprometidos-con-la-defensa-de-los-derechos-humanos\/\">Publicaci\u00f3n en los diarios Expreso, Uno, La Raz\u00f3n y La Noticia sobre la juramentaci\u00f3n de abogados voluntarios comprometidos con la defensa de los derechos humanos<\/a><\/h3><div class='post-meta-user  '><span class='date'><i class='flaticon-calendar '><\/i>junio 18, 2024<\/span><\/div><div class='tpg-excerpt'>En el Auditorio Jos\u00e9 Le\u00f3n Barandiar\u00e1n, m\u00e1s de 170 abogados se comprometieron con la defensa...<\/div><div class='post-meta '><span class='read-more'><a data-id='58649' class='' href='https:\/\/www.cal.org.pe\/v1\/2024\/06\/18\/publicacion-en-los-diarios-expreso-uno-la-razon-y-la-noticia-sobre-la-juramentacion-de-abogados-voluntarios-comprometidos-con-la-defensa-de-los-derechos-humanos\/'>Leer m\u00e1s<\/a><\/span><\/div><\/div><\/div><\/div><div class=\"rt-col-md-4 rt-col-sm-6 rt-col-xs-12 even-grid-item rt-grid-item\" data-id=\"58652\"><div class=\"rt-holder\"><div class=\"rt-img-holder\"><a data-id=\"58652\" class=\"\" href=\"https:\/\/www.cal.org.pe\/v1\/2024\/06\/17\/juramentacion-de-abogados-voluntarios-comprometidos-con-la-defensa-de-los-derechos-humanos\/\"><img loading=\"lazy\" decoding=\"async\" width=\"800\" height=\"500\" src=\"https:\/\/www.cal.org.pe\/v1\/wp-content\/uploads\/2024\/09\/NOTAS-DE-PRENSA.jpg\" class=\"rt-img-responsive \" alt=\"\" \/><\/a><\/div><div class='rt-detail'><h3 class=\"entry-title\"><a data-id=\"58652\" class=\"\" href=\"https:\/\/www.cal.org.pe\/v1\/2024\/06\/17\/juramentacion-de-abogados-voluntarios-comprometidos-con-la-defensa-de-los-derechos-humanos\/\">Juramentaci\u00f3n de abogados voluntarios comprometidos con la defensa de los derechos humanos<\/a><\/h3><div class='post-meta-user  '><span class='date'><i class='flaticon-calendar '><\/i>junio 17, 2024<\/span><\/div><div class='tpg-excerpt'>En una ceremonia celebrada en el Auditorio Jos\u00e9 Le\u00f3n Barandiaran, el Colegio de Abogados de...<\/div><div class='post-meta '><span class='read-more'><a data-id='58652' class='' href='https:\/\/www.cal.org.pe\/v1\/2024\/06\/17\/juramentacion-de-abogados-voluntarios-comprometidos-con-la-defensa-de-los-derechos-humanos\/'>Leer m\u00e1s<\/a><\/span><\/div><\/div><\/div><\/div><div class=\"rt-col-md-4 rt-col-sm-6 rt-col-xs-12 even-grid-item rt-grid-item\" data-id=\"58658\"><div class=\"rt-holder\"><div class=\"rt-img-holder\"><a data-id=\"58658\" class=\"\" href=\"https:\/\/www.cal.org.pe\/v1\/2024\/05\/31\/cal-y-mininter-fortalecen-servicio-de-orientacion-juridica-en-comisarias-de-lima-metropolitana\/\"><img loading=\"lazy\" decoding=\"async\" width=\"800\" height=\"500\" src=\"https:\/\/www.cal.org.pe\/v1\/wp-content\/uploads\/2024\/09\/NOTAS-DE-PRENSA.jpg\" class=\"rt-img-responsive \" alt=\"\" \/><\/a><\/div><div class='rt-detail'><h3 class=\"entry-title\"><a data-id=\"58658\" class=\"\" href=\"https:\/\/www.cal.org.pe\/v1\/2024\/05\/31\/cal-y-mininter-fortalecen-servicio-de-orientacion-juridica-en-comisarias-de-lima-metropolitana\/\">CAL y MININTER fortalecen servicio de orientaci\u00f3n jur\u00eddica en comisarias de Lima Metropolitana<\/a><\/h3><div class='post-meta-user  '><span class='date'><i class='flaticon-calendar '><\/i>mayo 31, 2024<\/span><\/div><div class='tpg-excerpt'>El Colegio de Abogados de Lima, en una colaboraci\u00f3n integral con el Ministerio del Interior...<\/div><div class='post-meta '><span class='read-more'><a data-id='58658' class='' href='https:\/\/www.cal.org.pe\/v1\/2024\/05\/31\/cal-y-mininter-fortalecen-servicio-de-orientacion-juridica-en-comisarias-de-lima-metropolitana\/'>Leer m\u00e1s<\/a><\/span><\/div><\/div><\/div><\/div><div class=\"rt-col-md-4 rt-col-sm-6 rt-col-xs-12 even-grid-item rt-grid-item\" data-id=\"58671\"><div class=\"rt-holder\"><div class=\"rt-img-holder\"><a data-id=\"58671\" class=\"\" href=\"https:\/\/www.cal.org.pe\/v1\/2024\/05\/16\/convocatoria-para-abogadosas-voluntariosas-ad-honorem\/\"><img loading=\"lazy\" decoding=\"async\" width=\"800\" height=\"500\" src=\"https:\/\/www.cal.org.pe\/v1\/wp-content\/uploads\/2024\/09\/AVISOS.jpg\" class=\"rt-img-responsive \" alt=\"\" \/><\/a><\/div><div class='rt-detail'><h3 class=\"entry-title\"><a data-id=\"58671\" class=\"\" href=\"https:\/\/www.cal.org.pe\/v1\/2024\/05\/16\/convocatoria-para-abogadosas-voluntariosas-ad-honorem\/\">Convocatoria Para Abogados(as) Voluntarios(as) Ad-Honorem<\/a><\/h3><div class='post-meta-user  '><span class='date'><i class='flaticon-calendar '><\/i>mayo 16, 2024<\/span><\/div><div class='tpg-excerpt'>...<\/div><div class='post-meta '><span class='read-more'><a data-id='58671' class='' href='https:\/\/www.cal.org.pe\/v1\/2024\/05\/16\/convocatoria-para-abogadosas-voluntariosas-ad-honorem\/'>Leer m\u00e1s<\/a><\/span><\/div><\/div><\/div><\/div><div class=\"rt-col-md-4 rt-col-sm-6 rt-col-xs-12 even-grid-item rt-grid-item\" data-id=\"58681\"><div class=\"rt-holder\"><div class=\"rt-img-holder\"><a data-id=\"58681\" class=\"\" href=\"https:\/\/www.cal.org.pe\/v1\/2024\/05\/15\/convocatoria-para-abogadosas-capacitadoresas-ad-honorem\/\"><img loading=\"lazy\" decoding=\"async\" width=\"800\" height=\"500\" src=\"https:\/\/www.cal.org.pe\/v1\/wp-content\/uploads\/2024\/09\/AVISOS.jpg\" class=\"rt-img-responsive \" alt=\"\" \/><\/a><\/div><div class='rt-detail'><h3 class=\"entry-title\"><a data-id=\"58681\" class=\"\" href=\"https:\/\/www.cal.org.pe\/v1\/2024\/05\/15\/convocatoria-para-abogadosas-capacitadoresas-ad-honorem\/\">Convocatoria Para Abogados(as) Capacitadores(as) Ad- Honorem<\/a><\/h3><div class='post-meta-user  '><span class='date'><i class='flaticon-calendar '><\/i>mayo 15, 2024<\/span><\/div><div class='tpg-excerpt'>...<\/div><div class='post-meta '><span class='read-more'><a data-id='58681' class='' href='https:\/\/www.cal.org.pe\/v1\/2024\/05\/15\/convocatoria-para-abogadosas-capacitadoresas-ad-honorem\/'>Leer m\u00e1s<\/a><\/span><\/div><\/div><\/div><\/div><div class=\"rt-col-md-4 rt-col-sm-6 rt-col-xs-12 even-grid-item rt-grid-item\" data-id=\"58664\"><div class=\"rt-holder\"><div class=\"rt-img-holder\"><a data-id=\"58664\" class=\"\" href=\"https:\/\/www.cal.org.pe\/v1\/2024\/05\/15\/cronograma-para-entrevistas-de-abogadosas-defensores-capacitadoresas-estudiantes-y-voluntariosas-ad-honorem-en-la-direccion-de-derechos-humanos\/\"><img loading=\"lazy\" decoding=\"async\" width=\"800\" height=\"500\" src=\"https:\/\/www.cal.org.pe\/v1\/wp-content\/uploads\/2024\/09\/NOTAS-DE-PRENSA.jpg\" class=\"rt-img-responsive \" alt=\"\" \/><\/a><\/div><div class='rt-detail'><h3 class=\"entry-title\"><a data-id=\"58664\" class=\"\" href=\"https:\/\/www.cal.org.pe\/v1\/2024\/05\/15\/cronograma-para-entrevistas-de-abogadosas-defensores-capacitadoresas-estudiantes-y-voluntariosas-ad-honorem-en-la-direccion-de-derechos-humanos\/\">Cronograma para entrevistas de Abogados(as) Defensores, Capacitadores(as), Estudiantes y Voluntarios(as) Ad-Honorem en la Direcci\u00f3n de Derechos Humanos<\/a><\/h3><div class='post-meta-user  '><span class='date'><i class='flaticon-calendar '><\/i>mayo 15, 2024<\/span><\/div><div class='tpg-excerpt'>...<\/div><div class='post-meta '><span class='read-more'><a data-id='58664' class='' href='https:\/\/www.cal.org.pe\/v1\/2024\/05\/15\/cronograma-para-entrevistas-de-abogadosas-defensores-capacitadoresas-estudiantes-y-voluntariosas-ad-honorem-en-la-direccion-de-derechos-humanos\/'>Leer m\u00e1s<\/a><\/span><\/div><\/div><\/div><\/div><div class=\"rt-col-md-4 rt-col-sm-6 rt-col-xs-12 even-grid-item rt-grid-item\" data-id=\"58686\"><div class=\"rt-holder\"><div class=\"rt-img-holder\"><a data-id=\"58686\" class=\"\" href=\"https:\/\/www.cal.org.pe\/v1\/2024\/05\/09\/convocatoria-para-abogadosas-defensores-de-derechos-humanos-y-de-familia-ad-honorem\/\"><img loading=\"lazy\" decoding=\"async\" width=\"800\" height=\"500\" src=\"https:\/\/www.cal.org.pe\/v1\/wp-content\/uploads\/2024\/09\/AVISOS.jpg\" class=\"rt-img-responsive \" alt=\"\" \/><\/a><\/div><div class='rt-detail'><h3 class=\"entry-title\"><a data-id=\"58686\" class=\"\" href=\"https:\/\/www.cal.org.pe\/v1\/2024\/05\/09\/convocatoria-para-abogadosas-defensores-de-derechos-humanos-y-de-familia-ad-honorem\/\">Convocatoria Para Abogados(as) Defensores de Derechos Humanos y de Familia Ad-Honorem<\/a><\/h3><div class='post-meta-user  '><span class='date'><i class='flaticon-calendar '><\/i>mayo 9, 2024<\/span><\/div><div class='tpg-excerpt'>...<\/div><div class='post-meta '><span class='read-more'><a data-id='58686' class='' href='https:\/\/www.cal.org.pe\/v1\/2024\/05\/09\/convocatoria-para-abogadosas-defensores-de-derechos-humanos-y-de-familia-ad-honorem\/'>Leer m\u00e1s<\/a><\/span><\/div><\/div><\/div><\/div><\/div><\/div><br><\/p>\n\n\n\n\n","protected":false},"excerpt":{"rendered":"","protected":false},"author":1,"featured_media":0,"parent":0,"menu_order":0,"comment_status":"closed","ping_status":"closed","template":"","meta":{"pagelayer_contact_templates":[],"_pagelayer_content":"","footnotes":""},"class_list":["post-595","page","type-page","status-publish","hentry"],"rttpg_featured_image_url":null,"rttpg_author":{"display_name":"Prensa","author_link":"https:\/\/www.cal.org.pe\/v1\/author\/alexsoriano1234live-com\/"},"rttpg_comment":0,"rttpg_category":"","rttpg_excerpt":null,"_links":{"self":[{"href":"https:\/\/www.cal.org.pe\/v1\/wp-json\/wp\/v2\/pages\/595","targetHints":{"allow":["GET"]}}],"collection":[{"href":"https:\/\/www.cal.org.pe\/v1\/wp-json\/wp\/v2\/pages"}],"about":[{"href":"https:\/\/www.cal.org.pe\/v1\/wp-json\/wp\/v2\/types\/page"}],"author":[{"embeddable":true,"href":"https:\/\/www.cal.org.pe\/v1\/wp-json\/wp\/v2\/users\/1"}],"replies":[{"embeddable":true,"href":"https:\/\/www.cal.org.pe\/v1\/wp-json\/wp\/v2\/comments?post=595"}],"version-history":[{"count":13,"href":"https:\/\/www.cal.org.pe\/v1\/wp-json\/wp\/v2\/pages\/595\/revisions"}],"predecessor-version":[{"id":89895,"href":"https:\/\/www.cal.org.pe\/v1\/wp-json\/wp\/v2\/pages\/595\/revisions\/89895"}],"wp:attachment":[{"href":"https:\/\/www.cal.org.pe\/v1\/wp-json\/wp\/v2\/media?parent=595"}],"curies":[{"name":"wp","href":"https:\/\/api.w.org\/{rel}","templated":true}]}}