{"id":57870,"date":"2024-09-20T21:28:51","date_gmt":"2024-09-20T21:28:51","guid":{"rendered":"https:\/\/www.cal.org.pe\/v1\/?page_id=57870"},"modified":"2024-09-21T00:13:49","modified_gmt":"2024-09-21T00:13:49","slug":"eventos-academicos","status":"publish","type":"page","link":"https:\/\/www.cal.org.pe\/v1\/eventos-academicos\/","title":{"rendered":"Eventos acad\u00e9micos"},"content":{"rendered":"\n\n\n\n\n<h2>Eventos acad\u00e9micos<\/h2>\n\n\n<h5>Formaci\u00f3n continua<\/h5>\n\n\n\n\n\n\n\n<h4>Categorias<\/h4>\n\n\n\nNotas de prensa\n\n\nComunicados\n\n\nPronunciamientos\n\n\nAvisos\n\n\n\n\nBolsa de trabajo\n\n\n\n\nFormaci\u00f3n integral\n\n\nEventos acad\u00e9micos\n\n\n\n\n\n<h3>Publicaciones<\/h3>\n\n\n\n<style type='text\/css' media='all'>#rt-tpg-container-752971252 .rt-holder .rt-woo-info .price{color:#0367bf;}body .rt-tpg-container .rt-tpg-isotope-buttons .selected,\n\t\t\t\t\t#rt-tpg-container-752971252 .layout12 .rt-holder:hover .rt-detail,\n\t\t\t\t\t#rt-tpg-container-752971252 .isotope8 .rt-holder:hover .rt-detail,\n\t\t\t\t\t#rt-tpg-container-752971252 .carousel8 .rt-holder:hover .rt-detail,\n\t\t\t\t\t#rt-tpg-container-752971252 .layout13 .rt-holder .overlay .post-info,\n\t\t\t\t\t#rt-tpg-container-752971252 .isotope9 .rt-holder .overlay .post-info,\n\t\t\t\t\t#rt-tpg-container-752971252.rt-tpg-container .layout4 .rt-holder .rt-detail,\n\t\t\t\t\t.rt-modal-752971252 .md-content,\n\t\t\t\t\t.rt-modal-752971252 .md-content > .rt-md-content-holder .rt-md-content,\n\t\t\t\t\t.rt-popup-wrap-752971252.rt-popup-wrap .rt-popup-navigation-wrap,\n\t\t\t\t\t#rt-tpg-container-752971252 .carousel9 .rt-holder .overlay .post-info{background-color:#0367bf;}#rt-tpg-container-752971252 .layout5 .rt-holder .overlay, #rt-tpg-container-752971252 .isotope2 .rt-holder .overlay, #rt-tpg-container-752971252 .carousel2 .rt-holder .overlay,#rt-tpg-container-752971252 .layout15 .rt-holder h3, #rt-tpg-container-752971252 .isotope11 .rt-holder h3, #rt-tpg-container-752971252 .carousel11 .rt-holder h3, #rt-tpg-container-752971252 .layout16 .rt-holder h3,\n\t\t\t\t\t#rt-tpg-container-752971252 .isotope12 .rt-holder h3, #rt-tpg-container-752971252 .carousel12 .rt-holder h3 {background-color:rgba(3,103,191,0.8);}#rt-tpg-container-752971252 .read-more a{border-radius:px;}#rt-tpg-container-752971252 .rt-img-holder img.rt-img-responsive,#rt-tpg-container-752971252 .rt-img-holder,\n\t\t\t\t\t#rt-tpg-container-752971252 .rt-post-overlay .post-img,\n\t\t\t\t\t#rt-tpg-container-752971252 .post-sm .post-img,\n\t\t\t\t\t#rt-tpg-container-752971252 .rt-post-grid .post-img,\n\t\t\t\t\t#rt-tpg-container-752971252 .post-img img {border-radius:px;}<\/style><div class='rt-container-fluid rt-tpg-container tpg-shortcode-main-wrapper  loading' id='rt-tpg-container-752971252'   data-layout='layout1' data-grid-style='even' data-desktop-col='3'  data-tab-col='2'  data-mobile-col='1' data-sc-id='57892'><div class=\"tpg-widget-heading-wrapper heading-style1 \"><span class=\"tpg-widget-heading-line line-left\"><\/span><h2 class=\"tpg-widget-heading\">Eventos academicos PRENSA<\/h2><span class=\"tpg-widget-heading-line\"><\/span><\/div><div id=\"bottom-script-loader\" class=\"bottom-script-loader\"><div class=\"rt-ball-clip-rotate\"><div><\/div><\/div><\/div><div data-title='Cargando...' class='rt-row rt-content-loader   layout1 tpg-even '><div class=\"rt-col-md-4 rt-col-sm-6 rt-col-xs-12 even-grid-item rt-grid-item\" data-id=\"72208\"><div class=\"rt-holder\"><div class=\"rt-img-holder\"><a data-id=\"72208\" class=\"\" href=\"https:\/\/www.cal.org.pe\/v1\/2025\/12\/03\/presentacion-de-libro-configuracion-del-dano-al-proyecto-de-vida-y-sistematica-de-danos-en-el-derecho-del-trabajo\/\"><img fetchpriority=\"high\" decoding=\"async\" width=\"800\" height=\"500\" src=\"https:\/\/www.cal.org.pe\/v1\/wp-content\/uploads\/2025\/08\/EVENTOS-ACADEMICOS.jpg\" class=\"rt-img-responsive \" alt=\"\" \/><\/a><\/div><div class='rt-detail'><h3 class=\"entry-title\"><a data-id=\"72208\" class=\"\" href=\"https:\/\/www.cal.org.pe\/v1\/2025\/12\/03\/presentacion-de-libro-configuracion-del-dano-al-proyecto-de-vida-y-sistematica-de-danos-en-el-derecho-del-trabajo\/\">Presentaci\u00f3n de Libro \u00abCONFIGURACI\u00d3N DEL DA\u00d1O AL PROYECTO DE VIDA Y SISTEM\u00c1TICA DE DA\u00d1OS EN EL DERECHO DEL TRABAJO\u00bb<\/a><\/h3><div class='post-meta-user  '><span class='date'><i class='flaticon-calendar '><\/i>diciembre 3, 2025<\/span><\/div><div class='tpg-excerpt'>\ud83d\udcc6 Fecha : 17 de diciembre de 2025\ud83d\udccc Modalidad: Presencial &#8211; Sal\u00f3n \u00abJos\u00e9 Baqu\u00edjano y...<\/div><div class='post-meta '><span class='read-more'><a data-id='72208' class='' href='https:\/\/www.cal.org.pe\/v1\/2025\/12\/03\/presentacion-de-libro-configuracion-del-dano-al-proyecto-de-vida-y-sistematica-de-danos-en-el-derecho-del-trabajo\/'>Leer m\u00e1s<\/a><\/span><\/div><\/div><\/div><\/div><div class=\"rt-col-md-4 rt-col-sm-6 rt-col-xs-12 even-grid-item rt-grid-item\" data-id=\"72202\"><div class=\"rt-holder\"><div class=\"rt-img-holder\"><a data-id=\"72202\" class=\"\" href=\"https:\/\/www.cal.org.pe\/v1\/2025\/12\/03\/curso-especializado-ley-n30364-la-violencia-contra-la-mujer-y-los-integrantes-del-grupo-familiar\/\"><img fetchpriority=\"high\" decoding=\"async\" width=\"800\" height=\"500\" src=\"https:\/\/www.cal.org.pe\/v1\/wp-content\/uploads\/2025\/08\/EVENTOS-ACADEMICOS.jpg\" class=\"rt-img-responsive \" alt=\"\" \/><\/a><\/div><div class='rt-detail'><h3 class=\"entry-title\"><a data-id=\"72202\" class=\"\" href=\"https:\/\/www.cal.org.pe\/v1\/2025\/12\/03\/curso-especializado-ley-n30364-la-violencia-contra-la-mujer-y-los-integrantes-del-grupo-familiar\/\">CURSO ESPECIALIZADO | LEY N\u00b030364 LA VIOLENCIA CONTRA LA MUJER Y LOS INTEGRANTES DEL GRUPO FAMILIAR<\/a><\/h3><div class='post-meta-user  '><span class='date'><i class='flaticon-calendar '><\/i>diciembre 3, 2025<\/span><\/div><div class='tpg-excerpt'>La Direcci\u00f3n Acad\u00e9mica y de Promoci\u00f3n Cultural del Ilustre Colegio de Abogados de Lima invita...<\/div><div class='post-meta '><span class='read-more'><a data-id='72202' class='' href='https:\/\/www.cal.org.pe\/v1\/2025\/12\/03\/curso-especializado-ley-n30364-la-violencia-contra-la-mujer-y-los-integrantes-del-grupo-familiar\/'>Leer m\u00e1s<\/a><\/span><\/div><\/div><\/div><\/div><div class=\"rt-col-md-4 rt-col-sm-6 rt-col-xs-12 even-grid-item rt-grid-item\" data-id=\"71039\"><div class=\"rt-holder\"><div class=\"rt-img-holder\"><a data-id=\"71039\" class=\"\" href=\"https:\/\/www.cal.org.pe\/v1\/2025\/10\/15\/conferencia-internacional-canada\/\"><img fetchpriority=\"high\" decoding=\"async\" width=\"800\" height=\"500\" src=\"https:\/\/www.cal.org.pe\/v1\/wp-content\/uploads\/2025\/08\/EVENTOS-ACADEMICOS.jpg\" class=\"rt-img-responsive \" alt=\"\" \/><\/a><\/div><div class='rt-detail'><h3 class=\"entry-title\"><a data-id=\"71039\" class=\"\" href=\"https:\/\/www.cal.org.pe\/v1\/2025\/10\/15\/conferencia-internacional-canada\/\">CONFERENCIA INTERNACIONAL | CANAD\u00c1<\/a><\/h3><div class='post-meta-user  '><span class='date'><i class='flaticon-calendar '><\/i>octubre 15, 2025<\/span><\/div><div class='tpg-excerpt'>La Direcci\u00f3n Acad\u00e9mica y Promoci\u00f3n Cultural del Ilustre Colegio de Abogados de Lima, los invita...<\/div><div class='post-meta '><span class='read-more'><a data-id='71039' class='' href='https:\/\/www.cal.org.pe\/v1\/2025\/10\/15\/conferencia-internacional-canada\/'>Leer m\u00e1s<\/a><\/span><\/div><\/div><\/div><\/div><div class=\"rt-col-md-4 rt-col-sm-6 rt-col-xs-12 even-grid-item rt-grid-item\" data-id=\"70881\"><div class=\"rt-holder\"><div class=\"rt-img-holder\"><a data-id=\"70881\" class=\"\" href=\"https:\/\/www.cal.org.pe\/v1\/2025\/10\/10\/diplomado-especializado-en-derecho-administrativo-28-de-octubre-de-2025\/\"><img fetchpriority=\"high\" decoding=\"async\" width=\"800\" height=\"500\" src=\"https:\/\/www.cal.org.pe\/v1\/wp-content\/uploads\/2025\/08\/EVENTOS-ACADEMICOS.jpg\" class=\"rt-img-responsive \" alt=\"\" \/><\/a><\/div><div class='rt-detail'><h3 class=\"entry-title\"><a data-id=\"70881\" class=\"\" href=\"https:\/\/www.cal.org.pe\/v1\/2025\/10\/10\/diplomado-especializado-en-derecho-administrativo-28-de-octubre-de-2025\/\">DIPLOMADO ESPECIALIZADO EN DERECHO ADMINISTRATIVO &#8211; 28 DE OCTUBRE DE 2025<\/a><\/h3><div class='post-meta-user  '><span class='date'><i class='flaticon-calendar '><\/i>octubre 10, 2025<\/span><\/div><div class='tpg-excerpt'>La Direcci\u00f3n Acad\u00e9mica y de Promoci\u00f3n Cultural del Ilustre Colegio de Abogados de Lima invita...<\/div><div class='post-meta '><span class='read-more'><a data-id='70881' class='' href='https:\/\/www.cal.org.pe\/v1\/2025\/10\/10\/diplomado-especializado-en-derecho-administrativo-28-de-octubre-de-2025\/'>Leer m\u00e1s<\/a><\/span><\/div><\/div><\/div><\/div><div class=\"rt-col-md-4 rt-col-sm-6 rt-col-xs-12 even-grid-item rt-grid-item\" data-id=\"70247\"><div class=\"rt-holder\"><div class=\"rt-img-holder\"><a data-id=\"70247\" class=\"\" href=\"https:\/\/www.cal.org.pe\/v1\/2025\/09\/15\/charla-magistral-consecuencias-del-retiro-del-peru-de-la-cidh\/\"><img fetchpriority=\"high\" decoding=\"async\" width=\"800\" height=\"500\" src=\"https:\/\/www.cal.org.pe\/v1\/wp-content\/uploads\/2025\/08\/EVENTOS-ACADEMICOS.jpg\" class=\"rt-img-responsive \" alt=\"\" \/><\/a><\/div><div class='rt-detail'><h3 class=\"entry-title\"><a data-id=\"70247\" class=\"\" href=\"https:\/\/www.cal.org.pe\/v1\/2025\/09\/15\/charla-magistral-consecuencias-del-retiro-del-peru-de-la-cidh\/\">CHARLA MAGISTRAL: CONSECUENCIAS DEL RETIRO DEL PER\u00da DE LA CIDH<\/a><\/h3><div class='post-meta-user  '><span class='date'><i class='flaticon-calendar '><\/i>septiembre 15, 2025<\/span><\/div><div class='tpg-excerpt'>\ud83d\udce2 CHARLA MAGISTRAL: Consecuencias del retiro del Per\u00fa de la CIDH El Colegio de Abogados...<\/div><div class='post-meta '><span class='read-more'><a data-id='70247' class='' href='https:\/\/www.cal.org.pe\/v1\/2025\/09\/15\/charla-magistral-consecuencias-del-retiro-del-peru-de-la-cidh\/'>Leer m\u00e1s<\/a><\/span><\/div><\/div><\/div><\/div><div class=\"rt-col-md-4 rt-col-sm-6 rt-col-xs-12 even-grid-item rt-grid-item\" data-id=\"70168\"><div class=\"rt-holder\"><div class=\"rt-img-holder\"><a data-id=\"70168\" class=\"\" href=\"https:\/\/www.cal.org.pe\/v1\/2025\/09\/12\/diplomado-especializado-trafico-ilicito-de-drogas\/\"><img fetchpriority=\"high\" decoding=\"async\" width=\"800\" height=\"500\" src=\"https:\/\/www.cal.org.pe\/v1\/wp-content\/uploads\/2025\/08\/EVENTOS-ACADEMICOS.jpg\" class=\"rt-img-responsive \" alt=\"\" \/><\/a><\/div><div class='rt-detail'><h3 class=\"entry-title\"><a data-id=\"70168\" class=\"\" href=\"https:\/\/www.cal.org.pe\/v1\/2025\/09\/12\/diplomado-especializado-trafico-ilicito-de-drogas\/\">DIPLOMADO ESPECIALIZADO| \u00abTR\u00c1FICO IL\u00cdCITO DE DROGAS\u00bb<\/a><\/h3><div class='post-meta-user  '><span class='date'><i class='flaticon-calendar '><\/i>septiembre 12, 2025<\/span><\/div><div class='tpg-excerpt'>Especial\u00edzate en Tr\u00e1fico Il\u00edcito de Drogas junto a destacados especialistas. Obt\u00e9n una formaci\u00f3n pr\u00e1ctica y...<\/div><div class='post-meta '><span class='read-more'><a data-id='70168' class='' href='https:\/\/www.cal.org.pe\/v1\/2025\/09\/12\/diplomado-especializado-trafico-ilicito-de-drogas\/'>Leer m\u00e1s<\/a><\/span><\/div><\/div><\/div><\/div><div class=\"rt-col-md-4 rt-col-sm-6 rt-col-xs-12 even-grid-item rt-grid-item\" data-id=\"69883\"><div class=\"rt-holder\"><div class=\"rt-img-holder\"><a data-id=\"69883\" class=\"\" href=\"https:\/\/www.cal.org.pe\/v1\/2025\/08\/29\/derecho-minero-hacia-una-ley-de-la-mineria-pequena-y-artesanal-que-contribuya-al-desarrollo-sostenible-del-pais\/\"><img fetchpriority=\"high\" decoding=\"async\" width=\"800\" height=\"500\" src=\"https:\/\/www.cal.org.pe\/v1\/wp-content\/uploads\/2025\/08\/EVENTOS-ACADEMICOS.jpg\" class=\"rt-img-responsive \" alt=\"\" \/><\/a><\/div><div class='rt-detail'><h3 class=\"entry-title\"><a data-id=\"69883\" class=\"\" href=\"https:\/\/www.cal.org.pe\/v1\/2025\/08\/29\/derecho-minero-hacia-una-ley-de-la-mineria-pequena-y-artesanal-que-contribuya-al-desarrollo-sostenible-del-pais\/\">DERECHO MINERO: \u00abHACIA UNA LEY DE LA MINER\u00cdA PEQUE\u00d1A Y ARTESANAL QUE CONTRIBUYA AL DESARROLLO SOSTENIBLE DEL PA\u00cdS\u00bb<\/a><\/h3><div class='post-meta-user  '><span class='date'><i class='flaticon-calendar '><\/i>agosto 29, 2025<\/span><\/div><div class='tpg-excerpt'>La Direcci\u00f3n Acad\u00e9mica y Promoci\u00f3n Cultural del Ilustre Colegio de Abogados de Lima (CAL) lo...<\/div><div class='post-meta '><span class='read-more'><a data-id='69883' class='' href='https:\/\/www.cal.org.pe\/v1\/2025\/08\/29\/derecho-minero-hacia-una-ley-de-la-mineria-pequena-y-artesanal-que-contribuya-al-desarrollo-sostenible-del-pais\/'>Leer m\u00e1s<\/a><\/span><\/div><\/div><\/div><\/div><div class=\"rt-col-md-4 rt-col-sm-6 rt-col-xs-12 even-grid-item rt-grid-item\" data-id=\"69511\"><div class=\"rt-holder\"><div class=\"rt-img-holder\"><a data-id=\"69511\" class=\"\" href=\"https:\/\/www.cal.org.pe\/v1\/2025\/08\/14\/diplomado-especializado-derecho-procesal-laboral\/\"><img fetchpriority=\"high\" decoding=\"async\" width=\"800\" height=\"500\" src=\"https:\/\/www.cal.org.pe\/v1\/wp-content\/uploads\/2025\/08\/EVENTOS-ACADEMICOS.jpg\" class=\"rt-img-responsive \" alt=\"\" \/><\/a><\/div><div class='rt-detail'><h3 class=\"entry-title\"><a data-id=\"69511\" class=\"\" href=\"https:\/\/www.cal.org.pe\/v1\/2025\/08\/14\/diplomado-especializado-derecho-procesal-laboral\/\">DIPLOMADO ESPECIALIZADO: DERECHO PROCESAL LABORAL<\/a><\/h3><div class='post-meta-user  '><span class='date'><i class='flaticon-calendar '><\/i>agosto 14, 2025<\/span><\/div><div class='tpg-excerpt'>La Direcci\u00f3n Acad\u00e9mica y Promoci\u00f3n Cultural del Ilustre Colegio de Abogados de Lima, los invita...<\/div><div class='post-meta '><span class='read-more'><a data-id='69511' class='' href='https:\/\/www.cal.org.pe\/v1\/2025\/08\/14\/diplomado-especializado-derecho-procesal-laboral\/'>Leer m\u00e1s<\/a><\/span><\/div><\/div><\/div><\/div><div class=\"rt-col-md-4 rt-col-sm-6 rt-col-xs-12 even-grid-item rt-grid-item\" data-id=\"68501\"><div class=\"rt-holder\"><div class=\"rt-img-holder\"><a data-id=\"68501\" class=\"\" href=\"https:\/\/www.cal.org.pe\/v1\/2025\/07\/08\/foro-presencial-alcances-de-la-ley-sobre-lesa-humanidad-y-crimenes-de-guerra-en-el-peru\/\"><img decoding=\"async\" width=\"800\" height=\"500\" src=\"https:\/\/www.cal.org.pe\/v1\/wp-content\/uploads\/2024\/08\/EVENTOS.jpg\" class=\"rt-img-responsive \" alt=\"\" \/><\/a><\/div><div class='rt-detail'><h3 class=\"entry-title\"><a data-id=\"68501\" class=\"\" href=\"https:\/\/www.cal.org.pe\/v1\/2025\/07\/08\/foro-presencial-alcances-de-la-ley-sobre-lesa-humanidad-y-crimenes-de-guerra-en-el-peru\/\">FORO PRESENCIAL | ALCANCES DE LA LEY SOBRE LESA HUMANIDAD Y CR\u00cdMENES DE GUERRA EN EL PER\u00da<\/a><\/h3><div class='post-meta-user  '><span class='date'><i class='flaticon-calendar '><\/i>julio 8, 2025<\/span><\/div><div class='tpg-excerpt'>El Colegio de Abogados de Lima invita cordialmente a todos los agremiados y al p\u00fablico...<\/div><div class='post-meta '><span class='read-more'><a data-id='68501' class='' href='https:\/\/www.cal.org.pe\/v1\/2025\/07\/08\/foro-presencial-alcances-de-la-ley-sobre-lesa-humanidad-y-crimenes-de-guerra-en-el-peru\/'>Leer m\u00e1s<\/a><\/span><\/div><\/div><\/div><\/div><\/div><div class='rt-pagination-wrap' data-total-pages='9' data-posts-per-page='9' data-type='pagination'  ><div class=\"rt-pagination\" ><ul class=\"pagination-list\"><li class=\"active\"><span>1<\/span><\/li><li><a data-paged='2' href='https:\/\/www.cal.org.pe\/v1\/wp-json\/wp\/v2\/pages\/57870\/page\/2\/'>2<\/a><\/li><li><a data-paged='3' href='https:\/\/www.cal.org.pe\/v1\/wp-json\/wp\/v2\/pages\/57870\/page\/3\/'>3<\/a><\/li><li><a data-paged='4' href='https:\/\/www.cal.org.pe\/v1\/wp-json\/wp\/v2\/pages\/57870\/page\/4\/'>4<\/a><\/li><li><a data-paged='5' href='https:\/\/www.cal.org.pe\/v1\/wp-json\/wp\/v2\/pages\/57870\/page\/5\/'>5<\/a><\/li><li><a data-paged='6' href='https:\/\/www.cal.org.pe\/v1\/wp-json\/wp\/v2\/pages\/57870\/page\/6\/'>6<\/a><\/li><li><a data-paged='7' href='https:\/\/www.cal.org.pe\/v1\/wp-json\/wp\/v2\/pages\/57870\/page\/7\/'>7<\/a><\/li><li><a data-paged='8' href='https:\/\/www.cal.org.pe\/v1\/wp-json\/wp\/v2\/pages\/57870\/page\/8\/'>8<\/a><\/li><li><a data-paged='9' href='https:\/\/www.cal.org.pe\/v1\/wp-json\/wp\/v2\/pages\/57870\/page\/9\/'>9<\/a><\/li><\/ul><\/div><\/div><\/div>\n\n\n\n\n\n\n\n\n\n\n<p><\/p>\n","protected":false},"excerpt":{"rendered":"","protected":false},"author":3,"featured_media":0,"parent":0,"menu_order":0,"comment_status":"closed","ping_status":"closed","template":"","meta":{"pagelayer_contact_templates":[],"_pagelayer_content":"","footnotes":""},"class_list":["post-57870","page","type-page","status-publish","hentry"],"rttpg_featured_image_url":null,"rttpg_author":{"display_name":"Prensa CAL","author_link":"https:\/\/www.cal.org.pe\/v1\/author\/prensa-cal\/"},"rttpg_comment":0,"rttpg_category":"","rttpg_excerpt":null,"_links":{"self":[{"href":"https:\/\/www.cal.org.pe\/v1\/wp-json\/wp\/v2\/pages\/57870","targetHints":{"allow":["GET"]}}],"collection":[{"href":"https:\/\/www.cal.org.pe\/v1\/wp-json\/wp\/v2\/pages"}],"about":[{"href":"https:\/\/www.cal.org.pe\/v1\/wp-json\/wp\/v2\/types\/page"}],"author":[{"embeddable":true,"href":"https:\/\/www.cal.org.pe\/v1\/wp-json\/wp\/v2\/users\/3"}],"replies":[{"embeddable":true,"href":"https:\/\/www.cal.org.pe\/v1\/wp-json\/wp\/v2\/comments?post=57870"}],"version-history":[{"count":4,"href":"https:\/\/www.cal.org.pe\/v1\/wp-json\/wp\/v2\/pages\/57870\/revisions"}],"predecessor-version":[{"id":57893,"href":"https:\/\/www.cal.org.pe\/v1\/wp-json\/wp\/v2\/pages\/57870\/revisions\/57893"}],"wp:attachment":[{"href":"https:\/\/www.cal.org.pe\/v1\/wp-json\/wp\/v2\/media?parent=57870"}],"curies":[{"name":"wp","href":"https:\/\/api.w.org\/{rel}","templated":true}]}}