{"id":57848,"date":"2024-09-20T20:43:58","date_gmt":"2024-09-20T20:43:58","guid":{"rendered":"https:\/\/www.cal.org.pe\/v1\/?page_id=57848"},"modified":"2024-09-21T00:30:42","modified_gmt":"2024-09-21T00:30:42","slug":"formacion-integral","status":"publish","type":"page","link":"https:\/\/www.cal.org.pe\/v1\/formacion-integral\/","title":{"rendered":"Formaci\u00f3n integral"},"content":{"rendered":"\n\n\n\n\n<h2>Formaci\u00f3n Integral<\/h2>\n\n\n<h5>Programas<\/h5>\n\n\n\n\n\n\n\n<h4>Categorias<\/h4>\n\n\n\nNotas de prensa\n\n\nComunicados\n\n\nPronunciamientos\n\n\nAvisos\n\n\n\n\n\nBolsa de trabajo\n\n\n\n\n\nFormaci\u00f3n integral\n\n\nEventos acad\u00e9micos\n\n\n\n\n\n<h3>Publicaciones<\/h3>\n\n<style type='text\/css' media='all'>#rt-tpg-container-3577640079 .rt-holder .rt-woo-info .price{color:#0367bf;}body .rt-tpg-container .rt-tpg-isotope-buttons .selected,\n\t\t\t\t\t#rt-tpg-container-3577640079 .layout12 .rt-holder:hover .rt-detail,\n\t\t\t\t\t#rt-tpg-container-3577640079 .isotope8 .rt-holder:hover .rt-detail,\n\t\t\t\t\t#rt-tpg-container-3577640079 .carousel8 .rt-holder:hover .rt-detail,\n\t\t\t\t\t#rt-tpg-container-3577640079 .layout13 .rt-holder .overlay .post-info,\n\t\t\t\t\t#rt-tpg-container-3577640079 .isotope9 .rt-holder .overlay .post-info,\n\t\t\t\t\t#rt-tpg-container-3577640079.rt-tpg-container .layout4 .rt-holder .rt-detail,\n\t\t\t\t\t.rt-modal-3577640079 .md-content,\n\t\t\t\t\t.rt-modal-3577640079 .md-content > .rt-md-content-holder .rt-md-content,\n\t\t\t\t\t.rt-popup-wrap-3577640079.rt-popup-wrap .rt-popup-navigation-wrap,\n\t\t\t\t\t#rt-tpg-container-3577640079 .carousel9 .rt-holder .overlay .post-info{background-color:#0367bf;}#rt-tpg-container-3577640079 .layout5 .rt-holder .overlay, #rt-tpg-container-3577640079 .isotope2 .rt-holder .overlay, #rt-tpg-container-3577640079 .carousel2 .rt-holder .overlay,#rt-tpg-container-3577640079 .layout15 .rt-holder h3, #rt-tpg-container-3577640079 .isotope11 .rt-holder h3, #rt-tpg-container-3577640079 .carousel11 .rt-holder h3, #rt-tpg-container-3577640079 .layout16 .rt-holder h3,\n\t\t\t\t\t#rt-tpg-container-3577640079 .isotope12 .rt-holder h3, #rt-tpg-container-3577640079 .carousel12 .rt-holder h3 {background-color:rgba(3,103,191,0.8);}#rt-tpg-container-3577640079 .read-more a{border-radius:px;}#rt-tpg-container-3577640079 .rt-img-holder img.rt-img-responsive,#rt-tpg-container-3577640079 .rt-img-holder,\n\t\t\t\t\t#rt-tpg-container-3577640079 .rt-post-overlay .post-img,\n\t\t\t\t\t#rt-tpg-container-3577640079 .post-sm .post-img,\n\t\t\t\t\t#rt-tpg-container-3577640079 .rt-post-grid .post-img,\n\t\t\t\t\t#rt-tpg-container-3577640079 .post-img img {border-radius:px;}<\/style><div class='rt-container-fluid rt-tpg-container tpg-shortcode-main-wrapper  loading' id='rt-tpg-container-3577640079'   data-layout='layout1' data-grid-style='even' data-desktop-col='3'  data-tab-col='2'  data-mobile-col='1' data-sc-id='57890'><div class=\"tpg-widget-heading-wrapper heading-style1 \"><span class=\"tpg-widget-heading-line line-left\"><\/span><h2 class=\"tpg-widget-heading\">Formaci\u00f3n integral<\/h2><span class=\"tpg-widget-heading-line\"><\/span><\/div><div id=\"bottom-script-loader\" class=\"bottom-script-loader\"><div class=\"rt-ball-clip-rotate\"><div><\/div><\/div><\/div><div data-title='Cargando...' class='rt-row rt-content-loader   layout1 tpg-even '><div class=\"rt-col-md-4 rt-col-sm-6 rt-col-xs-12 even-grid-item rt-grid-item\" data-id=\"83370\"><div class=\"rt-holder\"><div class=\"rt-img-holder\"><a data-id=\"83370\" class=\"\" href=\"https:\/\/www.cal.org.pe\/v1\/2026\/03\/11\/convenio-internacional-colegio-de-abogados-de-lima-y-universidad-de-salamanca\/\"><img fetchpriority=\"high\" decoding=\"async\" width=\"800\" height=\"500\" src=\"https:\/\/www.cal.org.pe\/v1\/wp-content\/uploads\/2026\/02\/FORMACION-INTEGRAL.jpg\" class=\"rt-img-responsive \" alt=\"\" \/><\/a><\/div><div class='rt-detail'><h3 class=\"entry-title\"><a data-id=\"83370\" class=\"\" href=\"https:\/\/www.cal.org.pe\/v1\/2026\/03\/11\/convenio-internacional-colegio-de-abogados-de-lima-y-universidad-de-salamanca\/\">CONVENIO INTERNACIONAL | COLEGIO DE ABOGADOS DE LIMA Y UNIVERSIDAD DE SALAMANCA<\/a><\/h3><div class='post-meta-user  '><span class='date'><i class='flaticon-calendar '><\/i>marzo 11, 2026<\/span><\/div><div class='tpg-excerpt'>Inscripciones abiertas: Cursos de Especializaci\u00f3n en Derecho \u2013 Edici\u00f3n Verano 2026 \u00a1Ya iniciaron las inscripciones!...<\/div><div class='post-meta '><span class='read-more'><a data-id='83370' class='' href='https:\/\/www.cal.org.pe\/v1\/2026\/03\/11\/convenio-internacional-colegio-de-abogados-de-lima-y-universidad-de-salamanca\/'>Leer m\u00e1s<\/a><\/span><\/div><\/div><\/div><\/div><div class=\"rt-col-md-4 rt-col-sm-6 rt-col-xs-12 even-grid-item rt-grid-item\" data-id=\"83207\"><div class=\"rt-holder\"><div class=\"rt-img-holder\"><a data-id=\"83207\" class=\"\" href=\"https:\/\/www.cal.org.pe\/v1\/2026\/03\/11\/foro-evolucion-y-desafios-de-la-proteccion-al-consumidor-en-el-peru\/\"><img decoding=\"async\" width=\"800\" height=\"500\" src=\"https:\/\/www.cal.org.pe\/v1\/wp-content\/uploads\/2026\/02\/EVENTOS-ACADEMICOS.jpg\" class=\"rt-img-responsive \" alt=\"\" \/><\/a><\/div><div class='rt-detail'><h3 class=\"entry-title\"><a data-id=\"83207\" class=\"\" href=\"https:\/\/www.cal.org.pe\/v1\/2026\/03\/11\/foro-evolucion-y-desafios-de-la-proteccion-al-consumidor-en-el-peru\/\">FORO | EVOLUCI\u00d3N Y DESAF\u00cdOS DE LA PROTECCI\u00d3N AL CONSUMIDOR EN EL PER\u00da<\/a><\/h3><div class='post-meta-user  '><span class='date'><i class='flaticon-calendar '><\/i>marzo 11, 2026<\/span><\/div><div class='tpg-excerpt'>En el marco de la pr\u00f3xima conmemoraci\u00f3n del D\u00eda Mundial del Consumidor, te invitamos a...<\/div><div class='post-meta '><span class='read-more'><a data-id='83207' class='' href='https:\/\/www.cal.org.pe\/v1\/2026\/03\/11\/foro-evolucion-y-desafios-de-la-proteccion-al-consumidor-en-el-peru\/'>Leer m\u00e1s<\/a><\/span><\/div><\/div><\/div><\/div><div class=\"rt-col-md-4 rt-col-sm-6 rt-col-xs-12 even-grid-item rt-grid-item\" data-id=\"76385\"><div class=\"rt-holder\"><div class=\"rt-img-holder\"><a data-id=\"76385\" class=\"\" href=\"https:\/\/www.cal.org.pe\/v1\/2026\/02\/19\/programas-de-especializacion-pucp-cal\/\"><img fetchpriority=\"high\" decoding=\"async\" width=\"800\" height=\"500\" src=\"https:\/\/www.cal.org.pe\/v1\/wp-content\/uploads\/2026\/02\/FORMACION-INTEGRAL.jpg\" class=\"rt-img-responsive \" alt=\"\" \/><\/a><\/div><div class='rt-detail'><h3 class=\"entry-title\"><a data-id=\"76385\" class=\"\" href=\"https:\/\/www.cal.org.pe\/v1\/2026\/02\/19\/programas-de-especializacion-pucp-cal\/\">PROGRAMAS DE ESPECIALIZACI\u00d3N PUCP-CAL<\/a><\/h3><div class='post-meta-user  '><span class='date'><i class='flaticon-calendar '><\/i>febrero 19, 2026<\/span><\/div><div class='tpg-excerpt'>Gracias al convenio suscrito entre el Colegio de Abogados de Lima (CAL) y la Pontificia...<\/div><div class='post-meta '><span class='read-more'><a data-id='76385' class='' href='https:\/\/www.cal.org.pe\/v1\/2026\/02\/19\/programas-de-especializacion-pucp-cal\/'>Leer m\u00e1s<\/a><\/span><\/div><\/div><\/div><\/div><div class=\"rt-col-md-4 rt-col-sm-6 rt-col-xs-12 even-grid-item rt-grid-item\" data-id=\"76015\"><div class=\"rt-holder\"><div class=\"rt-img-holder\"><a data-id=\"76015\" class=\"\" href=\"https:\/\/www.cal.org.pe\/v1\/2026\/02\/18\/lum-y-usmp-conferencia-presencial-sociedad-cultura-y-nacion-en-el-peru\/\"><img decoding=\"async\" width=\"800\" height=\"500\" src=\"https:\/\/www.cal.org.pe\/v1\/wp-content\/uploads\/2025\/08\/EVENTOS-ACADEMICOS.jpg\" class=\"rt-img-responsive \" alt=\"\" \/><\/a><\/div><div class='rt-detail'><h3 class=\"entry-title\"><a data-id=\"76015\" class=\"\" href=\"https:\/\/www.cal.org.pe\/v1\/2026\/02\/18\/lum-y-usmp-conferencia-presencial-sociedad-cultura-y-nacion-en-el-peru\/\">LUM y USMP: CONFERENCIA PRESENCIAL \u201cSociedad, cultura y naci\u00f3n en el Per\u00fa\u201d<\/a><\/h3><div class='post-meta-user  '><span class='date'><i class='flaticon-calendar '><\/i>febrero 18, 2026<\/span><\/div><div class='tpg-excerpt'>Especialistas analizar\u00e1n los v\u00ednculos entre naci\u00f3n, Estado y ciudadan\u00eda en ciclo de conferencias de ingreso...<\/div><div class='post-meta '><span class='read-more'><a data-id='76015' class='' href='https:\/\/www.cal.org.pe\/v1\/2026\/02\/18\/lum-y-usmp-conferencia-presencial-sociedad-cultura-y-nacion-en-el-peru\/'>Leer m\u00e1s<\/a><\/span><\/div><\/div><\/div><\/div><div class=\"rt-col-md-4 rt-col-sm-6 rt-col-xs-12 even-grid-item rt-grid-item\" data-id=\"76008\"><div class=\"rt-holder\"><div class=\"rt-img-holder\"><a data-id=\"76008\" class=\"\" href=\"https:\/\/www.cal.org.pe\/v1\/2026\/02\/18\/icj-diplomado-ia-aplicada-a-la-gestion-publica-y-derecho-administrativo\/\"><img loading=\"lazy\" decoding=\"async\" width=\"800\" height=\"500\" src=\"https:\/\/www.cal.org.pe\/v1\/wp-content\/uploads\/2025\/08\/FORMACION-INTEGRAL.jpg\" class=\"rt-img-responsive \" alt=\"\" \/><\/a><\/div><div class='rt-detail'><h3 class=\"entry-title\"><a data-id=\"76008\" class=\"\" href=\"https:\/\/www.cal.org.pe\/v1\/2026\/02\/18\/icj-diplomado-ia-aplicada-a-la-gestion-publica-y-derecho-administrativo\/\">ICJ Diplomado: IA Aplicada a la Gesti\u00f3n P\u00fablica y Derecho Administrativo<\/a><\/h3><div class='post-meta-user  '><span class='date'><i class='flaticon-calendar '><\/i>febrero 18, 2026<\/span><\/div><div class='tpg-excerpt'>Modalidad: Online en vivoDuraci\u00f3n: 120 horas acad\u00e9micas El Instituto de Capacitaci\u00f3n Jur\u00eddica presenta el Diplomado...<\/div><div class='post-meta '><span class='read-more'><a data-id='76008' class='' href='https:\/\/www.cal.org.pe\/v1\/2026\/02\/18\/icj-diplomado-ia-aplicada-a-la-gestion-publica-y-derecho-administrativo\/'>Leer m\u00e1s<\/a><\/span><\/div><\/div><\/div><\/div><div class=\"rt-col-md-4 rt-col-sm-6 rt-col-xs-12 even-grid-item rt-grid-item\" data-id=\"73430\"><div class=\"rt-holder\"><div class=\"rt-img-holder\"><a data-id=\"73430\" class=\"\" href=\"https:\/\/www.cal.org.pe\/v1\/2026\/01\/26\/conferencia-magistral-extincion-de-dominio-y-crimen-organizado-del-mp\/\"><img decoding=\"async\" width=\"800\" height=\"500\" src=\"https:\/\/www.cal.org.pe\/v1\/wp-content\/uploads\/2025\/08\/EVENTOS-ACADEMICOS.jpg\" class=\"rt-img-responsive \" alt=\"\" \/><\/a><\/div><div class='rt-detail'><h3 class=\"entry-title\"><a data-id=\"73430\" class=\"\" href=\"https:\/\/www.cal.org.pe\/v1\/2026\/01\/26\/conferencia-magistral-extincion-de-dominio-y-crimen-organizado-del-mp\/\">CONFERENCIA MAGISTRAL \u00abEXTINCI\u00d3N DE DOMINIO Y CRIMEN ORGANIZADO\u00bb DEL MP<\/a><\/h3><div class='post-meta-user  '><span class='date'><i class='flaticon-calendar '><\/i>enero 26, 2026<\/span><\/div><div class='tpg-excerpt'>El Colegio de Abogados de Lima invita cordialmente a sus agremiados a participar en la...<\/div><div class='post-meta '><span class='read-more'><a data-id='73430' class='' href='https:\/\/www.cal.org.pe\/v1\/2026\/01\/26\/conferencia-magistral-extincion-de-dominio-y-crimen-organizado-del-mp\/'>Leer m\u00e1s<\/a><\/span><\/div><\/div><\/div><\/div><div class=\"rt-col-md-4 rt-col-sm-6 rt-col-xs-12 even-grid-item rt-grid-item\" data-id=\"72197\"><div class=\"rt-holder\"><div class=\"rt-img-holder\"><a data-id=\"72197\" class=\"\" href=\"https:\/\/www.cal.org.pe\/v1\/2025\/12\/03\/conferencia-la-importancia-del-contexto-en-el-arbitraje-internacionan\/\"><img loading=\"lazy\" decoding=\"async\" width=\"800\" height=\"500\" src=\"https:\/\/www.cal.org.pe\/v1\/wp-content\/uploads\/2025\/08\/FORMACION-INTEGRAL.jpg\" class=\"rt-img-responsive \" alt=\"\" \/><\/a><\/div><div class='rt-detail'><h3 class=\"entry-title\"><a data-id=\"72197\" class=\"\" href=\"https:\/\/www.cal.org.pe\/v1\/2025\/12\/03\/conferencia-la-importancia-del-contexto-en-el-arbitraje-internacionan\/\">CONFERENCIA \u00abLA IMPORTANCIA DEL CONTEXTO EN EL ARBITRAJE INTERNACIONA\u00d1\u00bb<\/a><\/h3><div class='post-meta-user  '><span class='date'><i class='flaticon-calendar '><\/i>diciembre 3, 2025<\/span><\/div><div class='tpg-excerpt'>La Procuradur\u00eda General del Estado invita a los abogados agremiados del Colegio de Abogados de...<\/div><div class='post-meta '><span class='read-more'><a data-id='72197' class='' href='https:\/\/www.cal.org.pe\/v1\/2025\/12\/03\/conferencia-la-importancia-del-contexto-en-el-arbitraje-internacionan\/'>Leer m\u00e1s<\/a><\/span><\/div><\/div><\/div><\/div><div class=\"rt-col-md-4 rt-col-sm-6 rt-col-xs-12 even-grid-item rt-grid-item\" data-id=\"72035\"><div class=\"rt-holder\"><div class=\"rt-img-holder\"><a data-id=\"72035\" class=\"\" href=\"https:\/\/www.cal.org.pe\/v1\/2025\/11\/25\/forma-parte-de-la-fuerza-aerea-del-peru\/\"><img loading=\"lazy\" decoding=\"async\" width=\"800\" height=\"500\" src=\"https:\/\/www.cal.org.pe\/v1\/wp-content\/uploads\/2025\/08\/CONVOCATORIAS.jpg\" class=\"rt-img-responsive \" alt=\"\" \/><\/a><\/div><div class='rt-detail'><h3 class=\"entry-title\"><a data-id=\"72035\" class=\"\" href=\"https:\/\/www.cal.org.pe\/v1\/2025\/11\/25\/forma-parte-de-la-fuerza-aerea-del-peru\/\">\u00a1Forma parte de la Fuerza A\u00e9rea del Per\u00fa!<\/a><\/h3><div class='post-meta-user  '><span class='date'><i class='flaticon-calendar '><\/i>noviembre 25, 2025<\/span><\/div><div class='tpg-excerpt'>Ya est\u00e1n abiertas las inscripciones para el Proceso de Asimilaci\u00f3n de Oficiales FAP 2026.Si eres...<\/div><div class='post-meta '><span class='read-more'><a data-id='72035' class='' href='https:\/\/www.cal.org.pe\/v1\/2025\/11\/25\/forma-parte-de-la-fuerza-aerea-del-peru\/'>Leer m\u00e1s<\/a><\/span><\/div><\/div><\/div><\/div><div class=\"rt-col-md-4 rt-col-sm-6 rt-col-xs-12 even-grid-item rt-grid-item\" data-id=\"70916\"><div class=\"rt-holder\"><div class=\"rt-img-holder\"><a data-id=\"70916\" class=\"\" href=\"https:\/\/www.cal.org.pe\/v1\/2025\/10\/13\/beneficio-exclusivo-para-agremiados-del-cal-10-de-descuento-en-programas-academicos\/\"><img loading=\"lazy\" decoding=\"async\" width=\"800\" height=\"500\" src=\"https:\/\/www.cal.org.pe\/v1\/wp-content\/uploads\/2024\/12\/CONVENIOS-INTERNACIONALES.jpg\" class=\"rt-img-responsive \" alt=\"\" \/><\/a><\/div><div class='rt-detail'><h3 class=\"entry-title\"><a data-id=\"70916\" class=\"\" href=\"https:\/\/www.cal.org.pe\/v1\/2025\/10\/13\/beneficio-exclusivo-para-agremiados-del-cal-10-de-descuento-en-programas-academicos\/\">Beneficio exclusivo para agremiados del CAL: 10% de descuento en programas acad\u00e9micos<\/a><\/h3><div class='post-meta-user  '><span class='date'><i class='flaticon-calendar '><\/i>octubre 13, 2025<\/span><\/div><div class='tpg-excerpt'>En el marco del compromiso del Ilustre Colegio de Abogados de Lima (CAL) con la...<\/div><div class='post-meta '><span class='read-more'><a data-id='70916' class='' href='https:\/\/www.cal.org.pe\/v1\/2025\/10\/13\/beneficio-exclusivo-para-agremiados-del-cal-10-de-descuento-en-programas-academicos\/'>Leer m\u00e1s<\/a><\/span><\/div><\/div><\/div><\/div><\/div><div class='rt-pagination-wrap' data-total-pages='5' data-posts-per-page='9' data-type='pagination'  ><div class=\"rt-pagination\" ><ul class=\"pagination-list\"><li class=\"active\"><span>1<\/span><\/li><li><a data-paged='2' href='https:\/\/www.cal.org.pe\/v1\/wp-json\/wp\/v2\/pages\/57848\/page\/2\/'>2<\/a><\/li><li><a data-paged='3' href='https:\/\/www.cal.org.pe\/v1\/wp-json\/wp\/v2\/pages\/57848\/page\/3\/'>3<\/a><\/li><li><a data-paged='4' href='https:\/\/www.cal.org.pe\/v1\/wp-json\/wp\/v2\/pages\/57848\/page\/4\/'>4<\/a><\/li><li><a data-paged='5' href='https:\/\/www.cal.org.pe\/v1\/wp-json\/wp\/v2\/pages\/57848\/page\/5\/'>5<\/a><\/li><\/ul><\/div><\/div><\/div>\n\n\n\n\n\n\n\n\n<p><\/p>\n","protected":false},"excerpt":{"rendered":"","protected":false},"author":3,"featured_media":0,"parent":0,"menu_order":0,"comment_status":"closed","ping_status":"closed","template":"","meta":{"pagelayer_contact_templates":[],"_pagelayer_content":"","footnotes":""},"class_list":["post-57848","page","type-page","status-publish","hentry"],"rttpg_featured_image_url":null,"rttpg_author":{"display_name":"Prensa CAL","author_link":"https:\/\/www.cal.org.pe\/v1\/author\/prensa-cal\/"},"rttpg_comment":0,"rttpg_category":"","rttpg_excerpt":null,"_links":{"self":[{"href":"https:\/\/www.cal.org.pe\/v1\/wp-json\/wp\/v2\/pages\/57848","targetHints":{"allow":["GET"]}}],"collection":[{"href":"https:\/\/www.cal.org.pe\/v1\/wp-json\/wp\/v2\/pages"}],"about":[{"href":"https:\/\/www.cal.org.pe\/v1\/wp-json\/wp\/v2\/types\/page"}],"author":[{"embeddable":true,"href":"https:\/\/www.cal.org.pe\/v1\/wp-json\/wp\/v2\/users\/3"}],"replies":[{"embeddable":true,"href":"https:\/\/www.cal.org.pe\/v1\/wp-json\/wp\/v2\/comments?post=57848"}],"version-history":[{"count":4,"href":"https:\/\/www.cal.org.pe\/v1\/wp-json\/wp\/v2\/pages\/57848\/revisions"}],"predecessor-version":[{"id":57898,"href":"https:\/\/www.cal.org.pe\/v1\/wp-json\/wp\/v2\/pages\/57848\/revisions\/57898"}],"wp:attachment":[{"href":"https:\/\/www.cal.org.pe\/v1\/wp-json\/wp\/v2\/media?parent=57848"}],"curies":[{"name":"wp","href":"https:\/\/api.w.org\/{rel}","templated":true}]}}