{"id":57841,"date":"2024-09-20T20:37:58","date_gmt":"2024-09-20T20:37:58","guid":{"rendered":"https:\/\/www.cal.org.pe\/v1\/?page_id=57841"},"modified":"2024-09-20T20:42:25","modified_gmt":"2024-09-20T20:42:25","slug":"bolsa-trabajo-cal","status":"publish","type":"page","link":"https:\/\/www.cal.org.pe\/v1\/bolsa-trabajo-cal\/","title":{"rendered":"Bolsa Trabajo"},"content":{"rendered":"\n\n\n\n\n<h2>Bolsa de Trabajo<\/h2>\n\n\n<h5>Anuncios<\/h5>\n\n\n\n\n\n\n\n<h4>Categorias<\/h4>\n\n\n\nNotas de prensa\n\n\nComunicados\n\n\nPronunciamientos\n\n\nAvisos\n\n\n\n\n\nBolsa de trabajo\n\n\n\n\n\nFormaci\u00f3n integral\n\n\nEventos acad\u00e9micos\n\n\n\n\n\n<h3>Publicaciones<\/h3>\n\n\n\n<style type='text\/css' media='all'>#rt-tpg-container-2444656186 .rt-holder .rt-woo-info .price{color:#0367bf;}body .rt-tpg-container .rt-tpg-isotope-buttons .selected,\n\t\t\t\t\t#rt-tpg-container-2444656186 .layout12 .rt-holder:hover .rt-detail,\n\t\t\t\t\t#rt-tpg-container-2444656186 .isotope8 .rt-holder:hover .rt-detail,\n\t\t\t\t\t#rt-tpg-container-2444656186 .carousel8 .rt-holder:hover .rt-detail,\n\t\t\t\t\t#rt-tpg-container-2444656186 .layout13 .rt-holder .overlay .post-info,\n\t\t\t\t\t#rt-tpg-container-2444656186 .isotope9 .rt-holder .overlay .post-info,\n\t\t\t\t\t#rt-tpg-container-2444656186.rt-tpg-container .layout4 .rt-holder .rt-detail,\n\t\t\t\t\t.rt-modal-2444656186 .md-content,\n\t\t\t\t\t.rt-modal-2444656186 .md-content > .rt-md-content-holder .rt-md-content,\n\t\t\t\t\t.rt-popup-wrap-2444656186.rt-popup-wrap .rt-popup-navigation-wrap,\n\t\t\t\t\t#rt-tpg-container-2444656186 .carousel9 .rt-holder .overlay .post-info{background-color:#0367bf;}#rt-tpg-container-2444656186 .layout5 .rt-holder .overlay, #rt-tpg-container-2444656186 .isotope2 .rt-holder .overlay, #rt-tpg-container-2444656186 .carousel2 .rt-holder .overlay,#rt-tpg-container-2444656186 .layout15 .rt-holder h3, #rt-tpg-container-2444656186 .isotope11 .rt-holder h3, #rt-tpg-container-2444656186 .carousel11 .rt-holder h3, #rt-tpg-container-2444656186 .layout16 .rt-holder h3,\n\t\t\t\t\t#rt-tpg-container-2444656186 .isotope12 .rt-holder h3, #rt-tpg-container-2444656186 .carousel12 .rt-holder h3 {background-color:rgba(3,103,191,0.8);}#rt-tpg-container-2444656186 .read-more a{border-radius:px;}#rt-tpg-container-2444656186 .rt-img-holder img.rt-img-responsive,#rt-tpg-container-2444656186 .rt-img-holder,\n\t\t\t\t\t#rt-tpg-container-2444656186 .rt-post-overlay .post-img,\n\t\t\t\t\t#rt-tpg-container-2444656186 .post-sm .post-img,\n\t\t\t\t\t#rt-tpg-container-2444656186 .rt-post-grid .post-img,\n\t\t\t\t\t#rt-tpg-container-2444656186 .post-img img {border-radius:px;}<\/style><div class='rt-container-fluid rt-tpg-container tpg-shortcode-main-wrapper  loading' id='rt-tpg-container-2444656186'   data-layout='layout1' data-grid-style='even' data-desktop-col='3'  data-tab-col='2'  data-mobile-col='1' data-sc-id='57796'><div class=\"tpg-widget-heading-wrapper heading-style1 \"><span class=\"tpg-widget-heading-line line-left\"><\/span><h2 class=\"tpg-widget-heading\">Bolsa de trabajo<\/h2><span class=\"tpg-widget-heading-line\"><\/span><\/div><div id=\"bottom-script-loader\" class=\"bottom-script-loader\"><div class=\"rt-ball-clip-rotate\"><div><\/div><\/div><\/div><div data-title='Cargando...' class='rt-row rt-content-loader   layout1 tpg-even '><div class=\"rt-col-md-4 rt-col-sm-6 rt-col-xs-12 even-grid-item rt-grid-item\" data-id=\"83246\"><div class=\"rt-holder\"><div class=\"rt-img-holder\"><a data-id=\"83246\" class=\"\" href=\"https:\/\/www.cal.org.pe\/v1\/2026\/03\/10\/convocatoria-para-la-seleccion-de-jueces-supernumerarios-en-la-corte-superior-de-justicia-de-pasco\/\"><img fetchpriority=\"high\" decoding=\"async\" width=\"800\" height=\"500\" src=\"https:\/\/www.cal.org.pe\/v1\/wp-content\/uploads\/2026\/02\/CONVOCATORIAS.jpg\" class=\"rt-img-responsive \" alt=\"\" \/><\/a><\/div><div class='rt-detail'><h3 class=\"entry-title\"><a data-id=\"83246\" class=\"\" href=\"https:\/\/www.cal.org.pe\/v1\/2026\/03\/10\/convocatoria-para-la-seleccion-de-jueces-supernumerarios-en-la-corte-superior-de-justicia-de-pasco\/\">CONVOCATORIA PARA LA SELECCI\u00d3N DE JUECES SUPERNUMERARIOS EN LA CORTE SUPERIOR DE JUSTICIA DE PASCO<\/a><\/h3><div class='post-meta-user  '><span class='date'><i class='flaticon-calendar '><\/i>marzo 10, 2026<\/span><\/div><div class='post-meta '><span class='read-more'><a data-id='83246' class='' href='https:\/\/www.cal.org.pe\/v1\/2026\/03\/10\/convocatoria-para-la-seleccion-de-jueces-supernumerarios-en-la-corte-superior-de-justicia-de-pasco\/'>Leer m\u00e1s<\/a><\/span><\/div><\/div><\/div><\/div><div class=\"rt-col-md-4 rt-col-sm-6 rt-col-xs-12 even-grid-item rt-grid-item\" data-id=\"82261\"><div class=\"rt-holder\"><div class=\"rt-img-holder\"><a data-id=\"82261\" class=\"\" href=\"https:\/\/www.cal.org.pe\/v1\/2026\/03\/09\/convocatoria-cas-de-la-superintendencia-nacional-de-bienes-estatales-sbn\/\"><img fetchpriority=\"high\" decoding=\"async\" width=\"800\" height=\"500\" src=\"https:\/\/www.cal.org.pe\/v1\/wp-content\/uploads\/2026\/02\/CONVOCATORIAS.jpg\" class=\"rt-img-responsive \" alt=\"\" \/><\/a><\/div><div class='rt-detail'><h3 class=\"entry-title\"><a data-id=\"82261\" class=\"\" href=\"https:\/\/www.cal.org.pe\/v1\/2026\/03\/09\/convocatoria-cas-de-la-superintendencia-nacional-de-bienes-estatales-sbn\/\">CONVOCATORIA CAS DE LA SUPERINTENDENCIA NACIONAL DE BIENES ESTATALES \u2013 SBN<\/a><\/h3><div class='post-meta-user  '><span class='date'><i class='flaticon-calendar '><\/i>marzo 9, 2026<\/span><\/div><div class='post-meta '><span class='read-more'><a data-id='82261' class='' href='https:\/\/www.cal.org.pe\/v1\/2026\/03\/09\/convocatoria-cas-de-la-superintendencia-nacional-de-bienes-estatales-sbn\/'>Leer m\u00e1s<\/a><\/span><\/div><\/div><\/div><\/div><div class=\"rt-col-md-4 rt-col-sm-6 rt-col-xs-12 even-grid-item rt-grid-item\" data-id=\"82230\"><div class=\"rt-holder\"><div class=\"rt-img-holder\"><a data-id=\"82230\" class=\"\" href=\"https:\/\/www.cal.org.pe\/v1\/2026\/03\/09\/convocatoria-a-concurso-publico-para-el-ingreso-a-la-funcion-notarial-2026\/\"><img fetchpriority=\"high\" decoding=\"async\" width=\"800\" height=\"500\" src=\"https:\/\/www.cal.org.pe\/v1\/wp-content\/uploads\/2026\/02\/CONVOCATORIAS.jpg\" class=\"rt-img-responsive \" alt=\"\" \/><\/a><\/div><div class='rt-detail'><h3 class=\"entry-title\"><a data-id=\"82230\" class=\"\" href=\"https:\/\/www.cal.org.pe\/v1\/2026\/03\/09\/convocatoria-a-concurso-publico-para-el-ingreso-a-la-funcion-notarial-2026\/\">CONVOCATORIA A CONCURSO P\u00daBLICO PARA EL INGRESO A LA FUNCI\u00d3N NOTARIAL 2026<\/a><\/h3><div class='post-meta-user  '><span class='date'><i class='flaticon-calendar '><\/i>marzo 9, 2026<\/span><\/div><div class='post-meta '><span class='read-more'><a data-id='82230' class='' href='https:\/\/www.cal.org.pe\/v1\/2026\/03\/09\/convocatoria-a-concurso-publico-para-el-ingreso-a-la-funcion-notarial-2026\/'>Leer m\u00e1s<\/a><\/span><\/div><\/div><\/div><\/div><div class=\"rt-col-md-4 rt-col-sm-6 rt-col-xs-12 even-grid-item rt-grid-item\" data-id=\"76904\"><div class=\"rt-holder\"><div class=\"rt-img-holder\"><a data-id=\"76904\" class=\"\" href=\"https:\/\/www.cal.org.pe\/v1\/2026\/02\/20\/contraloria-general-de-la-republica-concurso-publico-de-meritos-n-02-2026-cg\/\"><img fetchpriority=\"high\" decoding=\"async\" width=\"800\" height=\"500\" src=\"https:\/\/www.cal.org.pe\/v1\/wp-content\/uploads\/2026\/02\/CONVOCATORIAS.jpg\" class=\"rt-img-responsive \" alt=\"\" \/><\/a><\/div><div class='rt-detail'><h3 class=\"entry-title\"><a data-id=\"76904\" class=\"\" href=\"https:\/\/www.cal.org.pe\/v1\/2026\/02\/20\/contraloria-general-de-la-republica-concurso-publico-de-meritos-n-02-2026-cg\/\">CONTRALOR\u00cdA GENERAL DE LA REP\u00daBLICA | Concurso P\u00fablico de M\u00e9ritos N\u00b0 02-2026-CG<\/a><\/h3><div class='post-meta-user  '><span class='date'><i class='flaticon-calendar '><\/i>febrero 20, 2026<\/span><\/div><div class='post-meta '><span class='read-more'><a data-id='76904' class='' href='https:\/\/www.cal.org.pe\/v1\/2026\/02\/20\/contraloria-general-de-la-republica-concurso-publico-de-meritos-n-02-2026-cg\/'>Leer m\u00e1s<\/a><\/span><\/div><\/div><\/div><\/div><div class=\"rt-col-md-4 rt-col-sm-6 rt-col-xs-12 even-grid-item rt-grid-item\" data-id=\"76900\"><div class=\"rt-holder\"><div class=\"rt-img-holder\"><a data-id=\"76900\" class=\"\" href=\"https:\/\/www.cal.org.pe\/v1\/2026\/02\/19\/convocatoria-laboral-100-plazas-cas-en-el-ministerio-de-educacion\/\"><img fetchpriority=\"high\" decoding=\"async\" width=\"800\" height=\"500\" src=\"https:\/\/www.cal.org.pe\/v1\/wp-content\/uploads\/2026\/02\/CONVOCATORIAS.jpg\" class=\"rt-img-responsive \" alt=\"\" \/><\/a><\/div><div class='rt-detail'><h3 class=\"entry-title\"><a data-id=\"76900\" class=\"\" href=\"https:\/\/www.cal.org.pe\/v1\/2026\/02\/19\/convocatoria-laboral-100-plazas-cas-en-el-ministerio-de-educacion\/\">CONVOCATORIA LABORAL | 100 PLAZAS CAS EN EL MINISTERIO DE EDUCACI\u00d3N<\/a><\/h3><div class='post-meta-user  '><span class='date'><i class='flaticon-calendar '><\/i>febrero 19, 2026<\/span><\/div><div class='post-meta '><span class='read-more'><a data-id='76900' class='' href='https:\/\/www.cal.org.pe\/v1\/2026\/02\/19\/convocatoria-laboral-100-plazas-cas-en-el-ministerio-de-educacion\/'>Leer m\u00e1s<\/a><\/span><\/div><\/div><\/div><\/div><div class=\"rt-col-md-4 rt-col-sm-6 rt-col-xs-12 even-grid-item rt-grid-item\" data-id=\"76026\"><div class=\"rt-holder\"><div class=\"rt-img-holder\"><a data-id=\"76026\" class=\"\" href=\"https:\/\/www.cal.org.pe\/v1\/2026\/02\/18\/convocatoria-tap-n-o-001-2026-onp\/\"><img decoding=\"async\" width=\"800\" height=\"500\" src=\"https:\/\/www.cal.org.pe\/v1\/wp-content\/uploads\/2025\/08\/CONVOCATORIAS.jpg\" class=\"rt-img-responsive \" alt=\"\" \/><\/a><\/div><div class='rt-detail'><h3 class=\"entry-title\"><a data-id=\"76026\" class=\"\" href=\"https:\/\/www.cal.org.pe\/v1\/2026\/02\/18\/convocatoria-tap-n-o-001-2026-onp\/\">Convocatoria TAP N.\u00ba 001-2026-ONP<\/a><\/h3><div class='post-meta-user  '><span class='date'><i class='flaticon-calendar '><\/i>febrero 18, 2026<\/span><\/div><div class='post-meta '><span class='read-more'><a data-id='76026' class='' href='https:\/\/www.cal.org.pe\/v1\/2026\/02\/18\/convocatoria-tap-n-o-001-2026-onp\/'>Leer m\u00e1s<\/a><\/span><\/div><\/div><\/div><\/div><div class=\"rt-col-md-4 rt-col-sm-6 rt-col-xs-12 even-grid-item rt-grid-item\" data-id=\"73750\"><div class=\"rt-holder\"><div class=\"rt-img-holder\"><a data-id=\"73750\" class=\"\" href=\"https:\/\/www.cal.org.pe\/v1\/2026\/02\/04\/oportunidad-laboral-procesos-cas-del-poder-judicial\/\"><img decoding=\"async\" width=\"800\" height=\"500\" src=\"https:\/\/www.cal.org.pe\/v1\/wp-content\/uploads\/2025\/11\/544843552_1224988692997616_1270447393534197562_n.jpg\" class=\"rt-img-responsive \" alt=\"\" \/><\/a><\/div><div class='rt-detail'><h3 class=\"entry-title\"><a data-id=\"73750\" class=\"\" href=\"https:\/\/www.cal.org.pe\/v1\/2026\/02\/04\/oportunidad-laboral-procesos-cas-del-poder-judicial\/\">OPORTUNIDAD LABORAL &#8211; PROCESOS CAS DEL PODER JUDICIAL<\/a><\/h3><div class='post-meta-user  '><span class='date'><i class='flaticon-calendar '><\/i>febrero 4, 2026<\/span><\/div><div class='post-meta '><span class='read-more'><a data-id='73750' class='' href='https:\/\/www.cal.org.pe\/v1\/2026\/02\/04\/oportunidad-laboral-procesos-cas-del-poder-judicial\/'>Leer m\u00e1s<\/a><\/span><\/div><\/div><\/div><\/div><div class=\"rt-col-md-4 rt-col-sm-6 rt-col-xs-12 even-grid-item rt-grid-item\" data-id=\"73423\"><div class=\"rt-holder\"><div class=\"rt-img-holder\"><a data-id=\"73423\" class=\"\" href=\"https:\/\/www.cal.org.pe\/v1\/2026\/01\/26\/proceso-de-seleccion-de-personal-cas-en-la-corte-superior-de-justicia-de-lima\/\"><img decoding=\"async\" width=\"800\" height=\"500\" src=\"https:\/\/www.cal.org.pe\/v1\/wp-content\/uploads\/2025\/11\/544843552_1224988692997616_1270447393534197562_n.jpg\" class=\"rt-img-responsive \" alt=\"\" \/><\/a><\/div><div class='rt-detail'><h3 class=\"entry-title\"><a data-id=\"73423\" class=\"\" href=\"https:\/\/www.cal.org.pe\/v1\/2026\/01\/26\/proceso-de-seleccion-de-personal-cas-en-la-corte-superior-de-justicia-de-lima\/\">PROCESO DE SELECCI\u00d3N DE PERSONAL CAS EN LA CORTE SUPERIOR DE JUSTICIA DE LIMA<\/a><\/h3><div class='post-meta-user  '><span class='date'><i class='flaticon-calendar '><\/i>enero 26, 2026<\/span><\/div><div class='post-meta '><span class='read-more'><a data-id='73423' class='' href='https:\/\/www.cal.org.pe\/v1\/2026\/01\/26\/proceso-de-seleccion-de-personal-cas-en-la-corte-superior-de-justicia-de-lima\/'>Leer m\u00e1s<\/a><\/span><\/div><\/div><\/div><\/div><div class=\"rt-col-md-4 rt-col-sm-6 rt-col-xs-12 even-grid-item rt-grid-item\" data-id=\"73419\"><div class=\"rt-holder\"><div class=\"rt-img-holder\"><a data-id=\"73419\" class=\"\" href=\"https:\/\/www.cal.org.pe\/v1\/2026\/01\/26\/convocatorias-cas-en-la-superintendencia-nacional-de-bienes-estatales-sbn\/\"><img decoding=\"async\" width=\"800\" height=\"500\" src=\"https:\/\/www.cal.org.pe\/v1\/wp-content\/uploads\/2025\/11\/544843552_1224988692997616_1270447393534197562_n.jpg\" class=\"rt-img-responsive \" alt=\"\" \/><\/a><\/div><div class='rt-detail'><h3 class=\"entry-title\"><a data-id=\"73419\" class=\"\" href=\"https:\/\/www.cal.org.pe\/v1\/2026\/01\/26\/convocatorias-cas-en-la-superintendencia-nacional-de-bienes-estatales-sbn\/\">CONVOCATORIAS CAS EN LA SUPERINTENDENCIA NACIONAL DE BIENES ESTATALES (SBN)<\/a><\/h3><div class='post-meta-user  '><span class='date'><i class='flaticon-calendar '><\/i>enero 26, 2026<\/span><\/div><div class='post-meta '><span class='read-more'><a data-id='73419' class='' href='https:\/\/www.cal.org.pe\/v1\/2026\/01\/26\/convocatorias-cas-en-la-superintendencia-nacional-de-bienes-estatales-sbn\/'>Leer m\u00e1s<\/a><\/span><\/div><\/div><\/div><\/div><\/div><div class='rt-pagination-wrap' data-total-pages='7' data-posts-per-page='9' data-type='pagination'  ><div class=\"rt-pagination\" ><ul class=\"pagination-list\"><li class=\"active\"><span>1<\/span><\/li><li><a data-paged='2' href='https:\/\/www.cal.org.pe\/v1\/wp-json\/wp\/v2\/pages\/57841\/page\/2\/'>2<\/a><\/li><li><a data-paged='3' href='https:\/\/www.cal.org.pe\/v1\/wp-json\/wp\/v2\/pages\/57841\/page\/3\/'>3<\/a><\/li><li><a data-paged='4' href='https:\/\/www.cal.org.pe\/v1\/wp-json\/wp\/v2\/pages\/57841\/page\/4\/'>4<\/a><\/li><li><a data-paged='5' href='https:\/\/www.cal.org.pe\/v1\/wp-json\/wp\/v2\/pages\/57841\/page\/5\/'>5<\/a><\/li><li><a data-paged='6' href='https:\/\/www.cal.org.pe\/v1\/wp-json\/wp\/v2\/pages\/57841\/page\/6\/'>6<\/a><\/li><li><a data-paged='7' href='https:\/\/www.cal.org.pe\/v1\/wp-json\/wp\/v2\/pages\/57841\/page\/7\/'>7<\/a><\/li><\/ul><\/div><\/div><\/div>\n\n\n\n\n\n\n\n\n\n\n<p><\/p>\n","protected":false},"excerpt":{"rendered":"","protected":false},"author":3,"featured_media":0,"parent":0,"menu_order":0,"comment_status":"closed","ping_status":"closed","template":"","meta":{"pagelayer_contact_templates":[],"_pagelayer_content":"","footnotes":""},"class_list":["post-57841","page","type-page","status-publish","hentry"],"rttpg_featured_image_url":null,"rttpg_author":{"display_name":"Prensa CAL","author_link":"https:\/\/www.cal.org.pe\/v1\/author\/prensa-cal\/"},"rttpg_comment":0,"rttpg_category":"","rttpg_excerpt":null,"_links":{"self":[{"href":"https:\/\/www.cal.org.pe\/v1\/wp-json\/wp\/v2\/pages\/57841","targetHints":{"allow":["GET"]}}],"collection":[{"href":"https:\/\/www.cal.org.pe\/v1\/wp-json\/wp\/v2\/pages"}],"about":[{"href":"https:\/\/www.cal.org.pe\/v1\/wp-json\/wp\/v2\/types\/page"}],"author":[{"embeddable":true,"href":"https:\/\/www.cal.org.pe\/v1\/wp-json\/wp\/v2\/users\/3"}],"replies":[{"embeddable":true,"href":"https:\/\/www.cal.org.pe\/v1\/wp-json\/wp\/v2\/comments?post=57841"}],"version-history":[{"count":2,"href":"https:\/\/www.cal.org.pe\/v1\/wp-json\/wp\/v2\/pages\/57841\/revisions"}],"predecessor-version":[{"id":57847,"href":"https:\/\/www.cal.org.pe\/v1\/wp-json\/wp\/v2\/pages\/57841\/revisions\/57847"}],"wp:attachment":[{"href":"https:\/\/www.cal.org.pe\/v1\/wp-json\/wp\/v2\/media?parent=57841"}],"curies":[{"name":"wp","href":"https:\/\/api.w.org\/{rel}","templated":true}]}}