{"id":57815,"date":"2024-09-20T18:05:22","date_gmt":"2024-09-20T18:05:22","guid":{"rendered":"https:\/\/www.cal.org.pe\/v1\/?page_id=57815"},"modified":"2024-09-20T20:41:02","modified_gmt":"2024-09-20T20:41:02","slug":"pronunciamientos","status":"publish","type":"page","link":"https:\/\/www.cal.org.pe\/v1\/pronunciamientos\/","title":{"rendered":"Pronunciamientos"},"content":{"rendered":"\n\n\n\n\n<h2>Pronunciamientos<\/h2>\n\n\n<h5>Direcci\u00f3n de Comunicaciones e Inform\u00e1tica Jur\u00eddica<\/h5>\n\n\n\n\n\n\n\n<h4>Categorias<\/h4>\n\n\n\nNotas de prensa\n\n\nComunicados\n\n\nPronunciamientos\n\n\nAvisos\n\n\n\n\n\nBolsa de trabajo\n\n\n\n\n\nFormaci\u00f3n integral\n\n\nEventos acad\u00e9micos\n\n\n\n\n\n<h3>Publicaciones<\/h3>\n\n\n\n<style type='text\/css' media='all'>#rt-tpg-container-1348005784 .rt-holder .rt-woo-info .price{color:#0367bf;}body .rt-tpg-container .rt-tpg-isotope-buttons .selected,\n\t\t\t\t\t#rt-tpg-container-1348005784 .layout12 .rt-holder:hover .rt-detail,\n\t\t\t\t\t#rt-tpg-container-1348005784 .isotope8 .rt-holder:hover .rt-detail,\n\t\t\t\t\t#rt-tpg-container-1348005784 .carousel8 .rt-holder:hover .rt-detail,\n\t\t\t\t\t#rt-tpg-container-1348005784 .layout13 .rt-holder .overlay .post-info,\n\t\t\t\t\t#rt-tpg-container-1348005784 .isotope9 .rt-holder .overlay .post-info,\n\t\t\t\t\t#rt-tpg-container-1348005784.rt-tpg-container .layout4 .rt-holder .rt-detail,\n\t\t\t\t\t.rt-modal-1348005784 .md-content,\n\t\t\t\t\t.rt-modal-1348005784 .md-content > .rt-md-content-holder .rt-md-content,\n\t\t\t\t\t.rt-popup-wrap-1348005784.rt-popup-wrap .rt-popup-navigation-wrap,\n\t\t\t\t\t#rt-tpg-container-1348005784 .carousel9 .rt-holder .overlay .post-info{background-color:#0367bf;}#rt-tpg-container-1348005784 .layout5 .rt-holder .overlay, #rt-tpg-container-1348005784 .isotope2 .rt-holder .overlay, #rt-tpg-container-1348005784 .carousel2 .rt-holder .overlay,#rt-tpg-container-1348005784 .layout15 .rt-holder h3, #rt-tpg-container-1348005784 .isotope11 .rt-holder h3, #rt-tpg-container-1348005784 .carousel11 .rt-holder h3, #rt-tpg-container-1348005784 .layout16 .rt-holder h3,\n\t\t\t\t\t#rt-tpg-container-1348005784 .isotope12 .rt-holder h3, #rt-tpg-container-1348005784 .carousel12 .rt-holder h3 {background-color:rgba(3,103,191,0.8);}#rt-tpg-container-1348005784 .read-more a{border-radius:px;}#rt-tpg-container-1348005784 .rt-img-holder img.rt-img-responsive,#rt-tpg-container-1348005784 .rt-img-holder,\n\t\t\t\t\t#rt-tpg-container-1348005784 .rt-post-overlay .post-img,\n\t\t\t\t\t#rt-tpg-container-1348005784 .post-sm .post-img,\n\t\t\t\t\t#rt-tpg-container-1348005784 .rt-post-grid .post-img,\n\t\t\t\t\t#rt-tpg-container-1348005784 .post-img img {border-radius:px;}<\/style><div class='rt-container-fluid rt-tpg-container tpg-shortcode-main-wrapper  loading' id='rt-tpg-container-1348005784'   data-layout='layout1' data-grid-style='even' data-desktop-col='3'  data-tab-col='2'  data-mobile-col='1' data-sc-id='57685'><div class=\"tpg-widget-heading-wrapper heading-style1 \"><span class=\"tpg-widget-heading-line line-left\"><\/span><h2 class=\"tpg-widget-heading\">Pronunciamientos<\/h2><span class=\"tpg-widget-heading-line\"><\/span><\/div><div id=\"bottom-script-loader\" class=\"bottom-script-loader\"><div class=\"rt-ball-clip-rotate\"><div><\/div><\/div><\/div><div data-title='Cargando...' class='rt-row rt-content-loader   layout1 tpg-even '><div class=\"rt-col-md-4 rt-col-sm-6 rt-col-xs-12 even-grid-item rt-grid-item\" data-id=\"63582\"><div class=\"rt-holder\"><div class=\"rt-img-holder\"><a data-id=\"63582\" class=\"\" href=\"https:\/\/www.cal.org.pe\/v1\/2025\/01\/15\/delegados-del-cal-respaldan-al-decano-y-directivos-ante-amenazas-contra-la-libertad-de-expresion-por-parte-del-gobierno\/\"><img fetchpriority=\"high\" decoding=\"async\" width=\"800\" height=\"500\" src=\"https:\/\/www.cal.org.pe\/v1\/wp-content\/uploads\/2024\/11\/PRONUNCIAMIENTOS.jpg\" class=\"rt-img-responsive \" alt=\"\" \/><\/a><\/div><div class='rt-detail'><h3 class=\"entry-title\"><a data-id=\"63582\" class=\"\" href=\"https:\/\/www.cal.org.pe\/v1\/2025\/01\/15\/delegados-del-cal-respaldan-al-decano-y-directivos-ante-amenazas-contra-la-libertad-de-expresion-por-parte-del-gobierno\/\">DELEGADOS DEL CAL RESPALDAN AL DECANO Y DIRECTIVOS ANTE AMENAZAS CONTRA LA LIBERTAD DE EXPRESI\u00d3N POR PARTE DEL GOBIERNO<\/a><\/h3><div class='post-meta-user  '><span class='date'><i class='flaticon-calendar '><\/i>enero 15, 2025<\/span><span class='categories-links'><i class='flaticon-folder '><\/i><a class=\"secretaria-general\" href=\"https:\/\/www.cal.org.pe\/v1\/category\/secretaria-general\/\" rel=\"tag\">Secretar\u00eda General<\/a><\/span><\/div><div class='post-meta '><span class='read-more'><a data-id='63582' class='' href='https:\/\/www.cal.org.pe\/v1\/2025\/01\/15\/delegados-del-cal-respaldan-al-decano-y-directivos-ante-amenazas-contra-la-libertad-de-expresion-por-parte-del-gobierno\/'>Leer m\u00e1s<\/a><\/span><\/div><\/div><\/div><\/div><div class=\"rt-col-md-4 rt-col-sm-6 rt-col-xs-12 even-grid-item rt-grid-item\" data-id=\"58855\"><div class=\"rt-holder\"><div class=\"rt-img-holder\"><a data-id=\"58855\" class=\"\" href=\"https:\/\/www.cal.org.pe\/v1\/2024\/10\/04\/calenlanoticia-cambiar-de-nombre-a-delitos-es-un-absurdo\/\"><img decoding=\"async\" width=\"800\" height=\"500\" src=\"https:\/\/www.cal.org.pe\/v1\/wp-content\/uploads\/2024\/09\/CAL-NOTICIA.jpg\" class=\"rt-img-responsive \" alt=\"\" \/><\/a><\/div><div class='rt-detail'><h3 class=\"entry-title\"><a data-id=\"58855\" class=\"\" href=\"https:\/\/www.cal.org.pe\/v1\/2024\/10\/04\/calenlanoticia-cambiar-de-nombre-a-delitos-es-un-absurdo\/\">#CALenLaNoticia | Cambiar de nombre a delitos es un absurdo<\/a><\/h3><div class='post-meta-user  '><span class='date'><i class='flaticon-calendar '><\/i>octubre 4, 2024<\/span><span class='categories-links'><i class='flaticon-folder '><\/i><a class=\"direccion-de-comunicaciones-e-informatica-juridica\" href=\"https:\/\/www.cal.org.pe\/v1\/category\/direccion-de-comunicaciones-e-informatica-juridica\/\" rel=\"tag\">Direcci\u00f3n de Comunicaciones e Inform\u00e1tica Jur\u00eddica<\/a><\/span><\/div><div class='post-meta '><span class='read-more'><a data-id='58855' class='' href='https:\/\/www.cal.org.pe\/v1\/2024\/10\/04\/calenlanoticia-cambiar-de-nombre-a-delitos-es-un-absurdo\/'>Leer m\u00e1s<\/a><\/span><\/div><\/div><\/div><\/div><div class=\"rt-col-md-4 rt-col-sm-6 rt-col-xs-12 even-grid-item rt-grid-item\" data-id=\"55848\"><div class=\"rt-holder\"><div class=\"rt-img-holder\"><a data-id=\"55848\" class=\"\" href=\"https:\/\/www.cal.org.pe\/v1\/2024\/07\/05\/colegio-de-abogados-de-lima-rechaza-pl-que-establece-responsabilidad-penal-a-menores-de-16-y-17-anos\/\"><img decoding=\"async\" width=\"800\" height=\"500\" src=\"https:\/\/www.cal.org.pe\/v1\/wp-content\/uploads\/2024\/08\/PRONUNCIAMIENTO.jpg\" class=\"rt-img-responsive \" alt=\"\" \/><\/a><\/div><div class='rt-detail'><h3 class=\"entry-title\"><a data-id=\"55848\" class=\"\" href=\"https:\/\/www.cal.org.pe\/v1\/2024\/07\/05\/colegio-de-abogados-de-lima-rechaza-pl-que-establece-responsabilidad-penal-a-menores-de-16-y-17-anos\/\">Colegio de Abogados de Lima rechaza PL que establece responsabilidad penal a menores de 16 y 17 a\u00f1os<\/a><\/h3><div class='post-meta-user  '><span class='date'><i class='flaticon-calendar '><\/i>julio 5, 2024<\/span><span class='categories-links'><i class='flaticon-folder '><\/i><a class=\"decanato\" href=\"https:\/\/www.cal.org.pe\/v1\/category\/decanato\/\" rel=\"tag\">Decanato<\/a><\/span><\/div><div class='post-meta '><span class='read-more'><a data-id='55848' class='' href='https:\/\/www.cal.org.pe\/v1\/2024\/07\/05\/colegio-de-abogados-de-lima-rechaza-pl-que-establece-responsabilidad-penal-a-menores-de-16-y-17-anos\/'>Leer m\u00e1s<\/a><\/span><\/div><\/div><\/div><\/div><div class=\"rt-col-md-4 rt-col-sm-6 rt-col-xs-12 even-grid-item rt-grid-item\" data-id=\"55822\"><div class=\"rt-holder\"><div class=\"rt-img-holder\"><a data-id=\"55822\" class=\"\" href=\"https:\/\/www.cal.org.pe\/v1\/2024\/07\/04\/colegio-de-abogados-de-lima-rechaza-declarar-imputables-a-adolescentes-de-16-y-17-anos\/\"><img decoding=\"async\" width=\"800\" height=\"500\" src=\"https:\/\/www.cal.org.pe\/v1\/wp-content\/uploads\/2024\/08\/PRONUNCIAMIENTO.jpg\" class=\"rt-img-responsive \" alt=\"\" \/><\/a><\/div><div class='rt-detail'><h3 class=\"entry-title\"><a data-id=\"55822\" class=\"\" href=\"https:\/\/www.cal.org.pe\/v1\/2024\/07\/04\/colegio-de-abogados-de-lima-rechaza-declarar-imputables-a-adolescentes-de-16-y-17-anos\/\">Colegio de Abogados de Lima rechaza declarar imputables a adolescentes de 16 y 17 a\u00f1os<\/a><\/h3><div class='post-meta-user  '><span class='date'><i class='flaticon-calendar '><\/i>julio 4, 2024<\/span><span class='categories-links'><i class='flaticon-folder '><\/i><a class=\"decanato\" href=\"https:\/\/www.cal.org.pe\/v1\/category\/decanato\/\" rel=\"tag\">Decanato<\/a><\/span><\/div><div class='post-meta '><span class='read-more'><a data-id='55822' class='' href='https:\/\/www.cal.org.pe\/v1\/2024\/07\/04\/colegio-de-abogados-de-lima-rechaza-declarar-imputables-a-adolescentes-de-16-y-17-anos\/'>Leer m\u00e1s<\/a><\/span><\/div><\/div><\/div><\/div><div class=\"rt-col-md-4 rt-col-sm-6 rt-col-xs-12 even-grid-item rt-grid-item\" data-id=\"55808\"><div class=\"rt-holder\"><div class=\"rt-img-holder\"><a data-id=\"55808\" class=\"\" href=\"https:\/\/www.cal.org.pe\/v1\/2024\/07\/03\/cal-y-cpp-expresan-solidaridad-con-periodista-jose-miguel-hidalgo-ante-denuncia-del-presidente-del-congreso\/\"><img decoding=\"async\" width=\"800\" height=\"500\" src=\"https:\/\/www.cal.org.pe\/v1\/wp-content\/uploads\/2024\/08\/PRONUNCIAMIENTO.jpg\" class=\"rt-img-responsive \" alt=\"\" \/><\/a><\/div><div class='rt-detail'><h3 class=\"entry-title\"><a data-id=\"55808\" class=\"\" href=\"https:\/\/www.cal.org.pe\/v1\/2024\/07\/03\/cal-y-cpp-expresan-solidaridad-con-periodista-jose-miguel-hidalgo-ante-denuncia-del-presidente-del-congreso\/\">CAL y CPP expresan Solidaridad con periodista Jos\u00e9 Miguel Hidalgo ante denuncia del presidente del Congreso<\/a><\/h3><div class='post-meta-user  '><span class='date'><i class='flaticon-calendar '><\/i>julio 3, 2024<\/span><span class='categories-links'><i class='flaticon-folder '><\/i><a class=\"decanato\" href=\"https:\/\/www.cal.org.pe\/v1\/category\/decanato\/\" rel=\"tag\">Decanato<\/a><\/span><\/div><div class='post-meta '><span class='read-more'><a data-id='55808' class='' href='https:\/\/www.cal.org.pe\/v1\/2024\/07\/03\/cal-y-cpp-expresan-solidaridad-con-periodista-jose-miguel-hidalgo-ante-denuncia-del-presidente-del-congreso\/'>Leer m\u00e1s<\/a><\/span><\/div><\/div><\/div><\/div><div class=\"rt-col-md-4 rt-col-sm-6 rt-col-xs-12 even-grid-item rt-grid-item\" data-id=\"57203\"><div class=\"rt-holder\"><div class=\"rt-img-holder\"><a data-id=\"57203\" class=\"\" href=\"https:\/\/www.cal.org.pe\/v1\/2024\/06\/02\/pronunciamiento-sobre-la-postergacion-de-la-reforma-constitucional-planteada-por-el-congreso-de-la-republica-que-afecta-la-representacion-del-cal-en-el-jne\/\"><img loading=\"lazy\" decoding=\"async\" width=\"923\" height=\"556\" src=\"https:\/\/www.cal.org.pe\/v1\/wp-content\/uploads\/2024\/09\/pronunciamiento.jpg\" class=\"rt-img-responsive \" alt=\"\" \/><\/a><\/div><div class='rt-detail'><h3 class=\"entry-title\"><a data-id=\"57203\" class=\"\" href=\"https:\/\/www.cal.org.pe\/v1\/2024\/06\/02\/pronunciamiento-sobre-la-postergacion-de-la-reforma-constitucional-planteada-por-el-congreso-de-la-republica-que-afecta-la-representacion-del-cal-en-el-jne\/\">Pronunciamiento sobre la postergaci\u00f3n de la Reforma Constitucional planteada por el Congreso de la Rep\u00fablica que afecta la representaci\u00f3n del CAL en el JNE.<\/a><\/h3><div class='post-meta-user  '><span class='date'><i class='flaticon-calendar '><\/i>junio 2, 2024<\/span><span class='categories-links'><i class='flaticon-folder '><\/i><a class=\"decanato\" href=\"https:\/\/www.cal.org.pe\/v1\/category\/decanato\/\" rel=\"tag\">Decanato<\/a><\/span><\/div><div class='post-meta '><span class='read-more'><a data-id='57203' class='' href='https:\/\/www.cal.org.pe\/v1\/2024\/06\/02\/pronunciamiento-sobre-la-postergacion-de-la-reforma-constitucional-planteada-por-el-congreso-de-la-republica-que-afecta-la-representacion-del-cal-en-el-jne\/'>Leer m\u00e1s<\/a><\/span><\/div><\/div><\/div><\/div><\/div><\/div>\n\n\n\n\n\n\n\n\n\n\n<p><\/p>\n","protected":false},"excerpt":{"rendered":"","protected":false},"author":3,"featured_media":0,"parent":0,"menu_order":0,"comment_status":"closed","ping_status":"closed","template":"","meta":{"pagelayer_contact_templates":[],"_pagelayer_content":"","footnotes":""},"class_list":["post-57815","page","type-page","status-publish","hentry"],"rttpg_featured_image_url":null,"rttpg_author":{"display_name":"Prensa CAL","author_link":"https:\/\/www.cal.org.pe\/v1\/author\/prensa-cal\/"},"rttpg_comment":0,"rttpg_category":"","rttpg_excerpt":null,"_links":{"self":[{"href":"https:\/\/www.cal.org.pe\/v1\/wp-json\/wp\/v2\/pages\/57815","targetHints":{"allow":["GET"]}}],"collection":[{"href":"https:\/\/www.cal.org.pe\/v1\/wp-json\/wp\/v2\/pages"}],"about":[{"href":"https:\/\/www.cal.org.pe\/v1\/wp-json\/wp\/v2\/types\/page"}],"author":[{"embeddable":true,"href":"https:\/\/www.cal.org.pe\/v1\/wp-json\/wp\/v2\/users\/3"}],"replies":[{"embeddable":true,"href":"https:\/\/www.cal.org.pe\/v1\/wp-json\/wp\/v2\/comments?post=57815"}],"version-history":[{"count":4,"href":"https:\/\/www.cal.org.pe\/v1\/wp-json\/wp\/v2\/pages\/57815\/revisions"}],"predecessor-version":[{"id":57844,"href":"https:\/\/www.cal.org.pe\/v1\/wp-json\/wp\/v2\/pages\/57815\/revisions\/57844"}],"wp:attachment":[{"href":"https:\/\/www.cal.org.pe\/v1\/wp-json\/wp\/v2\/media?parent=57815"}],"curies":[{"name":"wp","href":"https:\/\/api.w.org\/{rel}","templated":true}]}}