{"id":57812,"date":"2024-09-19T18:03:49","date_gmt":"2024-09-19T18:03:49","guid":{"rendered":"https:\/\/www.cal.org.pe\/v1\/?page_id=57812"},"modified":"2024-09-20T20:40:51","modified_gmt":"2024-09-20T20:40:51","slug":"avisos-cal","status":"publish","type":"page","link":"https:\/\/www.cal.org.pe\/v1\/avisos-cal\/","title":{"rendered":"Avisos"},"content":{"rendered":"\n\n\n\n\n<h2>Avisos<\/h2>\n\n\n<h5>Direcci\u00f3n de Comunicaciones e Inform\u00e1tica Jur\u00eddica<\/h5>\n\n\n\n\n\n\n\n<h4>Categorias<\/h4>\n\n\n\nNotas de prensa\n\n\nComunicados\n\n\nPronunciamientos\n\n\nAvisos\n\n\n\n\n\nBolsa de trabajo\n\n\n\n\n\nFormaci\u00f3n integral\n\n\nEventos acad\u00e9micos\n\n\n\n\n\n<h3>Publicaciones<\/h3>\n\n\n\n<style type='text\/css' media='all'>#rt-tpg-container-3293235830 .rt-holder .rt-woo-info .price{color:#0367bf;}body .rt-tpg-container .rt-tpg-isotope-buttons .selected,\n\t\t\t\t\t#rt-tpg-container-3293235830 .layout12 .rt-holder:hover .rt-detail,\n\t\t\t\t\t#rt-tpg-container-3293235830 .isotope8 .rt-holder:hover .rt-detail,\n\t\t\t\t\t#rt-tpg-container-3293235830 .carousel8 .rt-holder:hover .rt-detail,\n\t\t\t\t\t#rt-tpg-container-3293235830 .layout13 .rt-holder .overlay .post-info,\n\t\t\t\t\t#rt-tpg-container-3293235830 .isotope9 .rt-holder .overlay .post-info,\n\t\t\t\t\t#rt-tpg-container-3293235830.rt-tpg-container .layout4 .rt-holder .rt-detail,\n\t\t\t\t\t.rt-modal-3293235830 .md-content,\n\t\t\t\t\t.rt-modal-3293235830 .md-content > .rt-md-content-holder .rt-md-content,\n\t\t\t\t\t.rt-popup-wrap-3293235830.rt-popup-wrap .rt-popup-navigation-wrap,\n\t\t\t\t\t#rt-tpg-container-3293235830 .carousel9 .rt-holder .overlay .post-info{background-color:#0367bf;}#rt-tpg-container-3293235830 .layout5 .rt-holder .overlay, #rt-tpg-container-3293235830 .isotope2 .rt-holder .overlay, #rt-tpg-container-3293235830 .carousel2 .rt-holder .overlay,#rt-tpg-container-3293235830 .layout15 .rt-holder h3, #rt-tpg-container-3293235830 .isotope11 .rt-holder h3, #rt-tpg-container-3293235830 .carousel11 .rt-holder h3, #rt-tpg-container-3293235830 .layout16 .rt-holder h3,\n\t\t\t\t\t#rt-tpg-container-3293235830 .isotope12 .rt-holder h3, #rt-tpg-container-3293235830 .carousel12 .rt-holder h3 {background-color:rgba(3,103,191,0.8);}#rt-tpg-container-3293235830 .read-more a{border-radius:px;}#rt-tpg-container-3293235830 .rt-img-holder img.rt-img-responsive,#rt-tpg-container-3293235830 .rt-img-holder,\n\t\t\t\t\t#rt-tpg-container-3293235830 .rt-post-overlay .post-img,\n\t\t\t\t\t#rt-tpg-container-3293235830 .post-sm .post-img,\n\t\t\t\t\t#rt-tpg-container-3293235830 .rt-post-grid .post-img,\n\t\t\t\t\t#rt-tpg-container-3293235830 .post-img img {border-radius:px;}<\/style><div class='rt-container-fluid rt-tpg-container tpg-shortcode-main-wrapper  loading' id='rt-tpg-container-3293235830'   data-layout='layout1' data-grid-style='even' data-desktop-col='3'  data-tab-col='2'  data-mobile-col='1' data-sc-id='57785'><div class=\"tpg-widget-heading-wrapper heading-style1 \"><span class=\"tpg-widget-heading-line line-left\"><\/span><h2 class=\"tpg-widget-heading\">Avisos<\/h2><span class=\"tpg-widget-heading-line\"><\/span><\/div><div id=\"bottom-script-loader\" class=\"bottom-script-loader\"><div class=\"rt-ball-clip-rotate\"><div><\/div><\/div><\/div><div data-title='Cargando...' class='rt-row rt-content-loader   layout1 tpg-even '><div class=\"rt-col-md-4 rt-col-sm-6 rt-col-xs-12 even-grid-item rt-grid-item\" data-id=\"84736\"><div class=\"rt-holder\"><div class=\"rt-img-holder\"><a data-id=\"84736\" class=\"\" href=\"https:\/\/www.cal.org.pe\/v1\/2026\/03\/13\/comunicado-012-2026-ce-voto-informado\/\"><img fetchpriority=\"high\" decoding=\"async\" width=\"800\" height=\"500\" src=\"https:\/\/www.cal.org.pe\/v1\/wp-content\/uploads\/2026\/02\/AVISOS.jpg\" class=\"rt-img-responsive \" alt=\"\" \/><\/a><\/div><div class='rt-detail'><h3 class=\"entry-title\"><a data-id=\"84736\" class=\"\" href=\"https:\/\/www.cal.org.pe\/v1\/2026\/03\/13\/comunicado-012-2026-ce-voto-informado\/\">COMUNICADO 012-2026-CE | VOTO INFORMADO<\/a><\/h3><div class='post-meta-user  '><span class='date'><i class='flaticon-calendar '><\/i>marzo 13, 2026<\/span><span class='post-tags-links'><i class='flaticon-tag '><\/i><a href=\"https:\/\/www.cal.org.pe\/v1\/tag\/avisos\/\" rel=\"tag\">Avisos<\/a><\/span><\/div><div class='tpg-excerpt'>...<\/div><div class='post-meta '><span class='read-more'><a data-id='84736' class='' href='https:\/\/www.cal.org.pe\/v1\/2026\/03\/13\/comunicado-012-2026-ce-voto-informado\/'>Leer m\u00e1s<\/a><\/span><\/div><\/div><\/div><\/div><div class=\"rt-col-md-4 rt-col-sm-6 rt-col-xs-12 even-grid-item rt-grid-item\" data-id=\"84731\"><div class=\"rt-holder\"><div class=\"rt-img-holder\"><a data-id=\"84731\" class=\"\" href=\"https:\/\/www.cal.org.pe\/v1\/2026\/03\/13\/comunicado-011-2026-ce-voto-informado\/\"><img fetchpriority=\"high\" decoding=\"async\" width=\"800\" height=\"500\" src=\"https:\/\/www.cal.org.pe\/v1\/wp-content\/uploads\/2026\/02\/AVISOS.jpg\" class=\"rt-img-responsive \" alt=\"\" \/><\/a><\/div><div class='rt-detail'><h3 class=\"entry-title\"><a data-id=\"84731\" class=\"\" href=\"https:\/\/www.cal.org.pe\/v1\/2026\/03\/13\/comunicado-011-2026-ce-voto-informado\/\">COMUNICADO 011-2026-CE | VOTO INFORMADO<\/a><\/h3><div class='post-meta-user  '><span class='date'><i class='flaticon-calendar '><\/i>marzo 13, 2026<\/span><span class='post-tags-links'><i class='flaticon-tag '><\/i><a href=\"https:\/\/www.cal.org.pe\/v1\/tag\/avisos\/\" rel=\"tag\">Avisos<\/a><\/span><\/div><div class='tpg-excerpt'>...<\/div><div class='post-meta '><span class='read-more'><a data-id='84731' class='' href='https:\/\/www.cal.org.pe\/v1\/2026\/03\/13\/comunicado-011-2026-ce-voto-informado\/'>Leer m\u00e1s<\/a><\/span><\/div><\/div><\/div><\/div><div class=\"rt-col-md-4 rt-col-sm-6 rt-col-xs-12 even-grid-item rt-grid-item\" data-id=\"83370\"><div class=\"rt-holder\"><div class=\"rt-img-holder\"><a data-id=\"83370\" class=\"\" href=\"https:\/\/www.cal.org.pe\/v1\/2026\/03\/11\/convenio-internacional-colegio-de-abogados-de-lima-y-universidad-de-salamanca\/\"><img decoding=\"async\" width=\"800\" height=\"500\" src=\"https:\/\/www.cal.org.pe\/v1\/wp-content\/uploads\/2026\/02\/FORMACION-INTEGRAL.jpg\" class=\"rt-img-responsive \" alt=\"\" \/><\/a><\/div><div class='rt-detail'><h3 class=\"entry-title\"><a data-id=\"83370\" class=\"\" href=\"https:\/\/www.cal.org.pe\/v1\/2026\/03\/11\/convenio-internacional-colegio-de-abogados-de-lima-y-universidad-de-salamanca\/\">CONVENIO INTERNACIONAL | COLEGIO DE ABOGADOS DE LIMA Y UNIVERSIDAD DE SALAMANCA<\/a><\/h3><div class='post-meta-user  '><span class='date'><i class='flaticon-calendar '><\/i>marzo 11, 2026<\/span><span class='post-tags-links'><i class='flaticon-tag '><\/i><a href=\"https:\/\/www.cal.org.pe\/v1\/tag\/avisos\/\" rel=\"tag\">Avisos<\/a><\/span><\/div><div class='tpg-excerpt'>Inscripciones abiertas: Cursos de Especializaci\u00f3n en Derecho \u2013 Edici\u00f3n Verano 2026 \u00a1Ya iniciaron las inscripciones!...<\/div><div class='post-meta '><span class='read-more'><a data-id='83370' class='' href='https:\/\/www.cal.org.pe\/v1\/2026\/03\/11\/convenio-internacional-colegio-de-abogados-de-lima-y-universidad-de-salamanca\/'>Leer m\u00e1s<\/a><\/span><\/div><\/div><\/div><\/div><div class=\"rt-col-md-4 rt-col-sm-6 rt-col-xs-12 even-grid-item rt-grid-item\" data-id=\"83207\"><div class=\"rt-holder\"><div class=\"rt-img-holder\"><a data-id=\"83207\" class=\"\" href=\"https:\/\/www.cal.org.pe\/v1\/2026\/03\/11\/foro-evolucion-y-desafios-de-la-proteccion-al-consumidor-en-el-peru\/\"><img decoding=\"async\" width=\"800\" height=\"500\" src=\"https:\/\/www.cal.org.pe\/v1\/wp-content\/uploads\/2026\/02\/EVENTOS-ACADEMICOS.jpg\" class=\"rt-img-responsive \" alt=\"\" \/><\/a><\/div><div class='rt-detail'><h3 class=\"entry-title\"><a data-id=\"83207\" class=\"\" href=\"https:\/\/www.cal.org.pe\/v1\/2026\/03\/11\/foro-evolucion-y-desafios-de-la-proteccion-al-consumidor-en-el-peru\/\">FORO | EVOLUCI\u00d3N Y DESAF\u00cdOS DE LA PROTECCI\u00d3N AL CONSUMIDOR EN EL PER\u00da<\/a><\/h3><div class='post-meta-user  '><span class='date'><i class='flaticon-calendar '><\/i>marzo 11, 2026<\/span><span class='post-tags-links'><i class='flaticon-tag '><\/i><a href=\"https:\/\/www.cal.org.pe\/v1\/tag\/avisos\/\" rel=\"tag\">Avisos<\/a><\/span><\/div><div class='tpg-excerpt'>En el marco de la pr\u00f3xima conmemoraci\u00f3n del D\u00eda Mundial del Consumidor, te invitamos a...<\/div><div class='post-meta '><span class='read-more'><a data-id='83207' class='' href='https:\/\/www.cal.org.pe\/v1\/2026\/03\/11\/foro-evolucion-y-desafios-de-la-proteccion-al-consumidor-en-el-peru\/'>Leer m\u00e1s<\/a><\/span><\/div><\/div><\/div><\/div><div class=\"rt-col-md-4 rt-col-sm-6 rt-col-xs-12 even-grid-item rt-grid-item\" data-id=\"83246\"><div class=\"rt-holder\"><div class=\"rt-img-holder\"><a data-id=\"83246\" class=\"\" href=\"https:\/\/www.cal.org.pe\/v1\/2026\/03\/10\/convocatoria-para-la-seleccion-de-jueces-supernumerarios-en-la-corte-superior-de-justicia-de-pasco\/\"><img loading=\"lazy\" decoding=\"async\" width=\"800\" height=\"500\" src=\"https:\/\/www.cal.org.pe\/v1\/wp-content\/uploads\/2026\/02\/CONVOCATORIAS.jpg\" class=\"rt-img-responsive \" alt=\"\" \/><\/a><\/div><div class='rt-detail'><h3 class=\"entry-title\"><a data-id=\"83246\" class=\"\" href=\"https:\/\/www.cal.org.pe\/v1\/2026\/03\/10\/convocatoria-para-la-seleccion-de-jueces-supernumerarios-en-la-corte-superior-de-justicia-de-pasco\/\">CONVOCATORIA PARA LA SELECCI\u00d3N DE JUECES SUPERNUMERARIOS EN LA CORTE SUPERIOR DE JUSTICIA DE PASCO<\/a><\/h3><div class='post-meta-user  '><span class='date'><i class='flaticon-calendar '><\/i>marzo 10, 2026<\/span><span class='post-tags-links'><i class='flaticon-tag '><\/i><a href=\"https:\/\/www.cal.org.pe\/v1\/tag\/avisos\/\" rel=\"tag\">Avisos<\/a><\/span><\/div><div class='tpg-excerpt'>La Comisi\u00f3n Distrital de Selecci\u00f3n de Jueces Supernumerarios de la Corte Superior de Justicia de...<\/div><div class='post-meta '><span class='read-more'><a data-id='83246' class='' href='https:\/\/www.cal.org.pe\/v1\/2026\/03\/10\/convocatoria-para-la-seleccion-de-jueces-supernumerarios-en-la-corte-superior-de-justicia-de-pasco\/'>Leer m\u00e1s<\/a><\/span><\/div><\/div><\/div><\/div><div class=\"rt-col-md-4 rt-col-sm-6 rt-col-xs-12 even-grid-item rt-grid-item\" data-id=\"82246\"><div class=\"rt-holder\"><div class=\"rt-img-holder\"><a data-id=\"82246\" class=\"\" href=\"https:\/\/www.cal.org.pe\/v1\/2026\/03\/09\/decimocuarta-edicion-del-boletin-bibliotecal-cal\/\"><img fetchpriority=\"high\" decoding=\"async\" width=\"800\" height=\"500\" src=\"https:\/\/www.cal.org.pe\/v1\/wp-content\/uploads\/2026\/02\/AVISOS.jpg\" class=\"rt-img-responsive \" alt=\"\" \/><\/a><\/div><div class='rt-detail'><h3 class=\"entry-title\"><a data-id=\"82246\" class=\"\" href=\"https:\/\/www.cal.org.pe\/v1\/2026\/03\/09\/decimocuarta-edicion-del-boletin-bibliotecal-cal\/\">DECIMOCUARTA EDICI\u00d3N DEL BOLET\u00cdN BIBLIOTECAL CAL<\/a><\/h3><div class='post-meta-user  '><span class='date'><i class='flaticon-calendar '><\/i>marzo 9, 2026<\/span><span class='post-tags-links'><i class='flaticon-tag '><\/i><a href=\"https:\/\/www.cal.org.pe\/v1\/tag\/avisos\/\" rel=\"tag\">Avisos<\/a><\/span><\/div><div class='tpg-excerpt'>\ud83d\udd35\ud83d\udce2\u00a1Bolet\u00edn BiblioteCAL! \ud83d\udcda | La Direcci\u00f3n de Biblioteca y Centro de Documentaci\u00f3n del CAL, a...<\/div><div class='post-meta '><span class='read-more'><a data-id='82246' class='' href='https:\/\/www.cal.org.pe\/v1\/2026\/03\/09\/decimocuarta-edicion-del-boletin-bibliotecal-cal\/'>Leer m\u00e1s<\/a><\/span><\/div><\/div><\/div><\/div><div class=\"rt-col-md-4 rt-col-sm-6 rt-col-xs-12 even-grid-item rt-grid-item\" data-id=\"82261\"><div class=\"rt-holder\"><div class=\"rt-img-holder\"><a data-id=\"82261\" class=\"\" href=\"https:\/\/www.cal.org.pe\/v1\/2026\/03\/09\/convocatoria-cas-de-la-superintendencia-nacional-de-bienes-estatales-sbn\/\"><img loading=\"lazy\" decoding=\"async\" width=\"800\" height=\"500\" src=\"https:\/\/www.cal.org.pe\/v1\/wp-content\/uploads\/2026\/02\/CONVOCATORIAS.jpg\" class=\"rt-img-responsive \" alt=\"\" \/><\/a><\/div><div class='rt-detail'><h3 class=\"entry-title\"><a data-id=\"82261\" class=\"\" href=\"https:\/\/www.cal.org.pe\/v1\/2026\/03\/09\/convocatoria-cas-de-la-superintendencia-nacional-de-bienes-estatales-sbn\/\">CONVOCATORIA CAS DE LA SUPERINTENDENCIA NACIONAL DE BIENES ESTATALES \u2013 SBN<\/a><\/h3><div class='post-meta-user  '><span class='date'><i class='flaticon-calendar '><\/i>marzo 9, 2026<\/span><span class='post-tags-links'><i class='flaticon-tag '><\/i><a href=\"https:\/\/www.cal.org.pe\/v1\/tag\/avisos\/\" rel=\"tag\">Avisos<\/a><\/span><\/div><div class='tpg-excerpt'>El Colegio de Abogados de Lima informa a sus agremiados que la Superintendencia Nacional de...<\/div><div class='post-meta '><span class='read-more'><a data-id='82261' class='' href='https:\/\/www.cal.org.pe\/v1\/2026\/03\/09\/convocatoria-cas-de-la-superintendencia-nacional-de-bienes-estatales-sbn\/'>Leer m\u00e1s<\/a><\/span><\/div><\/div><\/div><\/div><div class=\"rt-col-md-4 rt-col-sm-6 rt-col-xs-12 even-grid-item rt-grid-item\" data-id=\"82235\"><div class=\"rt-holder\"><div class=\"rt-img-holder\"><a data-id=\"82235\" class=\"\" href=\"https:\/\/www.cal.org.pe\/v1\/2026\/03\/09\/comunicado-010-2026-ce-voto-informado\/\"><img fetchpriority=\"high\" decoding=\"async\" width=\"800\" height=\"500\" src=\"https:\/\/www.cal.org.pe\/v1\/wp-content\/uploads\/2026\/02\/AVISOS.jpg\" class=\"rt-img-responsive \" alt=\"\" \/><\/a><\/div><div class='rt-detail'><h3 class=\"entry-title\"><a data-id=\"82235\" class=\"\" href=\"https:\/\/www.cal.org.pe\/v1\/2026\/03\/09\/comunicado-010-2026-ce-voto-informado\/\">COMUNICADO 010-2026-CE | VOTO INFORMADO<\/a><\/h3><div class='post-meta-user  '><span class='date'><i class='flaticon-calendar '><\/i>marzo 9, 2026<\/span><span class='post-tags-links'><i class='flaticon-tag '><\/i><a href=\"https:\/\/www.cal.org.pe\/v1\/tag\/avisos\/\" rel=\"tag\">Avisos<\/a><\/span><\/div><div class='tpg-excerpt'>...<\/div><div class='post-meta '><span class='read-more'><a data-id='82235' class='' href='https:\/\/www.cal.org.pe\/v1\/2026\/03\/09\/comunicado-010-2026-ce-voto-informado\/'>Leer m\u00e1s<\/a><\/span><\/div><\/div><\/div><\/div><div class=\"rt-col-md-4 rt-col-sm-6 rt-col-xs-12 even-grid-item rt-grid-item\" data-id=\"82230\"><div class=\"rt-holder\"><div class=\"rt-img-holder\"><a data-id=\"82230\" class=\"\" href=\"https:\/\/www.cal.org.pe\/v1\/2026\/03\/09\/convocatoria-a-concurso-publico-para-el-ingreso-a-la-funcion-notarial-2026\/\"><img loading=\"lazy\" decoding=\"async\" width=\"800\" height=\"500\" src=\"https:\/\/www.cal.org.pe\/v1\/wp-content\/uploads\/2026\/02\/CONVOCATORIAS.jpg\" class=\"rt-img-responsive \" alt=\"\" \/><\/a><\/div><div class='rt-detail'><h3 class=\"entry-title\"><a data-id=\"82230\" class=\"\" href=\"https:\/\/www.cal.org.pe\/v1\/2026\/03\/09\/convocatoria-a-concurso-publico-para-el-ingreso-a-la-funcion-notarial-2026\/\">CONVOCATORIA A CONCURSO P\u00daBLICO PARA EL INGRESO A LA FUNCI\u00d3N NOTARIAL 2026<\/a><\/h3><div class='post-meta-user  '><span class='date'><i class='flaticon-calendar '><\/i>marzo 9, 2026<\/span><span class='post-tags-links'><i class='flaticon-tag '><\/i><a href=\"https:\/\/www.cal.org.pe\/v1\/tag\/avisos\/\" rel=\"tag\">Avisos<\/a><\/span><\/div><div class='tpg-excerpt'>El Colegio de Abogados de Lima informa a sus agremiados que el Colegio de Notarios...<\/div><div class='post-meta '><span class='read-more'><a data-id='82230' class='' href='https:\/\/www.cal.org.pe\/v1\/2026\/03\/09\/convocatoria-a-concurso-publico-para-el-ingreso-a-la-funcion-notarial-2026\/'>Leer m\u00e1s<\/a><\/span><\/div><\/div><\/div><\/div><\/div><div class='rt-pagination-wrap' data-total-pages='26' data-posts-per-page='9' data-type='pagination'  ><div class=\"rt-pagination\" ><ul class=\"pagination-list\"><li class=\"active\"><span>1<\/span><\/li><li><a data-paged='2' href='https:\/\/www.cal.org.pe\/v1\/wp-json\/wp\/v2\/pages\/57812\/page\/2\/'>2<\/a><\/li><li><a data-paged='3' href='https:\/\/www.cal.org.pe\/v1\/wp-json\/wp\/v2\/pages\/57812\/page\/3\/'>3<\/a><\/li><li><a data-paged='4' href='https:\/\/www.cal.org.pe\/v1\/wp-json\/wp\/v2\/pages\/57812\/page\/4\/'>4<\/a><\/li><li><a data-paged='5' href='https:\/\/www.cal.org.pe\/v1\/wp-json\/wp\/v2\/pages\/57812\/page\/5\/'>5<\/a><\/li><li><a data-paged='2' href=\"https:\/\/www.cal.org.pe\/v1\/wp-json\/wp\/v2\/pages\/57812\/page\/2\/\"  aria-label='Next'>&rsaquo;<\/a><\/li><li><a data-paged='26' href='https:\/\/www.cal.org.pe\/v1\/wp-json\/wp\/v2\/pages\/57812\/page\/26\/' aria-label='Last'>&raquo;<\/a><\/li><\/ul><\/div><\/div><\/div>\n\n\n\n\n\n\n\n\n\n\n<p><\/p>\n","protected":false},"excerpt":{"rendered":"","protected":false},"author":2,"featured_media":0,"parent":0,"menu_order":0,"comment_status":"closed","ping_status":"closed","template":"","meta":{"pagelayer_contact_templates":[],"_pagelayer_content":"","footnotes":""},"class_list":["post-57812","page","type-page","status-publish","hentry"],"rttpg_featured_image_url":null,"rttpg_author":{"display_name":"mvillafaniv","author_link":"https:\/\/www.cal.org.pe\/v1\/author\/mvillafaniv\/"},"rttpg_comment":0,"rttpg_category":"","rttpg_excerpt":null,"_links":{"self":[{"href":"https:\/\/www.cal.org.pe\/v1\/wp-json\/wp\/v2\/pages\/57812","targetHints":{"allow":["GET"]}}],"collection":[{"href":"https:\/\/www.cal.org.pe\/v1\/wp-json\/wp\/v2\/pages"}],"about":[{"href":"https:\/\/www.cal.org.pe\/v1\/wp-json\/wp\/v2\/types\/page"}],"author":[{"embeddable":true,"href":"https:\/\/www.cal.org.pe\/v1\/wp-json\/wp\/v2\/users\/2"}],"replies":[{"embeddable":true,"href":"https:\/\/www.cal.org.pe\/v1\/wp-json\/wp\/v2\/comments?post=57812"}],"version-history":[{"count":4,"href":"https:\/\/www.cal.org.pe\/v1\/wp-json\/wp\/v2\/pages\/57812\/revisions"}],"predecessor-version":[{"id":57843,"href":"https:\/\/www.cal.org.pe\/v1\/wp-json\/wp\/v2\/pages\/57812\/revisions\/57843"}],"wp:attachment":[{"href":"https:\/\/www.cal.org.pe\/v1\/wp-json\/wp\/v2\/media?parent=57812"}],"curies":[{"name":"wp","href":"https:\/\/api.w.org\/{rel}","templated":true}]}}