{"id":57809,"date":"2024-09-20T18:02:35","date_gmt":"2024-09-20T18:02:35","guid":{"rendered":"https:\/\/www.cal.org.pe\/v1\/?page_id=57809"},"modified":"2024-10-10T18:46:01","modified_gmt":"2024-10-10T18:46:01","slug":"comunicados","status":"publish","type":"page","link":"https:\/\/www.cal.org.pe\/v1\/comunicados\/","title":{"rendered":"Comunicados"},"content":{"rendered":"\n\n\n\n\n<h2>Comunicados<\/h2>\n\n\n<h5>Direcci\u00f3n de Comunicaciones e Inform\u00e1tica Jur\u00eddica<\/h5>\n\n\n\n\n\n\n\n<h4>Categorias<\/h4>\n\n\n\nNotas de prensa\n\n\nComunicados\n\n\nPronunciamientos\n\n\nAvisos\n\n\n\n\n\nBolsa de trabajo\n\n\n\n\n\nFormaci\u00f3n integral\n\n\nEventos acad\u00e9micos\n\n\n\n\n\n<h3>Publicaciones<\/h3>\n\n\n\n<style type='text\/css' media='all'>#rt-tpg-container-1100035992 .rt-holder .rt-woo-info .price{color:#0367bf;}body .rt-tpg-container .rt-tpg-isotope-buttons .selected,\n\t\t\t\t\t#rt-tpg-container-1100035992 .layout12 .rt-holder:hover .rt-detail,\n\t\t\t\t\t#rt-tpg-container-1100035992 .isotope8 .rt-holder:hover .rt-detail,\n\t\t\t\t\t#rt-tpg-container-1100035992 .carousel8 .rt-holder:hover .rt-detail,\n\t\t\t\t\t#rt-tpg-container-1100035992 .layout13 .rt-holder .overlay .post-info,\n\t\t\t\t\t#rt-tpg-container-1100035992 .isotope9 .rt-holder .overlay .post-info,\n\t\t\t\t\t#rt-tpg-container-1100035992.rt-tpg-container .layout4 .rt-holder .rt-detail,\n\t\t\t\t\t.rt-modal-1100035992 .md-content,\n\t\t\t\t\t.rt-modal-1100035992 .md-content > .rt-md-content-holder .rt-md-content,\n\t\t\t\t\t.rt-popup-wrap-1100035992.rt-popup-wrap .rt-popup-navigation-wrap,\n\t\t\t\t\t#rt-tpg-container-1100035992 .carousel9 .rt-holder .overlay .post-info{background-color:#0367bf;}#rt-tpg-container-1100035992 .layout5 .rt-holder .overlay, #rt-tpg-container-1100035992 .isotope2 .rt-holder .overlay, #rt-tpg-container-1100035992 .carousel2 .rt-holder .overlay,#rt-tpg-container-1100035992 .layout15 .rt-holder h3, #rt-tpg-container-1100035992 .isotope11 .rt-holder h3, #rt-tpg-container-1100035992 .carousel11 .rt-holder h3, #rt-tpg-container-1100035992 .layout16 .rt-holder h3,\n\t\t\t\t\t#rt-tpg-container-1100035992 .isotope12 .rt-holder h3, #rt-tpg-container-1100035992 .carousel12 .rt-holder h3 {background-color:rgba(3,103,191,0.8);}#rt-tpg-container-1100035992 .read-more a{border-radius:px;}#rt-tpg-container-1100035992 .rt-img-holder img.rt-img-responsive,#rt-tpg-container-1100035992 .rt-img-holder,\n\t\t\t\t\t#rt-tpg-container-1100035992 .rt-post-overlay .post-img,\n\t\t\t\t\t#rt-tpg-container-1100035992 .post-sm .post-img,\n\t\t\t\t\t#rt-tpg-container-1100035992 .rt-post-grid .post-img,\n\t\t\t\t\t#rt-tpg-container-1100035992 .post-img img {border-radius:px;}<\/style><div class='rt-container-fluid rt-tpg-container tpg-shortcode-main-wrapper  loading' id='rt-tpg-container-1100035992'   data-layout='layout1' data-grid-style='even' data-desktop-col='3'  data-tab-col='2'  data-mobile-col='1' data-sc-id='57684'><div class=\"tpg-widget-heading-wrapper heading-style1 \"><span class=\"tpg-widget-heading-line line-left\"><\/span><h2 class=\"tpg-widget-heading\">Comunicados<\/h2><span class=\"tpg-widget-heading-line\"><\/span><\/div><div id=\"bottom-script-loader\" class=\"bottom-script-loader\"><div class=\"rt-ball-clip-rotate\"><div><\/div><\/div><\/div><div data-title='Cargando...' class='rt-row rt-content-loader   layout1 tpg-even '><div class=\"rt-col-md-4 rt-col-sm-6 rt-col-xs-12 even-grid-item rt-grid-item\" data-id=\"77783\"><div class=\"rt-holder\"><div class=\"rt-img-holder\"><a data-id=\"77783\" class=\"\" href=\"https:\/\/www.cal.org.pe\/v1\/2026\/02\/25\/decision-del-comite-electoral-genera-perjuicio-a-agremiados-al-no-permitir-habilitar-cajas-de-pago-en-jornada-electoral-para-este-28-de-febrero-en-unmsm\/\"><img fetchpriority=\"high\" decoding=\"async\" width=\"800\" height=\"500\" src=\"https:\/\/www.cal.org.pe\/v1\/wp-content\/uploads\/2026\/02\/COMUNICADOS.jpg\" class=\"rt-img-responsive \" alt=\"\" \/><\/a><\/div><div class='rt-detail'><h3 class=\"entry-title\"><a data-id=\"77783\" class=\"\" href=\"https:\/\/www.cal.org.pe\/v1\/2026\/02\/25\/decision-del-comite-electoral-genera-perjuicio-a-agremiados-al-no-permitir-habilitar-cajas-de-pago-en-jornada-electoral-para-este-28-de-febrero-en-unmsm\/\">DECISI\u00d3N DEL COMIT\u00c9 ELECTORAL GENERA PERJUICIO A AGREMIADOS AL NO PERMITIR HABILITAR CAJAS DE PAGO EN JORNADA ELECTORAL PARA ESTE 28 DE FEBRERO EN UNMSM<\/a><\/h3><div class='post-meta-user  '><span class='date'><i class='flaticon-calendar '><\/i>febrero 25, 2026<\/span><span class='categories-links'><i class='flaticon-folder '><\/i><a class=\"direccion-de-economia\" href=\"https:\/\/www.cal.org.pe\/v1\/category\/direccion-de-economia\/\" rel=\"tag\">Direcci\u00f3n de Econom\u00eda<\/a><\/span><\/div><div class='tpg-excerpt'>La Direcci\u00f3n de Econom\u00eda del Colegio de Abogados de Lima informa a nuestros agremiados lo...<\/div><div class='post-meta '><span class='read-more'><a data-id='77783' class='' href='https:\/\/www.cal.org.pe\/v1\/2026\/02\/25\/decision-del-comite-electoral-genera-perjuicio-a-agremiados-al-no-permitir-habilitar-cajas-de-pago-en-jornada-electoral-para-este-28-de-febrero-en-unmsm\/'>Leer m\u00e1s<\/a><\/span><\/div><\/div><\/div><\/div><div class=\"rt-col-md-4 rt-col-sm-6 rt-col-xs-12 even-grid-item rt-grid-item\" data-id=\"74145\"><div class=\"rt-holder\"><div class=\"rt-img-holder\"><a data-id=\"74145\" class=\"\" href=\"https:\/\/www.cal.org.pe\/v1\/2026\/02\/11\/pronunciamiento-sobre-el-senalamiento-del-domicilio-procesal-en-los-procesos-contenciosos-y-no-contenciosos-ante-el-poder-judicial\/\"><img decoding=\"async\" width=\"800\" height=\"500\" src=\"https:\/\/www.cal.org.pe\/v1\/wp-content\/uploads\/2025\/08\/COMUNICADOS.jpg\" class=\"rt-img-responsive \" alt=\"\" \/><\/a><\/div><div class='rt-detail'><h3 class=\"entry-title\"><a data-id=\"74145\" class=\"\" href=\"https:\/\/www.cal.org.pe\/v1\/2026\/02\/11\/pronunciamiento-sobre-el-senalamiento-del-domicilio-procesal-en-los-procesos-contenciosos-y-no-contenciosos-ante-el-poder-judicial\/\">PRONUNCIAMIENTO SOBRE EL SE\u00d1ALAMIENTO DEL DOMICILIO PROCESAL EN LOS PROCESOS CONTENCIOSOS Y NO CONTENCIOSOS ANTE EL PODER JUDICIAL<\/a><\/h3><div class='post-meta-user  '><span class='date'><i class='flaticon-calendar '><\/i>febrero 11, 2026<\/span><span class='categories-links'><i class='flaticon-folder '><\/i><a class=\"junta-directiva\" href=\"https:\/\/www.cal.org.pe\/v1\/category\/junta-directiva\/\" rel=\"tag\">Junta Directiva<\/a><\/span><\/div><div class='tpg-excerpt'>En relaci\u00f3n con las dudas formuladas por diversos abogados respecto del se\u00f1alamiento del domicilio procesal...<\/div><div class='post-meta '><span class='read-more'><a data-id='74145' class='' href='https:\/\/www.cal.org.pe\/v1\/2026\/02\/11\/pronunciamiento-sobre-el-senalamiento-del-domicilio-procesal-en-los-procesos-contenciosos-y-no-contenciosos-ante-el-poder-judicial\/'>Leer m\u00e1s<\/a><\/span><\/div><\/div><\/div><\/div><div class=\"rt-col-md-4 rt-col-sm-6 rt-col-xs-12 even-grid-item rt-grid-item\" data-id=\"74022\"><div class=\"rt-holder\"><div class=\"rt-img-holder\"><a data-id=\"74022\" class=\"\" href=\"https:\/\/www.cal.org.pe\/v1\/2026\/02\/10\/cal-expresa-su-preocupacion-por-graves-decisiones-del-gobierno-que-profundizan-la-inseguridad-juridica-en-materia-contractual-respecto-a-las-grandes-obras-de-infraestructura\/\"><img decoding=\"async\" width=\"800\" height=\"500\" src=\"https:\/\/www.cal.org.pe\/v1\/wp-content\/uploads\/2025\/08\/COMUNICADOS.jpg\" class=\"rt-img-responsive \" alt=\"\" \/><\/a><\/div><div class='rt-detail'><h3 class=\"entry-title\"><a data-id=\"74022\" class=\"\" href=\"https:\/\/www.cal.org.pe\/v1\/2026\/02\/10\/cal-expresa-su-preocupacion-por-graves-decisiones-del-gobierno-que-profundizan-la-inseguridad-juridica-en-materia-contractual-respecto-a-las-grandes-obras-de-infraestructura\/\">CAL EXPRESA SU PREOCUPACI\u00d3N POR GRAVES DECISIONES DEL GOBIERNO QUE PROFUNDIZAN LA INSEGURIDAD JUR\u00cdDICA EN MATERIA CONTRACTUAL RESPECTO A LAS GRANDES OBRAS DE INFRAESTRUCTURA<\/a><\/h3><div class='post-meta-user  '><span class='date'><i class='flaticon-calendar '><\/i>febrero 10, 2026<\/span><span class='categories-links'><i class='flaticon-folder '><\/i><a class=\"junta-directiva\" href=\"https:\/\/www.cal.org.pe\/v1\/category\/junta-directiva\/\" rel=\"tag\">Junta Directiva<\/a><\/span><\/div><div class='tpg-excerpt'>El Colegio de Abogados de Lima (CAL) expresa su profunda preocupaci\u00f3n frente a la grave...<\/div><div class='post-meta '><span class='read-more'><a data-id='74022' class='' href='https:\/\/www.cal.org.pe\/v1\/2026\/02\/10\/cal-expresa-su-preocupacion-por-graves-decisiones-del-gobierno-que-profundizan-la-inseguridad-juridica-en-materia-contractual-respecto-a-las-grandes-obras-de-infraestructura\/'>Leer m\u00e1s<\/a><\/span><\/div><\/div><\/div><\/div><div class=\"rt-col-md-4 rt-col-sm-6 rt-col-xs-12 even-grid-item rt-grid-item\" data-id=\"73868\"><div class=\"rt-holder\"><div class=\"rt-img-holder\"><a data-id=\"73868\" class=\"\" href=\"https:\/\/www.cal.org.pe\/v1\/2026\/02\/06\/cal-informa-sobre-transferencia-de-medio-millon-de-soles-al-comite-electoral-y-bajo-la-supervision-de-la-junta-de-vigilancia-y-direccion-de-economia\/\"><img decoding=\"async\" width=\"800\" height=\"500\" src=\"https:\/\/www.cal.org.pe\/v1\/wp-content\/uploads\/2025\/08\/COMUNICADOS.jpg\" class=\"rt-img-responsive \" alt=\"\" \/><\/a><\/div><div class='rt-detail'><h3 class=\"entry-title\"><a data-id=\"73868\" class=\"\" href=\"https:\/\/www.cal.org.pe\/v1\/2026\/02\/06\/cal-informa-sobre-transferencia-de-medio-millon-de-soles-al-comite-electoral-y-bajo-la-supervision-de-la-junta-de-vigilancia-y-direccion-de-economia\/\">CAL INFORMA SOBRE TRANSFERENCIA DE MEDIO MILL\u00d3N DE SOLES AL COMIT\u00c9 ELECTORAL Y BAJO LA SUPERVISI\u00d3N DE LA JUNTA DE VIGILANCIA Y DIRECCI\u00d3N DE ECONOM\u00cdA<\/a><\/h3><div class='post-meta-user  '><span class='date'><i class='flaticon-calendar '><\/i>febrero 6, 2026<\/span><span class='categories-links'><i class='flaticon-folder '><\/i><a class=\"direccion-de-economia\" href=\"https:\/\/www.cal.org.pe\/v1\/category\/direccion-de-economia\/\" rel=\"tag\">Direcci\u00f3n de Econom\u00eda<\/a><\/span><\/div><div class='tpg-excerpt'>La Direcci\u00f3n de Econom\u00eda del Colegio de Abogados de Lima informa a los agremiados que...<\/div><div class='post-meta '><span class='read-more'><a data-id='73868' class='' href='https:\/\/www.cal.org.pe\/v1\/2026\/02\/06\/cal-informa-sobre-transferencia-de-medio-millon-de-soles-al-comite-electoral-y-bajo-la-supervision-de-la-junta-de-vigilancia-y-direccion-de-economia\/'>Leer m\u00e1s<\/a><\/span><\/div><\/div><\/div><\/div><div class=\"rt-col-md-4 rt-col-sm-6 rt-col-xs-12 even-grid-item rt-grid-item\" data-id=\"73827\"><div class=\"rt-holder\"><div class=\"rt-img-holder\"><a data-id=\"73827\" class=\"\" href=\"https:\/\/www.cal.org.pe\/v1\/2026\/02\/04\/comunicado-del-comite-electoral\/\"><img decoding=\"async\" width=\"800\" height=\"500\" src=\"https:\/\/www.cal.org.pe\/v1\/wp-content\/uploads\/2025\/08\/COMUNICADOS.jpg\" class=\"rt-img-responsive \" alt=\"\" \/><\/a><\/div><div class='rt-detail'><h3 class=\"entry-title\"><a data-id=\"73827\" class=\"\" href=\"https:\/\/www.cal.org.pe\/v1\/2026\/02\/04\/comunicado-del-comite-electoral\/\">COMUNICADO DEL COMIT\u00c9 ELECTORAL<\/a><\/h3><div class='post-meta-user  '><span class='date'><i class='flaticon-calendar '><\/i>febrero 4, 2026<\/span><span class='categories-links'><i class='flaticon-folder '><\/i><a class=\"comite-electoral\" href=\"https:\/\/www.cal.org.pe\/v1\/category\/comite-electoral\/\" rel=\"tag\">Comit\u00e9 Electoral<\/a><\/span><\/div><div class='tpg-excerpt'>...<\/div><div class='post-meta '><span class='read-more'><a data-id='73827' class='' href='https:\/\/www.cal.org.pe\/v1\/2026\/02\/04\/comunicado-del-comite-electoral\/'>Leer m\u00e1s<\/a><\/span><\/div><\/div><\/div><\/div><div class=\"rt-col-md-4 rt-col-sm-6 rt-col-xs-12 even-grid-item rt-grid-item\" data-id=\"73581\"><div class=\"rt-holder\"><div class=\"rt-img-holder\"><a data-id=\"73581\" class=\"\" href=\"https:\/\/www.cal.org.pe\/v1\/2026\/01\/29\/comunicado-002-el-comite-electoral-informa-sobre-el-estado-de-afiliacion-politica-de-los-candidatos-en-los-ultimos-4-anos\/\"><img decoding=\"async\" width=\"800\" height=\"500\" src=\"https:\/\/www.cal.org.pe\/v1\/wp-content\/uploads\/2025\/08\/COMUNICADOS.jpg\" class=\"rt-img-responsive \" alt=\"\" \/><\/a><\/div><div class='rt-detail'><h3 class=\"entry-title\"><a data-id=\"73581\" class=\"\" href=\"https:\/\/www.cal.org.pe\/v1\/2026\/01\/29\/comunicado-002-el-comite-electoral-informa-sobre-el-estado-de-afiliacion-politica-de-los-candidatos-en-los-ultimos-4-anos\/\">COMUNICADO 002: EL COMIT\u00c9 ELECTORAL INFORMA SOBRE EL ESTADO DE AFILIACI\u00d3N POL\u00cdTICA DE LOS CANDIDATOS, EN LOS \u00daLTIMOS 4 A\u00d1OS<\/a><\/h3><div class='post-meta-user  '><span class='date'><i class='flaticon-calendar '><\/i>enero 29, 2026<\/span><span class='categories-links'><i class='flaticon-folder '><\/i><a class=\"comite-electoral\" href=\"https:\/\/www.cal.org.pe\/v1\/category\/comite-electoral\/\" rel=\"tag\">Comit\u00e9 Electoral<\/a><\/span><\/div><div class='tpg-excerpt'>...<\/div><div class='post-meta '><span class='read-more'><a data-id='73581' class='' href='https:\/\/www.cal.org.pe\/v1\/2026\/01\/29\/comunicado-002-el-comite-electoral-informa-sobre-el-estado-de-afiliacion-politica-de-los-candidatos-en-los-ultimos-4-anos\/'>Leer m\u00e1s<\/a><\/span><\/div><\/div><\/div><\/div><div class=\"rt-col-md-4 rt-col-sm-6 rt-col-xs-12 even-grid-item rt-grid-item\" data-id=\"73576\"><div class=\"rt-holder\"><div class=\"rt-img-holder\"><a data-id=\"73576\" class=\"\" href=\"https:\/\/www.cal.org.pe\/v1\/2026\/01\/29\/comunicado-003-el-comite-electoral-informa-sobre-participacion-politica-en-procesos-electorales-y-el-ejercicio-de-cargos-de-eleccion-popular-de-los-candidatos\/\"><img decoding=\"async\" width=\"800\" height=\"500\" src=\"https:\/\/www.cal.org.pe\/v1\/wp-content\/uploads\/2025\/08\/COMUNICADOS.jpg\" class=\"rt-img-responsive \" alt=\"\" \/><\/a><\/div><div class='rt-detail'><h3 class=\"entry-title\"><a data-id=\"73576\" class=\"\" href=\"https:\/\/www.cal.org.pe\/v1\/2026\/01\/29\/comunicado-003-el-comite-electoral-informa-sobre-participacion-politica-en-procesos-electorales-y-el-ejercicio-de-cargos-de-eleccion-popular-de-los-candidatos\/\">COMUNICADO 003: EL COMIT\u00c9 ELECTORAL INFORMA SOBRE PARTICIPACI\u00d3N POL\u00cdTICA EN PROCESOS ELECTORALES Y EL EJERCICIO DE CARGOS DE ELECCI\u00d3N POPULAR DE LOS CANDIDATOS<\/a><\/h3><div class='post-meta-user  '><span class='date'><i class='flaticon-calendar '><\/i>enero 29, 2026<\/span><span class='categories-links'><i class='flaticon-folder '><\/i><a class=\"comite-electoral\" href=\"https:\/\/www.cal.org.pe\/v1\/category\/comite-electoral\/\" rel=\"tag\">Comit\u00e9 Electoral<\/a><\/span><\/div><div class='tpg-excerpt'>...<\/div><div class='post-meta '><span class='read-more'><a data-id='73576' class='' href='https:\/\/www.cal.org.pe\/v1\/2026\/01\/29\/comunicado-003-el-comite-electoral-informa-sobre-participacion-politica-en-procesos-electorales-y-el-ejercicio-de-cargos-de-eleccion-popular-de-los-candidatos\/'>Leer m\u00e1s<\/a><\/span><\/div><\/div><\/div><\/div><div class=\"rt-col-md-4 rt-col-sm-6 rt-col-xs-12 even-grid-item rt-grid-item\" data-id=\"73268\"><div class=\"rt-holder\"><div class=\"rt-img-holder\"><a data-id=\"73268\" class=\"\" href=\"https:\/\/www.cal.org.pe\/v1\/2026\/01\/21\/cal-rechaza-decreto-de-urgencia-n-010-2025-por-vulnerar-principios-constitucionales-en-la-reorganizacion-de-petroperu\/\"><img decoding=\"async\" width=\"800\" height=\"500\" src=\"https:\/\/www.cal.org.pe\/v1\/wp-content\/uploads\/2025\/08\/COMUNICADOS.jpg\" class=\"rt-img-responsive \" alt=\"\" \/><\/a><\/div><div class='rt-detail'><h3 class=\"entry-title\"><a data-id=\"73268\" class=\"\" href=\"https:\/\/www.cal.org.pe\/v1\/2026\/01\/21\/cal-rechaza-decreto-de-urgencia-n-010-2025-por-vulnerar-principios-constitucionales-en-la-reorganizacion-de-petroperu\/\">CAL RECHAZA DECRETO DE URGENCIA N.\u00b0 010-2025 POR VULNERAR PRINCIPIOS CONSTITUCIONALES EN LA REORGANIZACI\u00d3N DE PETROPER\u00da<\/a><\/h3><div class='post-meta-user  '><span class='date'><i class='flaticon-calendar '><\/i>enero 21, 2026<\/span><span class='categories-links'><i class='flaticon-folder '><\/i><a class=\"junta-directiva\" href=\"https:\/\/www.cal.org.pe\/v1\/category\/junta-directiva\/\" rel=\"tag\">Junta Directiva<\/a><\/span><\/div><div class='tpg-excerpt'>El Colegio de Abogados de Lima (CAL) expresa su preocupaci\u00f3n por la promulgaci\u00f3n del Decreto...<\/div><div class='post-meta '><span class='read-more'><a data-id='73268' class='' href='https:\/\/www.cal.org.pe\/v1\/2026\/01\/21\/cal-rechaza-decreto-de-urgencia-n-010-2025-por-vulnerar-principios-constitucionales-en-la-reorganizacion-de-petroperu\/'>Leer m\u00e1s<\/a><\/span><\/div><\/div><\/div><\/div><div class=\"rt-col-md-4 rt-col-sm-6 rt-col-xs-12 even-grid-item rt-grid-item\" data-id=\"73199\"><div class=\"rt-holder\"><div class=\"rt-img-holder\"><a data-id=\"73199\" class=\"\" href=\"https:\/\/www.cal.org.pe\/v1\/2026\/01\/20\/informe-de-transparencia-y-situacion-contable-diciembre-2025\/\"><img decoding=\"async\" width=\"800\" height=\"500\" src=\"https:\/\/www.cal.org.pe\/v1\/wp-content\/uploads\/2025\/08\/COMUNICADOS.jpg\" class=\"rt-img-responsive \" alt=\"\" \/><\/a><\/div><div class='rt-detail'><h3 class=\"entry-title\"><a data-id=\"73199\" class=\"\" href=\"https:\/\/www.cal.org.pe\/v1\/2026\/01\/20\/informe-de-transparencia-y-situacion-contable-diciembre-2025\/\">INFORME DE TRANSPARENCIA Y SITUACI\u00d3N CONTABLE &#8211; DICIEMBRE 2025<\/a><\/h3><div class='post-meta-user  '><span class='date'><i class='flaticon-calendar '><\/i>enero 20, 2026<\/span><span class='categories-links'><i class='flaticon-folder '><\/i><a class=\"direccion-de-economia\" href=\"https:\/\/www.cal.org.pe\/v1\/category\/direccion-de-economia\/\" rel=\"tag\">Direcci\u00f3n de Econom\u00eda<\/a><\/span><\/div><div class='tpg-excerpt'>Estimados colegas: Los saludamos cordialmente y nos dirigimos a ustedes, en el marco de nuestra...<\/div><div class='post-meta '><span class='read-more'><a data-id='73199' class='' href='https:\/\/www.cal.org.pe\/v1\/2026\/01\/20\/informe-de-transparencia-y-situacion-contable-diciembre-2025\/'>Leer m\u00e1s<\/a><\/span><\/div><\/div><\/div><\/div><\/div><div class='rt-pagination-wrap' data-total-pages='19' data-posts-per-page='9' data-type='pagination'  ><div class=\"rt-pagination\" ><ul class=\"pagination-list\"><li class=\"active\"><span>1<\/span><\/li><li><a data-paged='2' href='https:\/\/www.cal.org.pe\/v1\/wp-json\/wp\/v2\/pages\/57809\/page\/2\/'>2<\/a><\/li><li><a data-paged='3' href='https:\/\/www.cal.org.pe\/v1\/wp-json\/wp\/v2\/pages\/57809\/page\/3\/'>3<\/a><\/li><li><a data-paged='4' href='https:\/\/www.cal.org.pe\/v1\/wp-json\/wp\/v2\/pages\/57809\/page\/4\/'>4<\/a><\/li><li><a data-paged='5' href='https:\/\/www.cal.org.pe\/v1\/wp-json\/wp\/v2\/pages\/57809\/page\/5\/'>5<\/a><\/li><li><a data-paged='2' href=\"https:\/\/www.cal.org.pe\/v1\/wp-json\/wp\/v2\/pages\/57809\/page\/2\/\"  aria-label='Next'>&rsaquo;<\/a><\/li><li><a data-paged='19' href='https:\/\/www.cal.org.pe\/v1\/wp-json\/wp\/v2\/pages\/57809\/page\/19\/' aria-label='Last'>&raquo;<\/a><\/li><\/ul><\/div><\/div><\/div>\n\n\n\n\n\n\n\n\n\n\n<p><\/p>\n","protected":false},"excerpt":{"rendered":"","protected":false},"author":3,"featured_media":0,"parent":0,"menu_order":0,"comment_status":"closed","ping_status":"closed","template":"","meta":{"pagelayer_contact_templates":[],"_pagelayer_content":"","footnotes":""},"class_list":["post-57809","page","type-page","status-publish","hentry"],"rttpg_featured_image_url":null,"rttpg_author":{"display_name":"Prensa CAL","author_link":"https:\/\/www.cal.org.pe\/v1\/author\/prensa-cal\/"},"rttpg_comment":0,"rttpg_category":"","rttpg_excerpt":null,"_links":{"self":[{"href":"https:\/\/www.cal.org.pe\/v1\/wp-json\/wp\/v2\/pages\/57809","targetHints":{"allow":["GET"]}}],"collection":[{"href":"https:\/\/www.cal.org.pe\/v1\/wp-json\/wp\/v2\/pages"}],"about":[{"href":"https:\/\/www.cal.org.pe\/v1\/wp-json\/wp\/v2\/types\/page"}],"author":[{"embeddable":true,"href":"https:\/\/www.cal.org.pe\/v1\/wp-json\/wp\/v2\/users\/3"}],"replies":[{"embeddable":true,"href":"https:\/\/www.cal.org.pe\/v1\/wp-json\/wp\/v2\/comments?post=57809"}],"version-history":[{"count":4,"href":"https:\/\/www.cal.org.pe\/v1\/wp-json\/wp\/v2\/pages\/57809\/revisions"}],"predecessor-version":[{"id":57845,"href":"https:\/\/www.cal.org.pe\/v1\/wp-json\/wp\/v2\/pages\/57809\/revisions\/57845"}],"wp:attachment":[{"href":"https:\/\/www.cal.org.pe\/v1\/wp-json\/wp\/v2\/media?parent=57809"}],"curies":[{"name":"wp","href":"https:\/\/api.w.org\/{rel}","templated":true}]}}