{"id":57677,"date":"2024-09-19T00:01:05","date_gmt":"2024-09-19T00:01:05","guid":{"rendered":"https:\/\/www.cal.org.pe\/v1\/?page_id=57677"},"modified":"2024-09-21T00:29:58","modified_gmt":"2024-09-21T00:29:58","slug":"prensa","status":"publish","type":"page","link":"https:\/\/www.cal.org.pe\/v1\/prensa\/","title":{"rendered":"Prensa"},"content":{"rendered":"\n\n\n\n\n<h2>Prensa<\/h2>\n\n\n<h5>Direcci\u00f3n de Comunicaciones e Inform\u00e1tica Jur\u00eddica<\/h5>\n\n\n\n\n\n\n\n<h4>Categorias<\/h4>\n\n\nNotas de prensa\nComunicados\nPronunciamientos\nAvisos\n\n\n\nBolsa de trabajo\n\n\n\nFormaci\u00f3n integral\nEventos acad\u00e9micos\n\n\n\n\n<h3>Publicaciones<\/h3>\n\n\n\n<style type='text\/css' media='all'>#rt-tpg-container-916459541 .rt-holder .rt-woo-info .price{color:#0367bf;}body .rt-tpg-container .rt-tpg-isotope-buttons .selected,\n\t\t\t\t\t#rt-tpg-container-916459541 .layout12 .rt-holder:hover .rt-detail,\n\t\t\t\t\t#rt-tpg-container-916459541 .isotope8 .rt-holder:hover .rt-detail,\n\t\t\t\t\t#rt-tpg-container-916459541 .carousel8 .rt-holder:hover .rt-detail,\n\t\t\t\t\t#rt-tpg-container-916459541 .layout13 .rt-holder .overlay .post-info,\n\t\t\t\t\t#rt-tpg-container-916459541 .isotope9 .rt-holder .overlay .post-info,\n\t\t\t\t\t#rt-tpg-container-916459541.rt-tpg-container .layout4 .rt-holder .rt-detail,\n\t\t\t\t\t.rt-modal-916459541 .md-content,\n\t\t\t\t\t.rt-modal-916459541 .md-content > .rt-md-content-holder .rt-md-content,\n\t\t\t\t\t.rt-popup-wrap-916459541.rt-popup-wrap .rt-popup-navigation-wrap,\n\t\t\t\t\t#rt-tpg-container-916459541 .carousel9 .rt-holder .overlay .post-info{background-color:#0367bf;}#rt-tpg-container-916459541 .layout5 .rt-holder .overlay, #rt-tpg-container-916459541 .isotope2 .rt-holder .overlay, #rt-tpg-container-916459541 .carousel2 .rt-holder .overlay,#rt-tpg-container-916459541 .layout15 .rt-holder h3, #rt-tpg-container-916459541 .isotope11 .rt-holder h3, #rt-tpg-container-916459541 .carousel11 .rt-holder h3, #rt-tpg-container-916459541 .layout16 .rt-holder h3,\n\t\t\t\t\t#rt-tpg-container-916459541 .isotope12 .rt-holder h3, #rt-tpg-container-916459541 .carousel12 .rt-holder h3 {background-color:rgba(3,103,191,0.8);}#rt-tpg-container-916459541 .read-more a{border-radius:px;}#rt-tpg-container-916459541 .rt-img-holder img.rt-img-responsive,#rt-tpg-container-916459541 .rt-img-holder,\n\t\t\t\t\t#rt-tpg-container-916459541 .rt-post-overlay .post-img,\n\t\t\t\t\t#rt-tpg-container-916459541 .post-sm .post-img,\n\t\t\t\t\t#rt-tpg-container-916459541 .rt-post-grid .post-img,\n\t\t\t\t\t#rt-tpg-container-916459541 .post-img img {border-radius:px;}<\/style><div class='rt-container-fluid rt-tpg-container tpg-shortcode-main-wrapper  loading' id='rt-tpg-container-916459541'   data-layout='layout12' data-grid-style='even' data-desktop-col='3'  data-tab-col='2'  data-mobile-col='1' data-sc-id='392'><div id=\"bottom-script-loader\" class=\"bottom-script-loader\"><div class=\"rt-ball-clip-rotate\"><div><\/div><\/div><\/div><div data-title='Cargando...' class='rt-row rt-content-loader   layout12 tpg-even '><div class=\"rt-col-md-4 rt-col-sm-6 rt-col-xs-12 even-grid-item rt-grid-item\" data-id=\"92274\"><div class=\"rt-holder\"><div class=\"rt-img-holder\"><a data-id='92274' class='' href='https:\/\/www.cal.org.pe\/v1\/2026\/05\/07\/corte-suprema-de-justicia-de-la-republica-proceso-de-seleccion-de-personal-n-094-2026-d-leg-n-1057-suplencia\/'><img fetchpriority=\"high\" decoding=\"async\" width=\"800\" height=\"500\" src=\"https:\/\/www.cal.org.pe\/v1\/wp-content\/uploads\/2025\/11\/544843552_1224988692997616_1270447393534197562_n.jpg\" class=\"rt-img-responsive \" alt=\"\" \/><\/a><\/div> <div class='rt-detail'><div class='post-meta-user '><span class='date-meta'><i class='flaticon-calendar '><\/i>mayo 7, 2026<\/span><span class='categories-links'><i class='flaticon-folder '><\/i><a class=\"bolsa-de-trabajo\" href=\"https:\/\/www.cal.org.pe\/v1\/category\/bolsa-de-trabajo\/\" rel=\"tag\">Bolsa de Trabajo<\/a><\/span><\/div><h3 class=\"entry-title\"><a data-id=\"92274\" class=\"\" href=\"https:\/\/www.cal.org.pe\/v1\/2026\/05\/07\/corte-suprema-de-justicia-de-la-republica-proceso-de-seleccion-de-personal-n-094-2026-d-leg-n-1057-suplencia\/\">CORTE SUPREMA DE JUSTICIA DE LA REP\u00daBLICA PROCESO DE SELECCI\u00d3N DE PERSONAL N.\u00b0 094-2026 D. Leg. N\u00b0 1057 (SUPLENCIA)<\/a><\/h3><div class='tpg-excerpt'>El Comit\u00e9 de Selecci\u00f3n de Personal Ad Hoc de la Corte Suprema de Justicia de...<\/div><div class='post-meta '><span class='read-more'><a data-id='92274' class='' href='https:\/\/www.cal.org.pe\/v1\/2026\/05\/07\/corte-suprema-de-justicia-de-la-republica-proceso-de-seleccion-de-personal-n-094-2026-d-leg-n-1057-suplencia\/'>Leer m\u00e1s<\/a><\/span><\/div><\/div><\/div><\/div><div class=\"rt-col-md-4 rt-col-sm-6 rt-col-xs-12 even-grid-item rt-grid-item\" data-id=\"92264\"><div class=\"rt-holder\"><div class=\"rt-img-holder\"><a data-id='92264' class='' href='https:\/\/www.cal.org.pe\/v1\/2026\/05\/07\/corte-suprema-de-justicia-de-la-republica-proceso-de-seleccion-de-personal-n-093-2026-d-leg-n-1057-necesidades-transitorias\/'><img fetchpriority=\"high\" decoding=\"async\" width=\"800\" height=\"500\" src=\"https:\/\/www.cal.org.pe\/v1\/wp-content\/uploads\/2025\/11\/544843552_1224988692997616_1270447393534197562_n.jpg\" class=\"rt-img-responsive \" alt=\"\" \/><\/a><\/div> <div class='rt-detail'><div class='post-meta-user '><span class='date-meta'><i class='flaticon-calendar '><\/i>mayo 7, 2026<\/span><span class='categories-links'><i class='flaticon-folder '><\/i><a class=\"bolsa-de-trabajo\" href=\"https:\/\/www.cal.org.pe\/v1\/category\/bolsa-de-trabajo\/\" rel=\"tag\">Bolsa de Trabajo<\/a><\/span><\/div><h3 class=\"entry-title\"><a data-id=\"92264\" class=\"\" href=\"https:\/\/www.cal.org.pe\/v1\/2026\/05\/07\/corte-suprema-de-justicia-de-la-republica-proceso-de-seleccion-de-personal-n-093-2026-d-leg-n-1057-necesidades-transitorias\/\">CORTE SUPREMA DE JUSTICIA DE LA REP\u00daBLICA PROCESO DE SELECCI\u00d3N DE PERSONAL N.\u00b0 093-2026 D. Leg. N\u00b0 1057 (NECESIDADES TRANSITORIAS)<\/a><\/h3><div class='tpg-excerpt'>El Comit\u00e9 de Selecci\u00f3n de Personal Ad Hoc de la Corte Suprema de Justicia de...<\/div><div class='post-meta '><span class='read-more'><a data-id='92264' class='' href='https:\/\/www.cal.org.pe\/v1\/2026\/05\/07\/corte-suprema-de-justicia-de-la-republica-proceso-de-seleccion-de-personal-n-093-2026-d-leg-n-1057-necesidades-transitorias\/'>Leer m\u00e1s<\/a><\/span><\/div><\/div><\/div><\/div><div class=\"rt-col-md-4 rt-col-sm-6 rt-col-xs-12 even-grid-item rt-grid-item\" data-id=\"92258\"><div class=\"rt-holder\"><div class=\"rt-img-holder\"><a data-id='92258' class='' href='https:\/\/www.cal.org.pe\/v1\/2026\/05\/07\/consejo-ejecutivo-del-poder-judicial-proceso-de-seleccion-de-personal-n-092-2026-d-leg-n-1057-necesidad-transitoria\/'><img fetchpriority=\"high\" decoding=\"async\" width=\"800\" height=\"500\" src=\"https:\/\/www.cal.org.pe\/v1\/wp-content\/uploads\/2025\/11\/544843552_1224988692997616_1270447393534197562_n.jpg\" class=\"rt-img-responsive \" alt=\"\" \/><\/a><\/div> <div class='rt-detail'><div class='post-meta-user '><span class='date-meta'><i class='flaticon-calendar '><\/i>mayo 7, 2026<\/span><span class='categories-links'><i class='flaticon-folder '><\/i><a class=\"bolsa-de-trabajo\" href=\"https:\/\/www.cal.org.pe\/v1\/category\/bolsa-de-trabajo\/\" rel=\"tag\">Bolsa de Trabajo<\/a><\/span><\/div><h3 class=\"entry-title\"><a data-id=\"92258\" class=\"\" href=\"https:\/\/www.cal.org.pe\/v1\/2026\/05\/07\/consejo-ejecutivo-del-poder-judicial-proceso-de-seleccion-de-personal-n-092-2026-d-leg-n-1057-necesidad-transitoria\/\">CONSEJO EJECUTIVO DEL PODER JUDICIAL PROCESO DE SELECCI\u00d3N DE PERSONAL N.\u00b0 092-2026 D. Leg. N\u00b0 1057 (NECESIDAD TRANSITORIA)<\/a><\/h3><div class='tpg-excerpt'>El Comit\u00e9 de Selecci\u00f3n de Personal Ad Hoc del Consejo Ejecutivo del Poder Judicial pone...<\/div><div class='post-meta '><span class='read-more'><a data-id='92258' class='' href='https:\/\/www.cal.org.pe\/v1\/2026\/05\/07\/consejo-ejecutivo-del-poder-judicial-proceso-de-seleccion-de-personal-n-092-2026-d-leg-n-1057-necesidad-transitoria\/'>Leer m\u00e1s<\/a><\/span><\/div><\/div><\/div><\/div><div class=\"rt-col-md-4 rt-col-sm-6 rt-col-xs-12 even-grid-item rt-grid-item\" data-id=\"92251\"><div class=\"rt-holder\"><div class=\"rt-img-holder\"><a data-id='92251' class='' href='https:\/\/www.cal.org.pe\/v1\/2026\/05\/07\/corte-suprema-de-justicia-de-la-republica-proceso-de-seleccion-de-personal-n-091-2026-d-leg-n-o-1057-necesidades-transitorias\/'><img fetchpriority=\"high\" decoding=\"async\" width=\"800\" height=\"500\" src=\"https:\/\/www.cal.org.pe\/v1\/wp-content\/uploads\/2025\/11\/544843552_1224988692997616_1270447393534197562_n.jpg\" class=\"rt-img-responsive \" alt=\"\" \/><\/a><\/div> <div class='rt-detail'><div class='post-meta-user '><span class='date-meta'><i class='flaticon-calendar '><\/i>mayo 7, 2026<\/span><span class='categories-links'><i class='flaticon-folder '><\/i><a class=\"bolsa-de-trabajo\" href=\"https:\/\/www.cal.org.pe\/v1\/category\/bolsa-de-trabajo\/\" rel=\"tag\">Bolsa de Trabajo<\/a><\/span><\/div><h3 class=\"entry-title\"><a data-id=\"92251\" class=\"\" href=\"https:\/\/www.cal.org.pe\/v1\/2026\/05\/07\/corte-suprema-de-justicia-de-la-republica-proceso-de-seleccion-de-personal-n-091-2026-d-leg-n-o-1057-necesidades-transitorias\/\">CORTE SUPREMA DE JUSTICIA DE LA REP\u00daBLICA PROCESO DE SELECCI\u00d3N DE PERSONAL N.\u00b0 091-2026 D. Leg. N.\u00ba 1057 (NECESIDADES TRANSITORIAS)<\/a><\/h3><div class='tpg-excerpt'>El Comit\u00e9 de Selecci\u00f3n de Personal Ad Hoc de la Corte Suprema de Justicia de...<\/div><div class='post-meta '><span class='read-more'><a data-id='92251' class='' href='https:\/\/www.cal.org.pe\/v1\/2026\/05\/07\/corte-suprema-de-justicia-de-la-republica-proceso-de-seleccion-de-personal-n-091-2026-d-leg-n-o-1057-necesidades-transitorias\/'>Leer m\u00e1s<\/a><\/span><\/div><\/div><\/div><\/div><div class=\"rt-col-md-4 rt-col-sm-6 rt-col-xs-12 even-grid-item rt-grid-item\" data-id=\"92209\"><div class=\"rt-holder\"><div class=\"rt-img-holder\"><a data-id='92209' class='' href='https:\/\/www.cal.org.pe\/v1\/2026\/05\/07\/decana-del-colegio-de-abogados-de-lima-solicita-al-presidente-de-la-republica-observar-ley-por-ser-inconstitucional\/'><img decoding=\"async\" width=\"800\" height=\"500\" src=\"https:\/\/www.cal.org.pe\/v1\/wp-content\/uploads\/2026\/02\/COMUNICADOS.jpg\" class=\"rt-img-responsive \" alt=\"\" \/><\/a><\/div> <div class='rt-detail'><div class='post-meta-user '><span class='date-meta'><i class='flaticon-calendar '><\/i>mayo 7, 2026<\/span><span class='categories-links'><i class='flaticon-folder '><\/i><a class=\"notas-de-prensa\" href=\"https:\/\/www.cal.org.pe\/v1\/category\/notas-de-prensa\/\" rel=\"tag\">Notas de Prensa<\/a><\/span><\/div><h3 class=\"entry-title\"><a data-id=\"92209\" class=\"\" href=\"https:\/\/www.cal.org.pe\/v1\/2026\/05\/07\/decana-del-colegio-de-abogados-de-lima-solicita-al-presidente-de-la-republica-observar-ley-por-ser-inconstitucional\/\">DECANA DEL COLEGIO DE ABOGADOS DE LIMA SOLICITA AL PRESIDENTE DE LA REP\u00daBLICA OBSERVAR LEY POR SER INCONSTITUCIONAL<\/a><\/h3><div class='tpg-excerpt'>...<\/div><div class='post-meta '><span class='read-more'><a data-id='92209' class='' href='https:\/\/www.cal.org.pe\/v1\/2026\/05\/07\/decana-del-colegio-de-abogados-de-lima-solicita-al-presidente-de-la-republica-observar-ley-por-ser-inconstitucional\/'>Leer m\u00e1s<\/a><\/span><\/div><\/div><\/div><\/div><div class=\"rt-col-md-4 rt-col-sm-6 rt-col-xs-12 even-grid-item rt-grid-item\" data-id=\"92135\"><div class=\"rt-holder\"><div class=\"rt-img-holder\"><a data-id='92135' class='' href='https:\/\/www.cal.org.pe\/v1\/2026\/05\/06\/concurso-de-seleccion-de-jueces-supernumerarios-corte-superior-de-justicia-de-la-selva-central-convocatoria-n-001-2026-cdsjs-csjsc-pj\/'><img fetchpriority=\"high\" decoding=\"async\" width=\"800\" height=\"500\" src=\"https:\/\/www.cal.org.pe\/v1\/wp-content\/uploads\/2025\/11\/544843552_1224988692997616_1270447393534197562_n.jpg\" class=\"rt-img-responsive \" alt=\"\" \/><\/a><\/div> <div class='rt-detail'><div class='post-meta-user '><span class='date-meta'><i class='flaticon-calendar '><\/i>mayo 6, 2026<\/span><span class='categories-links'><i class='flaticon-folder '><\/i><a class=\"bolsa-de-trabajo\" href=\"https:\/\/www.cal.org.pe\/v1\/category\/bolsa-de-trabajo\/\" rel=\"tag\">Bolsa de Trabajo<\/a><\/span><\/div><h3 class=\"entry-title\"><a data-id=\"92135\" class=\"\" href=\"https:\/\/www.cal.org.pe\/v1\/2026\/05\/06\/concurso-de-seleccion-de-jueces-supernumerarios-corte-superior-de-justicia-de-la-selva-central-convocatoria-n-001-2026-cdsjs-csjsc-pj\/\">CONCURSO DE SELECCI\u00d3N DE JUECES SUPERNUMERARIOS CORTE SUPERIOR DE JUSTICIA DE LA SELVA CENTRAL CONVOCATORIA N 001-2026-CDSJS-CSJSC-PJ)<\/a><\/h3><div class='tpg-excerpt'>La Comisi\u00f3n Distrital de Selecci\u00f3n de Jueces Supernumerarios de la Corte Superior de Justicia de...<\/div><div class='post-meta '><span class='read-more'><a data-id='92135' class='' href='https:\/\/www.cal.org.pe\/v1\/2026\/05\/06\/concurso-de-seleccion-de-jueces-supernumerarios-corte-superior-de-justicia-de-la-selva-central-convocatoria-n-001-2026-cdsjs-csjsc-pj\/'>Leer m\u00e1s<\/a><\/span><\/div><\/div><\/div><\/div><div class=\"rt-col-md-4 rt-col-sm-6 rt-col-xs-12 even-grid-item rt-grid-item\" data-id=\"91910\"><div class=\"rt-holder\"><div class=\"rt-img-holder\"><a data-id='91910' class='' href='https:\/\/www.cal.org.pe\/v1\/2026\/04\/29\/corte-suprema-de-justicia-de-la-republica-proceso-de-seleccion-de-personal-n-084-2026-d-leg-n-1057-necesidad-transitoria\/'><img fetchpriority=\"high\" decoding=\"async\" width=\"800\" height=\"500\" src=\"https:\/\/www.cal.org.pe\/v1\/wp-content\/uploads\/2025\/11\/544843552_1224988692997616_1270447393534197562_n.jpg\" class=\"rt-img-responsive \" alt=\"\" \/><\/a><\/div> <div class='rt-detail'><div class='post-meta-user '><span class='date-meta'><i class='flaticon-calendar '><\/i>abril 29, 2026<\/span><span class='categories-links'><i class='flaticon-folder '><\/i><a class=\"bolsa-de-trabajo\" href=\"https:\/\/www.cal.org.pe\/v1\/category\/bolsa-de-trabajo\/\" rel=\"tag\">Bolsa de Trabajo<\/a><\/span><\/div><h3 class=\"entry-title\"><a data-id=\"91910\" class=\"\" href=\"https:\/\/www.cal.org.pe\/v1\/2026\/04\/29\/corte-suprema-de-justicia-de-la-republica-proceso-de-seleccion-de-personal-n-084-2026-d-leg-n-1057-necesidad-transitoria\/\">CORTE SUPREMA DE JUSTICIA DE LA REP\u00daBLICA PROCESO DE SELECCI\u00d3N DE PERSONAL N.\u00b0 084-2026 D. Leg. N\u00b0 1057 (NECESIDAD TRANSITORIA)<\/a><\/h3><div class='tpg-excerpt'>El Comit\u00e9 de Selecci\u00f3n de Personal Ad Hoc de la Corte Suprema de Justicia de...<\/div><div class='post-meta '><span class='read-more'><a data-id='91910' class='' href='https:\/\/www.cal.org.pe\/v1\/2026\/04\/29\/corte-suprema-de-justicia-de-la-republica-proceso-de-seleccion-de-personal-n-084-2026-d-leg-n-1057-necesidad-transitoria\/'>Leer m\u00e1s<\/a><\/span><\/div><\/div><\/div><\/div><div class=\"rt-col-md-4 rt-col-sm-6 rt-col-xs-12 even-grid-item rt-grid-item\" data-id=\"91905\"><div class=\"rt-holder\"><div class=\"rt-img-holder\"><a data-id='91905' class='' href='https:\/\/www.cal.org.pe\/v1\/2026\/04\/29\/corte-suprema-de-justicia-de-la-republica-proceso-de-seleccion-de-personal-n-083-2026-d-leg-n-1057-necesidades-transitorias\/'><img fetchpriority=\"high\" decoding=\"async\" width=\"800\" height=\"500\" src=\"https:\/\/www.cal.org.pe\/v1\/wp-content\/uploads\/2025\/11\/544843552_1224988692997616_1270447393534197562_n.jpg\" class=\"rt-img-responsive \" alt=\"\" \/><\/a><\/div> <div class='rt-detail'><div class='post-meta-user '><span class='date-meta'><i class='flaticon-calendar '><\/i>abril 29, 2026<\/span><span class='categories-links'><i class='flaticon-folder '><\/i><a class=\"bolsa-de-trabajo\" href=\"https:\/\/www.cal.org.pe\/v1\/category\/bolsa-de-trabajo\/\" rel=\"tag\">Bolsa de Trabajo<\/a><\/span><\/div><h3 class=\"entry-title\"><a data-id=\"91905\" class=\"\" href=\"https:\/\/www.cal.org.pe\/v1\/2026\/04\/29\/corte-suprema-de-justicia-de-la-republica-proceso-de-seleccion-de-personal-n-083-2026-d-leg-n-1057-necesidades-transitorias\/\">CORTE SUPREMA DE JUSTICIA DE LA REP\u00daBLICA PROCESO DE SELECCI\u00d3N DE PERSONAL N.\u00b0 083-2026 D. Leg. N\u00b0 1057 (NECESIDADES TRANSITORIAS)<\/a><\/h3><div class='tpg-excerpt'>El Comit\u00e9 de Selecci\u00f3n de Personal Ad Hoc de la Corte Suprema de Justicia de...<\/div><div class='post-meta '><span class='read-more'><a data-id='91905' class='' href='https:\/\/www.cal.org.pe\/v1\/2026\/04\/29\/corte-suprema-de-justicia-de-la-republica-proceso-de-seleccion-de-personal-n-083-2026-d-leg-n-1057-necesidades-transitorias\/'>Leer m\u00e1s<\/a><\/span><\/div><\/div><\/div><\/div><div class=\"rt-col-md-4 rt-col-sm-6 rt-col-xs-12 even-grid-item rt-grid-item\" data-id=\"91501\"><div class=\"rt-holder\"><div class=\"rt-img-holder\"><a data-id='91501' class='' href='https:\/\/www.cal.org.pe\/v1\/2026\/04\/22\/corte-suprema-de-justicia-de-la-republica-proceso-de-seleccion-de-personal-n-080-2026-d-leg-n-1057-necesidades-transitorias\/'><img fetchpriority=\"high\" decoding=\"async\" width=\"800\" height=\"500\" src=\"https:\/\/www.cal.org.pe\/v1\/wp-content\/uploads\/2025\/11\/544843552_1224988692997616_1270447393534197562_n.jpg\" class=\"rt-img-responsive \" alt=\"\" \/><\/a><\/div> <div class='rt-detail'><div class='post-meta-user '><span class='date-meta'><i class='flaticon-calendar '><\/i>abril 22, 2026<\/span><span class='categories-links'><i class='flaticon-folder '><\/i><a class=\"bolsa-de-trabajo\" href=\"https:\/\/www.cal.org.pe\/v1\/category\/bolsa-de-trabajo\/\" rel=\"tag\">Bolsa de Trabajo<\/a><\/span><\/div><h3 class=\"entry-title\"><a data-id=\"91501\" class=\"\" href=\"https:\/\/www.cal.org.pe\/v1\/2026\/04\/22\/corte-suprema-de-justicia-de-la-republica-proceso-de-seleccion-de-personal-n-080-2026-d-leg-n-1057-necesidades-transitorias\/\">CORTE SUPREMA DE JUSTICIA DE LA REP\u00daBLICA PROCESO DE SELECCI\u00d3N DE PERSONAL N.\u00b0 080-2026 D. Leg. N\u00b0 1057 (NECESIDADES TRANSITORIAS)<\/a><\/h3><div class='tpg-excerpt'>El Comit\u00e9 de Selecci\u00f3n de Personal Ad Hoc de la Corte Suprema de Justicia de...<\/div><div class='post-meta '><span class='read-more'><a data-id='91501' class='' href='https:\/\/www.cal.org.pe\/v1\/2026\/04\/22\/corte-suprema-de-justicia-de-la-republica-proceso-de-seleccion-de-personal-n-080-2026-d-leg-n-1057-necesidades-transitorias\/'>Leer m\u00e1s<\/a><\/span><\/div><\/div><\/div><\/div><\/div><div class='rt-pagination-wrap' data-total-pages='107' data-posts-per-page='9' data-type='pagination'  ><div class=\"rt-pagination\" ><ul class=\"pagination-list\"><li class=\"active\"><span>1<\/span><\/li><li><a data-paged='2' href='https:\/\/www.cal.org.pe\/v1\/wp-json\/wp\/v2\/pages\/57677\/page\/2\/'>2<\/a><\/li><li><a data-paged='3' href='https:\/\/www.cal.org.pe\/v1\/wp-json\/wp\/v2\/pages\/57677\/page\/3\/'>3<\/a><\/li><li><a data-paged='4' href='https:\/\/www.cal.org.pe\/v1\/wp-json\/wp\/v2\/pages\/57677\/page\/4\/'>4<\/a><\/li><li><a data-paged='5' href='https:\/\/www.cal.org.pe\/v1\/wp-json\/wp\/v2\/pages\/57677\/page\/5\/'>5<\/a><\/li><li><a data-paged='2' href=\"https:\/\/www.cal.org.pe\/v1\/wp-json\/wp\/v2\/pages\/57677\/page\/2\/\"  aria-label='Next'>&rsaquo;<\/a><\/li><li><a data-paged='107' href='https:\/\/www.cal.org.pe\/v1\/wp-json\/wp\/v2\/pages\/57677\/page\/107\/' aria-label='Last'>&raquo;<\/a><\/li><\/ul><\/div><\/div><\/div>\n\n\n\n\n\n\n\n\n\n\n<p><\/p>\n","protected":false},"excerpt":{"rendered":"","protected":false},"author":3,"featured_media":0,"parent":0,"menu_order":0,"comment_status":"closed","ping_status":"closed","template":"","meta":{"pagelayer_contact_templates":[],"_pagelayer_content":"","footnotes":""},"class_list":["post-57677","page","type-page","status-publish","hentry"],"rttpg_featured_image_url":null,"rttpg_author":{"display_name":"Prensa CAL","author_link":"https:\/\/www.cal.org.pe\/v1\/author\/prensa-cal\/"},"rttpg_comment":0,"rttpg_category":"","rttpg_excerpt":null,"_links":{"self":[{"href":"https:\/\/www.cal.org.pe\/v1\/wp-json\/wp\/v2\/pages\/57677","targetHints":{"allow":["GET"]}}],"collection":[{"href":"https:\/\/www.cal.org.pe\/v1\/wp-json\/wp\/v2\/pages"}],"about":[{"href":"https:\/\/www.cal.org.pe\/v1\/wp-json\/wp\/v2\/types\/page"}],"author":[{"embeddable":true,"href":"https:\/\/www.cal.org.pe\/v1\/wp-json\/wp\/v2\/users\/3"}],"replies":[{"embeddable":true,"href":"https:\/\/www.cal.org.pe\/v1\/wp-json\/wp\/v2\/comments?post=57677"}],"version-history":[{"count":13,"href":"https:\/\/www.cal.org.pe\/v1\/wp-json\/wp\/v2\/pages\/57677\/revisions"}],"predecessor-version":[{"id":92217,"href":"https:\/\/www.cal.org.pe\/v1\/wp-json\/wp\/v2\/pages\/57677\/revisions\/92217"}],"wp:attachment":[{"href":"https:\/\/www.cal.org.pe\/v1\/wp-json\/wp\/v2\/media?parent=57677"}],"curies":[{"name":"wp","href":"https:\/\/api.w.org\/{rel}","templated":true}]}}