{"id":57141,"date":"2024-09-12T00:17:28","date_gmt":"2024-09-12T05:17:28","guid":{"rendered":"https:\/\/www.cal.org.pe\/v1\/?page_id=57141"},"modified":"2025-12-17T17:43:44","modified_gmt":"2025-12-17T22:43:44","slug":"tasas-administrativas","status":"publish","type":"page","link":"https:\/\/www.cal.org.pe\/v1\/tasas-administrativas\/","title":{"rendered":"Tasas Administrativas"},"content":{"rendered":"\n\n\n\n\n<h2>Tasas Administrativas<\/h2>\n\n\n<h5>Algunos puntos clave<\/h5>\n\n\n<p [object NamedNodeMap]><\/p>\n\n\n\n\n\n\n\n\n<h4>Introducci\u00f3n<\/h4>\n\n<table border=\"0\" width=\"100%\" cellspacing=\"0\" cellpadding=\"0\" align=\"center\">\n<tbody>\n\n\n<tr>\n<td bgcolor=\"#3263CE\" width=\"218\">\n<p align=\"center\">\n<\/p><p align=\"left\"><strong style=\"color:white !important;\">SERVICO DE VENTA<\/strong><\/p>\n<p><\/p> \n<\/td>\n<td bgcolor=\"#3263CE\" width=\"84\">\n<p align=\"center\"><strong style=\"color:white !important;\">ABOGADO<\/strong><\/p>\n<\/td>\n<td bgcolor=\"#3263CE\" width=\"107\">\n<p align=\"center\"><strong style=\"color:white !important;\">PARTICULAR Y\/O EMPRESA<\/strong><\/p>\n<\/td>\n<td bgcolor=\"#3263CE\" width=\"3\">&nbsp;<\/td>\n<\/tr>\n<tr>\n<td bgcolor=\"#F1F1F1\">&nbsp;<\/td>\n<td bgcolor=\"#F1F1F1\">&nbsp;<\/td>\n<td bgcolor=\"#F1F1F1\">&nbsp;<\/td>\n<td bgcolor=\"#F1F1F1\">&nbsp;<\/td>\n<\/tr>\n<tr>\n<td bgcolor=\"#F1F1F1\">\n<p align=\"left\">Carta de Presentaci\u00f3n<\/p>\n<\/td>\n<td bgcolor=\"#F1F1F1\">\n<p align=\"center\">36.00<\/p>\n<\/td>\n<td bgcolor=\"#F1F1F1\">\n<p align=\"center\">76.00<\/p>\n<\/td>\n<td bgcolor=\"#F1F1F1\">&nbsp;<\/td>\n<\/tr>\n<tr>\n<td bgcolor=\"#F1F1F1\">\n<p align=\"left\">Incorporaci\u00f3n Privada<\/p>\n<\/td>\n<td bgcolor=\"#F1F1F1\">\n<p align=\"center\">&#8212;-<\/p>\n<\/td>\n<td bgcolor=\"#F1F1F1\">\n<p align=\"center\">&#8212;-<\/p>\n<\/td>\n<td bgcolor=\"#F1F1F1\">&nbsp;<\/td>\n<\/tr>\n<tr>\n<td bgcolor=\"#F1F1F1\">\n<p align=\"left\">Incorporaci\u00f3n Grupal<\/p>\n<\/td>\n<td bgcolor=\"#F1F1F1\">\n<p align=\"center\">&#8212;-<\/p>\n<\/td>\n<td bgcolor=\"#F1F1F1\">\n<p align=\"center\">&#8212;-<\/p>\n<\/td>\n<td bgcolor=\"#F1F1F1\">&nbsp;<\/td>\n<\/tr>\n<tr>\n<td bgcolor=\"#F1F1F1\">\n<p align=\"left\">Incorporaci\u00f3n de otro Colegio<\/p>\n<\/td>\n<td bgcolor=\"#F1F1F1\">\n<p align=\"center\">&#8212;-<\/p>\n<\/td>\n<td bgcolor=\"#F1F1F1\">\n<p align=\"center\">&#8212;-<\/p>\n<\/td>\n<td bgcolor=\"#F1F1F1\">&nbsp;<\/td>\n<\/tr>\n<tr>\n<td bgcolor=\"#F1F1F1\">\n<p align=\"left\">Curso de Pr\u00e1ctica Forense (Lunes a Viernes)<\/p>\n<\/td>\n<td bgcolor=\"#F1F1F1\">\n<p align=\"center\">&#8212;-<\/p>\n<\/td>\n<td bgcolor=\"#F1F1F1\">\n<p align=\"center\">500.00<\/p>\n<\/td>\n<td bgcolor=\"#F1F1F1\">&nbsp;<\/td>\n<\/tr>\n<tr>\n<td bgcolor=\"#F1F1F1\">Curso de Pr\u00e1ctica Forense Sabados<\/td>\n<td bgcolor=\"#F1F1F1\">\n<p align=\"center\">&#8212;-<\/p>\n<\/td>\n<td bgcolor=\"#F1F1F1\">\n<p align=\"center\">700.00<\/p>\n<\/td>\n<td bgcolor=\"#F1F1F1\">&nbsp;<\/td>\n<\/tr>\n<tr>\n<td colspan=\"4\" bgcolor=\"#D1D1D1\">&nbsp;<\/td>\n<\/tr>\n<tr>\n<td colspan=\"4\" bgcolor=\"#D1D1D1\">\n<p align=\"left\"><strong>Constancias, certificados<\/strong><\/p>\n<\/td>\n<\/tr>\n<tr>\n<td bgcolor=\"#D1D1D1\">\n<p align=\"left\">Constancia de Integrar Comisiones<\/p>\n<\/td>\n<td bgcolor=\"#D1D1D1\">\n<p align=\"center\">37.00<\/p>\n<\/td>\n<td bgcolor=\"#D1D1D1\">\n<p align=\"center\">&#8212;-<\/p>\n<\/td>\n<td bgcolor=\"#D1D1D1\">&nbsp;<\/td>\n<\/tr>\n<tr>\n<td bgcolor=\"#D1D1D1\">\n<p align=\"left\">Constancia y\/o Informe de Medida Disciplinaria<\/p>\n<\/td>\n<td bgcolor=\"#D1D1D1\">\n<p align=\"center\">38.00<\/p>\n<\/td>\n<td bgcolor=\"#D1D1D1\">\n<p align=\"center\">76.00<\/p>\n<\/td>\n<td bgcolor=\"#D1D1D1\">&nbsp;<\/td>\n<\/tr>\n<tr>\n<td bgcolor=\"#D1D1D1\">\n<p align=\"left\">Constancia de Habilidad<\/p>\n<\/td>\n<td bgcolor=\"#D1D1D1\">\n<p align=\"center\">38.00<\/p>\n<\/td>\n<td bgcolor=\"#D1D1D1\">\n<p align=\"center\">38.00<\/p>\n<\/td>\n<td bgcolor=\"#D1D1D1\">&nbsp;<\/td>\n<\/tr>\n<tr>\n<td bgcolor=\"#D1D1D1\">\n<p align=\"left\">Papeleta de Habilidad<\/p>\n<\/td>\n<td bgcolor=\"#D1D1D1\">\n<p align=\"center\">5.00<\/p>\n<\/td>\n<td bgcolor=\"#D1D1D1\">\n<p align=\"center\">5.00<\/p>\n<\/td>\n<td bgcolor=\"#D1D1D1\">&nbsp;<\/td>\n<\/tr>\n<tr>\n<td bgcolor=\"#D1D1D1\">\n<p align=\"left\">Inscripci\u00f3n de Estudios Colectivos<\/p>\n<\/td>\n<td bgcolor=\"#D1D1D1\">\n<p align=\"center\">72.00<\/p>\n<\/td>\n<td bgcolor=\"#D1D1D1\">\n<p align=\"center\">72.00<\/p>\n<\/td>\n<td bgcolor=\"#D1D1D1\">&nbsp;<\/td>\n<\/tr>\n<tr>\n<td bgcolor=\"#D1D1D1\">\n<p align=\"left\">Fedateado de Copias Fotost\u00e1ticas<\/p>\n<\/td>\n<td bgcolor=\"#D1D1D1\">\n<p align=\"center\">8.10<\/p>\n<\/td>\n<td bgcolor=\"#D1D1D1\">\n<p align=\"center\">8.10<\/p>\n<\/td>\n<td bgcolor=\"#D1D1D1\">&nbsp;<\/td>\n<\/tr>\n<tr>\n<td bgcolor=\"#D1D1D1\">\n<p align=\"left\">Pertenecer o no al CAL<\/p>\n<\/td>\n<td bgcolor=\"#D1D1D1\">\n<p align=\"center\">38.00<\/p>\n<\/td>\n<td bgcolor=\"#D1D1D1\">\n<p align=\"center\">76.00<\/p>\n<\/td>\n<td bgcolor=\"#D1D1D1\">&nbsp;<\/td>\n<\/tr>\n<tr>\n<td bgcolor=\"#D1D1D1\">\n<p align=\"left\">Certificado Fondo Mutual<\/p>\n<\/td>\n<td bgcolor=\"#D1D1D1\">\n<p align=\"center\">&#8212;<\/p>\n<\/td>\n<td bgcolor=\"#D1D1D1\">\n<p align=\"center\">45.00<\/p>\n<\/td>\n<td bgcolor=\"#D1D1D1\">&nbsp;<\/td>\n<\/tr>\n<tr>\n<td bgcolor=\"#D1D1D1\">\n<p align=\"left\">Certificaci\u00f3n de Domicilio Legal<\/p>\n<\/td>\n<td bgcolor=\"#D1D1D1\">\n<p align=\"center\">&#8212;<\/p>\n<\/td>\n<td bgcolor=\"#D1D1D1\">\n<p align=\"center\">21.00<\/p>\n<\/td>\n<td bgcolor=\"#D1D1D1\">&nbsp;<\/td>\n<\/tr>\n<tr>\n<td bgcolor=\"#D1D1D1\">\n<p align=\"left\">Certificaci\u00f3n de Curso de Pr\u00e1ctica Forence<\/p>\n<\/td>\n<td bgcolor=\"#D1D1D1\">\n<p align=\"center\">&#8212;<\/p>\n<\/td>\n<td bgcolor=\"#D1D1D1\">\n<p align=\"center\">50.00<\/p>\n<\/td>\n<td bgcolor=\"#D1D1D1\">&nbsp;<\/td>\n<\/tr>\n<tr>\n<td colspan=\"4\" bgcolor=\"#F1F1F1\">&nbsp;<\/td>\n<\/tr>\n<tr>\n<td colspan=\"4\" bgcolor=\"#F1F1F1\">\n<p align=\"left\"><strong>Casillas<\/strong><\/p>\n<\/td>\n<\/tr>\n<tr>\n<td bgcolor=\"#F1F1F1\">\n<p align=\"left\">Servicio de Casillas Notificacion<\/p>\n<\/td>\n<td bgcolor=\"#F1F1F1\">\n<p align=\"center\">18.00<\/p>\n<\/td>\n<td bgcolor=\"#F1F1F1\">&nbsp;<\/td>\n<td bgcolor=\"#F1F1F1\">&nbsp;<\/td>\n<\/tr>\n<tr>\n<td bgcolor=\"#F1F1F1\">\n<p align=\"left\">Reporte de Casillas<\/p>\n<\/td>\n<td bgcolor=\"#F1F1F1\">\n<p align=\"center\">12.00<\/p>\n<\/td>\n<td bgcolor=\"#F1F1F1\">&nbsp;<\/td>\n<td bgcolor=\"#F1F1F1\">&nbsp;<\/td>\n<\/tr>\n<tr>\n<td bgcolor=\"#F1F1F1\">\n<p align=\"left\">Inscripcion de Casilla individual<\/p>\n<\/td>\n<td bgcolor=\"#F1F1F1\">\n<p align=\"center\">36.00<\/p>\n<\/td>\n<td bgcolor=\"#F1F1F1\">&nbsp;<\/td>\n<td bgcolor=\"#F1F1F1\">&nbsp;<\/td>\n<\/tr>\n<tr>\n<td bgcolor=\"#F1F1F1\">\n<p align=\"left\">Apertura de Casillas de Empresa<\/p>\n<\/td>\n<td bgcolor=\"#F1F1F1\">\n<p align=\"center\">285.60<\/p>\n<\/td>\n<td bgcolor=\"#F1F1F1\">&nbsp;<\/td>\n<td bgcolor=\"#F1F1F1\">&nbsp;<\/td>\n<\/tr>\n<tr>\n<td bgcolor=\"#F1F1F1\">\n<p align=\"left\">Apertura de Casillas de Estudio Juridico<\/p>\n<\/td>\n<td bgcolor=\"#F1F1F1\">\n<p align=\"center\">119.00<\/p>\n<\/td>\n<td bgcolor=\"#F1F1F1\">&nbsp;<\/td>\n<td bgcolor=\"#F1F1F1\">&nbsp;<\/td>\n<\/tr>\n<tr>\n<td colspan=\"4\" bgcolor=\"#D1D1D1\">&nbsp;<\/td>\n<\/tr>\n<tr>\n<td colspan=\"4\" bgcolor=\"#D1D1D1\">\n<p align=\"left\"><strong>Carnet<\/strong><\/p>\n<\/td>\n<\/tr>\n<tr>\n<td bgcolor=\"#D1D1D1\">\n<p align=\"left\">Carnet de Biblioteca<\/p>\n<\/td>\n<td bgcolor=\"#D1D1D1\">\n<p align=\"center\">37.00<\/p>\n<\/td>\n<td bgcolor=\"#D1D1D1\">\n<p align=\"center\">37.00<\/p>\n<\/td>\n<td bgcolor=\"#D1D1D1\">&nbsp;<\/td>\n<\/tr>\n<tr>\n<td bgcolor=\"#D1D1D1\">\n<p align=\"left\">Duplicado de Carn\u00e9t<\/p>\n<\/td>\n<td bgcolor=\"#D1D1D1\">\n<p align=\"center\">37.00<\/p>\n<\/td>\n<td bgcolor=\"#D1D1D1\">\n<p align=\"center\">&#8212;-<\/p>\n<\/td>\n<td bgcolor=\"#D1D1D1\">&nbsp;<\/td>\n<\/tr>\n<tr>\n<td bgcolor=\"#D1D1D1\">\n<p align=\"left\">Duplicado de Diploma<\/p>\n<\/td>\n<td bgcolor=\"#D1D1D1\">\n<p align=\"center\">70.00<\/p>\n<\/td>\n<td bgcolor=\"#D1D1D1\">\n<p align=\"center\">&#8212;-<\/p>\n<\/td>\n<td bgcolor=\"#D1D1D1\">&nbsp;<\/td>\n<\/tr>\n<tr>\n<td bgcolor=\"#D1D1D1\">\n<p align=\"left\">Estatuto<\/p>\n<\/td>\n<td bgcolor=\"#D1D1D1\">\n<p align=\"center\">10.00<\/p>\n<\/td>\n<td bgcolor=\"#D1D1D1\">\n<p align=\"center\">&#8212;-<\/p>\n<\/td>\n<td bgcolor=\"#D1D1D1\">&nbsp;<\/td>\n<\/tr>\n<tr>\n<td bgcolor=\"#D1D1D1\">\n<p align=\"left\">Cinta con Medalla<\/p>\n<\/td>\n<td bgcolor=\"#D1D1D1\">\n<p align=\"center\">25.00<\/p>\n<\/td>\n<td bgcolor=\"#D1D1D1\">\n<p align=\"center\">&#8212;-<\/p>\n<\/td>\n<td bgcolor=\"#D1D1D1\">&nbsp;<\/td>\n<\/tr>\n<tr>\n<td bgcolor=\"#D1D1D1\">\n<p align=\"left\">Solapero Mediano<\/p>\n<\/td>\n<td bgcolor=\"#D1D1D1\">\n<p align=\"center\">25.00<\/p>\n<\/td>\n<td bgcolor=\"#D1D1D1\">\n<p align=\"center\">&#8212;-<\/p>\n<\/td>\n<td bgcolor=\"#D1D1D1\">&nbsp;<\/td>\n<\/tr>\n<tr>\n<td colspan=\"6\" bgcolor=\"#F1F1F1\">&nbsp;<\/td>\n<\/tr>\n<\/tbody>\n<\/table>\n<p align=\"left\"><strong>Direcci\u00f3n de \u00c9tica Profesional<\/strong><\/p>\n<p align=\"left\">Tr\u00e1mite y actuaci\u00f3n de medios probatorios<\/p>\n<p align=\"center\">43.00<\/p>\n<p align=\"center\">86.00<\/p>\n<p>&nbsp;<\/p>\n<p align=\"center\">OS270<\/p>\n<p align=\"center\">10%<\/p>\n<p align=\"left\">Recurso de Apelaci\u00f3n<\/p>\n<p align=\"center\">43.00<\/p>\n<p align=\"center\">86.00<\/p>\n<p align=\"center\">OS269<\/p>\n<p align=\"center\">10%<\/p>\n<p align=\"left\">Recurso de Nulidad<\/p>\n<p align=\"center\">43.00<\/p>\n<p align=\"center\">86.00<\/p>\n<p>&nbsp;<\/p>\n<p align=\"center\">OS406<\/p>\n<p align=\"center\">10%<\/p>\n<p align=\"left\">Excepciones, Tachas, Oposiciones, etc. c\/u.<\/p>\n<p align=\"center\">43.00<\/p>\n<p align=\"center\">43.00<\/p>\n<p>&nbsp;<\/p>\n<p align=\"center\">OS444<\/p>\n<p align=\"center\">10%<\/p>\n<p align=\"left\">Constancia de NO tener Proceso Disciplinario en Tr\u00e1mite en la DEP<\/p>\n<p align=\"center\">43.00<\/p>\n<p align=\"center\">43.00<\/p>\n<p>&nbsp;<\/p>\n<p align=\"center\">CT251<\/p>\n<p align=\"center\">10%<\/p>\n<p align=\"left\">Desarchivamiento de Expediente<\/p>\n<p align=\"center\">43.00<\/p>\n<p align=\"center\">43.00<\/p>\n<p align=\"center\">OS443<\/p>\n<p align=\"center\">10%<\/p>\n<p align=\"left\">Multa U.R.P.<\/p>\n<p align=\"center\">430.00<\/p>\n<p align=\"center\">430.00<\/p>\n<p align=\"center\">OS284<\/p>\n<p align=\"center\">10%<\/p>\n<p align=\"left\">Copias Certificadas (por folio)<\/p>\n<p align=\"center\">8.60<\/p>\n<p align=\"center\">8.60<\/p>\n<p align=\"center\">CT210<\/p>\n<p align=\"center\">2%<\/p>\n<p align=\"left\">Ofrecimiento adicional de Pruebas o Nuevos Medios Probatorios<\/p>\n<p align=\"center\">3.00<\/p>\n<p align=\"center\">3.00<\/p>\n<p align=\"center\">CT236<\/p>\n<p align=\"center\">.<\/p>\n<p align=\"left\">Notificaciones<\/p>\n<p align=\"center\">5.00<\/p>\n<p align=\"center\">5.00<\/p>\n<p align=\"center\">CT205<\/p>\n<p align=\"center\">.<\/p>\n<p align=\"left\">Notificaciones (Provincias)<\/p>\n<p align=\"center\">27.00<\/p>\n<p align=\"center\">27.00<\/p>\n<p align=\"center\">CT208<\/p>\n<p align=\"center\">.<\/p>\n<p align=\"left\">Notificaciones a zonas perif\u00e9ricas alejadas<\/p>\n<p align=\"center\">10.80<\/p>\n<p align=\"center\">10.80<\/p>\n<p align=\"center\">CT207<\/p>\n<p align=\"center\">.<\/p>\n<p align=\"left\"><strong>Asociaci\u00f3n de Abogados&nbsp;<\/strong><strong>(ADA)<\/strong><\/p>\n<p align=\"left\">Emisi\u00f3n de Credencial de Coordinador de ADA<\/p>\n<p align=\"center\">36.00<\/p>\n<p align=\"center\">&#8212;-<\/p>\n<p align=\"left\"><strong>Uso de Cabinas de Internet<\/strong><\/p>\n<p align=\"left\">&nbsp;&nbsp;&nbsp;&nbsp;* Hora<\/p>\n<p align=\"center\">0.00<\/p>\n<p align=\"center\">1.80<\/p>\n<p align=\"left\">&nbsp;&nbsp;&nbsp;&nbsp;* Media Hora<\/p>\n<p align=\"center\">0.00<\/p>\n<p align=\"center\">1.00<\/p>\n<p align=\"left\">Impresi\u00f3n de Internet<\/p>\n<p align=\"center\">0.50<\/p>\n<p align=\"center\">1.98<\/p>\n<p align=\"left\">Notificaciones por Internet<\/p>\n<p align=\"center\">0.00<\/p>\n<p align=\"center\">20.16<\/p>\n<p align=\"left\"><strong>Publicidad:<\/strong><\/p>\n<p align=\"left\">Revista del Foro Pag. Total<\/p>\n<p align=\"center\">2,160.00<\/p>\n<p align=\"center\">2,880.00<\/p>\n<p align=\"left\">Revista del Foro Pag. Medina P\u00e1gina<\/p>\n<p align=\"center\">1,080.00<\/p>\n<p align=\"center\">1,440.00<\/p>\n<p align=\"left\">Bolet\u00edn del Abogado Pag. Total<\/p>\n<p align=\"center\">1,260.00<\/p>\n<p align=\"center\">1,620.00<\/p>\n<p align=\"left\">P\u00e1gina Web y Bombermail<\/p>\n<p align=\"center\">1,260.00<\/p>\n<p align=\"center\">1,620.00<\/p>\n<p align=\"left\"><strong>Ofim\u00e1tica:<\/strong><\/p>\n<p align=\"left\">Constancia de notas y\/o de haber realizado el curso de Ofim\u00e1tica<\/p>\n<p align=\"center\">30.00<\/p>\n<p align=\"center\">50.00<\/p>\n<p align=\"left\">Duplicado del Certifcado de Ofim\u00e1tica<\/p>\n<p align=\"center\">40.00<\/p>\n<p align=\"center\">60.00<\/p>\n<p align=\"left\">Derecho de ex\u00e1men de Ofim\u00e1tica<\/p>\n<p align=\"center\">30.00<\/p>\n<p align=\"center\">50.00<\/p>\n<p align=\"left\"><strong>Alquiler de Instalaciones y Equipos:<\/strong><\/p>\n<p align=\"left\">Auditorio \u00abJos\u00e9 Le\u00f3n Barandiar\u00e1n\u00bb Sede Miraflores<\/p>\n<p align=\"center\">2,950.00<\/p>\n<p align=\"center\">4,130.00 (6&#8242;)<\/p>\n<p align=\"left\">Auditorio \u00abJos\u00e9 Galvez Eg\u00fasquiza\u00bb Sede Miraflores<\/p>\n<p align=\"center\">590.00<\/p>\n<p align=\"center\">708.00 (7&#8242;)<\/p>\n<p align=\"left\">Sala \u00abBaquijano y Carrillo\u00bb Sede Miraflores<\/p>\n<p align=\"center\">590.00<\/p>\n<p align=\"center\">708.00 (7&#8242;)<\/p>\n<p align=\"left\">Sala \u00abFrancisco Garcia Calderon\u00bb Sede Miraflores<\/p>\n<p align=\"center\">590.00<\/p>\n<p align=\"center\">708.00 (7&#8242;)<\/p>\n<p align=\"left\">Auditorio \u00abLuis Bramont Arias\u00bb Sede Lima Norte<\/p>\n<p align=\"center\">590.00<\/p>\n<p align=\"center\">708.00 (8&#8242;)<\/p>\n<p align=\"left\">Equipo multimedia (laptop y proyector)<\/p>\n<p align=\"center\">354.00<\/p>\n<p align=\"center\">472.00 (6&#8242;)<\/p>\n<p align=\"left\">Alquiler de la tarumba<\/p>\n<p align=\"center\">360.00<\/p>\n<p align=\"center\">720.00 (6&#8242;)<\/p>\n<p align=\"left\"><strong>Alquiler de Bungalows<\/strong><\/p>\n<p align=\"left\"><strong>Paquete Semanal (martes a jueves)<\/strong><\/p>\n<p align=\"left\">Bungalow Simple<\/p>\n<p align=\"center\">210.00<\/p>\n<p align=\"center\">&#8212;-<\/p>\n<p>Bungalow Suites<\/p>\n<p align=\"center\">240.00<\/p>\n<p align=\"center\">&#8212;-<\/p>\n<p align=\"left\">Bungalow Jacuzzi<\/p>\n<p align=\"center\">270.00<\/p>\n<p align=\"center\">&#8212;-<\/p>\n<p><strong>Paquete Fin de Semana<\/strong><\/p>\n<p>Bungalow Simple<\/p>\n<p align=\"center\">230.00<\/p>\n<p align=\"center\">&#8212;-<\/p>\n<p>Bungalow Suites<\/p>\n<p align=\"center\">250.00<\/p>\n<p align=\"center\">&#8212;-<\/p>\n<p>Bungalow Suites Nuevos<\/p>\n<p align=\"center\">330.00<\/p>\n<p align=\"center\">&#8212;-<\/p>\n<p align=\"left\">Bungalow Matrimonial Nuevo<\/p>\n<p align=\"center\">250.00<\/p>\n<p align=\"center\">&#8212;-<\/p>\n<p>Bungalow Jacuzzi<\/p>\n<p align=\"center\">280.00<\/p>\n<p align=\"center\">&#8212;-<\/p>\n<p><strong>Nota<br><\/strong>*el ingresos es a las 12:00 m. y la salida 6:00 pm<br>*el ingreso es solo con el titular<br>*un bungalow por agremiado<br>*ingresan a un bungalow solo 6 personas<br>*prohibido llevar mascotas<\/p>\n<p align=\"left\"><strong>Zona de Camping<\/strong><\/p>\n<p align=\"left\">Ubicaci\u00f3n de carpa chica &#8211;<br>(Hasta 2 personas)<\/p>\n<p align=\"center\">20.00<\/p>\n<p align=\"center\">&#8212;-<\/p>\n<p align=\"left\">Ubicaci\u00f3n de carpa grande-<br>(De 3 a 6 personas)<\/p>\n<p align=\"center\">30.00<\/p>\n<p align=\"center\">&#8212;-<\/p>\n<p align=\"left\">Invitados ni\u00f1os (De 3 a 11 a\u00f1os)<\/p>\n<p align=\"center\">&#8212;-<\/p>\n<p align=\"center\">5.00<\/p>\n<p align=\"left\">Tarifas para adultos<\/p>\n<p align=\"center\">&#8212;-<\/p>\n<p align=\"center\">10.00<\/p>\n<p>[\/vc_column_text][\/vc_column][\/vc_row]<\/p>\n\n\n\n","protected":false},"excerpt":{"rendered":"","protected":false},"author":3,"featured_media":0,"parent":0,"menu_order":0,"comment_status":"closed","ping_status":"closed","template":"","meta":{"pagelayer_contact_templates":[],"_pagelayer_content":"","footnotes":""},"class_list":["post-57141","page","type-page","status-publish","hentry"],"rttpg_featured_image_url":null,"rttpg_author":{"display_name":"Prensa CAL","author_link":"https:\/\/www.cal.org.pe\/v1\/author\/prensa-cal\/"},"rttpg_comment":0,"rttpg_category":null,"rttpg_excerpt":null,"_links":{"self":[{"href":"https:\/\/www.cal.org.pe\/v1\/wp-json\/wp\/v2\/pages\/57141","targetHints":{"allow":["GET"]}}],"collection":[{"href":"https:\/\/www.cal.org.pe\/v1\/wp-json\/wp\/v2\/pages"}],"about":[{"href":"https:\/\/www.cal.org.pe\/v1\/wp-json\/wp\/v2\/types\/page"}],"author":[{"embeddable":true,"href":"https:\/\/www.cal.org.pe\/v1\/wp-json\/wp\/v2\/users\/3"}],"replies":[{"embeddable":true,"href":"https:\/\/www.cal.org.pe\/v1\/wp-json\/wp\/v2\/comments?post=57141"}],"version-history":[{"count":5,"href":"https:\/\/www.cal.org.pe\/v1\/wp-json\/wp\/v2\/pages\/57141\/revisions"}],"predecessor-version":[{"id":72451,"href":"https:\/\/www.cal.org.pe\/v1\/wp-json\/wp\/v2\/pages\/57141\/revisions\/72451"}],"wp:attachment":[{"href":"https:\/\/www.cal.org.pe\/v1\/wp-json\/wp\/v2\/media?parent=57141"}],"curies":[{"name":"wp","href":"https:\/\/api.w.org\/{rel}","templated":true}]}}