{"id":56881,"date":"2024-09-09T20:41:32","date_gmt":"2024-09-09T20:41:32","guid":{"rendered":"https:\/\/www.cal.org.pe\/v1\/?page_id=56881"},"modified":"2024-09-20T21:04:41","modified_gmt":"2024-09-20T21:04:41","slug":"institucional","status":"publish","type":"page","link":"https:\/\/www.cal.org.pe\/v1\/institucional\/","title":{"rendered":"Institucional"},"content":{"rendered":"\n\n\n\n\n<h2>Institucional<\/h2>\n\n<h5>Fundado por Real C\u00e9dula el 31 de julio de 1804<\/h5>\n\n\n\n\n\n\n\n<h4>Introducci\u00f3n<\/h4>\n\n<p>El Ilustre Colegio de Abogados de Lima, alienta una tradici\u00f3n de m\u00e1s de doscientos veinte a\u00f1os. Nacido en las postrimer\u00edas de la \u00e9poca colonial, se ha mantenido durante todo el periodo republicano incrementando su prestigio y su influencia.<\/p>\n\nJunta Directiva\nHistoria\nDistintivo o Insignia\nEstatuto del CAL\nC\u00f3digo de \u00c9tica\nLey de Creaci\u00f3n del Colegio de Abogados de Lima\nHimno del Abogado\n\n\n\n\n<p>Lorem Ipsum has been the industry&#8217;s standard dummy text ever since the 1500s.<\/p>\n\n\n\n\n\n\n\n\n","protected":false},"excerpt":{"rendered":"","protected":false},"author":3,"featured_media":0,"parent":0,"menu_order":0,"comment_status":"closed","ping_status":"closed","template":"","meta":{"pagelayer_contact_templates":[],"_pagelayer_content":"","footnotes":""},"class_list":["post-56881","page","type-page","status-publish","hentry"],"rttpg_featured_image_url":null,"rttpg_author":{"display_name":"Prensa CAL","author_link":"https:\/\/www.cal.org.pe\/v1\/author\/prensa-cal\/"},"rttpg_comment":0,"rttpg_category":null,"rttpg_excerpt":null,"_links":{"self":[{"href":"https:\/\/www.cal.org.pe\/v1\/wp-json\/wp\/v2\/pages\/56881","targetHints":{"allow":["GET"]}}],"collection":[{"href":"https:\/\/www.cal.org.pe\/v1\/wp-json\/wp\/v2\/pages"}],"about":[{"href":"https:\/\/www.cal.org.pe\/v1\/wp-json\/wp\/v2\/types\/page"}],"author":[{"embeddable":true,"href":"https:\/\/www.cal.org.pe\/v1\/wp-json\/wp\/v2\/users\/3"}],"replies":[{"embeddable":true,"href":"https:\/\/www.cal.org.pe\/v1\/wp-json\/wp\/v2\/comments?post=56881"}],"version-history":[{"count":5,"href":"https:\/\/www.cal.org.pe\/v1\/wp-json\/wp\/v2\/pages\/56881\/revisions"}],"predecessor-version":[{"id":57861,"href":"https:\/\/www.cal.org.pe\/v1\/wp-json\/wp\/v2\/pages\/56881\/revisions\/57861"}],"wp:attachment":[{"href":"https:\/\/www.cal.org.pe\/v1\/wp-json\/wp\/v2\/media?parent=56881"}],"curies":[{"name":"wp","href":"https:\/\/api.w.org\/{rel}","templated":true}]}}