{"id":56843,"date":"2024-09-09T16:22:25","date_gmt":"2024-09-09T21:22:25","guid":{"rendered":"https:\/\/www.cal.org.pe\/v1\/?page_id=56843"},"modified":"2026-04-09T09:25:42","modified_gmt":"2026-04-09T14:25:42","slug":"junta-directiva","status":"publish","type":"page","link":"https:\/\/www.cal.org.pe\/v1\/junta-directiva\/","title":{"rendered":"Junta Directiva"},"content":{"rendered":"\n\n\n\n\n\n\n<h2>Junta Directiva<\/h2>\n\n\n\n<h5>Colegio de Abogados de Lima<\/h5>\n\n\n\n<p [object NamedNodeMap]><strong>Periodo 2026 &#8211; 2027<\/strong><\/p>\n\n\n\n\n\n\n\n\n\n\n\n<p>Lorem Ipsum has been the industry&#8217;s standard dummy text ever since the 1500s.<\/p>\n\n\n\n\n\n\n\n\n\n<p>Lorem Ipsum has been the industry&#8217;s standard dummy text ever since the 1500s.<\/p>\n\n\n\n<h5 [object NamedNodeMap]>Nilton Marcelino Campos F\u00e9lix<\/h5>\n\n\n\n<p [object NamedNodeMap]>Vice decano<\/p>\n\n\n\n\n\n\n\n<p>Lorem Ipsum has been the industry&#8217;s standard dummy text ever since the 1500s.<\/p>\n\n\n\n<h5 [object NamedNodeMap]>Daniela Millones Campos<\/h5>\n\n\n\n<p [object NamedNodeMap]>Secretaria General<\/p>\n\n\n\n\n\n\n\n<p>Lorem Ipsum has been the industry&#8217;s standard dummy text ever since the 1500s.<\/p>\n\n\n\n<h5 [object NamedNodeMap]>Beatriz May Ling Ram\u00edrez Huaroto<\/h5>\n\n\n\n<p [object NamedNodeMap]>Directora de Acad\u00e9mica y    Promoci\u00f3n Cultural   <\/p>\n\n\n\n\n\n\n\n<p>Lorem Ipsum has been the industry&#8217;s standard dummy text ever since the 1500s.<\/p>\n\n\n\n<h5 [object NamedNodeMap]>Marcos Antonio Quica\u00f1o Tenorio<\/h5>\n\n\n\n<p [object NamedNodeMap]>Director de Biblioteca y Centro de Documentaci\u00f3n<\/p>\n\n\n\n\n\n\n\n\n\n\n\n\n\n\n\n<p>Lorem Ipsum has been the industry&#8217;s standard dummy text ever since the 1500s.<\/p>\n\n\n\n<h5 [object NamedNodeMap]>Jorge Antonio Ram\u00edrez Reyna<\/h5>\n\n\n\n<p [object NamedNodeMap]>Director de \u00c9tica Profesional<\/p>\n\n\n\n\n\n\n\n<p>Lorem Ipsum has been the industry&#8217;s standard dummy text ever since the 1500s.<\/p>\n\n\n\n<h5>Jos\u00e9 Joaqu\u00edn D\u00edaz P\u00e9rez<\/h5>\n\n\n\n<p [object NamedNodeMap]>Director de Comisiones y Consulta\u00a0\u00a0<\/p>\n\n\n\n\n\n\n\n<p>Lorem Ipsum has been the industry&#8217;s standard dummy text ever since the 1500s.<\/p>\n\n\n\n<h5 [object NamedNodeMap]>Pedro Vicente Quispe Salvatierra<\/h5>\n\n\n\n<p [object NamedNodeMap]>Director de Comunicaciones e Inform\u00e1tica Jur\u00eddica   <\/p>\n\n\n\n\n\n\n\n<p>Lorem Ipsum has been the industry&#8217;s standard dummy text ever since the 1500s.<\/p>\n\n\n\n<h5 [object NamedNodeMap]>Yolanda Maribel Mercedes Chipana Fern\u00e1ndez<\/h5>\n\n\n\n<p [object NamedNodeMap]>Directora de Derechos Humanos<\/p>\n\n\n\n\n\n\n\n\n\n\n\n\n\n\n\n<p>Lorem Ipsum has been the industry&#8217;s standard dummy text ever since the 1500s.<\/p>\n\n\n\n<h5 [object NamedNodeMap]>Alfonso L\u00f3pez Abarca<\/h5>\n\n\n\n<p [object NamedNodeMap]>Director de Defensa Gremial<\/p>\n\n\n\n\n\n\n\n<p>Lorem Ipsum has been the industry&#8217;s standard dummy text ever since the 1500s.<\/p>\n\n\n\n<h5 [object NamedNodeMap]>Edgardo Wilfredo Gonzales Ram\u00edrez <\/h5>\n\n\n\n<p [object NamedNodeMap]>Director de Econom\u00eda<\/p>\n\n\n\n\n\n\n\n<p>Lorem Ipsum has been the industry&#8217;s standard dummy text ever since the 1500s.<\/p>\n\n\n\n<h5 [object NamedNodeMap]>Roc\u00edo Jes\u00fas Garro De La Pe\u00f1a<\/h5>\n\n\n\n<p>Directora de Extensi\u00f3n Social y Participaci\u00f3n<\/p>\n\n\n\n\n\n\n\n<p>Lorem Ipsum has been the industry&#8217;s standard dummy text ever since the 1500s.<\/p>\n\n\n\n<h5 [object NamedNodeMap]>Ana Gabriela Castillo Aguirre<\/h5>\n\n\n\n<p>Directora de Bienestar Social<\/p>\n\n\n\n\n\n\n\n\n\n\n","protected":false},"excerpt":{"rendered":"","protected":false},"author":3,"featured_media":0,"parent":0,"menu_order":0,"comment_status":"closed","ping_status":"closed","template":"","meta":{"pagelayer_contact_templates":[],"_pagelayer_content":"","footnotes":""},"class_list":["post-56843","page","type-page","status-publish","hentry"],"rttpg_featured_image_url":null,"rttpg_author":{"display_name":"Prensa CAL","author_link":"https:\/\/www.cal.org.pe\/v1\/author\/prensa-cal\/"},"rttpg_comment":0,"rttpg_category":null,"rttpg_excerpt":null,"_links":{"self":[{"href":"https:\/\/www.cal.org.pe\/v1\/wp-json\/wp\/v2\/pages\/56843","targetHints":{"allow":["GET"]}}],"collection":[{"href":"https:\/\/www.cal.org.pe\/v1\/wp-json\/wp\/v2\/pages"}],"about":[{"href":"https:\/\/www.cal.org.pe\/v1\/wp-json\/wp\/v2\/types\/page"}],"author":[{"embeddable":true,"href":"https:\/\/www.cal.org.pe\/v1\/wp-json\/wp\/v2\/users\/3"}],"replies":[{"embeddable":true,"href":"https:\/\/www.cal.org.pe\/v1\/wp-json\/wp\/v2\/comments?post=56843"}],"version-history":[{"count":39,"href":"https:\/\/www.cal.org.pe\/v1\/wp-json\/wp\/v2\/pages\/56843\/revisions"}],"predecessor-version":[{"id":91420,"href":"https:\/\/www.cal.org.pe\/v1\/wp-json\/wp\/v2\/pages\/56843\/revisions\/91420"}],"wp:attachment":[{"href":"https:\/\/www.cal.org.pe\/v1\/wp-json\/wp\/v2\/media?parent=56843"}],"curies":[{"name":"wp","href":"https:\/\/api.w.org\/{rel}","templated":true}]}}