{"id":56807,"date":"2024-09-09T15:42:32","date_gmt":"2024-09-09T15:42:32","guid":{"rendered":"https:\/\/www.cal.org.pe\/v1\/?page_id=56807"},"modified":"2024-09-09T16:22:44","modified_gmt":"2024-09-09T16:22:44","slug":"distintivo-o-insignia","status":"publish","type":"page","link":"https:\/\/www.cal.org.pe\/v1\/distintivo-o-insignia\/","title":{"rendered":"Distintivo o Insignia"},"content":{"rendered":"\n\n\n\n\n\n\n<h2>Distintivo o Insignia<\/h2>\n\n\n\n<h5>Colegio de Abogados de Lima<\/h5>\n\n\n\n<p [object NamedNodeMap]><\/p>\n\n\n\n\n\n\n\n\n\n\n\n<p [object NamedNodeMap]>Para ilustraci\u00f3n de los miembros de la Orden alcanzamos este breve ensayo, que no hace sino recoger las lecciones de los grandes maestros que han transcurrido por esta prestigiosa instituci\u00f3n que es el Colegio de Abogados de Lima, y corroboradas en el transcurso que el tiempo hac\u00eda posible dar paso a una modesta inquietud intelectual.<\/p>\n\n\n\n<p [object NamedNodeMap]>Como sabemos, el distintivo institucional es una estrella dorada con siete puntas o \u00e1ngulos salientes y una corona c\u00edvica en el centro, dentro de la cual se lee en tres l\u00edneas paralelas el lema: ORABUNT CAUSAS MELIUS , pendiente de una cinta de color celeste aurora de aguas.<\/p>\n\n\n\n<p [object NamedNodeMap]>En relaci\u00f3n a este tema, nuestra fuente hist\u00f3rica inicial la constituyen dos trabajos que rese\u00f1an la historia institucional; el primero es el de Dn. An\u00edbal G\u00e1lvez, en su obra editada en 1915 \u201cEl Colegio de Abogados de Lima, Historia de su fundaci\u00f3n\u201d; y el segundo el importante trabajo que nos legara el Dr. Geraldo Arosemena Garland titulado \u201cEl Colegio de Abogados de Lima y sus Decanos\u201d, editado en 1977.<\/p>\n\n\n\n<p [object NamedNodeMap]>En los libros antes mencionados no encontramos una precisi\u00f3n respecto del significado de las siete puntas de la estrella que es el distintivo del Colegio, as\u00ed como tambi\u00e9n la fuente u origen de manera indubitable respecto de la inscripci\u00f3n en lat\u00edn que aparece en su parte central. Se hac\u00eda necesario por tanto determinar su origen en mejor forma y con el rigor exigible en estos casos.<\/p>\n\n\n\n<p [object NamedNodeMap]>El derrotero nos fue dado por dos maestros del Derecho, quienes fueron igualmente ilustres Decanos de la Orden; me refiero al Dr. Andr\u00e9s Arambur\u00fa Menchaca, ya fallecido, y al Dr. Juan Vicente Ugarte del Pino.<\/p>\n\n\n\n<p [object NamedNodeMap]>En efecto, con tal fin acopiamos informaci\u00f3n de car\u00e1cter oral o escrita, puesto que ya desde 1973 tuvimos referencia sobre el punto. M\u00e1s tarde, en los a\u00f1os 1991 y 1992 est\u00e1 a nuestro alcance la esclarecida palabra del se\u00f1or Decano Dr. Arambur\u00fa, y para el caso espec\u00edfico que nos ocupa se present\u00f3 oportunidad propicia durante las ceremonias de incorporaci\u00f3n de los nuevos abogados al Colegio. Precisaba en ese entonces el maestro a los abogados y a los asistentes que las 7 puntas del distintivo del Colegio, medalla que se les hab\u00eda impuesto al incorporarse en ese momento, representan los siete dones del Esp\u00edritu Santo, pero no los siete dones que propiamente tiene el Esp\u00edritu Santo, sino los dones que otorga o concede; acto seguido los mencionaba diciendo:.. \u201cestos dones del Esp\u00edritu Santo son los de sabidur\u00eda, ciencia, inteligencia, piedad, consejo, fortaleza y temor de Dios\u201d.., y agregaba que as\u00ed se preservaba con este concepto la expresi\u00f3n de la religiosidad de sus mayores.<\/p>\n\n\n\n<p [object NamedNodeMap]>Esta explicaci\u00f3n es coherente, por cuanto es concordante con el pensamiento cristiano y comprensible para nosotros, pues trat\u00e1ndose de la Virgen Mar\u00eda, quienes estaban bajo su manto protector y guardaban sus preceptos no solamente recib\u00edan su protecci\u00f3n como expresi\u00f3n de su bondad, sino que adem\u00e1s se hac\u00edan receptores de ello a trav\u00e9s de los dones que otorgaba.<\/p>\n\n\n\n<p style=\"text-align: justify;\">Este mensaje responde sin duda alguna al esp\u00edritu religioso de la etapa pre-republicana y subsiste m\u00e1s tarde en el proceso de la Rep\u00fablica. Como podemos observar es un sentimiento propio de la \u00e9poca fundacional del Colegio, y estuvo muy arraigado en toda la sociedad durante el Virreinato. Y esto es as\u00ed, por cuanto muchas instituciones, entre ellas los gremios de artesanos y algunos c\u00edrculos profesionales (poco numerosos en ese momento) insurg\u00edan bajo la advocaci\u00f3n de un santo protector o el Coraz\u00f3n de Jes\u00fas o la Virgen Mar\u00eda.<\/p>\n<p style=\"text-align: justify;\">Teni\u00e9ndose a la vista los antecedentes de la creaci\u00f3n del Colegio encontramos tambi\u00e9n esta motivaci\u00f3n. As\u00ed, al remontarnos a los or\u00edgenes cuando se instaur\u00f3 la hermandad de abogados, que fue erigida en el a\u00f1o de 1726 por el se\u00f1or Virrey don Jos\u00e9 de Armend\u00e1riz, Marqu\u00e9s de Castelfuerte, se dispone que dicha hermandad estuviera bajo la advocaci\u00f3n del.. \u201cpur\u00edsimo coraz\u00f3n de Mar\u00eda Sant\u00edsima..\u201d, y as\u00ed se ratifica y est\u00e1 expresado en el Estatuto primigenio fundacional de nuestro Colegio de 1808, que en su ARTICULO I dice:..\u201dEl establecimiento de este Colegio ha de correr baxo de los auspicios del Pur\u00edsimo Coraz\u00f3n de Mar\u00eda Sant\u00edsima nuestra Se\u00f1ora, de Santa Rosa de Santa Mar\u00eda Patrona de esta Ciudad, y del esclarecido M\u00e1rtir San Juan Nepomuceno, a quienes elige por sus gloriosos Tutelares renovando en la primera advocaci\u00f3n la piadosa memoria de la Ilustre Hermandad que erigi\u00f3 en la capilla interior de la casa profesa de los Desamparados de esta ciudad el Excmo. Se\u00f1or Marqu\u00e9s de Castelfuerte, el a\u00f1o de 1726 y la han inutilizado ocurrencias posteriores.\u201d Es esta profunda espiritualidad la que forma parte tambi\u00e9n, como sabemos, de la herencia cultural del Virreinato recibida por los peruanos, y es la caracter\u00edstica general de las actividades humanas que se desarrollaron durante la sociedad virreinal.<\/p>\n\n\n\n<p [object NamedNodeMap]>Hasta aqu\u00ed, damos por concluida nuestra primera inquietud.<\/p>\n\n\n\n<p style=\"text-align: justify;\">Respecto de la inscripci\u00f3n emblem\u00e1tica en lat\u00edn, debo anotar previamente que, tal como lo expresara el Dr. Arosemena Garland, el Estatuto VI del Colegio dado en 1808 en principio dice en el art\u00edculo 4\u00ba que los miembros de la Orden usar\u00e1n como distintivo en los juzgados y tribunales pu\u00f1os lisos y traje de ropilla; pero la corporaci\u00f3n misma no ten\u00eda ning\u00fan emblema. Para salvar esta situaci\u00f3n y dar el mayor realce posible al Colegio se acord\u00f3 en una de las primeras Juntas Generales la adopci\u00f3n de un sello o escudo que simbolizara la alta misi\u00f3n de la abogac\u00eda. Esta inscripci\u00f3n latina que aparece en el escudo primigenio de 1818 subsiste en el sello luego de declarada la independencia del Per\u00fa en 1821, y permanece vigente en el nuevo escudo m\u00e1s de un siglo en los diplomas de los miembros del Colegio y en folletos y revistas hasta el a\u00f1o 1941 en que siendo Decano el Dr. Manuel C. Gallagher es cambiado el distintivo de la Orden por la estrella de oro de siete puntas conserv\u00e1ndose en la parte central el lema primigenio: ORABUNT CAUSAS MELIUS .<\/p>\n<p style=\"text-align: justify;\">La estrella de siete puntas, no era propiamente una innovaci\u00f3n sino por el contrario es la expresi\u00f3n aut\u00e9ntica de la insignia que como distintivo de los miembros del Colegio se acord\u00f3 en Junta General del 04 de enero de 1838, que en su parte central tiene la inscripci\u00f3n en texto latino que dice: \u201cORABUNT CAUSAS MELIUS\u201d cuyo exacto significado literal, repetimos, es \u201cdefender\u00e1n mejor las causas\u201d.<\/p>\n\n\n\n<p [object NamedNodeMap]>Ahora bien, tanto Don An\u00edbal G\u00e1lvez como el Dr. Arosemena Garland no hacen referencia a lo que podr\u00edamos denominar el origen mismo de esta sentencia emblem\u00e1tica. Sin embargo, en una conversaci\u00f3n que tuvimos con el maestro Ugarte del Pino, sabedor \u00e9l de esta inquietud que nos preocupaba y de la cual anteriormente no se hab\u00eda hecho anotaci\u00f3n alguna, refiri\u00f3 que s\u00ed en efecto existe el texto y \u00e9l recordaba haberlo le\u00eddo en uno de los pasajes de \u201cLa Eneida\u201d, obra del poeta latino Virgilio. A\u00f1os despu\u00e9s, le escuchamos este mismo parecer y nos propusimos por tanto hacer una indagaci\u00f3n esta vez sobre el texto mismo.<\/p>\n\n\n\n<p style=\"text-align: justify;\">Recordando nuestro a\u00f1os juveniles en que hab\u00edamos le\u00eddo esta misma obra que rese\u00f1a el periplo del h\u00e9roe troyano Eneas, y situ\u00e1ndome esta vez dentro de lo que podemos denominar un marco hist\u00f3rico literario, repasamos el texto en su edici\u00f3n completa, por cuanto como se sabe existen ediciones en las que s\u00f3lo se publica una condensaci\u00f3n y en algunos casos un resumen. Fue ah\u00ed donde corroboramos, en primer t\u00e9rmino, escrita en castellano la frase.. \u201cdefender\u00e1n mejor las causas\u201d.<\/p>\n<p style=\"text-align: justify;\">Seguidamente, se hizo necesario confirmar lo anterior en base a la fuente misma del texto de \u201cLa Eneida\u201d en su versi\u00f3n en lat\u00edn. Indagamos por ello y tuvimos a la vista la edici\u00f3n publicada en la ciudad de Bologna del editor Nicola Zanichelli, libro que nos fue proporcionado gentilmente por la Biblioteca del Instituto Italiano de Cultura. As\u00ed fue en efecto, esta inscripci\u00f3n en lat\u00edn \u201corabunt causas melius\u201d a que hacemos referencia se encuentra en el verso n\u00famero 849, en el Libro VI de \u201cLa Eneida\u201d, obra del escritor y poeta latino Publio Virgilio Maron.<\/p>\n\n\n\n<p style=\"text-align: justify;\">En ella nos relata el poeta Virgilio el encuentro del h\u00e9roe Eneas con su padre Anquises, cuando desciende al infierno en compa\u00f1\u00eda de la sacerdotisa Sibila.<\/p>\n<p style=\"text-align: justify;\">Es en el di\u00e1logo que se suscita entre Eneas y su padre donde se lee entre otros aspectos, un mensaje y exhortaci\u00f3n a su hijo, expres\u00e1ndole prof\u00e9ticamente el futuro de lo que ser\u00e1 Roma y los habitantes del Lacio; as\u00ed le dice.. \u201cEsc\u00fachame pues voy ahora a decirte la gloria que aguarda en lo futuro a la prole de D\u00e1rdano, qu\u00e9 descendientes vamos a tener en Italia, almas ilustres, que perpetuar\u00e1n nuestro nombre; voy a revelarte tus hados..\u201d, y agrega m\u00e1s adelante.. \u201cHas de saber, hijo m\u00edo, que bajo los auspicios del padre de los dioses la soberbia Roma extender\u00e1 su imperio por todo el orbe y levantar\u00e1 su aliento hasta el cielo. Siete colinas encerrar\u00e1 en su recinto esa ciudad, madre feliz de \u00ednclitos varones\u201d&#8230; Y prosigue luego:.. \u201cVuelve aqu\u00ed ahora los ojos y mira esa naci\u00f3n; esos son tus romanos. Ese es C\u00e9sar Augusto,&#8230;Mas \u00bfQui\u00e9n es aqu\u00e9l que se ve all\u00ed lejos, coronado de oliva, que lleva en la mano sacras ofrendas? Reconozco la cabellera y la blanca barba del rey que dar\u00e1 el primero leyes a Roma y que desde su humilde Curez y desde su pobre tierra pasar\u00e1 a regir un grande imperio\u201d; y luego Anquises refiere a Eneas que en los a\u00f1os posteriores.. \u00a1cu\u00e1ntas guerras mover\u00e1n entre s\u00ed, cu\u00e1nto estrago! \u201c\u00a1Cu\u00e1ntas huestes armar\u00e1n uno contra otro!..\u00a1Oh hijos m\u00edos no acostumbr\u00e9is vuestras almas a esas espantosas guerras, no convirt\u00e1is vuestro pujante br\u00edo contra las entra\u00f1as de la patria! Y t\u00fa el primero, t\u00fa, \u00a1oh sangre m\u00eda!, t\u00fa, que desciendes del Olimpo, ten compasi\u00f3n de ella y no empu\u00f1es jam\u00e1s semejantes armas&#8230;.Las fuerzas me faltan, \u00a1Oh Fabios!, para seguiros en vuestra gloriosa carrera. T\u00fa, \u00a1oh M\u00e1ximo!, ganando tiempo, conseguir\u00e1s salvar la Rep\u00fablica. Otros, en verdad, labrar\u00e1n con m\u00e1s primor el animado bronce, sacar\u00e1n del m\u00e1rmol vivas figuras, defender\u00e1n mejor las causas, medir\u00e1n con el comp\u00e1s el curso del cielo y anunciar\u00e1n la salida de los astros; t\u00fa, \u00a1oh romano!, atiende a gobernar los pueblos; \u00e9sas ser\u00e1n tus artes y tambi\u00e9n imponer condiciones de paz, perdonar a los vencidos y derribar a los soberbios.\u201d. Anotamos hasta aqu\u00ed la circunstancia del encuentro de Eneas y su padre Anquises .<\/p>\n\n\n\n<p [object NamedNodeMap]>Con ello doy t\u00e9rmino a nuestra segunda inquietud.<\/p>\n\n\n\n<p [object NamedNodeMap]>Ilustrada as\u00ed la simbolog\u00eda de la estrella de siete puntas a la cual hiciera referencia el Dr. Andr\u00e9s Aramburu Menchaca y el significado de la inscripci\u00f3n latina conforme lo anotara el Dr. Juan Vicente Ugarte del Pino, culmina este modesto trabajo.<\/p>\n\n\n\n<p [object NamedNodeMap]>El distintivo o insignia de la Orden es patrimonio institucional. En la actualidad se encuentra debidamente registrado e inscrito en el Registro de Marcas de Servicio de la Propiedad Industrial, mediante Resoluci\u00f3n N\u00b0 010629 de fecha 30 de setiembre de 1999, extendida por la Oficina de Signos Distintivos del Instituto Nacional de Defensa de la Competencia y de la Protecci\u00f3n de la Propiedad Intelectual INDECOPI , as\u00ed como tambi\u00e9n la denominaci\u00f3n Colegio de Abogados de Lima.<\/p>\n\n\n\n<p [object NamedNodeMap]>Cabe destacar que las gestiones para este fin fueron iniciadas y finalmente ejecutadas por la Comisi\u00f3n especial designada para este efecto en el a\u00f1o 1999, que integraron los doctores Pedro Patr\u00f3n Bedoya, en su Calidad de Director de COMUNICACIONES e INFORM\u00c1TICA JUR\u00cdDICA, Juan Jos\u00e9 Blossiers Mazzini y Silvia B. Calder\u00f3n Garc\u00eda. Se obtuvo en tal forma la resoluci\u00f3n antes mencionada, la misma que fue puesta en conocimiento del Colegio al a\u00f1o siguiente. La entrega oficial de este importante documento para la instituci\u00f3n tuvo lugar en ceremonia especial llevada a cabo el d\u00eda viernes 4 de mayo del a\u00f1o 2001 presidida por el se\u00f1or Decano de la Orden Dr. Mart\u00edn Belaunde Moreyra, y con la asistencia del se\u00f1or Director de Comunicaciones e Inform\u00e1tica Jur\u00eddica, Dr. Carlos Torres Caro , quien como directivo desde un primer momento ha impulsado su difusi\u00f3n.<\/p>\n\n\n\n<p [object NamedNodeMap]>En la Ciudad de Lima, a los doce d\u00edas del mes de mayo del a\u00f1o dos mil uno.<\/p>\n\n\n\n<p [object NamedNodeMap]><span style=\"color: #333399;\"><strong>GABRIEL PITA MARTINEZ<\/strong><\/span><br>Oficial Mayor<\/p>\n\n\n\n\n","protected":false},"excerpt":{"rendered":"","protected":false},"author":3,"featured_media":0,"parent":0,"menu_order":0,"comment_status":"closed","ping_status":"closed","template":"","meta":{"pagelayer_contact_templates":[],"_pagelayer_content":"","footnotes":""},"class_list":["post-56807","page","type-page","status-publish","hentry"],"rttpg_featured_image_url":null,"rttpg_author":{"display_name":"Prensa CAL","author_link":"https:\/\/www.cal.org.pe\/v1\/author\/prensa-cal\/"},"rttpg_comment":0,"rttpg_category":null,"rttpg_excerpt":null,"_links":{"self":[{"href":"https:\/\/www.cal.org.pe\/v1\/wp-json\/wp\/v2\/pages\/56807","targetHints":{"allow":["GET"]}}],"collection":[{"href":"https:\/\/www.cal.org.pe\/v1\/wp-json\/wp\/v2\/pages"}],"about":[{"href":"https:\/\/www.cal.org.pe\/v1\/wp-json\/wp\/v2\/types\/page"}],"author":[{"embeddable":true,"href":"https:\/\/www.cal.org.pe\/v1\/wp-json\/wp\/v2\/users\/3"}],"replies":[{"embeddable":true,"href":"https:\/\/www.cal.org.pe\/v1\/wp-json\/wp\/v2\/comments?post=56807"}],"version-history":[{"count":3,"href":"https:\/\/www.cal.org.pe\/v1\/wp-json\/wp\/v2\/pages\/56807\/revisions"}],"predecessor-version":[{"id":56845,"href":"https:\/\/www.cal.org.pe\/v1\/wp-json\/wp\/v2\/pages\/56807\/revisions\/56845"}],"wp:attachment":[{"href":"https:\/\/www.cal.org.pe\/v1\/wp-json\/wp\/v2\/media?parent=56807"}],"curies":[{"name":"wp","href":"https:\/\/api.w.org\/{rel}","templated":true}]}}