{"id":56039,"date":"2024-08-29T16:20:19","date_gmt":"2024-08-29T16:20:19","guid":{"rendered":"https:\/\/www.cal.org.pe\/v1\/?page_id=56039"},"modified":"2024-08-29T16:35:47","modified_gmt":"2024-08-29T16:35:47","slug":"politica-privacidad","status":"publish","type":"page","link":"https:\/\/www.cal.org.pe\/v1\/politica-privacidad\/","title":{"rendered":"Pol\u00edtica Privacidad"},"content":{"rendered":"\n\n\n\n<h2>Pol\u00edtica de Privacidad<\/h2>\n\n<p [object NamedNodeMap]><\/p>\n\n\n\n\n\n\n\n<p style=\"text-align: justify;\"><strong>COLEGIO DE ABOGADOS DE LIMA<\/strong> (en adelante, CAL) identificado con Registro \u00danico de Contribuyente N\u00b0 20154531921, domiciliado en Av. Sta. Cruz 255, Miraflores, Lima, Per\u00fa, presenta su \u00abPol\u00edtica de Privacidad para el tratamiento de los datos personales que se realiza a trav\u00e9s de su sitio web\u00bb; esto de conformidad con la Ley N\u00b0 29733, Ley de Protecci\u00f3n de Datos Personales, su Reglamento, aprobado por Decreto Supremo 003-2013-JUS y dem\u00e1s normas modificatorias y sectoriales.<\/p>\n<p style=\"text-align: justify;\">La presente Pol\u00edtica de Privacidad tiene como objetivo informar a los usuarios sobre el uso y tratamiento de informaci\u00f3n personal que se entrega de forma voluntaria a trav\u00e9s del presente portal, el mismo que ha sido implementado como parte del camino de hacia la innovaci\u00f3n digital que inici\u00f3 el CAL, especialmente tras el inicio de la pandemia del Covid 19.<br><\/p>\n<p style=\"text-align: justify;\">Se recomienda a los usuarios revisar el contenido del presente documento cada vez que se hace uso de este sitio web, debido a las modificaciones que puedan introducirse, sea que provengan de alg\u00fan mandato legal o como resultado de nuestro proceso de revisi\u00f3n y mejora continua.<\/p>\n<p style=\"text-align: justify;\">De forma general corresponde informar que el acceso y utilizaci\u00f3n de este sitio web no exige la previa inscripci\u00f3n o registro de los usuarios. Sin embargo, de forma excepcional, cuando el usuario as\u00ed lo solicite, el acceso a determinados servicios est\u00e1 supeditado al registro del usuario en las bases de datos del CAL. La informaci\u00f3n personal recopilada por este sitio web en tales condiciones ser\u00e1 almacenada en el banco de datos de titularidad del CAL identificado con el C\u00f3digo RNPDP-PJP N. 14687 denominado \u00abGremio Abogados\u00bb y cuyos datos de identificaci\u00f3n y ubicaci\u00f3n se encuentran en consignados en la Resoluci\u00f3n N. 2099-2018 del 22 de agosto del 2018. Asimismo, la informaci\u00f3n recopilada por este sitio web ser\u00e1 almacenada en el banco de datos tambi\u00e9n de titularidad del CAL identificado con el C\u00f3digo RNPDP-PJP N. 21979 denominado \u00abUsuarios de la p\u00e1gina web\u00bb y cuyos datos de identificaci\u00f3n y ubicaci\u00f3n se encuentran en consignados en la Resoluci\u00f3n N. 569-2022-JUS\/DGTAIPD-DPDP del 8 de febrero del 2022.<\/p>\n<p style=\"text-align: justify;\">Como regla general, la informaci\u00f3n recopilada mediante los formularios con los que se requieren los diferentes servicios al CAL se almacena en la Av. Sta. Cruz 255, Miraflores, Lima, Per\u00fa, bajo la administraci\u00f3n y custodia de la Direcci\u00f3n de Sistemas, garantizando todas las medidas de seguridad previstas en la normativa vigente. Sin embargo, determinados formularios (espec\u00edficamente, el de incorporaciones y mesa de partes), dadas las circunstancias ocasionadas por el Sars Cov 2 y la implementaci\u00f3n urgente de los servicios del CAL de manera digital, dirigen la informaci\u00f3n a los servidores de Google LLC, los cuales se encuentran ubicados en Estados Unidos, bajo sus propias normas y pol\u00edticas de privacidad, las cuales tambi\u00e9n sugerimos leer.<\/p>\n<p style=\"text-align: justify;\">A trav\u00e9s de los formularios virtuales implementados en esta p\u00e1gina web se recopilan datos personales tales como: nombres, apellidos, DNI, correo electr\u00f3nico, domicilio, fecha de nacimiento, n\u00famero de tel\u00e9fono, profesi\u00f3n, especialidad, n\u00famero de colegiatura, datos bancarios, im\u00e1genes, fotograf\u00edas, entre otros. Estos datos personales ser\u00e1n tratados en tanto subsista la prestaci\u00f3n de los servicios solicitados al CAL, sea por filiaci\u00f3n institucional del usuario o por alguna otra situaci\u00f3n legalmente v\u00e1lida que haya sido establecida por ambos. La autorizaci\u00f3n para el uso de la informaci\u00f3n personal puede ser revocada en cualquier momento mediante una comunicaci\u00f3n electr\u00f3nica dirig\u00eda a la siguiente direcci\u00f3n: <a href=\"mailto:mdoor@colegiodeabogadosdelima.pe\">mdoor@colegiodeabogadosdelima.pe<\/a>, refiriendo como asunto \u00abRevocaci\u00f3n del consentimiento \u2013 PDP\u00bb.<\/p>\n<p style=\"text-align: justify;\">Cumplimos con informarle que la informaci\u00f3n proporcionada no ser\u00e1 utilizada por el CAL con fines comerciales, transferida, ni compartida sin autorizaci\u00f3n del titular de los datos y, menos a\u00fan, para finalidades diferentes a las descritas en el presente documento. La informaci\u00f3n personal recopilada en el presente sitio web tiene como finalidades las siguientes:<\/p>\n<li>Digitalizar los servicios ofrecidos por el CAL, en el ejercicio de sus funciones, en su condici\u00f3n de Colegio Profesional, optimizando sus labores a trav\u00e9s de la implementaci\u00f3n y desarrollo de su sitio web.<\/li>\n        <li style=\"text-align: justify;\">Establecer un canal de comunicaci\u00f3n r\u00e1pido y eficaz con el CAL para recibir y atender sus consultas, preguntas, quejas o reclamos, as\u00ed como para informar sobre los servicios que \u00e9ste ofrece en su condici\u00f3n de Colegio Profesional.<\/li>\n        <li>Realizar la gesti\u00f3n econ\u00f3mica y contable de los usuarios que as\u00ed lo soliciten, enfocados especialmente en el pago de sus colegiaturas y\/o administraci\u00f3n y manejo de deudas de cualquier otra naturaleza que el usuario mantengan con el CAL.<\/li>\n        <li>Gestionar una lista de usuarios que permita optimizar las actividades institucionales que realiza el CAL de acuerdo con sus estatutos de creaci\u00f3n.<\/li>\n        <li>Incluirlo en nuestro historial de usuarios para fines estad\u00edsticos e hist\u00f3ricos.<\/li>\n        <li>Crear una cuenta de usuario, si as\u00ed lo desea.<\/li>\n        <li>Evaluar nuestro servicio Online para poder mejorar constantemente los servicios que brindamos a la comunidad jur\u00eddica.<\/li>\n<p style=\"text-align: justify;\">Los datos personales recabados podr\u00e1n ser transferidos o suministrados a las entidades p\u00fablicas para el ejercicio de sus funciones en el marco de sus competencias, y cuando resulte necesario para el cumplimiento de los servicios, tr\u00e1mites, reclamos, denuncias u otros, iniciados o solicitados por el usuario.<\/p>\n<p style=\"text-align: justify;\">Si el usuario desea ejercer algunos de los derechos previstos en la Ley de Protecci\u00f3n de Datos personales, su Reglamento y\/o alguna de sus modificatorias podr\u00e1 hacerlo de forma libre, cumpliendo con los requisitos y plazos previstos en la propia norma, y a trav\u00e9s de una comunicaci\u00f3n electr\u00f3nica dirigida a la siguiente direcci\u00f3n: <a href=\"mailto:mdoor@colegiodeabogadosdelima.pe\">mdoor@colegiodeabogadosdelima.pe<\/a>, se\u00f1alando como asunto \u00abSolicitud de ejercicio del derecho a la protecci\u00f3n de datos personales\u00bb. El CAL est\u00e1 comprometido con el respeto irrestricto del derecho de la protecci\u00f3n de datos personales y brindar\u00e1 las condiciones necesarias para su materializaci\u00f3n.<\/p>\n<p style=\"text-align: justify;\">Los datos personales proporcionados por el usuario se conservar\u00e1n mientras se mantenga el v\u00ednculo institucional o se encuentre vigente cualquier otra relaci\u00f3n jur\u00eddica legalmente establecida entre el usuario y el CAL, o mientras el titular del dato no solicite su cancelaci\u00f3n.<\/p>\n<p style=\"text-align: justify;\">El CAL garantiza que el tratamiento de sus datos se limitar\u00e1 a las finalidades antes autorizadas, se mantendr\u00e1 la confidencialidad de la informaci\u00f3n, as\u00ed como que se implementar\u00e1n las medidas de seguridad que exige la Ley de Protecci\u00f3n de Datos personales, su Reglamento y dem\u00e1s modificatorias. El portal del que es titular el CAL puede contener enlaces a sitios web de terceros, cuyas pol\u00edticas de privacidad son ajenas a la del CAL. Al acceder a tales sitios web usted puede decidir si acepta sus pol\u00edticas de privacidad y de cookies.<\/p>\n\n\nCOLEGIO DE ABOGADOS DE LIMA\n\n\n<p><br>Av. Sta. Cruz 255, Miraflores Lima, Per\u00fa.<\/p>\n\n\n<p><br><\/p>\n\n\n\n\n\n\n\n\n","protected":false},"excerpt":{"rendered":"","protected":false},"author":1,"featured_media":0,"parent":0,"menu_order":0,"comment_status":"closed","ping_status":"closed","template":"","meta":{"pagelayer_contact_templates":[],"_pagelayer_content":"","footnotes":""},"class_list":["post-56039","page","type-page","status-publish","hentry"],"rttpg_featured_image_url":null,"rttpg_author":{"display_name":"Prensa","author_link":"https:\/\/www.cal.org.pe\/v1\/author\/alexsoriano1234live-com\/"},"rttpg_comment":0,"rttpg_category":null,"rttpg_excerpt":null,"_links":{"self":[{"href":"https:\/\/www.cal.org.pe\/v1\/wp-json\/wp\/v2\/pages\/56039","targetHints":{"allow":["GET"]}}],"collection":[{"href":"https:\/\/www.cal.org.pe\/v1\/wp-json\/wp\/v2\/pages"}],"about":[{"href":"https:\/\/www.cal.org.pe\/v1\/wp-json\/wp\/v2\/types\/page"}],"author":[{"embeddable":true,"href":"https:\/\/www.cal.org.pe\/v1\/wp-json\/wp\/v2\/users\/1"}],"replies":[{"embeddable":true,"href":"https:\/\/www.cal.org.pe\/v1\/wp-json\/wp\/v2\/comments?post=56039"}],"version-history":[{"count":5,"href":"https:\/\/www.cal.org.pe\/v1\/wp-json\/wp\/v2\/pages\/56039\/revisions"}],"predecessor-version":[{"id":56544,"href":"https:\/\/www.cal.org.pe\/v1\/wp-json\/wp\/v2\/pages\/56039\/revisions\/56544"}],"wp:attachment":[{"href":"https:\/\/www.cal.org.pe\/v1\/wp-json\/wp\/v2\/media?parent=56039"}],"curies":[{"name":"wp","href":"https:\/\/api.w.org\/{rel}","templated":true}]}}