{"id":548,"date":"2024-08-19T17:46:47","date_gmt":"2024-08-19T22:46:47","guid":{"rendered":"https:\/\/www.cal.org.pe\/v1\/?page_id=548"},"modified":"2026-04-14T11:14:15","modified_gmt":"2026-04-14T16:14:15","slug":"bienestar-social","status":"publish","type":"page","link":"https:\/\/www.cal.org.pe\/v1\/bienestar-social\/","title":{"rendered":"Bienestar Social"},"content":{"rendered":"\n\n\n\n\n<h2>Direcci\u00f3n de Bienestar Social<\/h2>\n\n\n<h5>Ana Gabriela Castillo Aguirre<\/h5>\n\n\n\n\n\n\n\n\n<h4>Introducci\u00f3n<\/h4>\n\n<p style=\"text-align: justify;\">La Direcci\u00f3n de Bienestar Social del Colegio de Abogados de Lima se encarga de promover y coordinar actividades y servicios que beneficien a los abogados y sus familias. Su objetivo principal es mejorar la calidad de vida de los miembros del colegio a trav\u00e9s de diversas iniciativas.<br><br> Estas actividades est\u00e1n dise\u00f1adas para apoyar a los miembros del colegio en diferentes aspectos de su vida profesional y personal, buscando crear un entorno m\u00e1s equilibrado y saludable.<\/p>\n\n<p style=\"font-size:14px; line-height:17px;\"><b>Policl\u00ednico:<\/b> Brindar atenci\u00f3n medica integral y accesible a todos los abogados y sus familiares del Colegio de Abogados de Lima, ofreciendo una amplia variedad de especialidades m\u00e9dicas.<\/p>\n    \n    <p style=\"font-size:14px; line-height:17px;\"><b>Programa Adulto Mayor:<\/b> Orientado al bienestar de sus agremiados mayores de 60 a\u00f1os. Incluye actividades de salud, recreaci\u00f3n y promoci\u00f3n social. Para participar, los abogados deben estar inscritos y, en algunos casos, empadronarse para ser considerados en futuras actividades y programas (Show de Talentos, Celebraci\u00f3n por 50 a\u00f1os de incorporaci\u00f3n, etc.)<\/p>\n    \n    <p style=\"font-size:14px; line-height:17px;\"><b>Actividades Culturales y Recreativas:<\/b>Organizar eventos, talleres, y actividades recreativas para fomentar el bienestar integral y la integraci\u00f3n social entre los miembros.<\/p>\n    \n    <p style=\"font-size:14px; line-height:17px;\"><b>Beneficios:<\/b> Proporcionar las prestaciones de Retiro, Invalidez y Sepelio. A los agremiados que cuenten con los requisitos establecidos para cada caso.<\/p>\n    \n    <p style=\"font-size:14px; line-height:17px;\">Convenios Institucionales Ofrecer convenios con distintas Instituciones y empresas en beneficio de los agremiados. (Salud, Equipo M\u00e9dico, bienestar, etc.)<\/p>\n\n\n\n\n<h4>Informe de gesti\u00f3n<\/h4>\n\n\n<h5 [object NamedNodeMap]>Enero &#8211; octubre 2025<\/h5>\n\n\n\n\nConoce el informe de gesti\u00f3n\n\n\n\n\n\n\n<h4>Plan de trabajo<\/h4>\n\n\n<h3>2024 &#8211; 2025<\/h3>\n\n\n\n\nRevisa el Plan de Trabajo\n\n\n\n\n\n\n<h4>Informe de gesti\u00f3n<\/h4>\n\n\n<h3>Abril &#8211; octubre<\/h3>\n\n\n\n\nRevisa el informe\n\n\n\n\n\n\n\n\n\n\n\n\n<p>sec_bienestarsocial<\/p>\n\n\n<p>@colegiodeabogadosdelima.pe<br><\/p>\n\n\n\n\n\n\n\n\n\n\n\n<p>710-6631<br> 968 701 747<\/p>\n\n\n\n\n\n\n\n<h4>Acervo documentario<\/h4>\n\n\n\n\n\n\n<p><a href=\"https:\/\/www.cal.org.pe\/v1\/wp-content\/uploads\/2025\/09\/REQUISITOS-CARNE-FAMILIAR-CAL.pdf\">Requisitos Carn\u00e9 Familiar<br><\/a><\/p>\n\n\n<p><strong>POLICLINICO DEL CAL:<\/strong><\/p>\n\n\n<p>Informes y citas a los tel\u00e9fonos 261-5169 \/ 463-1755<br><\/p>\n\n\n<p>Costo de atenci\u00f3n m\u00e9dica para familiares de agremiados seg\u00fan la especialidad (Indispensable presentar Carnet Familiar)<br><\/p>\n\n\n<p>Costo de atenci\u00f3n para la comunidad seg\u00fan la especialidad.<br><\/p>\n\n\n\n\n\n\n\n\n<div style=\"position: relative; width: 100%; max-width: 1000px; margin: 0 auto;\">\n  <!-- Contenido base que est\u00e1 debajo -->\n  <div style=\"filter: blur(3px); pointer-events: none;\">\n\n<ul>\n<li><a href=\"https:\/\/www.cal.org.pe\/v1\/wp-content\/uploads\/2023\/10\/INFORME-CONTABLE-CPSA.pdf\" target=\"_blank\" rel=\"noopener\" style=\"cursor: pointer;\">Informe trimestral manejo de recursos de la CPSA de los meses de julio, agosto y septiembre de 2023<\/a><\/li>\n<li><a href=\"https:\/\/www.cal.org.pe\/v1\/wp-content\/uploads\/2023\/07\/CARTA-N\u00b0-253-2023-DBS-CAL-AS.pdf\" target=\"_blank\" rel=\"noopener\" style=\"cursor: pointer;\">Informe trimestral manejo de los recursos de la CPSA de los meses de abril, mayo y junio de 2023<\/a><\/li>\n<li><a href=\"https:\/\/www.cal.org.pe\/v1\/wp-content\/uploads\/2022\/08\/BIENESTAR-SOCIAL-1.pdf\" style=\"cursor: pointer;\">Informe 100 d\u00edas de gesti\u00f3n<\/a><\/li>\n<li><a href=\"https:\/\/www.cal.org.pe\/v1\/wp-content\/uploads\/2022\/06\/COMITE-CAJA-DE-PREVISION-SOCIAL.jpg\" target=\"_blank\" rel=\"noopener\">Comit\u00e9 de Administraci\u00f3n Caja de Previsi\u00f3n Social del Abogado<\/a>.<\/li>\n<\/ul>\n\n\n<\/div>\n\n  <!-- Imagen superpuesta -->\n  <img decoding=\"async\" src=\"https:\/\/www.cal.org.pe\/v1\/wp-content\/uploads\/2025\/07\/CONSTRU.png\" alt=\"En construcci\u00f3n\" style=\"position: absolute; top: 50%; left: 50%;\n              transform: translate(-50%, -50%);\n              width: 80%; max-width: 500px;\n              z-index: 10;\">\n<\/div>\n\n\n\n\n\n\n\n\n<p>Lorem Ipsum has been the industry&#8217;s standard dummy text ever since the 1500s.<\/p>\n\n\n\n\n\n\n\n\n\n\n\n<h4>Publicaciones relacionadas<\/h4>\n\n\n\n\n\n\n\n","protected":false},"excerpt":{"rendered":"","protected":false},"author":1,"featured_media":0,"parent":0,"menu_order":0,"comment_status":"closed","ping_status":"closed","template":"","meta":{"pagelayer_contact_templates":[],"_pagelayer_content":"","footnotes":""},"class_list":["post-548","page","type-page","status-publish","hentry"],"rttpg_featured_image_url":null,"rttpg_author":{"display_name":"Prensa","author_link":"https:\/\/www.cal.org.pe\/v1\/author\/alexsoriano1234live-com\/"},"rttpg_comment":0,"rttpg_category":null,"rttpg_excerpt":null,"_links":{"self":[{"href":"https:\/\/www.cal.org.pe\/v1\/wp-json\/wp\/v2\/pages\/548","targetHints":{"allow":["GET"]}}],"collection":[{"href":"https:\/\/www.cal.org.pe\/v1\/wp-json\/wp\/v2\/pages"}],"about":[{"href":"https:\/\/www.cal.org.pe\/v1\/wp-json\/wp\/v2\/types\/page"}],"author":[{"embeddable":true,"href":"https:\/\/www.cal.org.pe\/v1\/wp-json\/wp\/v2\/users\/1"}],"replies":[{"embeddable":true,"href":"https:\/\/www.cal.org.pe\/v1\/wp-json\/wp\/v2\/comments?post=548"}],"version-history":[{"count":36,"href":"https:\/\/www.cal.org.pe\/v1\/wp-json\/wp\/v2\/pages\/548\/revisions"}],"predecessor-version":[{"id":90611,"href":"https:\/\/www.cal.org.pe\/v1\/wp-json\/wp\/v2\/pages\/548\/revisions\/90611"}],"wp:attachment":[{"href":"https:\/\/www.cal.org.pe\/v1\/wp-json\/wp\/v2\/media?parent=548"}],"curies":[{"name":"wp","href":"https:\/\/api.w.org\/{rel}","templated":true}]}}