{"id":485,"date":"2024-08-16T16:13:52","date_gmt":"2024-08-16T21:13:52","guid":{"rendered":"https:\/\/www.cal.org.pe\/v1\/?page_id=485"},"modified":"2026-04-09T14:22:21","modified_gmt":"2026-04-09T19:22:21","slug":"comisiones-y-consultas","status":"publish","type":"page","link":"https:\/\/www.cal.org.pe\/v1\/comisiones-y-consultas\/","title":{"rendered":"Comisiones y Consultas"},"content":{"rendered":"\n\n\n\n\n\n\n<h2>Direcci\u00f3n de Comisiones y Consultas<\/h2>\n\n\n\n<h5>Jos\u00e9 Joaqu\u00edn D\u00edaz P\u00e9rez<\/h5>\n\n\n\n<p [object NamedNodeMap]>Director 2026 &#8211; 2027<\/p>\n\n\n\n\n\n\n\n\n\n\n\n<h4>Introducci\u00f3n<\/h4>\n\n\n\n<p [object NamedNodeMap]>La Direcci\u00f3n de Comisiones y Consultas del Colegio de Abogados de Lima se encarga de coordinar y supervisar las actividades relacionadas con las comisiones internas del colegio y de gestionar las consultas que los miembros del colegio puedan tener.<br><\/p>\n\n\n\n<p style=\"font-size:14px; line-height:17px;\"><b>Coordinaci\u00f3n de Comisiones:<\/b> Facilitan el trabajo de las diversas comisiones del Colegio de Abogados, que suelen abordar temas espec\u00edficos como \u00e9tica profesional, legislaci\u00f3n, derecho penal, derecho civil, entre otros. Se encargan de coordinar las reuniones, la elaboraci\u00f3n de informes y la implementaci\u00f3n de recomendaciones.<\/p>\n    \n    <p style=\"font-size:14px; line-height:17px;\"><b>Gesti\u00f3n de Consultas:<\/b> Atienden y responden a las consultas jur\u00eddicas que los abogados miembros del colegio puedan tener, ofreciendo orientaci\u00f3n sobre cuestiones legales, \u00e9ticas o profesionales.<\/p>\n    \n    <p style=\"font-size:14px; line-height:17px;\"><b>Apoyo y Asesoramiento:<\/b> Proporcionan apoyo a las comisiones y a los miembros del colegio, ofreciendo asesor\u00eda en temas de inter\u00e9s y facilitando el intercambio de informaci\u00f3n y conocimientos.<\/p>\n    \n    <p style=\"font-size:14px; line-height:17px;\"><b>Elaboraci\u00f3n de Propuestas:<\/b> Participan en la elaboraci\u00f3n de propuestas y recomendaciones para mejorar la pr\u00e1ctica legal y la administraci\u00f3n de justicia, bas\u00e1ndose en las consultas y en el trabajo de las comisiones.<\/p>\n    \n    <p style=\"font-size:14px; line-height:17px;\"><b>Organizaci\u00f3n de Actividades:<\/b> Organizan eventos, seminarios y talleres relacionados con temas de inter\u00e9s para los abogados, contribuyendo a su formaci\u00f3n continua y actualizaci\u00f3n profesional.<\/p>\n\n\n\n\n\n<h4>Informe de gesti\u00f3n<\/h4>\n\n\n\n<h5 [object NamedNodeMap]>Enero &#8211; octubre 2025<\/h5>\n\n\n\n\n\nRevisa el informe\n\n\n\n\n\n\n\n<h4>Plan de trabajo<\/h4>\n\n\n\n<h3>2025<\/h3>\n\n\n\n\n\nRevisa el Plan de trabajo 2025\n\n\n\n\n\n\n\n<h4>Plan de trabajo<\/h4>\n\n\n\n<h3>2024 &#8211; 2025<\/h3>\n\n\n\n\n\nRevisa el Plan 2024 &#8211; 2025\n\n\n\n\n\n\n\n<h4>Informe de gesti\u00f3n<\/h4>\n\n\n\n<h5 [object NamedNodeMap]>Abril &#8211; octubre<\/h5>\n\n\n\n\n\nRevisa el informe\n\n\n\n\n\n\n\n\n\n\n\n\n\n\n\n<p>sec_comisionesyconsultas@colegiodeabogadosdelima.pe<br><\/p>\n\n\n\n\n\n\n\n\n\n\n\n\n\n<p>710-6616<br> 968 701 746<\/p>\n\n\n\n\n\n\n\n\n\n\n\n\n\n\n\n<p>Lorem Ipsum has been the industry&#8217;s standard dummy text ever since the 1500s.<\/p>\n\n\n\n\n\n\n\n\n\n\n\n\n\n<h4>Publicaciones relacionadas<\/h4>\n\n\n\n\n\n\n\n<style type='text\/css' media='all'>#rt-tpg-container-1730670759 .rt-holder .rt-woo-info .price{color:#0367bf;}body .rt-tpg-container .rt-tpg-isotope-buttons .selected,\n\t\t\t\t\t#rt-tpg-container-1730670759 .layout12 .rt-holder:hover .rt-detail,\n\t\t\t\t\t#rt-tpg-container-1730670759 .isotope8 .rt-holder:hover .rt-detail,\n\t\t\t\t\t#rt-tpg-container-1730670759 .carousel8 .rt-holder:hover .rt-detail,\n\t\t\t\t\t#rt-tpg-container-1730670759 .layout13 .rt-holder .overlay .post-info,\n\t\t\t\t\t#rt-tpg-container-1730670759 .isotope9 .rt-holder .overlay .post-info,\n\t\t\t\t\t#rt-tpg-container-1730670759.rt-tpg-container .layout4 .rt-holder .rt-detail,\n\t\t\t\t\t.rt-modal-1730670759 .md-content,\n\t\t\t\t\t.rt-modal-1730670759 .md-content > .rt-md-content-holder .rt-md-content,\n\t\t\t\t\t.rt-popup-wrap-1730670759.rt-popup-wrap .rt-popup-navigation-wrap,\n\t\t\t\t\t#rt-tpg-container-1730670759 .carousel9 .rt-holder .overlay .post-info{background-color:#0367bf;}#rt-tpg-container-1730670759 .layout5 .rt-holder .overlay, #rt-tpg-container-1730670759 .isotope2 .rt-holder .overlay, #rt-tpg-container-1730670759 .carousel2 .rt-holder .overlay,#rt-tpg-container-1730670759 .layout15 .rt-holder h3, #rt-tpg-container-1730670759 .isotope11 .rt-holder h3, #rt-tpg-container-1730670759 .carousel11 .rt-holder h3, #rt-tpg-container-1730670759 .layout16 .rt-holder h3,\n\t\t\t\t\t#rt-tpg-container-1730670759 .isotope12 .rt-holder h3, #rt-tpg-container-1730670759 .carousel12 .rt-holder h3 {background-color:rgba(3,103,191,0.8);}#rt-tpg-container-1730670759 .read-more a{border-radius:px;}#rt-tpg-container-1730670759 .rt-img-holder img.rt-img-responsive,#rt-tpg-container-1730670759 .rt-img-holder,\n\t\t\t\t\t#rt-tpg-container-1730670759 .rt-post-overlay .post-img,\n\t\t\t\t\t#rt-tpg-container-1730670759 .post-sm .post-img,\n\t\t\t\t\t#rt-tpg-container-1730670759 .rt-post-grid .post-img,\n\t\t\t\t\t#rt-tpg-container-1730670759 .post-img img {border-radius:px;}<\/style><div class='rt-container-fluid rt-tpg-container tpg-shortcode-main-wrapper  loading' id='rt-tpg-container-1730670759'   data-layout='layout1' data-grid-style='even' data-desktop-col='3'  data-tab-col='2'  data-mobile-col='1' data-sc-id='496'><div id=\"bottom-script-loader\" class=\"bottom-script-loader\"><div class=\"rt-ball-clip-rotate\"><div><\/div><\/div><\/div><div data-title='Cargando...' class='rt-row rt-content-loader   layout1 tpg-even '><div class=\"rt-col-md-4 rt-col-sm-6 rt-col-xs-12 even-grid-item rt-grid-item\" data-id=\"57034\"><div class=\"rt-holder\"><div class=\"rt-img-holder\"><a data-id=\"57034\" class=\"\" href=\"https:\/\/www.cal.org.pe\/v1\/2024\/09\/07\/juramentacion-de-los-miembros-de-las-comisiones-consultivas-y-de-estudio-del-cal-2024\/\"><img fetchpriority=\"high\" decoding=\"async\" width=\"800\" height=\"500\" src=\"https:\/\/www.cal.org.pe\/v1\/wp-content\/uploads\/2024\/08\/NOTAS-DE-PRENSA-1.jpg\" class=\"rt-img-responsive \" alt=\"\" \/><\/a><\/div><div class='rt-detail'><h3 class=\"entry-title\"><a data-id=\"57034\" class=\"\" href=\"https:\/\/www.cal.org.pe\/v1\/2024\/09\/07\/juramentacion-de-los-miembros-de-las-comisiones-consultivas-y-de-estudio-del-cal-2024\/\">Juramentaci\u00f3n de los Miembros de las Comisiones Consultivas y de Estudio del CAL 2024<\/a><\/h3><div class='post-meta-user  '><span class='date'><i class='flaticon-calendar '><\/i>septiembre 7, 2024<\/span><span class='categories-links'><i class='flaticon-folder '><\/i><a class=\"direccion-de-comisiones-y-consultas\" href=\"https:\/\/www.cal.org.pe\/v1\/category\/direccion-de-comisiones-y-consultas\/\" rel=\"tag\">Direcci\u00f3n de Comisiones y Consultas<\/a><\/span><span class='post-tags-links'><i class='flaticon-tag '><\/i><a href=\"https:\/\/www.cal.org.pe\/v1\/tag\/nota-de-prensa\/\" rel=\"tag\">Nota de prensa<\/a><\/span><\/div><div class='tpg-excerpt'>El Colegio de Abogados de Lima llev\u00f3 a cabo la ceremonia de juramentaci\u00f3n de los...<\/div><div class='post-meta '><span class='read-more'><a data-id='57034' class='' href='https:\/\/www.cal.org.pe\/v1\/2024\/09\/07\/juramentacion-de-los-miembros-de-las-comisiones-consultivas-y-de-estudio-del-cal-2024\/'>Leer m\u00e1s<\/a><\/span><\/div><\/div><\/div><\/div><div class=\"rt-col-md-4 rt-col-sm-6 rt-col-xs-12 even-grid-item rt-grid-item\" data-id=\"66288\"><div class=\"rt-holder\"><div class=\"rt-img-holder\"><a data-id=\"66288\" class=\"\" href=\"https:\/\/www.cal.org.pe\/v1\/2025\/04\/09\/conferencia-ciberseguridad-y-proteccion-de-datos-analisis-comparativo-entre-peru-y-mexico\/\"><img decoding=\"async\" width=\"800\" height=\"500\" src=\"https:\/\/www.cal.org.pe\/v1\/wp-content\/uploads\/2025\/04\/FORMACION-INTEGRAL.jpg\" class=\"rt-img-responsive \" alt=\"\" \/><\/a><\/div><div class='rt-detail'><h3 class=\"entry-title\"><a data-id=\"66288\" class=\"\" href=\"https:\/\/www.cal.org.pe\/v1\/2025\/04\/09\/conferencia-ciberseguridad-y-proteccion-de-datos-analisis-comparativo-entre-peru-y-mexico\/\">CONFERENCIA: \u00abCIBERSEGURIDAD Y PROTECCI\u00d3N DE DATOS: AN\u00c1LISIS COMPARATIVO ENTRE PER\u00da Y M\u00c9XICO\u00bb<\/a><\/h3><div class='post-meta-user  '><span class='date'><i class='flaticon-calendar '><\/i>abril 9, 2025<\/span><span class='categories-links'><i class='flaticon-folder '><\/i><a class=\"direccion-de-comisiones-y-consultas\" href=\"https:\/\/www.cal.org.pe\/v1\/category\/direccion-de-comisiones-y-consultas\/\" rel=\"tag\">Direcci\u00f3n de Comisiones y Consultas<\/a><\/span><span class='post-tags-links'><i class='flaticon-tag '><\/i><a href=\"https:\/\/www.cal.org.pe\/v1\/tag\/formacion-integral\/\" rel=\"tag\">Formaci\u00f3n Integral<\/a><\/span><\/div><div class='tpg-excerpt'>La Direcci\u00f3n de Comisiones y Consultas, dirigida por la Dra. Emilia Vicu\u00f1a Cano, en coordinaci\u00f3n...<\/div><div class='post-meta '><span class='read-more'><a data-id='66288' class='' href='https:\/\/www.cal.org.pe\/v1\/2025\/04\/09\/conferencia-ciberseguridad-y-proteccion-de-datos-analisis-comparativo-entre-peru-y-mexico\/'>Leer m\u00e1s<\/a><\/span><\/div><\/div><\/div><\/div><div class=\"rt-col-md-4 rt-col-sm-6 rt-col-xs-12 even-grid-item rt-grid-item\" data-id=\"66530\"><div class=\"rt-holder\"><div class=\"rt-img-holder\"><a data-id=\"66530\" class=\"\" href=\"https:\/\/www.cal.org.pe\/v1\/2025\/04\/22\/conferencia-coloquial-eutanasia\/\"><img decoding=\"async\" width=\"800\" height=\"500\" src=\"https:\/\/www.cal.org.pe\/v1\/wp-content\/uploads\/2025\/04\/EVENTOS-ACADEMICOS.jpg\" class=\"rt-img-responsive \" alt=\"\" \/><\/a><\/div><div class='rt-detail'><h3 class=\"entry-title\"><a data-id=\"66530\" class=\"\" href=\"https:\/\/www.cal.org.pe\/v1\/2025\/04\/22\/conferencia-coloquial-eutanasia\/\">CONFERENCIA COLOQUIAL: \u00abEUTANASIA\u00bb<\/a><\/h3><div class='post-meta-user  '><span class='date'><i class='flaticon-calendar '><\/i>abril 22, 2025<\/span><span class='categories-links'><i class='flaticon-folder '><\/i><a class=\"direccion-academica-y-promocion-cultural\" href=\"https:\/\/www.cal.org.pe\/v1\/category\/direccion-academica-y-promocion-cultural\/\" rel=\"tag\">Direcci\u00f3n Acad\u00e9mica y Promoci\u00f3n Cultural<\/a><span class=\"rt-separator\">,<\/span><a class=\"direccion-de-comisiones-y-consultas\" href=\"https:\/\/www.cal.org.pe\/v1\/category\/direccion-de-comisiones-y-consultas\/\" rel=\"tag\">Direcci\u00f3n de Comisiones y Consultas<\/a><\/span><span class='post-tags-links'><i class='flaticon-tag '><\/i><a href=\"https:\/\/www.cal.org.pe\/v1\/tag\/eventos-academicos\/\" rel=\"tag\">eventos academicos<\/a><\/span><\/div><div class='tpg-excerpt'>La Direcci\u00f3n Acad\u00e9mica y Promoci\u00f3n Cultural del Colegio de Abogados de Lima, bajo la direcci\u00f3n...<\/div><div class='post-meta '><span class='read-more'><a data-id='66530' class='' href='https:\/\/www.cal.org.pe\/v1\/2025\/04\/22\/conferencia-coloquial-eutanasia\/'>Leer m\u00e1s<\/a><\/span><\/div><\/div><\/div><\/div><div class=\"rt-col-md-4 rt-col-sm-6 rt-col-xs-12 even-grid-item rt-grid-item\" data-id=\"55784\"><div class=\"rt-holder\"><div class=\"rt-img-holder\"><a data-id=\"55784\" class=\"\" href=\"https:\/\/www.cal.org.pe\/v1\/2024\/08\/26\/ceremonia-de-juramentacion-de-comisiones-consultivas-y-de-estudio-del-cal-2024\/\"><img loading=\"lazy\" decoding=\"async\" width=\"800\" height=\"500\" src=\"https:\/\/www.cal.org.pe\/v1\/wp-content\/uploads\/2024\/08\/AVISOS-5.jpg\" class=\"rt-img-responsive \" alt=\"\" \/><\/a><\/div><div class='rt-detail'><h3 class=\"entry-title\"><a data-id=\"55784\" class=\"\" href=\"https:\/\/www.cal.org.pe\/v1\/2024\/08\/26\/ceremonia-de-juramentacion-de-comisiones-consultivas-y-de-estudio-del-cal-2024\/\">Ceremonia de Juramentaci\u00f3n de Comisiones Consultivas y de Estudio del CAL 2024<\/a><\/h3><div class='post-meta-user  '><span class='date'><i class='flaticon-calendar '><\/i>agosto 26, 2024<\/span><span class='categories-links'><i class='flaticon-folder '><\/i><a class=\"direccion-de-comisiones-y-consultas\" href=\"https:\/\/www.cal.org.pe\/v1\/category\/direccion-de-comisiones-y-consultas\/\" rel=\"tag\">Direcci\u00f3n de Comisiones y Consultas<\/a><\/span><\/div><div class='tpg-excerpt'>#Invitaci\u00f3n | El Colegio de Abogados de Lima, a trav\u00e9s de la Direcci\u00f3n de Comisiones...<\/div><div class='post-meta '><span class='read-more'><a data-id='55784' class='' href='https:\/\/www.cal.org.pe\/v1\/2024\/08\/26\/ceremonia-de-juramentacion-de-comisiones-consultivas-y-de-estudio-del-cal-2024\/'>Leer m\u00e1s<\/a><\/span><\/div><\/div><\/div><\/div><div class=\"rt-col-md-4 rt-col-sm-6 rt-col-xs-12 even-grid-item rt-grid-item\" data-id=\"56582\"><div class=\"rt-holder\"><div class=\"rt-img-holder\"><a data-id=\"56582\" class=\"\" href=\"https:\/\/www.cal.org.pe\/v1\/2024\/09\/04\/ceremonia-de-juramentacion-comisiones-consultivas-y-de-estudio-2024\/\"><img loading=\"lazy\" decoding=\"async\" width=\"800\" height=\"500\" src=\"https:\/\/www.cal.org.pe\/v1\/wp-content\/uploads\/2024\/08\/AVISOS-6.jpg\" class=\"rt-img-responsive \" alt=\"\" \/><\/a><\/div><div class='rt-detail'><h3 class=\"entry-title\"><a data-id=\"56582\" class=\"\" href=\"https:\/\/www.cal.org.pe\/v1\/2024\/09\/04\/ceremonia-de-juramentacion-comisiones-consultivas-y-de-estudio-2024\/\">CEREMONIA DE JURAMENTACI\u00d3N | COMISIONES CONSULTIVAS Y DE ESTUDIO 2024<\/a><\/h3><div class='post-meta-user  '><span class='date'><i class='flaticon-calendar '><\/i>septiembre 4, 2024<\/span><span class='categories-links'><i class='flaticon-folder '><\/i><a class=\"direccion-de-comisiones-y-consultas\" href=\"https:\/\/www.cal.org.pe\/v1\/category\/direccion-de-comisiones-y-consultas\/\" rel=\"tag\">Direcci\u00f3n de Comisiones y Consultas<\/a><\/span><\/div><div class='tpg-excerpt'>El Colegio de Abogados de Lima, a trav\u00e9s de la Direcci\u00f3n de Comisiones y Consultas...<\/div><div class='post-meta '><span class='read-more'><a data-id='56582' class='' href='https:\/\/www.cal.org.pe\/v1\/2024\/09\/04\/ceremonia-de-juramentacion-comisiones-consultivas-y-de-estudio-2024\/'>Leer m\u00e1s<\/a><\/span><\/div><\/div><\/div><\/div><div class=\"rt-col-md-4 rt-col-sm-6 rt-col-xs-12 even-grid-item rt-grid-item\" data-id=\"492\"><div class=\"rt-holder\"><div class=\"rt-img-holder\"><a data-id=\"492\" class=\"\" href=\"https:\/\/www.cal.org.pe\/v1\/2024\/07\/25\/anuncio-de-publicacion-de-resultados-para-las-comisiones-consultivas-y-de-estudio-del-cal-2024\/\"><img loading=\"lazy\" decoding=\"async\" width=\"800\" height=\"500\" src=\"https:\/\/www.cal.org.pe\/v1\/wp-content\/uploads\/2024\/08\/AVISOS-4.jpg\" class=\"rt-img-responsive \" alt=\"\" \/><\/a><\/div><div class='rt-detail'><h3 class=\"entry-title\"><a data-id=\"492\" class=\"\" href=\"https:\/\/www.cal.org.pe\/v1\/2024\/07\/25\/anuncio-de-publicacion-de-resultados-para-las-comisiones-consultivas-y-de-estudio-del-cal-2024\/\">Anuncio de publicaci\u00f3n de resultados para las Comisiones Consultivas y de Estudio del CAL 2024<\/a><\/h3><div class='post-meta-user  '><span class='date'><i class='flaticon-calendar '><\/i>julio 25, 2024<\/span><span class='categories-links'><i class='flaticon-folder '><\/i><a class=\"direccion-de-comisiones-y-consultas\" href=\"https:\/\/www.cal.org.pe\/v1\/category\/direccion-de-comisiones-y-consultas\/\" rel=\"tag\">Direcci\u00f3n de Comisiones y Consultas<\/a><\/span><\/div><div class='tpg-excerpt'>Debido a la elevada demanda en la convocatoria para integrar las Comisiones Consultivas y Comisiones...<\/div><div class='post-meta '><span class='read-more'><a data-id='492' class='' href='https:\/\/www.cal.org.pe\/v1\/2024\/07\/25\/anuncio-de-publicacion-de-resultados-para-las-comisiones-consultivas-y-de-estudio-del-cal-2024\/'>Leer m\u00e1s<\/a><\/span><\/div><\/div><\/div><\/div><div class=\"rt-col-md-4 rt-col-sm-6 rt-col-xs-12 even-grid-item rt-grid-item\" data-id=\"56148\"><div class=\"rt-holder\"><div class=\"rt-img-holder\"><a data-id=\"56148\" class=\"\" href=\"https:\/\/www.cal.org.pe\/v1\/2024\/09\/02\/hoy-juramentacion-de-los-miembros-de-las-comisiones-de-trabajo-del-cal\/\"><img loading=\"lazy\" decoding=\"async\" width=\"800\" height=\"500\" src=\"https:\/\/www.cal.org.pe\/v1\/wp-content\/uploads\/2024\/08\/AVISOS-7.jpg\" class=\"rt-img-responsive \" alt=\"\" \/><\/a><\/div><div class='rt-detail'><h3 class=\"entry-title\"><a data-id=\"56148\" class=\"\" href=\"https:\/\/www.cal.org.pe\/v1\/2024\/09\/02\/hoy-juramentacion-de-los-miembros-de-las-comisiones-de-trabajo-del-cal\/\">\u00a1HOY! | Juramentaci\u00f3n de los Miembros de las Comisiones de Trabajo del CAL<\/a><\/h3><div class='post-meta-user  '><span class='date'><i class='flaticon-calendar '><\/i>septiembre 2, 2024<\/span><span class='categories-links'><i class='flaticon-folder '><\/i><a class=\"direccion-de-comisiones-y-consultas\" href=\"https:\/\/www.cal.org.pe\/v1\/category\/direccion-de-comisiones-y-consultas\/\" rel=\"tag\">Direcci\u00f3n de Comisiones y Consultas<\/a><\/span><\/div><div class='tpg-excerpt'>El Ilustre Colegio de Abogados de Lima invita a todos los miembros de la Orden...<\/div><div class='post-meta '><span class='read-more'><a data-id='56148' class='' href='https:\/\/www.cal.org.pe\/v1\/2024\/09\/02\/hoy-juramentacion-de-los-miembros-de-las-comisiones-de-trabajo-del-cal\/'>Leer m\u00e1s<\/a><\/span><\/div><\/div><\/div><\/div><\/div><\/div>\n\n\n","protected":false},"excerpt":{"rendered":"","protected":false},"author":1,"featured_media":0,"parent":0,"menu_order":0,"comment_status":"closed","ping_status":"closed","template":"","meta":{"pagelayer_contact_templates":[],"_pagelayer_content":"","footnotes":""},"class_list":["post-485","page","type-page","status-publish","hentry"],"rttpg_featured_image_url":null,"rttpg_author":{"display_name":"Prensa","author_link":"https:\/\/www.cal.org.pe\/v1\/author\/alexsoriano1234live-com\/"},"rttpg_comment":0,"rttpg_category":"","rttpg_excerpt":null,"_links":{"self":[{"href":"https:\/\/www.cal.org.pe\/v1\/wp-json\/wp\/v2\/pages\/485","targetHints":{"allow":["GET"]}}],"collection":[{"href":"https:\/\/www.cal.org.pe\/v1\/wp-json\/wp\/v2\/pages"}],"about":[{"href":"https:\/\/www.cal.org.pe\/v1\/wp-json\/wp\/v2\/types\/page"}],"author":[{"embeddable":true,"href":"https:\/\/www.cal.org.pe\/v1\/wp-json\/wp\/v2\/users\/1"}],"replies":[{"embeddable":true,"href":"https:\/\/www.cal.org.pe\/v1\/wp-json\/wp\/v2\/comments?post=485"}],"version-history":[{"count":24,"href":"https:\/\/www.cal.org.pe\/v1\/wp-json\/wp\/v2\/pages\/485\/revisions"}],"predecessor-version":[{"id":89888,"href":"https:\/\/www.cal.org.pe\/v1\/wp-json\/wp\/v2\/pages\/485\/revisions\/89888"}],"wp:attachment":[{"href":"https:\/\/www.cal.org.pe\/v1\/wp-json\/wp\/v2\/media?parent=485"}],"curies":[{"name":"wp","href":"https:\/\/api.w.org\/{rel}","templated":true}]}}