{"id":40312,"date":"2020-11-20T17:59:52","date_gmt":"2020-11-20T22:59:52","guid":{"rendered":"https:\/\/pruebat.online\/?page_id=40312"},"modified":"2020-11-20T17:59:52","modified_gmt":"2020-11-20T22:59:52","slug":"devolucion-por-pagos-errados","status":"publish","type":"page","link":"https:\/\/www.cal.org.pe\/v1\/devolucion-por-pagos-errados\/","title":{"rendered":"Devoluci\u00f3n por pagos errados y\/o cambio Boleta o Factura"},"content":{"rendered":"\n<div class=\"wp-block-contact-form-7-contact-form-selector\">\n<div class=\"wpcf7 no-js\" id=\"wpcf7-f55319-o1\" lang=\"es-ES\" dir=\"ltr\" data-wpcf7-id=\"55319\">\n<div class=\"screen-reader-response\"><p role=\"status\" aria-live=\"polite\" aria-atomic=\"true\"><\/p> <ul><\/ul><\/div>\n<form action=\"\/v1\/wp-json\/wp\/v2\/pages\/40312#wpcf7-f55319-o1\" method=\"post\" class=\"wpcf7-form init\" aria-label=\"Formulario de contacto\" enctype=\"multipart\/form-data\" novalidate=\"novalidate\" data-status=\"init\">\n<fieldset class=\"hidden-fields-container\"><input type=\"hidden\" name=\"_wpcf7\" value=\"55319\" \/><input type=\"hidden\" name=\"_wpcf7_version\" value=\"6.1.4\" \/><input type=\"hidden\" name=\"_wpcf7_locale\" value=\"es_ES\" \/><input type=\"hidden\" name=\"_wpcf7_unit_tag\" value=\"wpcf7-f55319-o1\" \/><input type=\"hidden\" name=\"_wpcf7_container_post\" value=\"0\" \/><input type=\"hidden\" name=\"_wpcf7_posted_data_hash\" value=\"\" \/>\n<\/fieldset>\n<form class=\"form-reclamo\">\n\t<div class=\"form-grid\">\n\t\t<p><label> Nombres y Apellidos<br \/>\n<span class=\"wpcf7-form-control-wrap\" data-name=\"your-name\"><input size=\"40\" maxlength=\"400\" class=\"wpcf7-form-control wpcf7-text wpcf7-validates-as-required\" aria-required=\"true\" aria-invalid=\"false\" value=\"\" type=\"text\" name=\"your-name\" \/><\/span><br \/>\n<\/label><br \/>\n<label> N\u00b0 DNI<br \/>\n<span class=\"wpcf7-form-control-wrap\" data-name=\"num-dni\"><input class=\"wpcf7-form-control wpcf7-number wpcf7-validates-as-required wpcf7-validates-as-number\" aria-required=\"true\" aria-invalid=\"false\" value=\"\" type=\"number\" name=\"num-dni\" \/><\/span><br \/>\n<\/label><br \/>\n<label> N\u00b0 Registro CAL<br \/>\n<span class=\"wpcf7-form-control-wrap\" data-name=\"num-cal\"><input class=\"wpcf7-form-control wpcf7-number wpcf7-validates-as-number\" aria-invalid=\"false\" value=\"\" type=\"number\" name=\"num-cal\" \/><\/span><br \/>\n<\/label><br \/>\n<label> N\u00famero de tel\u00e9fono<br \/>\n<span class=\"wpcf7-form-control-wrap\" data-name=\"tel-61\"><input size=\"40\" maxlength=\"400\" class=\"wpcf7-form-control wpcf7-tel wpcf7-validates-as-required wpcf7-text wpcf7-validates-as-tel\" aria-required=\"true\" aria-invalid=\"false\" value=\"\" type=\"tel\" name=\"tel-61\" \/><\/span><br \/>\n<\/label><br \/>\n<label> Correo electr\u00f3nico<br \/>\n<span class=\"wpcf7-form-control-wrap\" data-name=\"email-150\"><input size=\"40\" maxlength=\"400\" class=\"wpcf7-form-control wpcf7-email wpcf7-validates-as-required wpcf7-text wpcf7-validates-as-email\" aria-required=\"true\" aria-invalid=\"false\" value=\"\" type=\"email\" name=\"email-150\" \/><\/span><br \/>\n<\/label><br \/>\n<label> Motivo del reclamo<br \/>\n<span class=\"wpcf7-form-control-wrap\" data-name=\"textarea-889\"><textarea cols=\"40\" rows=\"10\" maxlength=\"2000\" class=\"wpcf7-form-control wpcf7-textarea wpcf7-validates-as-required\" aria-required=\"true\" aria-invalid=\"false\" name=\"textarea-889\"><\/textarea><\/span><br \/>\n<\/label><br \/>\n<label> En caso de ser cambio de factura ingrese el N\u00b0 de RUC<br \/>\n<span class=\"wpcf7-form-control-wrap\" data-name=\"number-fact\"><input class=\"wpcf7-form-control wpcf7-number wpcf7-validates-as-number\" aria-invalid=\"false\" value=\"\" type=\"number\" name=\"number-fact\" \/><\/span><br \/>\n<\/label><br \/>\n<label> En caso de ser cambio de factura ingrese el N\u00b0 de Factura<br \/>\n<span class=\"wpcf7-form-control-wrap\" data-name=\"number-factdev\"><input class=\"wpcf7-form-control wpcf7-number wpcf7-validates-as-number\" aria-invalid=\"false\" value=\"\" type=\"number\" name=\"number-factdev\" \/><\/span><br \/>\n<\/label><br \/>\n<label> Adjuntar voucher o documento de pago (formato PDF o JPG)<br \/>\n<span class=\"wpcf7-form-control-wrap\" data-name=\"voucher\"><input size=\"40\" class=\"wpcf7-form-control wpcf7-file wpcf7-validates-as-required\" accept=\".jpg,.pdf,.jpeg\" aria-required=\"true\" aria-invalid=\"false\" type=\"file\" name=\"voucher\" \/><\/span><br \/>\n<span class=\"wpcf7-form-control-wrap\" data-name=\"file-2\"><input size=\"40\" class=\"wpcf7-form-control wpcf7-file\" accept=\".jpg,.pdf,.jpeg\" aria-invalid=\"false\" type=\"file\" name=\"file-2\" \/><\/span><br \/>\n<span class=\"wpcf7-form-control-wrap\" data-name=\"file-3\"><input size=\"40\" class=\"wpcf7-form-control wpcf7-file\" accept=\".jpg,.pdf,.jpeg\" aria-invalid=\"false\" type=\"file\" name=\"file-3\" \/><\/span><br \/>\n<\/label><br \/>\n<label> Banco<br \/>\n<span class=\"wpcf7-form-control-wrap\" data-name=\"nom-banco\"><input size=\"40\" maxlength=\"400\" class=\"wpcf7-form-control wpcf7-text wpcf7-validates-as-required\" aria-required=\"true\" aria-invalid=\"false\" value=\"\" type=\"text\" name=\"nom-banco\" \/><\/span><br \/>\n<\/label><br \/>\n<label> N\u00famero de cuenta para efectuar la devoluci\u00f3n<br \/>\n<span class=\"wpcf7-form-control-wrap\" data-name=\"num-cta\"><input class=\"wpcf7-form-control wpcf7-number wpcf7-validates-as-required wpcf7-validates-as-number\" aria-required=\"true\" aria-invalid=\"false\" value=\"\" type=\"number\" name=\"num-cta\" \/><\/span><br \/>\n<\/label><br \/>\n<label> N\u00famero de CCI (20 d\u00edgitos)<br \/>\n<span class=\"wpcf7-form-control-wrap\" data-name=\"num-cci\"><input class=\"wpcf7-form-control wpcf7-number wpcf7-validates-as-number\" aria-invalid=\"false\" value=\"\" type=\"number\" name=\"num-cci\" \/><\/span><br \/>\n<\/label>\n\t\t<\/p>\n\t<\/div>\n\t<div class=\"form-consentimiento\">\n\t\t<p><label> INFORMACI\u00d3N PARA EL CONSENTIMIENTO PARA EL TRATAMIENTO DE DATOS PERSONALES A TRAV\u00c9S DEL SITIO WEB www.cal.org.pe<br \/>\n<span class=\"wpcf7-form-control-wrap\" data-name=\"acceptance-politratamiento\"><span class=\"wpcf7-form-control wpcf7-acceptance\"><span class=\"wpcf7-list-item\"><input type=\"checkbox\" name=\"acceptance-politratamiento\" value=\"1\" aria-invalid=\"false\" \/><\/span><\/span><\/span> He le\u00eddo y acepto la <a href=\"\/v1\/politica-privacidad\">Pol\u00edtica de Privacidad<\/a><br \/>\n<\/label><br \/>\n<label><br \/>\n<span class=\"wpcf7-form-control-wrap\" data-name=\"acceptance-poli2\"><span class=\"wpcf7-form-control wpcf7-acceptance\"><span class=\"wpcf7-list-item\"><input type=\"checkbox\" name=\"acceptance-poli2\" value=\"1\" aria-invalid=\"false\" \/><\/span><\/span><\/span> Otorgo mi consentimiento para el <a href=\"\/v1\/tratamiento-datos-personales\/\">tratamiento de mis datos personales<\/a>.<br \/>\n<\/label><br \/>\n<label><br \/>\n<span class=\"wpcf7-form-control-wrap\" data-name=\"acceptance-poli3\"><span class=\"wpcf7-form-control wpcf7-acceptance\"><span class=\"wpcf7-list-item\"><input type=\"checkbox\" name=\"acceptance-poli3\" value=\"1\" aria-invalid=\"false\" \/><\/span><\/span><\/span> Autorizo la transferencia internacional de mi informaci\u00f3n personal seg\u00fan la Pol\u00edtica de Privacidad.<br \/>\n<\/label>\n\t\t<\/p>\n\t<\/div>\n\t<p><input class=\"wpcf7-form-control wpcf7-submit has-spinner\" type=\"submit\" value=\"Enviar\" \/>\n\t<\/p>\n<\/form><p style=\"display: none !important;\" class=\"akismet-fields-container\" data-prefix=\"_wpcf7_ak_\"><label>&#916;<textarea name=\"_wpcf7_ak_hp_textarea\" cols=\"45\" rows=\"8\" maxlength=\"100\"><\/textarea><\/label><input type=\"hidden\" id=\"ak_js_1\" name=\"_wpcf7_ak_js\" value=\"119\"\/><script>document.getElementById( \"ak_js_1\" ).setAttribute( \"value\", ( new Date() ).getTime() );<\/script><\/p><input type='hidden' class='wpcf7-pum' value='{\"closepopup\":false,\"closedelay\":0,\"openpopup\":false,\"openpopup_id\":0}' \/><div class=\"wpcf7-response-output\" aria-hidden=\"true\"><\/div>\n<\/form>\n<\/div>\n<\/div>\n","protected":false},"excerpt":{"rendered":"","protected":false},"author":4,"featured_media":0,"parent":0,"menu_order":0,"comment_status":"closed","ping_status":"closed","template":"","meta":{"pagelayer_contact_templates":[],"_pagelayer_content":"","footnotes":""},"class_list":["post-40312","page","type-page","status-publish","hentry"],"rttpg_featured_image_url":null,"rttpg_author":{"display_name":"webmastercal","author_link":"https:\/\/www.cal.org.pe\/v1\/author\/webmastercal\/"},"rttpg_comment":0,"rttpg_category":null,"rttpg_excerpt":null,"_links":{"self":[{"href":"https:\/\/www.cal.org.pe\/v1\/wp-json\/wp\/v2\/pages\/40312","targetHints":{"allow":["GET"]}}],"collection":[{"href":"https:\/\/www.cal.org.pe\/v1\/wp-json\/wp\/v2\/pages"}],"about":[{"href":"https:\/\/www.cal.org.pe\/v1\/wp-json\/wp\/v2\/types\/page"}],"author":[{"embeddable":true,"href":"https:\/\/www.cal.org.pe\/v1\/wp-json\/wp\/v2\/users\/4"}],"replies":[{"embeddable":true,"href":"https:\/\/www.cal.org.pe\/v1\/wp-json\/wp\/v2\/comments?post=40312"}],"version-history":[{"count":0,"href":"https:\/\/www.cal.org.pe\/v1\/wp-json\/wp\/v2\/pages\/40312\/revisions"}],"wp:attachment":[{"href":"https:\/\/www.cal.org.pe\/v1\/wp-json\/wp\/v2\/media?parent=40312"}],"curies":[{"name":"wp","href":"https:\/\/api.w.org\/{rel}","templated":true}]}}