{"id":314,"date":"2024-08-12T22:43:57","date_gmt":"2024-08-13T03:43:57","guid":{"rendered":"https:\/\/www.cal.org.pe\/v1\/?page_id=314"},"modified":"2026-04-09T11:41:03","modified_gmt":"2026-04-09T16:41:03","slug":"vicedecanato","status":"publish","type":"page","link":"https:\/\/www.cal.org.pe\/v1\/vicedecanato\/","title":{"rendered":"Vicedecanato"},"content":{"rendered":"\n\n\n\n\n\n\n<h2>Vice decanato<\/h2>\n\n\n\n<h5>Nilton Marcelino Campos F\u00e9lix<\/h5>\n\n\n\n<p [object NamedNodeMap]>Vice decana 2026 &#8211; 2027<\/p>\n\n\n\n\n\n\n\n\n\n\n\n<h4>Introducci\u00f3n<\/h4>\n\n\n\n<p [object NamedNodeMap]>Habiendo asumido el compromiso de trabajar incansablemente<br>por mejorar los servicios que brinda nuestra Instituci\u00f3n, para el presente<br>a\u00f1o estamos proyectando ejecutar una serie de mejoras en las diversas<br>actividades que competen al Vicedecanato, seg\u00fan lo establecido en<br>nuestro Estatuto y normas complementarias. Asimismo, estamos en el<br>camino de evaluar y analizar los servicios que se viene brindando en las<br>ceremonias de incorporaci\u00f3n, cursos de la Academia de Pr\u00e1ctica Forense,<br>convenios, entre otros aspectos, todo ello con el objetivo de otorgar un<br>mejor servicio a nuestros agremiados<br><br><\/p>\n\n\n\n\n\n\n\n\n\n\n\n<p>sec_vicedecanato @colegiodeabogadosdelima.pe<\/p>\n\n\n\n\n\n\n\n\n\n\n\n\n\n<p>710-6635<br> 710-6610<\/p>\n\n\n\n\n\n\n\n\n\n<h4>Plan de trabajo<\/h4>\n\n\n\n<h3>2025<\/h3>\n\n\n\n\n\nRevisa el plan de trabajo\n\n\n\n\n\n\n\n<h4>Plan de trabajo<\/h4>\n\n\n\n<h3>2024 &#8211; 2025<\/h3>\n\n\n\n\n\nConoce el plan de trabajo 2024 &#8211; 2025\n\n\n\n\n\n\n\n<h4>Informe de gesti\u00f3n<\/h4>\n\n\n\n<h5>\n<\/h5><h5 style=\"color: rgb(0, 0, 0);\">Enero &#8211; octubre<\/h5>\n\n\n\n\n\nConoce el informe\n\n\n\n\n\n\n\n<h4>N\u00f3mina de curadores procesales<\/h4>\n\n\n\n<h3>2026<\/h3>\n\n\n\n\n\nConoce la n\u00f3mina\n\n\n\n\n\n\n\n<h4>Reglamento de la Academia de Pr\u00e1ctica Forense<\/h4>\n\n\n\n\n\nPuedes revisar el siguiente reglamento\n\n\n\n\n\n\n\n\n\n<p>Lorem Ipsum has been the industry&#8217;s standard dummy text ever since the 1500s.<\/p>\n\n\n\n\n\n\n\n\n\n\n\n\n\n<h4>P\u00fablicaciones relacionadas<\/h4>\n\n\n\n\n\n\n\n<style type='text\/css' media='all'>#rt-tpg-container-2005099289 .rt-holder .rt-woo-info .price{color:#0367bf;}body .rt-tpg-container .rt-tpg-isotope-buttons .selected,\n\t\t\t\t\t#rt-tpg-container-2005099289 .layout12 .rt-holder:hover .rt-detail,\n\t\t\t\t\t#rt-tpg-container-2005099289 .isotope8 .rt-holder:hover .rt-detail,\n\t\t\t\t\t#rt-tpg-container-2005099289 .carousel8 .rt-holder:hover .rt-detail,\n\t\t\t\t\t#rt-tpg-container-2005099289 .layout13 .rt-holder .overlay .post-info,\n\t\t\t\t\t#rt-tpg-container-2005099289 .isotope9 .rt-holder .overlay .post-info,\n\t\t\t\t\t#rt-tpg-container-2005099289.rt-tpg-container .layout4 .rt-holder .rt-detail,\n\t\t\t\t\t.rt-modal-2005099289 .md-content,\n\t\t\t\t\t.rt-modal-2005099289 .md-content > .rt-md-content-holder .rt-md-content,\n\t\t\t\t\t.rt-popup-wrap-2005099289.rt-popup-wrap .rt-popup-navigation-wrap,\n\t\t\t\t\t#rt-tpg-container-2005099289 .carousel9 .rt-holder .overlay .post-info{background-color:#0367bf;}#rt-tpg-container-2005099289 .layout5 .rt-holder .overlay, #rt-tpg-container-2005099289 .isotope2 .rt-holder .overlay, #rt-tpg-container-2005099289 .carousel2 .rt-holder .overlay,#rt-tpg-container-2005099289 .layout15 .rt-holder h3, #rt-tpg-container-2005099289 .isotope11 .rt-holder h3, #rt-tpg-container-2005099289 .carousel11 .rt-holder h3, #rt-tpg-container-2005099289 .layout16 .rt-holder h3,\n\t\t\t\t\t#rt-tpg-container-2005099289 .isotope12 .rt-holder h3, #rt-tpg-container-2005099289 .carousel12 .rt-holder h3 {background-color:rgba(3,103,191,0.8);}#rt-tpg-container-2005099289 .pagination-list li a,\n\t\t\t\t\trt-tpg-container-2005099289 .pagination-list li span,\n\t\t\t\t\trt-tpg-container-2005099289 .pagination li a,\n\t\t\t\t\t#rt-tpg-container-2005099289 .rt-tpg-isotope-buttons button,\n\t\t\t\t\t#rt-tpg-container-2005099289 .rt-tpg-utility .rt-tpg-load-more button,\n\t\t\t\t\t#rt-tpg-container-2005099289.rt-tpg-container .swiper-navigation .slider-btn,\n\t\t\t\t\t#rt-tpg-container-2005099289.rt-tpg-container .swiper-pagination-bullet,\n\t\t\t\t\t#rt-tpg-container-2005099289 .wc1 .rt-holder .rt-img-holder .overlay .product-more ul li a,\n\t\t\t\t\t#rt-tpg-container-2005099289 .wc2 .rt-detail .rt-wc-add-to-cart,\n\t\t\t\t\t#rt-tpg-container-2005099289 .wc3 .rt-detail .rt-wc-add-to-cart,\n\t\t\t\t\t#rt-tpg-container-2005099289 .wc4 .rt-detail .rt-wc-add-to-cart,\n\t\t\t\t\t#rt-tpg-container-2005099289 .wc-carousel2 .rt-detail .rt-wc-add-to-cart,\n\t\t\t\t\t#rt-tpg-container-2005099289 .wc-isotope2 .rt-detail .rt-wc-add-to-cart,\n\t\t\t\t\t#rt-tpg-container-2005099289 .rt-layout-filter-container .rt-filter-wrap .rt-filter-item-wrap.rt-filter-dropdown-wrap .rt-filter-dropdown,\n\t\t\t\t\t#rt-tpg-container-2005099289 .rt-layout-filter-container .rt-filter-sub-tax.sub-button-group .rt-filter-button-item,\n\t\t\t\t\t#rt-tpg-container-2005099289.rt-tpg-container .rt-pagination-wrap .rt-page-numbers .paginationjs .paginationjs-pages ul li>a,\n\t\t\t\t\t#rt-tpg-container-2005099289 .rt-filter-item-wrap.rt-filter-button-wrap span.rt-filter-button-item,\n\t\t\t\t\t#rt-tpg-container-2005099289.rt-tpg-container .rt-pagination-wrap  .rt-loadmore-btn,\n\t\t\t\t\t#rt-tpg-container-2005099289.rt-tpg-container .rt-pagination-wrap .rt-cb-page-prev-next > *,\n\t\t\t\t\t#rt-tpg-container-2005099289 .rt-read-more,\n\t\t\t\t\t#rt-tooltip-2005099289, #rt-tooltip-2005099289 .rt-tooltip-bottom:after{background-color:#0367bf;}#rt-tpg-container-2005099289 .rt-filter-item-wrap.rt-filter-button-wrap span.rt-filter-button-item,\n\t\t\t\t\t#rt-tpg-container-2005099289 .rt-layout-filter-container .rt-filter-sub-tax.sub-button-group .rt-filter-button-item{border-color:#0367bf;}#rt-tpg-container-2005099289.rt-tpg-container .layout17 .rt-holder .overlay a.tpg-zoom .fa{color:#0367bf;}#rt-tpg-container-2005099289 .rt-holder .read-more a {background-color:#0367bf;padding: 8px 15px;}#rt-tpg-container-2005099289 .pagination li.active span,\n\t\t\t\t\t#rt-tpg-container-2005099289 .pagination-list li.active span,\n\t\t\t\t\t#rt-tpg-container-2005099289 .rt-tpg-isotope-buttons button.selected,\n\t\t\t\t\t#rt-tpg-container-2005099289 .rt-filter-item-wrap.rt-filter-button-wrap span.rt-filter-button-item.selected,\n\t\t\t\t\t#rt-tpg-container-2005099289 .rt-layout-filter-container .rt-filter-sub-tax.sub-button-group .rt-filter-button-item.selected,\n\t\t\t\t\t#rt-tpg-container-2005099289.rt-tpg-container .rt-pagination-wrap .rt-page-numbers .paginationjs .paginationjs-pages ul li.active>a,\n\t\t\t\t\t#rt-tpg-container-2005099289.rt-tpg-container .swiper-pagination-bullet.swiper-pagination-bullet-active-main{background-color:#0424c9;}#rt-tpg-container-2005099289 .rt-filter-item-wrap.rt-filter-button-wrap span.rt-filter-button-item.selected,\n\t\t\t\t\t#rt-tpg-container-2005099289 .rt-layout-filter-container .rt-filter-sub-tax.sub-button-group .rt-filter-button-item.selected,\n\t\t\t\t\t#rt-tpg-container-2005099289.rt-tpg-container .rt-pagination-wrap .rt-page-numbers .paginationjs .paginationjs-pages ul li.active>a{border-color:#0424c9;}#rt-tpg-container-2005099289 .pagination-list li a,\n\t\t\t\t\t#rt-tpg-container-2005099289 .pagination li a,\n\t\t\t\t\t#rt-tpg-container-2005099289 .rt-tpg-isotope-buttons button,\n\t\t\t\t\t#rt-tpg-container-2005099289 .rt-holder .read-more a,\n\t\t\t\t\t#rt-tpg-container-2005099289 .rt-tpg-utility .rt-tpg-load-more button,\n\t\t\t\t\t#rt-tpg-container-2005099289.rt-tpg-container .swiper-navigation .slider-btn,\n\t\t\t\t\t#rt-tpg-container-2005099289 .wc1 .rt-holder .rt-img-holder .overlay .product-more ul li a,\n\t\t\t\t\t#rt-tpg-container-2005099289 .edd1 .rt-holder .rt-img-holder .overlay .product-more ul li a,\n\t\t\t\t\t#rt-tpg-container-2005099289 .wc2 .rt-detail .rt-wc-add-to-cart,\n\t\t\t\t\t#rt-tpg-container-2005099289 .wc3 .rt-detail .rt-wc-add-to-cart,\n\t\t\t\t\t#rt-tpg-container-2005099289 .edd2 .rt-detail .rt-wc-add-to-cart,\n\t\t\t\t\t#rt-tpg-container-2005099289 .wc4 .rt-detail .rt-wc-add-to-cart,\n\t\t\t\t\t#rt-tpg-container-2005099289 .edd3 .rt-detail .rt-wc-add-to-cart,\n\t\t\t\t\t#rt-tpg-container-2005099289 .wc-carousel2 .rt-detail .rt-wc-add-to-cart,\n\t\t\t\t\t#rt-tpg-container-2005099289 .wc-isotope2 .rt-detail .rt-wc-add-to-cart,\n\t\t\t\t\t#rt-tpg-container-2005099289 .rt-tpg-utility .rt-tpg-load-more button,\n\t\t\t\t\t#rt-tooltip-2005099289,\n\t\t\t\t\t#rt-tpg-container-2005099289 .rt-filter-item-wrap.rt-filter-button-wrap span.rt-filter-button-item,\n\t\t\t\t\t#rt-tpg-container-2005099289 .rt-layout-filter-container .rt-filter-sub-tax.sub-button-group .rt-filter-button-item,\n\t\t\t\t\t#rt-tpg-container-2005099289 .rt-layout-filter-container .rt-filter-wrap .rt-filter-item-wrap.rt-sort-order-action,\n\t\t\t\t\t#rt-tpg-container-2005099289 .rt-layout-filter-container .rt-filter-wrap .rt-filter-item-wrap.rt-filter-dropdown-wrap .rt-filter-dropdown .rt-filter-dropdown-item,\n\t\t\t\t\t#rt-tpg-container-2005099289.rt-tpg-container .rt-pagination-wrap .rt-page-numbers .paginationjs .paginationjs-pages ul li>a,\n\t\t\t\t\t#rt-tpg-container-2005099289.rt-tpg-container .rt-pagination-wrap .rt-cb-page-prev-next > *,\n\t\t\t\t\t#rt-tpg-container-2005099289.rt-tpg-container .rt-pagination-wrap  .rt-loadmore-btn,\n\t\t\t\t\t#rt-tpg-container-2005099289 .rt-read-more,\n\t\t\t\t\t#rt-tooltip-2005099289 .rt-tooltip-bottom:after{color:#ffffff;}#rt-tpg-container-2005099289 .rt-filter-item-wrap.rt-filter-button-wrap span.rt-filter-button-item:hover,\n\t\t\t\t\t#rt-tpg-container-2005099289 .rt-holder .read-more a:hover,\n\t\t\t\t\t#rt-tpg-container-2005099289.rt-tpg-container .swiper-navigation .slider-btn:hover,\n\t\t\t\t\t#rt-tpg-container-2005099289 .rt-layout-filter-container .rt-filter-sub-tax.sub-button-group .rt-filter-button-item:hover,\n\t\t\t\t\t#rt-tpg-container-2005099289 .rt-layout-filter-container .rt-filter-wrap .rt-filter-item-wrap.rt-filter-dropdown-wrap .rt-filter-dropdown .rt-filter-dropdown-item:hover,\n\t\t\t\t\t#rt-tpg-container-2005099289 .rt-layout-filter-container .rt-filter-wrap .rt-filter-item-wrap.rt-filter-dropdown-wrap .rt-filter-dropdown .rt-filter-dropdown-item.selected,\n\t\t\t\t\t#rt-tpg-container-2005099289 .rt-layout-filter-container .rt-filter-wrap .rt-filter-item-wrap.rt-sort-order-action:hover,\n\t\t\t\t\t#rt-tpg-container-2005099289.rt-tpg-container .rt-pagination-wrap .rt-page-numbers .paginationjs .paginationjs-pages ul li.active>a:hover,\n\t\t\t\t\t#rt-tpg-container-2005099289 .rt-filter-item-wrap.rt-filter-button-wrap span.rt-filter-button-item.selected,\n\t\t\t\t\t#rt-tpg-container-2005099289 .rt-layout-filter-container .rt-filter-wrap .rt-filter-item-wrap.rt-sort-order-action,\n\t\t\t\t\t#rt-tpg-container-2005099289.rt-tpg-container .rt-pagination-wrap  .rt-loadmore-btn:hover,\n\t\t\t\t\t#rt-tpg-container-2005099289 .rt-read-more:hover,\n\t\t\t\t\t#rt-tpg-container-2005099289.rt-tpg-container .rt-pagination-wrap .rt-page-numbers .paginationjs .paginationjs-pages ul li.active>a{color:#f7f7f7;}#rt-tpg-container-2005099289 .read-more a{border-radius:px;}#rt-tpg-container-2005099289 .rt-img-holder img.rt-img-responsive,#rt-tpg-container-2005099289 .rt-img-holder,\n\t\t\t\t\t#rt-tpg-container-2005099289 .rt-post-overlay .post-img,\n\t\t\t\t\t#rt-tpg-container-2005099289 .post-sm .post-img,\n\t\t\t\t\t#rt-tpg-container-2005099289 .rt-post-grid .post-img,\n\t\t\t\t\t#rt-tpg-container-2005099289 .post-img img {border-radius:px;}<\/style><div class='rt-container-fluid rt-tpg-container tpg-shortcode-main-wrapper  loading' id='rt-tpg-container-2005099289'   data-layout='layout1' data-grid-style='even' data-desktop-col='3'  data-tab-col='2'  data-mobile-col='1' data-sc-id='56181'><div id=\"bottom-script-loader\" class=\"bottom-script-loader\"><div class=\"rt-ball-clip-rotate\"><div><\/div><\/div><\/div><div data-title='Cargando...' class='rt-row rt-content-loader   layout1 tpg-even '><div class=\"rt-col-md-4 rt-col-sm-6 rt-col-xs-12 even-grid-item rt-grid-item\" data-id=\"70518\"><div class=\"rt-holder\"><div class=\"rt-img-holder\"><a data-id=\"70518\" class=\"\" href=\"https:\/\/www.cal.org.pe\/v1\/2025\/09\/23\/xv-curso-de-actualizacion-para-integrar-la-nomina-de-curadores-procesales\/\"><img fetchpriority=\"high\" decoding=\"async\" width=\"800\" height=\"500\" src=\"https:\/\/www.cal.org.pe\/v1\/wp-content\/uploads\/2025\/08\/AVISOS.jpg\" class=\"rt-img-responsive \" alt=\"\" \/><\/a><\/div><div class='rt-detail'><h3 class=\"entry-title\"><a data-id=\"70518\" class=\"\" href=\"https:\/\/www.cal.org.pe\/v1\/2025\/09\/23\/xv-curso-de-actualizacion-para-integrar-la-nomina-de-curadores-procesales\/\">XV CURSO DE ACTUALIZACI\u00d3N PARA INTEGRAR LA N\u00d3MINA DE CURADORES PROCESALES<\/a><\/h3><div class='tpg-excerpt'>El CAL te invita a participar en el XV Curso de Actualizaci\u00f3n para Integrar la...<\/div><div class='post-meta '><span class='read-more'><a data-id='70518' class='' href='https:\/\/www.cal.org.pe\/v1\/2025\/09\/23\/xv-curso-de-actualizacion-para-integrar-la-nomina-de-curadores-procesales\/'>Leer m\u00e1s<\/a><\/span><\/div><\/div><\/div><\/div><div class=\"rt-col-md-4 rt-col-sm-6 rt-col-xs-12 even-grid-item rt-grid-item\" data-id=\"67470\"><div class=\"rt-holder\"><div class=\"rt-img-holder\"><a data-id=\"67470\" class=\"\" href=\"https:\/\/www.cal.org.pe\/v1\/2025\/05\/28\/publicacion-de-curriculums-vitae-de-postulantes-al-consejo-de-etica\/\"><img decoding=\"async\" width=\"800\" height=\"500\" src=\"https:\/\/www.cal.org.pe\/v1\/wp-content\/uploads\/2025\/04\/COMUNICADOS.jpg\" class=\"rt-img-responsive \" alt=\"\" \/><\/a><\/div><div class='rt-detail'><h3 class=\"entry-title\"><a data-id=\"67470\" class=\"\" href=\"https:\/\/www.cal.org.pe\/v1\/2025\/05\/28\/publicacion-de-curriculums-vitae-de-postulantes-al-consejo-de-etica\/\">PUBLICACI\u00d3N DE CURR\u00cdCULUMS VITAE DE POSTULANTES AL CONSEJO DE \u00c9TICA<\/a><\/h3><div class='tpg-excerpt'>La Comisi\u00f3n encargada del proceso de selecci\u00f3n y calificaci\u00f3n de postulantes para ocupar los cargos...<\/div><div class='post-meta '><span class='read-more'><a data-id='67470' class='' href='https:\/\/www.cal.org.pe\/v1\/2025\/05\/28\/publicacion-de-curriculums-vitae-de-postulantes-al-consejo-de-etica\/'>Leer m\u00e1s<\/a><\/span><\/div><\/div><\/div><\/div><div class=\"rt-col-md-4 rt-col-sm-6 rt-col-xs-12 even-grid-item rt-grid-item\" data-id=\"62648\"><div class=\"rt-holder\"><div class=\"rt-img-holder\"><a data-id=\"62648\" class=\"\" href=\"https:\/\/www.cal.org.pe\/v1\/2024\/12\/07\/actualizate-y-preparate-para-integrar-la-nomina-2025\/\"><img decoding=\"async\" width=\"800\" height=\"500\" src=\"https:\/\/www.cal.org.pe\/v1\/wp-content\/uploads\/2024\/11\/FORMACION-INTEGRAL.jpg\" class=\"rt-img-responsive \" alt=\"\" \/><\/a><\/div><div class='rt-detail'><h3 class=\"entry-title\"><a data-id=\"62648\" class=\"\" href=\"https:\/\/www.cal.org.pe\/v1\/2024\/12\/07\/actualizate-y-preparate-para-integrar-la-nomina-2025\/\">\u00a1Actual\u00edzate y prep\u00e1rate para integrar la n\u00f3mina 2025!<\/a><\/h3><div class='tpg-excerpt'>El Colegio de Abogados de Lima invita a todos los agremiados a participar en el...<\/div><div class='post-meta '><span class='read-more'><a data-id='62648' class='' href='https:\/\/www.cal.org.pe\/v1\/2024\/12\/07\/actualizate-y-preparate-para-integrar-la-nomina-2025\/'>Leer m\u00e1s<\/a><\/span><\/div><\/div><\/div><\/div><div class=\"rt-col-md-4 rt-col-sm-6 rt-col-xs-12 even-grid-item rt-grid-item\" data-id=\"55817\"><div class=\"rt-holder\"><div class=\"rt-img-holder\"><a data-id=\"55817\" class=\"\" href=\"https:\/\/www.cal.org.pe\/v1\/2024\/07\/04\/evento-academico-tecnicas-de-litigacion-oral\/\"><img loading=\"lazy\" decoding=\"async\" width=\"800\" height=\"500\" src=\"https:\/\/www.cal.org.pe\/v1\/wp-content\/uploads\/2024\/08\/FORMACION-1.jpg\" class=\"rt-img-responsive \" alt=\"\" \/><\/a><\/div><div class='rt-detail'><h3 class=\"entry-title\"><a data-id=\"55817\" class=\"\" href=\"https:\/\/www.cal.org.pe\/v1\/2024\/07\/04\/evento-academico-tecnicas-de-litigacion-oral\/\">Evento acad\u00e9mico: T\u00e9cnicas de Litigaci\u00f3n Oral<\/a><\/h3><div class='tpg-excerpt'>La Vicedecanatura del Ilustre Colegio de Abogados de Lima, a cargo de la Dra. MILAGROS...<\/div><div class='post-meta '><span class='read-more'><a data-id='55817' class='' href='https:\/\/www.cal.org.pe\/v1\/2024\/07\/04\/evento-academico-tecnicas-de-litigacion-oral\/'>Leer m\u00e1s<\/a><\/span><\/div><\/div><\/div><\/div><\/div><\/div>\n\n\n","protected":false},"excerpt":{"rendered":"","protected":false},"author":1,"featured_media":0,"parent":0,"menu_order":0,"comment_status":"closed","ping_status":"closed","template":"","meta":{"pagelayer_contact_templates":[],"_pagelayer_content":"","footnotes":""},"class_list":["post-314","page","type-page","status-publish","hentry"],"rttpg_featured_image_url":null,"rttpg_author":{"display_name":"Prensa","author_link":"https:\/\/www.cal.org.pe\/v1\/author\/alexsoriano1234live-com\/"},"rttpg_comment":0,"rttpg_category":"","rttpg_excerpt":null,"_links":{"self":[{"href":"https:\/\/www.cal.org.pe\/v1\/wp-json\/wp\/v2\/pages\/314","targetHints":{"allow":["GET"]}}],"collection":[{"href":"https:\/\/www.cal.org.pe\/v1\/wp-json\/wp\/v2\/pages"}],"about":[{"href":"https:\/\/www.cal.org.pe\/v1\/wp-json\/wp\/v2\/types\/page"}],"author":[{"embeddable":true,"href":"https:\/\/www.cal.org.pe\/v1\/wp-json\/wp\/v2\/users\/1"}],"replies":[{"embeddable":true,"href":"https:\/\/www.cal.org.pe\/v1\/wp-json\/wp\/v2\/comments?post=314"}],"version-history":[{"count":21,"href":"https:\/\/www.cal.org.pe\/v1\/wp-json\/wp\/v2\/pages\/314\/revisions"}],"predecessor-version":[{"id":89840,"href":"https:\/\/www.cal.org.pe\/v1\/wp-json\/wp\/v2\/pages\/314\/revisions\/89840"}],"wp:attachment":[{"href":"https:\/\/www.cal.org.pe\/v1\/wp-json\/wp\/v2\/media?parent=314"}],"curies":[{"name":"wp","href":"https:\/\/api.w.org\/{rel}","templated":true}]}}